{"id":9,"date":"2023-10-20T21:33:26","date_gmt":"2023-10-20T21:33:26","guid":{"rendered":"https:\/\/deadoraliveslot.com\/?page_id=9"},"modified":"2024-04-20T21:37:49","modified_gmt":"2024-04-20T21:37:49","slug":"download-dead-or-alive-slot","status":"publish","type":"page","link":"https:\/\/deadoraliveslot.com\/ro\/download-dead-or-alive-slot\/","title":{"rendered":"Desc\u0103rca\u021bi slotul Dead or Alive"},"content":{"rendered":"<p>Slotul Dead or Alive de la NetEnt este un joc captivant de la un dezvoltator de top care te introduce \u00een atmosfera Vestului S\u0103lbatic. Vei deveni un cowboy, v\u00e2n\u00e2nd constant aur \u0219i aventuri, toate direct pe computerul sau dispozitivul t\u0103u mobil! E\u0219ti gata s\u0103 \u00eencepi? Afl\u0103 cum s\u0103 descarci acest slot fantastic Dead or Alive.<\/p>\n<p>S\u0103 vorbim despre de ce ar trebui s\u0103 descarci slotul Dead or Alive.<\/p>\n<h2><strong>De ce ar trebui s\u0103 descarci slotul Dead or Alive?<\/strong><\/h2>\n<ul>\n<li><strong>Atmosfer\u0103 de Vest S\u0103lbatic:<\/strong> Simbolurile atr\u0103g\u0103toare, grafica dinamic\u0103 \u0219i efectele sonore te vor transporta \u00een vremurile cowboy-ilor \u0219i ale Vestului S\u0103lbatic.<\/li>\n<li><strong>C\u00e2\u0219tiguri mari:<\/strong> \u0218ansa de a c\u00e2\u0219tiga premii fantastice \u0219i jackpoturi.<\/li>\n<li><strong>Convenien\u021b\u0103:<\/strong> Joac\u0103-te oric\u00e2nd, oriunde, chiar \u0219i f\u0103r\u0103 acces la internet.<\/li>\n<\/ul>\n<h2><strong>Cum s\u0103 descarci slotul Dead or Alive pe computer?<\/strong><\/h2>\n<ul>\n<li><strong>Pasul 1:<\/strong> Acceseaz\u0103 site-ul oficial al cazinoului care ofer\u0103 slotul Dead or Alive.<\/li>\n<li><strong>Pasul 2:<\/strong> G\u0103se\u0219te butonul Desc\u0103rcare sau Download.<\/li>\n<li><strong>Pasul 3:<\/strong> Urmeaz\u0103 instruc\u021biunile de instalare \u0219i, \u00een c\u00e2teva minute, slotul Dead or Alive va fi desc\u0103rcat pe computerul t\u0103u.<\/li>\n<\/ul>\n<h2><strong>Cum s\u0103 descarci slotul Dead or Alive pe un dispozitiv mobil?<\/strong><\/h2>\n<ul>\n<li><strong>Pasul 1:<\/strong> Deschide magazinul de aplica\u021bii al dispozitivului t\u0103u (de exemplu, Google Play sau App Store) \u00een func\u021bie de smartphone-ul t\u0103u &#8211; Android sau iPhone.<\/li>\n<li><strong>Pasul 2:<\/strong> Introdu Dead or Alive slot \u00een c\u0103utare \u0219i selecteaz\u0103 aplica\u021bia potrivit\u0103.<\/li>\n<li><strong>Pasul 3:<\/strong> Apas\u0103 pe Instaleaz\u0103 \u0219i a\u0219teapt\u0103 finalizarea desc\u0103rc\u0103rii \u0219i instal\u0103rii.<\/li>\n<\/ul>\n<h2><strong>Siguran\u021ba la desc\u0103rcarea slotului Dead or Alive<\/strong><\/h2>\n<p>Asigur\u0103-te c\u0103 descarci jocul din surse oficiale sau platforme de \u00eencredere. Aceasta \u00ee\u021bi garanteaz\u0103 siguran\u021ba \u0219i elimin\u0103 riscul de a desc\u0103rca software r\u0103u inten\u021bionat.<\/p>\n<p>Slotul Dead or Alive te a\u0219teapt\u0103! \u00cemb\u0103rb\u0103teaz\u0103-te \u00een lumea fascinant\u0103 a Vestului S\u0103lbatic, testeaz\u0103-\u021bi norocul \u0219i ai \u0219ansa de a c\u00e2\u0219tiga premii mari. Urmeaz\u0103 instruc\u021biunile noastre \u0219i jocul va fi disponibil pentru tine \u00een doar c\u00e2teva minute. Succes \u00een joc!<\/p>\n","protected":false},"excerpt":{"rendered":"<p>Slotul Dead or Alive de la NetEnt este un joc captivant de la un dezvoltator de top care te introduce \u00een atmosfera Vestului S\u0103lbatic. Vei deveni un cowboy, v\u00e2n\u00e2nd constant aur \u0219i aventuri, toate direct pe computerul sau dispozitivul t\u0103u mobil! E\u0219ti gata s\u0103 \u00eencepi? Afl\u0103 cum s\u0103 descarci acest slot fantastic Dead or Alive&#8230;.<\/p>\n","protected":false},"author":1,"featured_media":0,"parent":0,"menu_order":0,"comment_status":"closed","ping_status":"closed","template":"","meta":{"footnotes":""},"class_list":["post-9","page","type-page","status-publish","hentry"],"yoast_head":"<!-- This site is optimized with the Yoast SEO plugin v27.2 - https:\/\/yoast.com\/product\/yoast-seo-wordpress\/ -->\n<title>Desc\u0103rca\u021bi slotul Dead or Alive<\/title>\n<meta name=\"description\" content=\"Cum s\u0103 desc\u0103rca\u021bi slotul Dead or Alive pe calculator, Android, iPhone, tablet\u0103. Desc\u0103rca\u021bi \u0219i juca\u021bi acum.\" \/>\n<meta name=\"robots\" content=\"index, follow, max-snippet:-1, max-image-preview:large, max-video-preview:-1\" \/>\n<link rel=\"canonical\" href=\"https:\/\/deadoraliveslot.com\/ro\/download-dead-or-alive-slot\/\" \/>\n<meta property=\"og:locale\" content=\"ro_RO\" \/>\n<meta property=\"og:locale:alternate\" content=\"ru_RU\" \/>\n<meta property=\"og:locale:alternate\" content=\"en_US\" \/>\n<meta property=\"og:locale:alternate\" content=\"pt_PT\" \/>\n<meta property=\"og:locale:alternate\" content=\"es_ES\" \/>\n<meta property=\"og:locale:alternate\" content=\"it_IT\" \/>\n<meta property=\"og:locale:alternate\" content=\"fr_FR\" \/>\n<meta property=\"og:locale:alternate\" content=\"de_DE\" \/>\n<meta property=\"og:locale:alternate\" content=\"sr_RS\" \/>\n<meta property=\"og:locale:alternate\" content=\"bg_BG\" \/>\n<meta property=\"og:locale:alternate\" content=\"pl_PL\" \/>\n<meta property=\"og:type\" content=\"article\" \/>\n<meta property=\"og:title\" content=\"Desc\u0103rca\u021bi slotul Dead or Alive\" \/>\n<meta property=\"og:description\" content=\"Slotul Dead or Alive de la NetEnt este un joc captivant de la un dezvoltator de top care te introduce \u00een atmosfera Vestului S\u0103lbatic. Vei deveni un cowboy, v\u00e2n\u00e2nd constant aur \u0219i aventuri, toate direct pe computerul sau dispozitivul t\u0103u mobil! E\u0219ti gata s\u0103 \u00eencepi? Afl\u0103 cum s\u0103 descarci acest slot fantastic Dead or Alive....\" \/>\n<meta property=\"og:url\" content=\"https:\/\/deadoraliveslot.com\/ro\/download-dead-or-alive-slot\/\" \/>\n<meta property=\"og:site_name\" content=\"Dead or Alive Slot\" \/>\n<meta property=\"article:modified_time\" content=\"2024-04-20T21:37:49+00:00\" \/>\n<meta name=\"twitter:card\" content=\"summary_large_image\" \/>\n<meta name=\"twitter:label1\" content=\"Timp estimat pentru citire\" \/>\n\t<meta name=\"twitter:data1\" content=\"14 minute\" \/>\n<script type=\"application\/ld+json\" class=\"yoast-schema-graph\">{\"@context\":\"https:\/\/schema.org\",\"@graph\":[{\"@type\":\"WebPage\",\"@id\":\"https:\/\/deadoraliveslot.com\/download-dead-or-alive-slot\/\",\"url\":\"https:\/\/deadoraliveslot.com\/download-dead-or-alive-slot\/\",\"name\":\"Desc\u0103rca\u021bi slotul Dead or Alive\",\"isPartOf\":{\"@id\":\"https:\/\/deadoraliveslot.com\/#website\"},\"datePublished\":\"2023-10-20T21:33:26+00:00\",\"dateModified\":\"2024-04-20T21:37:49+00:00\",\"breadcrumb\":{\"@id\":\"https:\/\/deadoraliveslot.com\/download-dead-or-alive-slot\/#breadcrumb\"},\"inLanguage\":\"ro-RO\",\"potentialAction\":[{\"@type\":\"ReadAction\",\"target\":[\"https:\/\/deadoraliveslot.com\/download-dead-or-alive-slot\/\"]}]},{\"@type\":\"BreadcrumbList\",\"@id\":\"https:\/\/deadoraliveslot.com\/download-dead-or-alive-slot\/#breadcrumb\",\"itemListElement\":[{\"@type\":\"ListItem\",\"position\":1,\"name\":\"Home\",\"item\":\"https:\/\/deadoraliveslot.com\/\"},{\"@type\":\"ListItem\",\"position\":2,\"name\":\"\u0421\u043a\u0430\u0447\u0430\u0442\u044c \u0441\u043b\u043e\u0442 Dead or Alive\u00a0\"}]},{\"@type\":\"WebSite\",\"@id\":\"https:\/\/deadoraliveslot.com\/#website\",\"url\":\"https:\/\/deadoraliveslot.com\/\",\"name\":\"Dead or Alive Slot\",\"description\":\"\",\"publisher\":{\"@id\":\"https:\/\/deadoraliveslot.com\/#organization\"},\"potentialAction\":[{\"@type\":\"SearchAction\",\"target\":{\"@type\":\"EntryPoint\",\"urlTemplate\":\"https:\/\/deadoraliveslot.com\/?s={search_term_string}\"},\"query-input\":{\"@type\":\"PropertyValueSpecification\",\"valueRequired\":true,\"valueName\":\"search_term_string\"}}],\"inLanguage\":\"ro-RO\"},{\"@type\":\"Organization\",\"@id\":\"https:\/\/deadoraliveslot.com\/#organization\",\"name\":\"Dead or Alive Slot\",\"url\":\"https:\/\/deadoraliveslot.com\/\",\"logo\":{\"@type\":\"ImageObject\",\"inLanguage\":\"ro-RO\",\"@id\":\"https:\/\/deadoraliveslot.com\/#\/schema\/logo\/image\/\",\"url\":\"https:\/\/deadoraliveslot.com\/wp-content\/uploads\/logo-doa.png\",\"contentUrl\":\"https:\/\/deadoraliveslot.com\/wp-content\/uploads\/logo-doa.png\",\"width\":485,\"height\":255,\"caption\":\"Dead or Alive Slot\"},\"image\":{\"@id\":\"https:\/\/deadoraliveslot.com\/#\/schema\/logo\/image\/\"}}]}<\/script>\n<!-- \/ Yoast SEO plugin. -->","yoast_head_json":{"title":"Desc\u0103rca\u021bi slotul Dead or Alive","description":"Cum s\u0103 desc\u0103rca\u021bi slotul Dead or Alive pe calculator, Android, iPhone, tablet\u0103. Desc\u0103rca\u021bi \u0219i juca\u021bi acum.","robots":{"index":"index","follow":"follow","max-snippet":"max-snippet:-1","max-image-preview":"max-image-preview:large","max-video-preview":"max-video-preview:-1"},"canonical":"https:\/\/deadoraliveslot.com\/ro\/download-dead-or-alive-slot\/","og_locale":"ro_RO","og_type":"article","og_title":"[:ru]\u0421\u043a\u0430\u0447\u0430\u0442\u044c \u0441\u043b\u043e\u0442 Dead or Alive\u00a0[:en]Download Dead or Alive slot[:pt]Baixar o slot Dead or Alive[:es]Descargar el slot Dead or Alive[:it]Scaricare il slot Dead or Alive[:fr]T\u00e9l\u00e9charger le slot Dead or Alive[:de]Dead or Alive Slot herunterladen[:ro]Desc\u0103rca\u021bi slotul Dead or Alive[:sr]\u041f\u0440\u0435\u0443\u0437\u043c\u0438\u0442\u0435 \u0441\u043b\u043e\u0442 Dead or Alive[:bg]\u0418\u0437\u0442\u0435\u0433\u043b\u044f\u043d\u0435 \u043d\u0430 \u0441\u043b\u043e\u0442\u0430 Dead or Alive[:pl]Pobierz slot Dead or Alive[:] - Dead or Alive Slot","og_description":"Slotul Dead or Alive de la NetEnt este un joc captivant de la un dezvoltator de top care te introduce \u00een atmosfera Vestului S\u0103lbatic. Vei deveni un cowboy, v\u00e2n\u00e2nd constant aur \u0219i aventuri, toate direct pe computerul sau dispozitivul t\u0103u mobil! E\u0219ti gata s\u0103 \u00eencepi? Afl\u0103 cum s\u0103 descarci acest slot fantastic Dead or Alive....","og_url":"https:\/\/deadoraliveslot.com\/ro\/download-dead-or-alive-slot\/","og_site_name":"Dead or Alive Slot","article_modified_time":"2024-04-20T21:37:49+00:00","twitter_card":"summary_large_image","twitter_misc":{"Timp estimat pentru citire":"14 minute"},"schema":{"@context":"https:\/\/schema.org","@graph":[{"@type":"WebPage","@id":"https:\/\/deadoraliveslot.com\/download-dead-or-alive-slot\/","url":"https:\/\/deadoraliveslot.com\/download-dead-or-alive-slot\/","name":"Desc\u0103rca\u021bi slotul Dead or Alive","isPartOf":{"@id":"https:\/\/deadoraliveslot.com\/#website"},"datePublished":"2023-10-20T21:33:26+00:00","dateModified":"2024-04-20T21:37:49+00:00","breadcrumb":{"@id":"https:\/\/deadoraliveslot.com\/download-dead-or-alive-slot\/#breadcrumb"},"inLanguage":"ro-RO","potentialAction":[{"@type":"ReadAction","target":["https:\/\/deadoraliveslot.com\/download-dead-or-alive-slot\/"]}]},{"@type":"BreadcrumbList","@id":"https:\/\/deadoraliveslot.com\/download-dead-or-alive-slot\/#breadcrumb","itemListElement":[{"@type":"ListItem","position":1,"name":"Home","item":"https:\/\/deadoraliveslot.com\/"},{"@type":"ListItem","position":2,"name":"\u0421\u043a\u0430\u0447\u0430\u0442\u044c \u0441\u043b\u043e\u0442 Dead or Alive\u00a0"}]},{"@type":"WebSite","@id":"https:\/\/deadoraliveslot.com\/#website","url":"https:\/\/deadoraliveslot.com\/","name":"Dead or Alive Slot","description":"","publisher":{"@id":"https:\/\/deadoraliveslot.com\/#organization"},"potentialAction":[{"@type":"SearchAction","target":{"@type":"EntryPoint","urlTemplate":"https:\/\/deadoraliveslot.com\/?s={search_term_string}"},"query-input":{"@type":"PropertyValueSpecification","valueRequired":true,"valueName":"search_term_string"}}],"inLanguage":"ro-RO"},{"@type":"Organization","@id":"https:\/\/deadoraliveslot.com\/#organization","name":"Dead or Alive Slot","url":"https:\/\/deadoraliveslot.com\/","logo":{"@type":"ImageObject","inLanguage":"ro-RO","@id":"https:\/\/deadoraliveslot.com\/#\/schema\/logo\/image\/","url":"https:\/\/deadoraliveslot.com\/wp-content\/uploads\/logo-doa.png","contentUrl":"https:\/\/deadoraliveslot.com\/wp-content\/uploads\/logo-doa.png","width":485,"height":255,"caption":"Dead or Alive Slot"},"image":{"@id":"https:\/\/deadoraliveslot.com\/#\/schema\/logo\/image\/"}}]}},"_links":{"self":[{"href":"https:\/\/deadoraliveslot.com\/ro\/wp-json\/wp\/v2\/pages\/9","targetHints":{"allow":["GET"]}}],"collection":[{"href":"https:\/\/deadoraliveslot.com\/ro\/wp-json\/wp\/v2\/pages"}],"about":[{"href":"https:\/\/deadoraliveslot.com\/ro\/wp-json\/wp\/v2\/types\/page"}],"author":[{"embeddable":true,"href":"https:\/\/deadoraliveslot.com\/ro\/wp-json\/wp\/v2\/users\/1"}],"replies":[{"embeddable":true,"href":"https:\/\/deadoraliveslot.com\/ro\/wp-json\/wp\/v2\/comments?post=9"}],"version-history":[{"count":23,"href":"https:\/\/deadoraliveslot.com\/ro\/wp-json\/wp\/v2\/pages\/9\/revisions"}],"predecessor-version":[{"id":151,"href":"https:\/\/deadoraliveslot.com\/ro\/wp-json\/wp\/v2\/pages\/9\/revisions\/151"}],"wp:attachment":[{"href":"https:\/\/deadoraliveslot.com\/ro\/wp-json\/wp\/v2\/media?parent=9"}],"curies":[{"name":"wp","href":"https:\/\/api.w.org\/{rel}","templated":true}]}}