{"id":7,"date":"2023-10-20T21:31:57","date_gmt":"2023-10-20T21:31:57","guid":{"rendered":"https:\/\/deadoraliveslot.com\/?page_id=7"},"modified":"2024-04-20T21:42:36","modified_gmt":"2024-04-20T21:42:36","slug":"dead-or-alive-slot-strategy","status":"publish","type":"page","link":"https:\/\/deadoraliveslot.com\/ro\/dead-or-alive-slot-strategy\/","title":{"rendered":"Strategie de joc \u00een slotul Dead or Alive"},"content":{"rendered":"<p>Slotul Dead or Alive nu este doar un slot captivant, ci \u0219i un joc \u00een care aplicarea strategiei corecte poate cre\u0219te semnificativ \u0219ansele de succes. Desigur, nimeni nu garanteaz\u0103 o victorie, dar cel pu\u021bin \u00ee\u021bi cresc rapid \u0219ansele de c\u00e2\u0219tig. P\u00e2n\u0103 la urm\u0103, simplul ap\u0103sare a butoanelor nu va duce la victorie. Hai s\u0103 vedem cum s\u0103 juc\u0103m acest slot popular \u00een cel mai eficient mod.<\/p>\n<h2><strong>\u00cenva\u021b\u0103 elementele de baz\u0103 ale slotului Dead or Alive<\/strong><\/h2>\n<p>\u00cenainte de a dezvolta o strategie, este important s\u0103 \u00een\u021belegem mecanica jocului. Dead or Alive este un slot cu 5 role \u0219i 9 linii de plat\u0103. Simbolurile includ insignele \u0219erifului, armele \u0219i cizmele de cowboy. Este crucial s\u0103 cunoa\u0219tem \u0219i s\u0103 \u00een\u021belegem acest lucru.<\/p>\n<h2><strong>Alegerea pariurilor<\/strong><\/h2>\n<p>Alegerea pariului potrivit este o parte cheie a strategiei de joc. \u00cencepe cu pariuri mici pentru a te obi\u0219nui cu jocul. Pe m\u0103sur\u0103 ce c\u00e2\u0219tigi \u00eencredere \u00een ac\u021biunile tale \u0219i \u00een\u021belegi slotul, m\u0103re\u0219te-\u021bi pariul. Dar aminte\u0219te-\u021bi de gestionarea capitalului: niciodat\u0103 s\u0103 nu pariezi mai mult dec\u00e2t e\u0219ti dispus s\u0103 pierzi. \u00cen alte cuvinte, alege un nivel confortabil de pariere. \u021aine cont c\u0103 ar trebui s\u0103 ai suficient\u0103 bani \u00een contul t\u0103u de joc pentru cel pu\u021bin 200 de rotiri. Dac\u0103 faci mai pu\u021bine rotiri, exist\u0103 un risc ridicat s\u0103 pierzi totul.<\/p>\n<h2><strong>Folose\u0219te runde bonus<\/strong><\/h2>\n<p>Una dintre caracteristicile slotului Dead or Alive sunt rundele bonus. Acestea sunt activate atunci c\u00e2nd apar trei sau mai multe simboluri scatter. \u00cen aceste runde, po\u021bi ob\u021bine rotiri gratuite, cresc\u00e2ndu-\u021bi \u0219ansele de c\u00e2\u0219tig f\u0103r\u0103 pariuri suplimentare. \u00cen general, folosirea bonusurilor oferite de cazinourile online este o strategie foarte util\u0103 \u0219i corect\u0103.<\/p>\n<h2><strong>Calculeaz\u0103 riscul<\/strong><\/h2>\n<p>Sloturile sunt jocuri de noroc, iar \u00een ciuda tuturor strategiilor, rezultatul depinde \u00een mare m\u0103sur\u0103 de noroc. Cu toate acestea, prin gestionarea pariurilor tale, \u00een\u021belegerea caracteristicilor slotului \u0219i folosirea bonusurilor, po\u021bi maximiza \u0219ansele tale de c\u00e2\u0219tig. \u00cen orice caz, dac\u0103 joci pentru bani, trebuie s\u0103 \u00een\u021belegi c\u0103 sloturile au un risc foarte mare.<\/p>\n<h2><strong>Practic\u0103 \u0219i experien\u021b\u0103:<\/strong><\/h2>\n<p>La fel ca \u00een orice alt joc, experien\u021ba \u00een jocul Dead or Alive este crucial\u0103. Cu c\u00e2t joci mai mult, cu at\u00e2t \u00een\u021belegi mai bine dinamica \u0219i nuan\u021bele slotului. Cele mai multe cazinouri online ofer\u0103 versiuni demo ale jocurilor \u00een care po\u021bi juca cu bani virtuali, adic\u0103 po\u021bi juca gratuit. Acesta este un mod excelent de a \u00eencerca diferite strategii f\u0103r\u0103 a-\u021bi pune \u00een pericol portofelul.<\/p>\n<h2><strong>Regula principal\u0103 &#8211; distreaz\u0103-te<\/strong><\/h2>\n<p>\u021aine minte c\u0103 scopul principal al jocului la sloturi este distrac\u021bia. Niciodat\u0103 s\u0103 nu joci sub presiune sau \u00eentr-o stare de stres. Stabile\u0219te limite, monitorizeaz\u0103-\u021bi finan\u021bele \u0219i bucur\u0103-te de proces. Lucrul cel mai important este s\u0103 te distrezi. \u0218i dac\u0103 te distrezi, victoria va veni mai devreme sau mai t\u00e2rziu.<\/p>\n<p>Juc\u00e2nd la slotul Dead or Alive, te a\u0219tep\u021bi la o aventur\u0103 captivant\u0103 \u00een Vestul S\u0103lbatic. Urmeaz\u0103 aceste sfaturi strategice \u0219i nu numai c\u0103 \u00ee\u021bi vei m\u0103ri \u0219ansele de succes, dar vei ob\u021bine \u0219i cea mai mare pl\u0103cere din joc. \u00cenainte spre victorii \u0219i aventuri de cowboy!<\/p>\n","protected":false},"excerpt":{"rendered":"<p>Slotul Dead or Alive nu este doar un slot captivant, ci \u0219i un joc \u00een care aplicarea strategiei corecte poate cre\u0219te semnificativ \u0219ansele de succes. Desigur, nimeni nu garanteaz\u0103 o victorie, dar cel pu\u021bin \u00ee\u021bi cresc rapid \u0219ansele de c\u00e2\u0219tig. P\u00e2n\u0103 la urm\u0103, simplul ap\u0103sare a butoanelor nu va duce la victorie. Hai s\u0103 vedem&#8230;<\/p>\n","protected":false},"author":1,"featured_media":0,"parent":0,"menu_order":0,"comment_status":"closed","ping_status":"closed","template":"","meta":{"footnotes":""},"class_list":["post-7","page","type-page","status-publish","hentry"],"yoast_head":"<!-- This site is optimized with the Yoast SEO plugin v27.2 - https:\/\/yoast.com\/product\/yoast-seo-wordpress\/ -->\n<title>Strategie i taktyki gry na automacie Dead or Alive<\/title>\n<meta name=\"description\" content=\"Cum s\u0103 joci \u0219i s\u0103 c\u00e2\u0219tigi la slotul Dead or Alive. Cele mai bune strategii de c\u00e2\u0219tig \u00een slot pentru juc\u0103torii noi \u0219i experimenta\u021bi.\" \/>\n<meta name=\"robots\" content=\"index, follow, max-snippet:-1, max-image-preview:large, max-video-preview:-1\" \/>\n<link rel=\"canonical\" href=\"https:\/\/deadoraliveslot.com\/ro\/dead-or-alive-slot-strategy\/\" \/>\n<meta property=\"og:locale\" content=\"ro_RO\" \/>\n<meta property=\"og:locale:alternate\" content=\"ru_RU\" \/>\n<meta property=\"og:locale:alternate\" content=\"en_US\" \/>\n<meta property=\"og:locale:alternate\" content=\"pt_PT\" \/>\n<meta property=\"og:locale:alternate\" content=\"es_ES\" \/>\n<meta property=\"og:locale:alternate\" content=\"it_IT\" \/>\n<meta property=\"og:locale:alternate\" content=\"fr_FR\" \/>\n<meta property=\"og:locale:alternate\" content=\"de_DE\" \/>\n<meta property=\"og:locale:alternate\" content=\"sr_RS\" \/>\n<meta property=\"og:locale:alternate\" content=\"bg_BG\" \/>\n<meta property=\"og:locale:alternate\" content=\"pl_PL\" \/>\n<meta property=\"og:type\" content=\"article\" \/>\n<meta property=\"og:title\" content=\"Strategie i taktyki gry na automacie Dead or Alive\" \/>\n<meta property=\"og:description\" content=\"Jak gra\u0107 i wygrywa\u0107 na automacie Dead or Alive. Najlepsze strategie wygrywaj\u0105ce na automacie dla nowych i do\u015bwiadczonych graczy.\" \/>\n<meta property=\"og:url\" content=\"https:\/\/deadoraliveslot.com\/ro\/dead-or-alive-slot-strategy\/\" \/>\n<meta property=\"og:site_name\" content=\"Dead or Alive Slot\" \/>\n<meta property=\"article:modified_time\" content=\"2024-04-20T21:42:36+00:00\" \/>\n<meta name=\"twitter:card\" content=\"summary_large_image\" \/>\n<meta name=\"twitter:label1\" content=\"Timp estimat pentru citire\" \/>\n\t<meta name=\"twitter:data1\" content=\"21 de minute\" \/>\n<script type=\"application\/ld+json\" class=\"yoast-schema-graph\">{\"@context\":\"https:\/\/schema.org\",\"@graph\":[{\"@type\":\"WebPage\",\"@id\":\"https:\/\/deadoraliveslot.com\/pl\/dead-or-alive-slot-strategy\/\",\"url\":\"https:\/\/deadoraliveslot.com\/pl\/dead-or-alive-slot-strategy\/\",\"name\":\"Strategie i taktyki gry na automacie Dead or Alive\",\"isPartOf\":{\"@id\":\"https:\/\/deadoraliveslot.com\/#website\"},\"datePublished\":\"2023-10-20T21:31:57+00:00\",\"dateModified\":\"2024-04-20T21:42:36+00:00\",\"description\":\"Jak gra\u0107 i wygrywa\u0107 na automacie Dead or Alive. Najlepsze strategie wygrywaj\u0105ce na automacie dla nowych i do\u015bwiadczonych graczy.\",\"breadcrumb\":{\"@id\":\"https:\/\/deadoraliveslot.com\/pl\/dead-or-alive-slot-strategy\/#breadcrumb\"},\"inLanguage\":\"ro-RO\",\"potentialAction\":[{\"@type\":\"ReadAction\",\"target\":[\"https:\/\/deadoraliveslot.com\/pl\/dead-or-alive-slot-strategy\/\"]}]},{\"@type\":\"BreadcrumbList\",\"@id\":\"https:\/\/deadoraliveslot.com\/pl\/dead-or-alive-slot-strategy\/#breadcrumb\",\"itemListElement\":[{\"@type\":\"ListItem\",\"position\":1,\"name\":\"Home\",\"item\":\"https:\/\/deadoraliveslot.com\/\"},{\"@type\":\"ListItem\",\"position\":2,\"name\":\"Strategia gry w slocie Dead or Alive\"}]},{\"@type\":\"WebSite\",\"@id\":\"https:\/\/deadoraliveslot.com\/#website\",\"url\":\"https:\/\/deadoraliveslot.com\/\",\"name\":\"Dead or Alive Slot\",\"description\":\"\",\"publisher\":{\"@id\":\"https:\/\/deadoraliveslot.com\/#organization\"},\"potentialAction\":[{\"@type\":\"SearchAction\",\"target\":{\"@type\":\"EntryPoint\",\"urlTemplate\":\"https:\/\/deadoraliveslot.com\/?s={search_term_string}\"},\"query-input\":{\"@type\":\"PropertyValueSpecification\",\"valueRequired\":true,\"valueName\":\"search_term_string\"}}],\"inLanguage\":\"ro-RO\"},{\"@type\":\"Organization\",\"@id\":\"https:\/\/deadoraliveslot.com\/#organization\",\"name\":\"Dead or Alive Slot\",\"url\":\"https:\/\/deadoraliveslot.com\/\",\"logo\":{\"@type\":\"ImageObject\",\"inLanguage\":\"ro-RO\",\"@id\":\"https:\/\/deadoraliveslot.com\/#\/schema\/logo\/image\/\",\"url\":\"https:\/\/deadoraliveslot.com\/wp-content\/uploads\/logo-doa.png\",\"contentUrl\":\"https:\/\/deadoraliveslot.com\/wp-content\/uploads\/logo-doa.png\",\"width\":485,\"height\":255,\"caption\":\"Dead or Alive Slot\"},\"image\":{\"@id\":\"https:\/\/deadoraliveslot.com\/#\/schema\/logo\/image\/\"}}]}<\/script>\n<!-- \/ Yoast SEO plugin. -->","yoast_head_json":{"title":"Strategie i taktyki gry na automacie Dead or Alive","description":"Cum s\u0103 joci \u0219i s\u0103 c\u00e2\u0219tigi la slotul Dead or Alive. Cele mai bune strategii de c\u00e2\u0219tig \u00een slot pentru juc\u0103torii noi \u0219i experimenta\u021bi.","robots":{"index":"index","follow":"follow","max-snippet":"max-snippet:-1","max-image-preview":"max-image-preview:large","max-video-preview":"max-video-preview:-1"},"canonical":"https:\/\/deadoraliveslot.com\/ro\/dead-or-alive-slot-strategy\/","og_locale":"ro_RO","og_type":"article","og_title":"Strategie i taktyki gry na automacie Dead or Alive","og_description":"Jak gra\u0107 i wygrywa\u0107 na automacie Dead or Alive. Najlepsze strategie wygrywaj\u0105ce na automacie dla nowych i do\u015bwiadczonych graczy.","og_url":"https:\/\/deadoraliveslot.com\/ro\/dead-or-alive-slot-strategy\/","og_site_name":"Dead or Alive Slot","article_modified_time":"2024-04-20T21:42:36+00:00","twitter_card":"summary_large_image","twitter_misc":{"Timp estimat pentru citire":"21 de minute"},"schema":{"@context":"https:\/\/schema.org","@graph":[{"@type":"WebPage","@id":"https:\/\/deadoraliveslot.com\/pl\/dead-or-alive-slot-strategy\/","url":"https:\/\/deadoraliveslot.com\/pl\/dead-or-alive-slot-strategy\/","name":"Strategie i taktyki gry na automacie Dead or Alive","isPartOf":{"@id":"https:\/\/deadoraliveslot.com\/#website"},"datePublished":"2023-10-20T21:31:57+00:00","dateModified":"2024-04-20T21:42:36+00:00","description":"Jak gra\u0107 i wygrywa\u0107 na automacie Dead or Alive. Najlepsze strategie wygrywaj\u0105ce na automacie dla nowych i do\u015bwiadczonych graczy.","breadcrumb":{"@id":"https:\/\/deadoraliveslot.com\/pl\/dead-or-alive-slot-strategy\/#breadcrumb"},"inLanguage":"ro-RO","potentialAction":[{"@type":"ReadAction","target":["https:\/\/deadoraliveslot.com\/pl\/dead-or-alive-slot-strategy\/"]}]},{"@type":"BreadcrumbList","@id":"https:\/\/deadoraliveslot.com\/pl\/dead-or-alive-slot-strategy\/#breadcrumb","itemListElement":[{"@type":"ListItem","position":1,"name":"Home","item":"https:\/\/deadoraliveslot.com\/"},{"@type":"ListItem","position":2,"name":"Strategia gry w slocie Dead or Alive"}]},{"@type":"WebSite","@id":"https:\/\/deadoraliveslot.com\/#website","url":"https:\/\/deadoraliveslot.com\/","name":"Dead or Alive Slot","description":"","publisher":{"@id":"https:\/\/deadoraliveslot.com\/#organization"},"potentialAction":[{"@type":"SearchAction","target":{"@type":"EntryPoint","urlTemplate":"https:\/\/deadoraliveslot.com\/?s={search_term_string}"},"query-input":{"@type":"PropertyValueSpecification","valueRequired":true,"valueName":"search_term_string"}}],"inLanguage":"ro-RO"},{"@type":"Organization","@id":"https:\/\/deadoraliveslot.com\/#organization","name":"Dead or Alive Slot","url":"https:\/\/deadoraliveslot.com\/","logo":{"@type":"ImageObject","inLanguage":"ro-RO","@id":"https:\/\/deadoraliveslot.com\/#\/schema\/logo\/image\/","url":"https:\/\/deadoraliveslot.com\/wp-content\/uploads\/logo-doa.png","contentUrl":"https:\/\/deadoraliveslot.com\/wp-content\/uploads\/logo-doa.png","width":485,"height":255,"caption":"Dead or Alive Slot"},"image":{"@id":"https:\/\/deadoraliveslot.com\/#\/schema\/logo\/image\/"}}]}},"_links":{"self":[{"href":"https:\/\/deadoraliveslot.com\/ro\/wp-json\/wp\/v2\/pages\/7","targetHints":{"allow":["GET"]}}],"collection":[{"href":"https:\/\/deadoraliveslot.com\/ro\/wp-json\/wp\/v2\/pages"}],"about":[{"href":"https:\/\/deadoraliveslot.com\/ro\/wp-json\/wp\/v2\/types\/page"}],"author":[{"embeddable":true,"href":"https:\/\/deadoraliveslot.com\/ro\/wp-json\/wp\/v2\/users\/1"}],"replies":[{"embeddable":true,"href":"https:\/\/deadoraliveslot.com\/ro\/wp-json\/wp\/v2\/comments?post=7"}],"version-history":[{"count":22,"href":"https:\/\/deadoraliveslot.com\/ro\/wp-json\/wp\/v2\/pages\/7\/revisions"}],"predecessor-version":[{"id":152,"href":"https:\/\/deadoraliveslot.com\/ro\/wp-json\/wp\/v2\/pages\/7\/revisions\/152"}],"wp:attachment":[{"href":"https:\/\/deadoraliveslot.com\/ro\/wp-json\/wp\/v2\/media?parent=7"}],"curies":[{"name":"wp","href":"https:\/\/api.w.org\/{rel}","templated":true}]}}