{"id":5,"date":"2023-10-20T21:25:43","date_gmt":"2023-10-20T21:25:43","guid":{"rendered":"https:\/\/deadoraliveslot.com\/?page_id=5"},"modified":"2024-04-20T21:28:50","modified_gmt":"2024-04-20T21:28:50","slug":"dead-or-alive","status":"publish","type":"page","link":"https:\/\/deadoraliveslot.com\/ro\/","title":{"rendered":"Joc online Dead or Alive"},"content":{"rendered":"<p>Jocul Dead or Alive de la NetEnt te va transporta \u00een era Vestului S\u0103lbatic. Slotul Dead or Alive este un joc palpitant dezvoltat de NetEnt care te va imersa \u00een atmosfera c\u00e2mpiilor nesf\u00e2r\u0219ite, a cowboy-ilor \u0219i a \u0219erifilor \u00eempu\u0219c\u0103tori. E\u0219ti gata s\u0103 devii un adev\u0103rat maestru al Vestului S\u0103lbatic \u0219i s\u0103 c\u00e2\u0219tigi jackpotul mare? Totul este posibil \u00een jocul Dead or Alive.<\/p>\n<h2><strong>Caracteristici ale ma\u0219inii de slot Dead or Alive<\/strong><\/h2>\n<p>Descoper\u0103 ce face ma\u0219ina de slot Dead or Alive at\u00e2t de unic\u0103 \u0219i palpitant\u0103. \u0218i de ce juc\u0103torii din \u00eentreaga lume aleg ma\u0219ina de slot Dead or Alive.<\/p>\n<h3><strong>Simboluri \u0219i Design<\/strong><\/h3>\n<p>Jocul Dead or Alive impresioneaz\u0103 prin vizualizarea sa autentic\u0103, incluz\u00e2nd simboluri care ilustreaz\u0103 \u00eentreaga istorie a Vestului S\u0103lbatic. Te vei \u00eent\u00e2lni cu cowboy-i, \u0219erifi, pistoale, sticle de whiskey \u0219i multe altele. Fiecare simbol este creat cu aten\u021bie la detalii, imers\u00e2ndu-te \u00een atmosfera de ilegalitate \u0219i aventur\u0103.<\/p>\n<h3><strong>Role \u0219i Linii de plat\u0103<\/strong><\/h3>\n<p>Slotul Dead or Alive ofer\u0103 5 role \u0219i 9 linii de plat\u0103, f\u0103c\u00e2ndu-l accesibil juc\u0103torilor cu diferite niveluri de experien\u021b\u0103. Simbolurile apar pe role, iar combina\u021biile c\u00e2\u0219tig\u0103toare se formeaz\u0103 \u00een diferite direc\u021bii, oferind multe modalit\u0103\u021bi de c\u00e2\u0219tig.<\/p>\n<h3><strong>Func\u021bia Wild \u0219i Rotiri Gratuite<\/strong><\/h3>\n<p>Pistolul serve\u0219te ca simbol Wild, \u00eenlocuind alte simboluri \u0219i cresc\u00e2nd \u0219ansele tale de c\u00e2\u0219tig. \u0218i dac\u0103 ob\u021bii trei sau mai multe simboluri de pistol, vei activa runda bonus de rotiri gratuite, care poate aduce c\u00e2\u0219tiguri mari.<\/p>\n<h2><strong>Cum s\u0103 joci Dead or Alive<\/strong><\/h2>\n<p>\u00cenva\u021b\u0103 bazele \u0219i strategiile pentru a domina Vestul S\u0103lbatic \u00een timp ce joci Dead or Alive. Este crucial s\u0103 \u00een\u021belegi regulile jocului de slot Dead or Alive \u00eenainte de a \u00eencepe.<\/p>\n<h3><strong>Reguli de baz\u0103 ale Dead or Alive<\/strong><\/h3>\n<p>Jucarea Dead or Alive este simpl\u0103. Alege m\u0103rimea pariului \u0219i num\u0103rul de linii pe care vrei s\u0103 joci \u0219i apas\u0103 butonul &#8222;Spin&#8221;. Apoi a\u0219teapt\u0103 ca rolele s\u0103 se opreasc\u0103 \u0219i afl\u0103 dac\u0103 ai c\u00e2\u0219tigat sau nu.<\/p>\n<h3><strong>Pariuri \u0219i Fond de pariere<\/strong><\/h3>\n<p>Gestionarea fondului t\u0103u de pariere \u0219i stabilirea pariurilor \u00een func\u021bie de capacit\u0103\u021bile tale este important\u0103. Folose\u0219te strategii de pariere sensibile \u0219i stabile\u0219te limite pentru depozite \u0219i pierderi.<\/p>\n<h3><strong>Strategii de joc \u00een Dead or Alive<\/strong><\/h3>\n<p>Pentru juc\u0103torii experimenta\u021bi, exist\u0103 diverse strategii care pot ajuta la cre\u0219terea \u0219anselor tale de succes \u00een Dead or Alive. Acest lucru include gestionarea pariurilor \u0219i utilizarea caracteristicilor de rotiri bonus.<\/p>\n<h2><strong>C\u00e2\u0219tigarea \u00een Dead or Alive<\/strong><\/h2>\n<p>Descoper\u0103 oportunit\u0103\u021bile pentru c\u00e2\u0219tiguri mari \u0219i jackpoturi \u00een slotul Dead or Alive. Acest slot permite juc\u0103torilor s\u0103 c\u00e2\u0219tige bani buni. Tot ce trebuie s\u0103 faci este s\u0103 urmezi reguli simple \u0219i clare.<\/p>\n<h3><strong>Jackpoturi \u0219i C\u00e2\u0219tiguri \u00een Dead or Alive<\/strong><\/h3>\n<p>Slotul Dead or Alive ofer\u0103 juc\u0103torilor oportunitatea de a c\u00e2\u0219tiga jackpoturi mari \u0219i de a se bucura de maximul de pl\u0103cere \u00een joc. Mul\u021bi juc\u0103tori au ob\u021binut succesuri semnificative \u0219i c\u00e2\u0219tiguri memorabile.<\/p>\n<h3><strong>Bonusuri \u0219i Promo\u021bii \u00een Dead or Alive<\/strong><\/h3>\n<p>Multe cazinouri online ofer\u0103 bonusuri \u0219i promo\u021bii legate de Dead or Alive. Verific\u0103 ofertele actuale ale cazinoului t\u0103u pentru a-\u021bi cre\u0219te \u0219ansele de c\u00e2\u0219tig. Po\u021bi folosi bonusurile care atrag bani suplimentari pe care \u00eei prime\u0219ti gratuit de la cazinou. Acest lucru \u00ee\u021bi cre\u0219te \u0219ansele de c\u00e2\u0219tig.<\/p>\n<h2><strong>Joac\u0103 Dead or Alive la un cazino acum<\/strong><\/h2>\n<p>Dead or Alive este un slot care \u00ee\u021bi deschide u\u0219ile c\u0103tre lumea Vestului S\u0103lbatic, unde te a\u0219teapt\u0103 premii mari \u0219i emo\u021bii la fiecare col\u021b. Al\u0103tur\u0103-te mul\u021bimii de juc\u0103tori care au experimentat deja magia Dead or Alive \u0219i \u00eencepe aventura ta palpitant\u0103 ast\u0103zi!<\/p>\n<p>Cu Dead or Alive, e\u0219ti garantat s\u0103 te distrezi mult \u0219i s\u0103 ai oportunitatea de a c\u00e2\u0219tiga premii mari. Nu rata \u0219ansa de a tr\u0103i aceast\u0103 c\u0103l\u0103torie palpitant\u0103.<\/p>\n","protected":false},"excerpt":{"rendered":"<p>Jocul Dead or Alive de la NetEnt te va transporta \u00een era Vestului S\u0103lbatic. Slotul Dead or Alive este un joc palpitant dezvoltat de NetEnt care te va imersa \u00een atmosfera c\u00e2mpiilor nesf\u00e2r\u0219ite, a cowboy-ilor \u0219i a \u0219erifilor \u00eempu\u0219c\u0103tori. E\u0219ti gata s\u0103 devii un adev\u0103rat maestru al Vestului S\u0103lbatic \u0219i s\u0103 c\u00e2\u0219tigi jackpotul mare? Totul&#8230;<\/p>\n","protected":false},"author":1,"featured_media":0,"parent":0,"menu_order":0,"comment_status":"closed","ping_status":"closed","template":"","meta":{"footnotes":""},"class_list":["post-5","page","type-page","status-publish","hentry"],"yoast_head":"<!-- This site is optimized with the Yoast SEO plugin v27.2 - https:\/\/yoast.com\/product\/yoast-seo-wordpress\/ -->\n<title>Joc online Dead or Alive<\/title>\n<meta name=\"description\" content=\"Cum s\u0103 juca\u021bi cu bani reali la slotul Dead or Alive. Cum s\u0103 c\u00e2\u0219tiga\u021bi, s\u0103 desc\u0103rca\u021bi, s\u0103 juca\u021bi cu bani reali.\" \/>\n<meta name=\"robots\" content=\"index, follow, max-snippet:-1, max-image-preview:large, max-video-preview:-1\" \/>\n<link rel=\"canonical\" href=\"https:\/\/deadoraliveslot.com\/ro\/\" \/>\n<meta property=\"og:locale\" content=\"ro_RO\" \/>\n<meta property=\"og:locale:alternate\" content=\"ru_RU\" \/>\n<meta property=\"og:locale:alternate\" content=\"en_US\" \/>\n<meta property=\"og:locale:alternate\" content=\"pt_PT\" \/>\n<meta property=\"og:locale:alternate\" content=\"es_ES\" \/>\n<meta property=\"og:locale:alternate\" content=\"it_IT\" \/>\n<meta property=\"og:locale:alternate\" content=\"fr_FR\" \/>\n<meta property=\"og:locale:alternate\" content=\"de_DE\" \/>\n<meta property=\"og:locale:alternate\" content=\"sr_RS\" \/>\n<meta property=\"og:locale:alternate\" content=\"bg_BG\" \/>\n<meta property=\"og:locale:alternate\" content=\"pl_PL\" \/>\n<meta property=\"og:type\" content=\"article\" \/>\n<meta property=\"og:title\" content=\"Joc online Dead or Alive\" \/>\n<meta property=\"og:description\" content=\"Jocul Dead or Alive de la NetEnt te va transporta \u00een era Vestului S\u0103lbatic. Slotul Dead or Alive este un joc palpitant dezvoltat de NetEnt care te va imersa \u00een atmosfera c\u00e2mpiilor nesf\u00e2r\u0219ite, a cowboy-ilor \u0219i a \u0219erifilor \u00eempu\u0219c\u0103tori. E\u0219ti gata s\u0103 devii un adev\u0103rat maestru al Vestului S\u0103lbatic \u0219i s\u0103 c\u00e2\u0219tigi jackpotul mare? Totul...\" \/>\n<meta property=\"og:url\" content=\"https:\/\/deadoraliveslot.com\/ro\/\" \/>\n<meta property=\"og:site_name\" content=\"Dead or Alive Slot\" \/>\n<meta property=\"article:modified_time\" content=\"2024-04-20T21:28:50+00:00\" \/>\n<meta name=\"twitter:card\" content=\"summary_large_image\" \/>\n<meta name=\"twitter:label1\" content=\"Timp estimat pentru citire\" \/>\n\t<meta name=\"twitter:data1\" content=\"27 de minute\" \/>\n<script type=\"application\/ld+json\" class=\"yoast-schema-graph\">{\"@context\":\"https:\/\/schema.org\",\"@graph\":[{\"@type\":\"WebPage\",\"@id\":\"https:\/\/deadoraliveslot.com\/\",\"url\":\"https:\/\/deadoraliveslot.com\/\",\"name\":\"Joc online Dead or Alive\",\"isPartOf\":{\"@id\":\"https:\/\/deadoraliveslot.com\/#website\"},\"datePublished\":\"2023-10-20T21:25:43+00:00\",\"dateModified\":\"2024-04-20T21:28:50+00:00\",\"breadcrumb\":{\"@id\":\"https:\/\/deadoraliveslot.com\/#breadcrumb\"},\"inLanguage\":\"ro-RO\",\"potentialAction\":[{\"@type\":\"ReadAction\",\"target\":[\"https:\/\/deadoraliveslot.com\/\"]}]},{\"@type\":\"BreadcrumbList\",\"@id\":\"https:\/\/deadoraliveslot.com\/#breadcrumb\",\"itemListElement\":[{\"@type\":\"ListItem\",\"position\":1,\"name\":\"Home\",\"item\":\"https:\/\/deadoraliveslot.com\/\"},{\"@type\":\"ListItem\",\"position\":2,\"name\":\"\u041e\u043d\u043b\u0430\u0439\u043d \u0438\u0433\u0440\u0430 Dead or Alive\"}]},{\"@type\":\"WebSite\",\"@id\":\"https:\/\/deadoraliveslot.com\/#website\",\"url\":\"https:\/\/deadoraliveslot.com\/\",\"name\":\"Dead or Alive Slot\",\"description\":\"\",\"publisher\":{\"@id\":\"https:\/\/deadoraliveslot.com\/#organization\"},\"potentialAction\":[{\"@type\":\"SearchAction\",\"target\":{\"@type\":\"EntryPoint\",\"urlTemplate\":\"https:\/\/deadoraliveslot.com\/?s={search_term_string}\"},\"query-input\":{\"@type\":\"PropertyValueSpecification\",\"valueRequired\":true,\"valueName\":\"search_term_string\"}}],\"inLanguage\":\"ro-RO\"},{\"@type\":\"Organization\",\"@id\":\"https:\/\/deadoraliveslot.com\/#organization\",\"name\":\"Dead or Alive Slot\",\"url\":\"https:\/\/deadoraliveslot.com\/\",\"logo\":{\"@type\":\"ImageObject\",\"inLanguage\":\"ro-RO\",\"@id\":\"https:\/\/deadoraliveslot.com\/#\/schema\/logo\/image\/\",\"url\":\"https:\/\/deadoraliveslot.com\/wp-content\/uploads\/logo-doa.png\",\"contentUrl\":\"https:\/\/deadoraliveslot.com\/wp-content\/uploads\/logo-doa.png\",\"width\":485,\"height\":255,\"caption\":\"Dead or Alive Slot\"},\"image\":{\"@id\":\"https:\/\/deadoraliveslot.com\/#\/schema\/logo\/image\/\"}}]}<\/script>\n<!-- \/ Yoast SEO plugin. -->","yoast_head_json":{"title":"Joc online Dead or Alive","description":"Cum s\u0103 juca\u021bi cu bani reali la slotul Dead or Alive. Cum s\u0103 c\u00e2\u0219tiga\u021bi, s\u0103 desc\u0103rca\u021bi, s\u0103 juca\u021bi cu bani reali.","robots":{"index":"index","follow":"follow","max-snippet":"max-snippet:-1","max-image-preview":"max-image-preview:large","max-video-preview":"max-video-preview:-1"},"canonical":"https:\/\/deadoraliveslot.com\/ro\/","og_locale":"ro_RO","og_type":"article","og_title":"[:ru]\u041e\u043d\u043b\u0430\u0439\u043d \u0438\u0433\u0440\u0430 Dead or Alive[:en]Online game Dead or Alive[:pt]Jogo online Dead or Alive[:es]Juego en l\u00ednea Dead or Alive[:it]Giochi online Dead or Alive[:fr]Jeu en ligne Dead or Alive[:de]Online-Spiel Dead or Alive[:ro]Joc online Dead or Alive[:sr]\u041e\u043d\u043b\u0430\u0458\u043d \u0438\u0433\u0440\u0430 Dead or Alive[:bg]\u041e\u043d\u043b\u0430\u0439\u043d \u0438\u0433\u0440\u0430 Dead or Alive[:pl]Gra online Dead or Alive[:] - Dead or Alive Slot","og_description":"Jocul Dead or Alive de la NetEnt te va transporta \u00een era Vestului S\u0103lbatic. Slotul Dead or Alive este un joc palpitant dezvoltat de NetEnt care te va imersa \u00een atmosfera c\u00e2mpiilor nesf\u00e2r\u0219ite, a cowboy-ilor \u0219i a \u0219erifilor \u00eempu\u0219c\u0103tori. E\u0219ti gata s\u0103 devii un adev\u0103rat maestru al Vestului S\u0103lbatic \u0219i s\u0103 c\u00e2\u0219tigi jackpotul mare? Totul...","og_url":"https:\/\/deadoraliveslot.com\/ro\/","og_site_name":"Dead or Alive Slot","article_modified_time":"2024-04-20T21:28:50+00:00","twitter_card":"summary_large_image","twitter_misc":{"Timp estimat pentru citire":"27 de minute"},"schema":{"@context":"https:\/\/schema.org","@graph":[{"@type":"WebPage","@id":"https:\/\/deadoraliveslot.com\/","url":"https:\/\/deadoraliveslot.com\/","name":"Joc online Dead or Alive","isPartOf":{"@id":"https:\/\/deadoraliveslot.com\/#website"},"datePublished":"2023-10-20T21:25:43+00:00","dateModified":"2024-04-20T21:28:50+00:00","breadcrumb":{"@id":"https:\/\/deadoraliveslot.com\/#breadcrumb"},"inLanguage":"ro-RO","potentialAction":[{"@type":"ReadAction","target":["https:\/\/deadoraliveslot.com\/"]}]},{"@type":"BreadcrumbList","@id":"https:\/\/deadoraliveslot.com\/#breadcrumb","itemListElement":[{"@type":"ListItem","position":1,"name":"Home","item":"https:\/\/deadoraliveslot.com\/"},{"@type":"ListItem","position":2,"name":"\u041e\u043d\u043b\u0430\u0439\u043d \u0438\u0433\u0440\u0430 Dead or Alive"}]},{"@type":"WebSite","@id":"https:\/\/deadoraliveslot.com\/#website","url":"https:\/\/deadoraliveslot.com\/","name":"Dead or Alive Slot","description":"","publisher":{"@id":"https:\/\/deadoraliveslot.com\/#organization"},"potentialAction":[{"@type":"SearchAction","target":{"@type":"EntryPoint","urlTemplate":"https:\/\/deadoraliveslot.com\/?s={search_term_string}"},"query-input":{"@type":"PropertyValueSpecification","valueRequired":true,"valueName":"search_term_string"}}],"inLanguage":"ro-RO"},{"@type":"Organization","@id":"https:\/\/deadoraliveslot.com\/#organization","name":"Dead or Alive Slot","url":"https:\/\/deadoraliveslot.com\/","logo":{"@type":"ImageObject","inLanguage":"ro-RO","@id":"https:\/\/deadoraliveslot.com\/#\/schema\/logo\/image\/","url":"https:\/\/deadoraliveslot.com\/wp-content\/uploads\/logo-doa.png","contentUrl":"https:\/\/deadoraliveslot.com\/wp-content\/uploads\/logo-doa.png","width":485,"height":255,"caption":"Dead or Alive Slot"},"image":{"@id":"https:\/\/deadoraliveslot.com\/#\/schema\/logo\/image\/"}}]}},"_links":{"self":[{"href":"https:\/\/deadoraliveslot.com\/ro\/wp-json\/wp\/v2\/pages\/5","targetHints":{"allow":["GET"]}}],"collection":[{"href":"https:\/\/deadoraliveslot.com\/ro\/wp-json\/wp\/v2\/pages"}],"about":[{"href":"https:\/\/deadoraliveslot.com\/ro\/wp-json\/wp\/v2\/types\/page"}],"author":[{"embeddable":true,"href":"https:\/\/deadoraliveslot.com\/ro\/wp-json\/wp\/v2\/users\/1"}],"replies":[{"embeddable":true,"href":"https:\/\/deadoraliveslot.com\/ro\/wp-json\/wp\/v2\/comments?post=5"}],"version-history":[{"count":23,"href":"https:\/\/deadoraliveslot.com\/ro\/wp-json\/wp\/v2\/pages\/5\/revisions"}],"predecessor-version":[{"id":149,"href":"https:\/\/deadoraliveslot.com\/ro\/wp-json\/wp\/v2\/pages\/5\/revisions\/149"}],"wp:attachment":[{"href":"https:\/\/deadoraliveslot.com\/ro\/wp-json\/wp\/v2\/media?parent=5"}],"curies":[{"name":"wp","href":"https:\/\/api.w.org\/{rel}","templated":true}]}}