{"id":25,"date":"2023-10-20T23:22:50","date_gmt":"2023-10-20T23:22:50","guid":{"rendered":"https:\/\/deadoraliveslot.com\/?page_id=25"},"modified":"2024-04-20T21:33:33","modified_gmt":"2024-04-20T21:33:33","slug":"real-reviews-about-dead-or-alive-slot","status":"publish","type":"page","link":"https:\/\/deadoraliveslot.com\/ro\/real-reviews-about-dead-or-alive-slot\/","title":{"rendered":"Recenzii de la juc\u0103tori reali despre slotul Dead or Alive"},"content":{"rendered":"<p>Am adunat 10 recenzii de la juc\u0103tori despre slotul Dead or Alive, \u00een care ace\u0219tia \u00ee\u0219i \u00eemp\u0103rt\u0103\u0219esc experien\u021bele. Aceste recenzii pot fi utile tuturor juc\u0103torilor care se g\u00e2ndesc s\u0103 joace Dead or Alive. Aceste recenzii reflect\u0103 experien\u021bele diverse ale juc\u0103torilor \u0219i demonstreaz\u0103 c\u00e2t de palpitant\u0103 \u0219i profitabil\u0103 poate fi jocul la slotul Dead or Alive.<\/p>\n<p><strong>Tematic\u0103:<\/strong> \u00centoarcere \u00een Vestul S\u0103lbatic cu slotul Dead or Alive<\/p>\n<p>Slotul Dead or Alive m-a f\u0103cut s\u0103 m\u0103 simt cu adev\u0103rat ca un cowboy. Grafica excelent\u0103 \u0219i rotirile gratuite au f\u0103cut jocul meu de neuitat. Am c\u00e2\u0219tigat bani reali.<\/p>\n<p>Max, 30 de ani.<\/p>\n<p><strong>Tematic\u0103:<\/strong> Marele c\u00e2\u0219tig te a\u0219teapt\u0103 \u00een Dead or Alive<\/p>\n<p>Ador acest slot! C\u00e2\u0219tigurile pot fi enorme, \u0219i am demonstrat-o cu c\u00e2\u0219tigurile mele. Acum \u00eel recomand prietenilor care m\u0103 \u00eentreab\u0103, ca persoan\u0103 cu experien\u021b\u0103, ce slot s\u0103 aleag\u0103 pentru a juca.<\/p>\n<p>Anna, 28 de ani.<\/p>\n<p><strong>Tematic\u0103:<\/strong> Atmosfera fascinant\u0103 a Vestului S\u0103lbatic \u00een Dead or Alive<\/p>\n<p>Slotul Dead or Alive creeaz\u0103 o atmosfer\u0103 unic\u0103 a Vestului S\u0103lbatic care te captiveaz\u0103 instant \u0219i \u00ee\u021bi creeaz\u0103 o dispozi\u021bie excelent\u0103. Adev\u0103rat\u0103 pasiune!<\/p>\n<p>Ivan, 35 de ani.<\/p>\n<p><strong>Tematic\u0103:<\/strong> \u0218ansa pentru aventuri \u00een slotul Dead or Alive<\/p>\n<p>Juc\u00e2nd Dead or Alive, m-am sim\u021bit ca \u0219i cum a\u0219 fi plecat \u00eentr-o adev\u0103rat\u0103 aventur\u0103 \u00een Vestul S\u0103lbatic. Nu am mai v\u0103zut nimic similar p\u00e2n\u0103 acum! A juca \u0219i a c\u00e2\u0219tiga la slotul Dead or Alive este cu adev\u0103rat minunat. \u00cemi place foarte mult acest aparat de joc.<\/p>\n<p>Olga, 32 de ani.<\/p>\n<p><strong>Tematic\u0103:<\/strong> Nostalgia pentru filmele clasice \u00een timpul jocului Dead or Alive<\/p>\n<p>Dac\u0103 e\u0219ti fan al filmelor despre Vestul S\u0103lbatic, atunci acest slot este pentru tine. Aduce aminte de momente nostalgice \u0219i \u00eenc\u00e2nt\u0103 cu c\u00e2\u0219tigurile. Slotul Dead or Alive \u00ee\u021bi permite s\u0103 c\u00e2\u0219tigi bani reali.<\/p>\n<p>Pavel, 40 de ani.<\/p>\n<p><strong>Tematic\u0103:<\/strong> Rotirile bonus &#8211; secretul succesului<\/p>\n<p>Am descoperit c\u0103 rotirile bonus \u00een Dead or Alive pot aduce c\u00e2\u0219tiguri mari. Acesta este cel mai interesant aspect al jocului! P\u00e2n\u0103 la urm\u0103, to\u021bi juc\u0103m pentru c\u00e2\u0219tig, iar c\u00e2nd prime\u0219ti bani reali pe cardul t\u0103u bancar, este \u00een\u0103l\u021b\u0103tor. Ekaterina, 29 de ani.<\/p>\n<p><strong>Tematic\u0103:<\/strong> Slotul Dead or Alive pentru cei care \u00ee\u0219i asum\u0103 riscuri.<\/p>\n<p>Slotul Dead or Alive este pentru cei gata s\u0103 \u00ee\u0219i asume riscuri. Sunt mereu uimit de c\u00e2t de palpitant poate fi jocul, chiar dac\u0103 la prima vedere pare un slot obi\u0219nuit.<\/p>\n<p>Dmitry, 27 de ani.<\/p>\n<p><strong>Tematic\u0103:<\/strong> Joac\u0103 pe orice dispozitiv \u00een Dead or Alive<\/p>\n<p>\u00cemi place c\u0103 pot juca Dead or Alive pe smartphone-ul meu. Este o modalitate excelent\u0103 de a-mi petrece timpul \u00een drum spre munc\u0103 \u0219i la birou.<\/p>\n<p>Nadezhda, 31 de ani.<\/p>\n<p><strong>Tematic\u0103:<\/strong> Joc corect \u0219i mari c\u00e2\u0219tiguri \u00een slotul Dead or Alive<\/p>\n<p>Simt c\u0103 Dead or Alive este un joc corect. C\u00e2\u0219tigurile se \u00eent\u00e2mpl\u0103 mai des dec\u00e2t m\u0103 a\u0219teptam, \u0219i este pur \u0219i simplu minunat.<\/p>\n<p>Alexey, 33 de ani.<\/p>\n<p><strong>Tematic\u0103:<\/strong> Distrac\u021bie excelent\u0103 \u00een weekenduri<\/p>\n<p>Jocul online Dead or Alive a devenit modul meu de a m\u0103 relaxa \u0219i distra \u00een zilele de weekend. \u00cemi place atmosfera sa \u0219i \u0219ansele de c\u00e2\u0219tig.<\/p>\n<p>Maria, 26 de ani.<\/p>\n","protected":false},"excerpt":{"rendered":"<p>Am adunat 10 recenzii de la juc\u0103tori despre slotul Dead or Alive, \u00een care ace\u0219tia \u00ee\u0219i \u00eemp\u0103rt\u0103\u0219esc experien\u021bele. Aceste recenzii pot fi utile tuturor juc\u0103torilor care se g\u00e2ndesc s\u0103 joace Dead or Alive. Aceste recenzii reflect\u0103 experien\u021bele diverse ale juc\u0103torilor \u0219i demonstreaz\u0103 c\u00e2t de palpitant\u0103 \u0219i profitabil\u0103 poate fi jocul la slotul Dead or Alive&#8230;.<\/p>\n","protected":false},"author":1,"featured_media":0,"parent":0,"menu_order":0,"comment_status":"closed","ping_status":"closed","template":"","meta":{"footnotes":""},"class_list":["post-25","page","type-page","status-publish","hentry"],"yoast_head":"<!-- This site is optimized with the Yoast SEO plugin v27.2 - https:\/\/yoast.com\/product\/yoast-seo-wordpress\/ -->\n<title>Rese\u00f1as de jugadores reales sobre la tragamonedas Dead or Alive<\/title>\n<meta name=\"description\" content=\"Cite\u0219te opinii, recenzii \u0219i feedback de la juc\u0103tori reali despre slotul Dead or Alive. Afl\u0103 ce cred al\u021bi juc\u0103tori \u0219i \u00eencepe s\u0103 joci acum.\" \/>\n<meta name=\"robots\" content=\"index, follow, max-snippet:-1, max-image-preview:large, max-video-preview:-1\" \/>\n<link rel=\"canonical\" href=\"https:\/\/deadoraliveslot.com\/ro\/real-reviews-about-dead-or-alive-slot\/\" \/>\n<meta property=\"og:locale\" content=\"ro_RO\" \/>\n<meta property=\"og:locale:alternate\" content=\"ru_RU\" \/>\n<meta property=\"og:locale:alternate\" content=\"en_US\" \/>\n<meta property=\"og:locale:alternate\" content=\"pt_PT\" \/>\n<meta property=\"og:locale:alternate\" content=\"es_ES\" \/>\n<meta property=\"og:locale:alternate\" content=\"it_IT\" \/>\n<meta property=\"og:locale:alternate\" content=\"fr_FR\" \/>\n<meta property=\"og:locale:alternate\" content=\"de_DE\" \/>\n<meta property=\"og:locale:alternate\" content=\"sr_RS\" \/>\n<meta property=\"og:locale:alternate\" content=\"bg_BG\" \/>\n<meta property=\"og:locale:alternate\" content=\"pl_PL\" \/>\n<meta property=\"og:type\" content=\"article\" \/>\n<meta property=\"og:title\" content=\"Rese\u00f1as de jugadores reales sobre la tragamonedas Dead or Alive\" \/>\n<meta property=\"og:description\" content=\"Lee opiniones, an\u00e1lisis y comentarios de jugadores reales sobre la tragamonedas Dead or Alive. Descubre lo que piensan otros jugadores y comienza a jugar ahora.\" \/>\n<meta property=\"og:url\" content=\"https:\/\/deadoraliveslot.com\/ro\/real-reviews-about-dead-or-alive-slot\/\" \/>\n<meta property=\"og:site_name\" content=\"Dead or Alive Slot\" \/>\n<meta property=\"article:modified_time\" content=\"2024-04-20T21:33:33+00:00\" \/>\n<meta name=\"twitter:card\" content=\"summary_large_image\" \/>\n<meta name=\"twitter:label1\" content=\"Timp estimat pentru citire\" \/>\n\t<meta name=\"twitter:data1\" content=\"21 de minute\" \/>\n<script type=\"application\/ld+json\" class=\"yoast-schema-graph\">{\"@context\":\"https:\/\/schema.org\",\"@graph\":[{\"@type\":\"WebPage\",\"@id\":\"https:\/\/deadoraliveslot.com\/es\/real-reviews-about-dead-or-alive-slot\/\",\"url\":\"https:\/\/deadoraliveslot.com\/es\/real-reviews-about-dead-or-alive-slot\/\",\"name\":\"Rese\u00f1as de jugadores reales sobre la tragamonedas Dead or Alive\",\"isPartOf\":{\"@id\":\"https:\/\/deadoraliveslot.com\/#website\"},\"datePublished\":\"2023-10-20T23:22:50+00:00\",\"dateModified\":\"2024-04-20T21:33:33+00:00\",\"description\":\"Lee opiniones, an\u00e1lisis y comentarios de jugadores reales sobre la tragamonedas Dead or Alive. Descubre lo que piensan otros jugadores y comienza a jugar ahora.\",\"breadcrumb\":{\"@id\":\"https:\/\/deadoraliveslot.com\/es\/real-reviews-about-dead-or-alive-slot\/#breadcrumb\"},\"inLanguage\":\"ro-RO\",\"potentialAction\":[{\"@type\":\"ReadAction\",\"target\":[\"https:\/\/deadoraliveslot.com\/es\/real-reviews-about-dead-or-alive-slot\/\"]}]},{\"@type\":\"BreadcrumbList\",\"@id\":\"https:\/\/deadoraliveslot.com\/es\/real-reviews-about-dead-or-alive-slot\/#breadcrumb\",\"itemListElement\":[{\"@type\":\"ListItem\",\"position\":1,\"name\":\"Home\",\"item\":\"https:\/\/deadoraliveslot.com\/\"},{\"@type\":\"ListItem\",\"position\":2,\"name\":\"Opiniones de jugadores reales sobre el slot Dead or Alive\"}]},{\"@type\":\"WebSite\",\"@id\":\"https:\/\/deadoraliveslot.com\/#website\",\"url\":\"https:\/\/deadoraliveslot.com\/\",\"name\":\"Dead or Alive Slot\",\"description\":\"\",\"publisher\":{\"@id\":\"https:\/\/deadoraliveslot.com\/#organization\"},\"potentialAction\":[{\"@type\":\"SearchAction\",\"target\":{\"@type\":\"EntryPoint\",\"urlTemplate\":\"https:\/\/deadoraliveslot.com\/?s={search_term_string}\"},\"query-input\":{\"@type\":\"PropertyValueSpecification\",\"valueRequired\":true,\"valueName\":\"search_term_string\"}}],\"inLanguage\":\"ro-RO\"},{\"@type\":\"Organization\",\"@id\":\"https:\/\/deadoraliveslot.com\/#organization\",\"name\":\"Dead or Alive Slot\",\"url\":\"https:\/\/deadoraliveslot.com\/\",\"logo\":{\"@type\":\"ImageObject\",\"inLanguage\":\"ro-RO\",\"@id\":\"https:\/\/deadoraliveslot.com\/#\/schema\/logo\/image\/\",\"url\":\"https:\/\/deadoraliveslot.com\/wp-content\/uploads\/logo-doa.png\",\"contentUrl\":\"https:\/\/deadoraliveslot.com\/wp-content\/uploads\/logo-doa.png\",\"width\":485,\"height\":255,\"caption\":\"Dead or Alive Slot\"},\"image\":{\"@id\":\"https:\/\/deadoraliveslot.com\/#\/schema\/logo\/image\/\"}}]}<\/script>\n<!-- \/ Yoast SEO plugin. -->","yoast_head_json":{"title":"Rese\u00f1as de jugadores reales sobre la tragamonedas Dead or Alive","description":"Cite\u0219te opinii, recenzii \u0219i feedback de la juc\u0103tori reali despre slotul Dead or Alive. Afl\u0103 ce cred al\u021bi juc\u0103tori \u0219i \u00eencepe s\u0103 joci acum.","robots":{"index":"index","follow":"follow","max-snippet":"max-snippet:-1","max-image-preview":"max-image-preview:large","max-video-preview":"max-video-preview:-1"},"canonical":"https:\/\/deadoraliveslot.com\/ro\/real-reviews-about-dead-or-alive-slot\/","og_locale":"ro_RO","og_type":"article","og_title":"Rese\u00f1as de jugadores reales sobre la tragamonedas Dead or Alive","og_description":"Lee opiniones, an\u00e1lisis y comentarios de jugadores reales sobre la tragamonedas Dead or Alive. Descubre lo que piensan otros jugadores y comienza a jugar ahora.","og_url":"https:\/\/deadoraliveslot.com\/ro\/real-reviews-about-dead-or-alive-slot\/","og_site_name":"Dead or Alive Slot","article_modified_time":"2024-04-20T21:33:33+00:00","twitter_card":"summary_large_image","twitter_misc":{"Timp estimat pentru citire":"21 de minute"},"schema":{"@context":"https:\/\/schema.org","@graph":[{"@type":"WebPage","@id":"https:\/\/deadoraliveslot.com\/es\/real-reviews-about-dead-or-alive-slot\/","url":"https:\/\/deadoraliveslot.com\/es\/real-reviews-about-dead-or-alive-slot\/","name":"Rese\u00f1as de jugadores reales sobre la tragamonedas Dead or Alive","isPartOf":{"@id":"https:\/\/deadoraliveslot.com\/#website"},"datePublished":"2023-10-20T23:22:50+00:00","dateModified":"2024-04-20T21:33:33+00:00","description":"Lee opiniones, an\u00e1lisis y comentarios de jugadores reales sobre la tragamonedas Dead or Alive. Descubre lo que piensan otros jugadores y comienza a jugar ahora.","breadcrumb":{"@id":"https:\/\/deadoraliveslot.com\/es\/real-reviews-about-dead-or-alive-slot\/#breadcrumb"},"inLanguage":"ro-RO","potentialAction":[{"@type":"ReadAction","target":["https:\/\/deadoraliveslot.com\/es\/real-reviews-about-dead-or-alive-slot\/"]}]},{"@type":"BreadcrumbList","@id":"https:\/\/deadoraliveslot.com\/es\/real-reviews-about-dead-or-alive-slot\/#breadcrumb","itemListElement":[{"@type":"ListItem","position":1,"name":"Home","item":"https:\/\/deadoraliveslot.com\/"},{"@type":"ListItem","position":2,"name":"Opiniones de jugadores reales sobre el slot Dead or Alive"}]},{"@type":"WebSite","@id":"https:\/\/deadoraliveslot.com\/#website","url":"https:\/\/deadoraliveslot.com\/","name":"Dead or Alive Slot","description":"","publisher":{"@id":"https:\/\/deadoraliveslot.com\/#organization"},"potentialAction":[{"@type":"SearchAction","target":{"@type":"EntryPoint","urlTemplate":"https:\/\/deadoraliveslot.com\/?s={search_term_string}"},"query-input":{"@type":"PropertyValueSpecification","valueRequired":true,"valueName":"search_term_string"}}],"inLanguage":"ro-RO"},{"@type":"Organization","@id":"https:\/\/deadoraliveslot.com\/#organization","name":"Dead or Alive Slot","url":"https:\/\/deadoraliveslot.com\/","logo":{"@type":"ImageObject","inLanguage":"ro-RO","@id":"https:\/\/deadoraliveslot.com\/#\/schema\/logo\/image\/","url":"https:\/\/deadoraliveslot.com\/wp-content\/uploads\/logo-doa.png","contentUrl":"https:\/\/deadoraliveslot.com\/wp-content\/uploads\/logo-doa.png","width":485,"height":255,"caption":"Dead or Alive Slot"},"image":{"@id":"https:\/\/deadoraliveslot.com\/#\/schema\/logo\/image\/"}}]}},"_links":{"self":[{"href":"https:\/\/deadoraliveslot.com\/ro\/wp-json\/wp\/v2\/pages\/25","targetHints":{"allow":["GET"]}}],"collection":[{"href":"https:\/\/deadoraliveslot.com\/ro\/wp-json\/wp\/v2\/pages"}],"about":[{"href":"https:\/\/deadoraliveslot.com\/ro\/wp-json\/wp\/v2\/types\/page"}],"author":[{"embeddable":true,"href":"https:\/\/deadoraliveslot.com\/ro\/wp-json\/wp\/v2\/users\/1"}],"replies":[{"embeddable":true,"href":"https:\/\/deadoraliveslot.com\/ro\/wp-json\/wp\/v2\/comments?post=25"}],"version-history":[{"count":22,"href":"https:\/\/deadoraliveslot.com\/ro\/wp-json\/wp\/v2\/pages\/25\/revisions"}],"predecessor-version":[{"id":150,"href":"https:\/\/deadoraliveslot.com\/ro\/wp-json\/wp\/v2\/pages\/25\/revisions\/150"}],"wp:attachment":[{"href":"https:\/\/deadoraliveslot.com\/ro\/wp-json\/wp\/v2\/media?parent=25"}],"curies":[{"name":"wp","href":"https:\/\/api.w.org\/{rel}","templated":true}]}}