{"id":9,"date":"2023-10-20T21:33:26","date_gmt":"2023-10-20T21:33:26","guid":{"rendered":"https:\/\/deadoraliveslot.com\/?page_id=9"},"modified":"2024-04-20T21:37:49","modified_gmt":"2024-04-20T21:37:49","slug":"download-dead-or-alive-slot","status":"publish","type":"page","link":"https:\/\/deadoraliveslot.com\/pt\/download-dead-or-alive-slot\/","title":{"rendered":"Baixar o slot Dead or Alive"},"content":{"rendered":"<p>O slot Dead or Alive da NetEnt \u00e9 um jogo emocionante de um dos principais desenvolvedores que o mergulha na atmosfera do Velho Oeste. Voc\u00ea se tornar\u00e1 um cowboy, ca\u00e7ando constantemente ouro e aventuras, tudo isso diretamente no seu computador ou dispositivo m\u00f3vel! Pronto para come\u00e7ar? Descubra como baixar este fant\u00e1stico slot Dead or Alive.<\/p>\n<p>Vamos falar sobre por que voc\u00ea deve baixar o slot Dead or Alive.<\/p>\n<h2><strong>Por que voc\u00ea deve baixar o slot Dead or Alive?<\/strong><\/h2>\n<ul>\n<li><strong>Atmosfera do Velho Oeste:<\/strong> S\u00edmbolos envolventes, gr\u00e1ficos din\u00e2micos e efeitos sonoros o transportar\u00e3o para os tempos dos cowboys e do Velho Oeste.<\/li>\n<li><strong>Grandes Vit\u00f3rias:<\/strong> A chance de ganhar pr\u00eamios fant\u00e1sticos e jackpots.<\/li>\n<li><strong>Conveni\u00eancia:<\/strong> Jogue a qualquer hora, em qualquer lugar, mesmo sem acesso \u00e0 internet.<\/li>\n<\/ul>\n<h2><strong>Como baixar o slot Dead or Alive no seu computador?<\/strong><\/h2>\n<ul>\n<li><strong>Passo 1:<\/strong> Acesse o site oficial do cassino que oferece o slot Dead or Alive.<\/li>\n<li><strong>Passo 2:<\/strong> Encontre o bot\u00e3o Download ou Baixar.<\/li>\n<li><strong>Passo 3:<\/strong> Siga as instru\u00e7\u00f5es de instala\u00e7\u00e3o e, em poucos minutos, o slot Dead or Alive ser\u00e1 baixado no seu computador.<\/li>\n<\/ul>\n<h2><strong>Como baixar o slot Dead or Alive em um dispositivo m\u00f3vel?<\/strong><\/h2>\n<ul>\n<li><strong>Passo 1:<\/strong> Abra a loja de aplicativos do seu dispositivo (por exemplo, Google Play ou App Store) dependendo do seu smartphone \u2013 Android ou iPhone.<\/li>\n<li><strong>Passo 2:<\/strong> Digite &#8220;Dead or Alive slot&#8221; na pesquisa e selecione o aplicativo apropriado.<\/li>\n<li><strong>Passo 3:<\/strong> Clique em Instalar e aguarde o t\u00e9rmino do download e da instala\u00e7\u00e3o.<\/li>\n<\/ul>\n<h2><strong>Seguran\u00e7a ao baixar o slot Dead or Alive<\/strong><\/h2>\n<p>Certifique-se de baixar o jogo de fontes oficiais ou plataformas confi\u00e1veis. Isso garante sua seguran\u00e7a e elimina o risco de baixar software malicioso.<\/p>\n<p>O slot Dead or Alive est\u00e1 te esperando! Mergulhe no emocionante mundo do Velho Oeste, teste sua sorte e tenha a chance de ganhar grandes pr\u00eamios. Siga nossas instru\u00e7\u00f5es e o jogo estar\u00e1 dispon\u00edvel para voc\u00ea em apenas alguns minutos. Boa sorte no jogo!<\/p>\n","protected":false},"excerpt":{"rendered":"<p>O slot Dead or Alive da NetEnt \u00e9 um jogo emocionante de um dos principais desenvolvedores que o mergulha na atmosfera do Velho Oeste. Voc\u00ea se tornar\u00e1 um cowboy, ca\u00e7ando constantemente ouro e aventuras, tudo isso diretamente no seu computador ou dispositivo m\u00f3vel! Pronto para come\u00e7ar? Descubra como baixar este fant\u00e1stico slot Dead or Alive&#8230;.<\/p>\n","protected":false},"author":1,"featured_media":0,"parent":0,"menu_order":0,"comment_status":"closed","ping_status":"closed","template":"","meta":{"footnotes":""},"class_list":["post-9","page","type-page","status-publish","hentry"],"yoast_head":"<!-- This site is optimized with the Yoast SEO plugin v27.2 - https:\/\/yoast.com\/product\/yoast-seo-wordpress\/ -->\n<title>Baixar o slot Dead or Alive<\/title>\n<meta name=\"description\" content=\"Como baixar a m\u00e1quina ca\u00e7a-n\u00edqueis Dead or Alive no computador, Android, iPhone, tablet. Baixe e jogue agora.\" \/>\n<meta name=\"robots\" content=\"index, follow, max-snippet:-1, max-image-preview:large, max-video-preview:-1\" \/>\n<link rel=\"canonical\" href=\"https:\/\/deadoraliveslot.com\/pt\/download-dead-or-alive-slot\/\" \/>\n<meta property=\"og:locale\" content=\"pt_PT\" \/>\n<meta property=\"og:locale:alternate\" content=\"ru_RU\" \/>\n<meta property=\"og:locale:alternate\" content=\"en_US\" \/>\n<meta property=\"og:locale:alternate\" content=\"es_ES\" \/>\n<meta property=\"og:locale:alternate\" content=\"it_IT\" \/>\n<meta property=\"og:locale:alternate\" content=\"fr_FR\" \/>\n<meta property=\"og:locale:alternate\" content=\"de_DE\" \/>\n<meta property=\"og:locale:alternate\" content=\"ro_RO\" \/>\n<meta property=\"og:locale:alternate\" content=\"sr_RS\" \/>\n<meta property=\"og:locale:alternate\" content=\"bg_BG\" \/>\n<meta property=\"og:locale:alternate\" content=\"pl_PL\" \/>\n<meta property=\"og:type\" content=\"article\" \/>\n<meta property=\"og:title\" content=\"Baixar o slot Dead or Alive\" \/>\n<meta property=\"og:description\" content=\"O slot Dead or Alive da NetEnt \u00e9 um jogo emocionante de um dos principais desenvolvedores que o mergulha na atmosfera do Velho Oeste. Voc\u00ea se tornar\u00e1 um cowboy, ca\u00e7ando constantemente ouro e aventuras, tudo isso diretamente no seu computador ou dispositivo m\u00f3vel! Pronto para come\u00e7ar? Descubra como baixar este fant\u00e1stico slot Dead or Alive....\" \/>\n<meta property=\"og:url\" content=\"https:\/\/deadoraliveslot.com\/pt\/download-dead-or-alive-slot\/\" \/>\n<meta property=\"og:site_name\" content=\"Dead or Alive Slot\" \/>\n<meta property=\"article:modified_time\" content=\"2024-04-20T21:37:49+00:00\" \/>\n<meta name=\"twitter:card\" content=\"summary_large_image\" \/>\n<meta name=\"twitter:label1\" content=\"Tempo estimado de leitura\" \/>\n\t<meta name=\"twitter:data1\" content=\"14 minutos\" \/>\n<script type=\"application\/ld+json\" class=\"yoast-schema-graph\">{\"@context\":\"https:\/\/schema.org\",\"@graph\":[{\"@type\":\"WebPage\",\"@id\":\"https:\/\/deadoraliveslot.com\/download-dead-or-alive-slot\/\",\"url\":\"https:\/\/deadoraliveslot.com\/download-dead-or-alive-slot\/\",\"name\":\"Baixar o slot Dead or Alive\",\"isPartOf\":{\"@id\":\"https:\/\/deadoraliveslot.com\/#website\"},\"datePublished\":\"2023-10-20T21:33:26+00:00\",\"dateModified\":\"2024-04-20T21:37:49+00:00\",\"breadcrumb\":{\"@id\":\"https:\/\/deadoraliveslot.com\/download-dead-or-alive-slot\/#breadcrumb\"},\"inLanguage\":\"pt-PT\",\"potentialAction\":[{\"@type\":\"ReadAction\",\"target\":[\"https:\/\/deadoraliveslot.com\/download-dead-or-alive-slot\/\"]}]},{\"@type\":\"BreadcrumbList\",\"@id\":\"https:\/\/deadoraliveslot.com\/download-dead-or-alive-slot\/#breadcrumb\",\"itemListElement\":[{\"@type\":\"ListItem\",\"position\":1,\"name\":\"Home\",\"item\":\"https:\/\/deadoraliveslot.com\/\"},{\"@type\":\"ListItem\",\"position\":2,\"name\":\"\u0421\u043a\u0430\u0447\u0430\u0442\u044c \u0441\u043b\u043e\u0442 Dead or Alive\u00a0\"}]},{\"@type\":\"WebSite\",\"@id\":\"https:\/\/deadoraliveslot.com\/#website\",\"url\":\"https:\/\/deadoraliveslot.com\/\",\"name\":\"Dead or Alive Slot\",\"description\":\"\",\"publisher\":{\"@id\":\"https:\/\/deadoraliveslot.com\/#organization\"},\"potentialAction\":[{\"@type\":\"SearchAction\",\"target\":{\"@type\":\"EntryPoint\",\"urlTemplate\":\"https:\/\/deadoraliveslot.com\/?s={search_term_string}\"},\"query-input\":{\"@type\":\"PropertyValueSpecification\",\"valueRequired\":true,\"valueName\":\"search_term_string\"}}],\"inLanguage\":\"pt-PT\"},{\"@type\":\"Organization\",\"@id\":\"https:\/\/deadoraliveslot.com\/#organization\",\"name\":\"Dead or Alive Slot\",\"url\":\"https:\/\/deadoraliveslot.com\/\",\"logo\":{\"@type\":\"ImageObject\",\"inLanguage\":\"pt-PT\",\"@id\":\"https:\/\/deadoraliveslot.com\/#\/schema\/logo\/image\/\",\"url\":\"https:\/\/deadoraliveslot.com\/wp-content\/uploads\/logo-doa.png\",\"contentUrl\":\"https:\/\/deadoraliveslot.com\/wp-content\/uploads\/logo-doa.png\",\"width\":485,\"height\":255,\"caption\":\"Dead or Alive Slot\"},\"image\":{\"@id\":\"https:\/\/deadoraliveslot.com\/#\/schema\/logo\/image\/\"}}]}<\/script>\n<!-- \/ Yoast SEO plugin. -->","yoast_head_json":{"title":"Baixar o slot Dead or Alive","description":"Como baixar a m\u00e1quina ca\u00e7a-n\u00edqueis Dead or Alive no computador, Android, iPhone, tablet. Baixe e jogue agora.","robots":{"index":"index","follow":"follow","max-snippet":"max-snippet:-1","max-image-preview":"max-image-preview:large","max-video-preview":"max-video-preview:-1"},"canonical":"https:\/\/deadoraliveslot.com\/pt\/download-dead-or-alive-slot\/","og_locale":"pt_PT","og_type":"article","og_title":"[:ru]\u0421\u043a\u0430\u0447\u0430\u0442\u044c \u0441\u043b\u043e\u0442 Dead or Alive\u00a0[:en]Download Dead or Alive slot[:pt]Baixar o slot Dead or Alive[:es]Descargar el slot Dead or Alive[:it]Scaricare il slot Dead or Alive[:fr]T\u00e9l\u00e9charger le slot Dead or Alive[:de]Dead or Alive Slot herunterladen[:ro]Desc\u0103rca\u021bi slotul Dead or Alive[:sr]\u041f\u0440\u0435\u0443\u0437\u043c\u0438\u0442\u0435 \u0441\u043b\u043e\u0442 Dead or Alive[:bg]\u0418\u0437\u0442\u0435\u0433\u043b\u044f\u043d\u0435 \u043d\u0430 \u0441\u043b\u043e\u0442\u0430 Dead or Alive[:pl]Pobierz slot Dead or Alive[:] - Dead or Alive Slot","og_description":"O slot Dead or Alive da NetEnt \u00e9 um jogo emocionante de um dos principais desenvolvedores que o mergulha na atmosfera do Velho Oeste. Voc\u00ea se tornar\u00e1 um cowboy, ca\u00e7ando constantemente ouro e aventuras, tudo isso diretamente no seu computador ou dispositivo m\u00f3vel! Pronto para come\u00e7ar? Descubra como baixar este fant\u00e1stico slot Dead or Alive....","og_url":"https:\/\/deadoraliveslot.com\/pt\/download-dead-or-alive-slot\/","og_site_name":"Dead or Alive Slot","article_modified_time":"2024-04-20T21:37:49+00:00","twitter_card":"summary_large_image","twitter_misc":{"Tempo estimado de leitura":"14 minutos"},"schema":{"@context":"https:\/\/schema.org","@graph":[{"@type":"WebPage","@id":"https:\/\/deadoraliveslot.com\/download-dead-or-alive-slot\/","url":"https:\/\/deadoraliveslot.com\/download-dead-or-alive-slot\/","name":"Baixar o slot Dead or Alive","isPartOf":{"@id":"https:\/\/deadoraliveslot.com\/#website"},"datePublished":"2023-10-20T21:33:26+00:00","dateModified":"2024-04-20T21:37:49+00:00","breadcrumb":{"@id":"https:\/\/deadoraliveslot.com\/download-dead-or-alive-slot\/#breadcrumb"},"inLanguage":"pt-PT","potentialAction":[{"@type":"ReadAction","target":["https:\/\/deadoraliveslot.com\/download-dead-or-alive-slot\/"]}]},{"@type":"BreadcrumbList","@id":"https:\/\/deadoraliveslot.com\/download-dead-or-alive-slot\/#breadcrumb","itemListElement":[{"@type":"ListItem","position":1,"name":"Home","item":"https:\/\/deadoraliveslot.com\/"},{"@type":"ListItem","position":2,"name":"\u0421\u043a\u0430\u0447\u0430\u0442\u044c \u0441\u043b\u043e\u0442 Dead or Alive\u00a0"}]},{"@type":"WebSite","@id":"https:\/\/deadoraliveslot.com\/#website","url":"https:\/\/deadoraliveslot.com\/","name":"Dead or Alive Slot","description":"","publisher":{"@id":"https:\/\/deadoraliveslot.com\/#organization"},"potentialAction":[{"@type":"SearchAction","target":{"@type":"EntryPoint","urlTemplate":"https:\/\/deadoraliveslot.com\/?s={search_term_string}"},"query-input":{"@type":"PropertyValueSpecification","valueRequired":true,"valueName":"search_term_string"}}],"inLanguage":"pt-PT"},{"@type":"Organization","@id":"https:\/\/deadoraliveslot.com\/#organization","name":"Dead or Alive Slot","url":"https:\/\/deadoraliveslot.com\/","logo":{"@type":"ImageObject","inLanguage":"pt-PT","@id":"https:\/\/deadoraliveslot.com\/#\/schema\/logo\/image\/","url":"https:\/\/deadoraliveslot.com\/wp-content\/uploads\/logo-doa.png","contentUrl":"https:\/\/deadoraliveslot.com\/wp-content\/uploads\/logo-doa.png","width":485,"height":255,"caption":"Dead or Alive Slot"},"image":{"@id":"https:\/\/deadoraliveslot.com\/#\/schema\/logo\/image\/"}}]}},"_links":{"self":[{"href":"https:\/\/deadoraliveslot.com\/pt\/wp-json\/wp\/v2\/pages\/9","targetHints":{"allow":["GET"]}}],"collection":[{"href":"https:\/\/deadoraliveslot.com\/pt\/wp-json\/wp\/v2\/pages"}],"about":[{"href":"https:\/\/deadoraliveslot.com\/pt\/wp-json\/wp\/v2\/types\/page"}],"author":[{"embeddable":true,"href":"https:\/\/deadoraliveslot.com\/pt\/wp-json\/wp\/v2\/users\/1"}],"replies":[{"embeddable":true,"href":"https:\/\/deadoraliveslot.com\/pt\/wp-json\/wp\/v2\/comments?post=9"}],"version-history":[{"count":23,"href":"https:\/\/deadoraliveslot.com\/pt\/wp-json\/wp\/v2\/pages\/9\/revisions"}],"predecessor-version":[{"id":151,"href":"https:\/\/deadoraliveslot.com\/pt\/wp-json\/wp\/v2\/pages\/9\/revisions\/151"}],"wp:attachment":[{"href":"https:\/\/deadoraliveslot.com\/pt\/wp-json\/wp\/v2\/media?parent=9"}],"curies":[{"name":"wp","href":"https:\/\/api.w.org\/{rel}","templated":true}]}}