{"id":7,"date":"2023-10-20T21:31:57","date_gmt":"2023-10-20T21:31:57","guid":{"rendered":"https:\/\/deadoraliveslot.com\/?page_id=7"},"modified":"2024-04-20T21:42:36","modified_gmt":"2024-04-20T21:42:36","slug":"dead-or-alive-slot-strategy","status":"publish","type":"page","link":"https:\/\/deadoraliveslot.com\/pt\/dead-or-alive-slot-strategy\/","title":{"rendered":"Estrat\u00e9gia de jogo no slot Dead or Alive"},"content":{"rendered":"<p>A m\u00e1quina ca\u00e7a-n\u00edqueis Dead or Alive n\u00e3o \u00e9 apenas uma ca\u00e7a-n\u00edqueis emocionante, mas tamb\u00e9m um jogo onde aplicar a estrat\u00e9gia certa pode aumentar significativamente suas chances de sucesso. Claro, ningu\u00e9m garante uma vit\u00f3ria, mas pelo menos voc\u00ea aumenta suas chances de ganhar. Afinal, simplesmente apertar bot\u00f5es n\u00e3o levar\u00e1 \u00e0 vit\u00f3ria. Vamos descobrir como jogar esta ca\u00e7a-n\u00edqueis popular de forma mais eficaz.<\/p>\n<h2><strong>Aprenda os fundamentos da ca\u00e7a-n\u00edqueis Dead or Alive<\/strong><\/h2>\n<p>Antes de desenvolver uma estrat\u00e9gia, \u00e9 importante entender a mec\u00e2nica do jogo. Dead or Alive \u00e9 uma ca\u00e7a-n\u00edqueis com 5 cilindros e 9 linhas de pagamento. Os s\u00edmbolos incluem distintivos de xerife, armas e botas de cowboy. Saber e entender isso \u00e9 crucial.<\/p>\n<h2><strong>Escolha das apostas<\/strong><\/h2>\n<p>Escolher a aposta certa \u00e9 uma parte chave da estrat\u00e9gia do jogo. Comece com apostas pequenas para sentir o jogo. \u00c0 medida que ganha confian\u00e7a em suas a\u00e7\u00f5es e entende a ca\u00e7a-n\u00edqueis, aumente sua aposta. Mas lembre-se do gerenciamento de bankroll: nunca aposte mais do que est\u00e1 disposto a perder. Em outras palavras, escolha um n\u00edvel de aposta confort\u00e1vel. Lembre-se de que voc\u00ea deve ter dinheiro suficiente em sua conta de jogo para pelo menos 200 rodadas. Se fizer menos rodadas, h\u00e1 uma grande chance de perder tudo.<\/p>\n<h2><strong>Use os rounds de b\u00f4nus<\/strong><\/h2>\n<p>Uma das caracter\u00edsticas da ca\u00e7a-n\u00edqueis Dead or Alive s\u00e3o os rounds de b\u00f4nus. Eles s\u00e3o ativados quando tr\u00eas ou mais s\u00edmbolos scatter aparecem. Nestes rounds, voc\u00ea pode obter giros gr\u00e1tis, aumentando suas chances de ganhar sem apostas adicionais. No geral, usar os b\u00f4nus fornecidos pelos cassinos online \u00e9 uma estrat\u00e9gia muito \u00fatil e correta.<\/p>\n<h2><strong>Calcule o risco<\/strong><\/h2>\n<p>Ca\u00e7a-n\u00edqueis s\u00e3o jogos de azar e, apesar de todas as estrat\u00e9gias, o resultado depende em grande parte da sorte. No entanto, gerenciando suas apostas, entendendo as caracter\u00edsticas da ca\u00e7a-n\u00edqueis e usando b\u00f4nus, voc\u00ea pode maximizar suas chances de ganhar. Em qualquer caso, se voc\u00ea estiver jogando por dinheiro, entenda que ca\u00e7a-n\u00edqueis s\u00e3o de alto risco.<\/p>\n<h2><strong>Pr\u00e1tica e experi\u00eancia:<\/strong><\/h2>\n<p>Assim como em qualquer outro jogo, a experi\u00eancia em jogar Dead or Alive \u00e9 crucial. Quanto mais voc\u00ea joga, melhor entende a din\u00e2mica e nuances da ca\u00e7a-n\u00edqueis. A maioria dos cassinos online oferece vers\u00f5es de demonstra\u00e7\u00e3o de jogos onde voc\u00ea pode jogar com dinheiro virtual, ou seja, pode jogar de gra\u00e7a. Esta \u00e9 uma excelente maneira de experimentar diferentes estrat\u00e9gias sem arriscar sua carteira.<\/p>\n<h2><strong>A regra principal \u2013 divirta-se<\/strong><\/h2>\n<p>Lembre-se de que o principal objetivo de jogar ca\u00e7a-n\u00edqueis \u00e9 a divers\u00e3o. Nunca jogue sob press\u00e3o ou em estado de estresse. Estabele\u00e7a limites, monitore suas finan\u00e7as e aproveite o processo. O mais importante \u00e9 se divertir. E se voc\u00ea est\u00e1 se divertindo, a vit\u00f3ria vir\u00e1 mais cedo ou mais tarde.<\/p>\n<p>Jogar a ca\u00e7a-n\u00edqueis Dead or Alive \u00e9 uma aventura emocionante no Velho Oeste. Seguindo estas dicas estrat\u00e9gicas, voc\u00ea n\u00e3o apenas aumentar\u00e1 suas chances de sucesso, mas tamb\u00e9m aproveitar\u00e1 ao m\u00e1ximo o jogo. Avante para as vit\u00f3rias e aventuras de cowboy!<\/p>\n","protected":false},"excerpt":{"rendered":"<p>A m\u00e1quina ca\u00e7a-n\u00edqueis Dead or Alive n\u00e3o \u00e9 apenas uma ca\u00e7a-n\u00edqueis emocionante, mas tamb\u00e9m um jogo onde aplicar a estrat\u00e9gia certa pode aumentar significativamente suas chances de sucesso. Claro, ningu\u00e9m garante uma vit\u00f3ria, mas pelo menos voc\u00ea aumenta suas chances de ganhar. Afinal, simplesmente apertar bot\u00f5es n\u00e3o levar\u00e1 \u00e0 vit\u00f3ria. Vamos descobrir como jogar esta&#8230;<\/p>\n","protected":false},"author":1,"featured_media":0,"parent":0,"menu_order":0,"comment_status":"closed","ping_status":"closed","template":"","meta":{"footnotes":""},"class_list":["post-7","page","type-page","status-publish","hentry"],"yoast_head":"<!-- This site is optimized with the Yoast SEO plugin v27.2 - https:\/\/yoast.com\/product\/yoast-seo-wordpress\/ -->\n<title>Strategie i taktyki gry na automacie Dead or Alive<\/title>\n<meta name=\"description\" content=\"Como jogar e ganhar na m\u00e1quina de slot Dead or Alive. Melhores estrat\u00e9gias vencedoras no slot para jogadores novos e experientes.\" \/>\n<meta name=\"robots\" content=\"index, follow, max-snippet:-1, max-image-preview:large, max-video-preview:-1\" \/>\n<link rel=\"canonical\" href=\"https:\/\/deadoraliveslot.com\/pt\/dead-or-alive-slot-strategy\/\" \/>\n<meta property=\"og:locale\" content=\"pt_PT\" \/>\n<meta property=\"og:locale:alternate\" content=\"ru_RU\" \/>\n<meta property=\"og:locale:alternate\" content=\"en_US\" \/>\n<meta property=\"og:locale:alternate\" content=\"es_ES\" \/>\n<meta property=\"og:locale:alternate\" content=\"it_IT\" \/>\n<meta property=\"og:locale:alternate\" content=\"fr_FR\" \/>\n<meta property=\"og:locale:alternate\" content=\"de_DE\" \/>\n<meta property=\"og:locale:alternate\" content=\"ro_RO\" \/>\n<meta property=\"og:locale:alternate\" content=\"sr_RS\" \/>\n<meta property=\"og:locale:alternate\" content=\"bg_BG\" \/>\n<meta property=\"og:locale:alternate\" content=\"pl_PL\" \/>\n<meta property=\"og:type\" content=\"article\" \/>\n<meta property=\"og:title\" content=\"Strategie i taktyki gry na automacie Dead or Alive\" \/>\n<meta property=\"og:description\" content=\"Jak gra\u0107 i wygrywa\u0107 na automacie Dead or Alive. Najlepsze strategie wygrywaj\u0105ce na automacie dla nowych i do\u015bwiadczonych graczy.\" \/>\n<meta property=\"og:url\" content=\"https:\/\/deadoraliveslot.com\/pt\/dead-or-alive-slot-strategy\/\" \/>\n<meta property=\"og:site_name\" content=\"Dead or Alive Slot\" \/>\n<meta property=\"article:modified_time\" content=\"2024-04-20T21:42:36+00:00\" \/>\n<meta name=\"twitter:card\" content=\"summary_large_image\" \/>\n<meta name=\"twitter:label1\" content=\"Tempo estimado de leitura\" \/>\n\t<meta name=\"twitter:data1\" content=\"21 minutos\" \/>\n<script type=\"application\/ld+json\" class=\"yoast-schema-graph\">{\"@context\":\"https:\/\/schema.org\",\"@graph\":[{\"@type\":\"WebPage\",\"@id\":\"https:\/\/deadoraliveslot.com\/pl\/dead-or-alive-slot-strategy\/\",\"url\":\"https:\/\/deadoraliveslot.com\/pl\/dead-or-alive-slot-strategy\/\",\"name\":\"Strategie i taktyki gry na automacie Dead or Alive\",\"isPartOf\":{\"@id\":\"https:\/\/deadoraliveslot.com\/#website\"},\"datePublished\":\"2023-10-20T21:31:57+00:00\",\"dateModified\":\"2024-04-20T21:42:36+00:00\",\"description\":\"Jak gra\u0107 i wygrywa\u0107 na automacie Dead or Alive. Najlepsze strategie wygrywaj\u0105ce na automacie dla nowych i do\u015bwiadczonych graczy.\",\"breadcrumb\":{\"@id\":\"https:\/\/deadoraliveslot.com\/pl\/dead-or-alive-slot-strategy\/#breadcrumb\"},\"inLanguage\":\"pt-PT\",\"potentialAction\":[{\"@type\":\"ReadAction\",\"target\":[\"https:\/\/deadoraliveslot.com\/pl\/dead-or-alive-slot-strategy\/\"]}]},{\"@type\":\"BreadcrumbList\",\"@id\":\"https:\/\/deadoraliveslot.com\/pl\/dead-or-alive-slot-strategy\/#breadcrumb\",\"itemListElement\":[{\"@type\":\"ListItem\",\"position\":1,\"name\":\"Home\",\"item\":\"https:\/\/deadoraliveslot.com\/\"},{\"@type\":\"ListItem\",\"position\":2,\"name\":\"Strategia gry w slocie Dead or Alive\"}]},{\"@type\":\"WebSite\",\"@id\":\"https:\/\/deadoraliveslot.com\/#website\",\"url\":\"https:\/\/deadoraliveslot.com\/\",\"name\":\"Dead or Alive Slot\",\"description\":\"\",\"publisher\":{\"@id\":\"https:\/\/deadoraliveslot.com\/#organization\"},\"potentialAction\":[{\"@type\":\"SearchAction\",\"target\":{\"@type\":\"EntryPoint\",\"urlTemplate\":\"https:\/\/deadoraliveslot.com\/?s={search_term_string}\"},\"query-input\":{\"@type\":\"PropertyValueSpecification\",\"valueRequired\":true,\"valueName\":\"search_term_string\"}}],\"inLanguage\":\"pt-PT\"},{\"@type\":\"Organization\",\"@id\":\"https:\/\/deadoraliveslot.com\/#organization\",\"name\":\"Dead or Alive Slot\",\"url\":\"https:\/\/deadoraliveslot.com\/\",\"logo\":{\"@type\":\"ImageObject\",\"inLanguage\":\"pt-PT\",\"@id\":\"https:\/\/deadoraliveslot.com\/#\/schema\/logo\/image\/\",\"url\":\"https:\/\/deadoraliveslot.com\/wp-content\/uploads\/logo-doa.png\",\"contentUrl\":\"https:\/\/deadoraliveslot.com\/wp-content\/uploads\/logo-doa.png\",\"width\":485,\"height\":255,\"caption\":\"Dead or Alive Slot\"},\"image\":{\"@id\":\"https:\/\/deadoraliveslot.com\/#\/schema\/logo\/image\/\"}}]}<\/script>\n<!-- \/ Yoast SEO plugin. -->","yoast_head_json":{"title":"Strategie i taktyki gry na automacie Dead or Alive","description":"Como jogar e ganhar na m\u00e1quina de slot Dead or Alive. Melhores estrat\u00e9gias vencedoras no slot para jogadores novos e experientes.","robots":{"index":"index","follow":"follow","max-snippet":"max-snippet:-1","max-image-preview":"max-image-preview:large","max-video-preview":"max-video-preview:-1"},"canonical":"https:\/\/deadoraliveslot.com\/pt\/dead-or-alive-slot-strategy\/","og_locale":"pt_PT","og_type":"article","og_title":"Strategie i taktyki gry na automacie Dead or Alive","og_description":"Jak gra\u0107 i wygrywa\u0107 na automacie Dead or Alive. Najlepsze strategie wygrywaj\u0105ce na automacie dla nowych i do\u015bwiadczonych graczy.","og_url":"https:\/\/deadoraliveslot.com\/pt\/dead-or-alive-slot-strategy\/","og_site_name":"Dead or Alive Slot","article_modified_time":"2024-04-20T21:42:36+00:00","twitter_card":"summary_large_image","twitter_misc":{"Tempo estimado de leitura":"21 minutos"},"schema":{"@context":"https:\/\/schema.org","@graph":[{"@type":"WebPage","@id":"https:\/\/deadoraliveslot.com\/pl\/dead-or-alive-slot-strategy\/","url":"https:\/\/deadoraliveslot.com\/pl\/dead-or-alive-slot-strategy\/","name":"Strategie i taktyki gry na automacie Dead or Alive","isPartOf":{"@id":"https:\/\/deadoraliveslot.com\/#website"},"datePublished":"2023-10-20T21:31:57+00:00","dateModified":"2024-04-20T21:42:36+00:00","description":"Jak gra\u0107 i wygrywa\u0107 na automacie Dead or Alive. Najlepsze strategie wygrywaj\u0105ce na automacie dla nowych i do\u015bwiadczonych graczy.","breadcrumb":{"@id":"https:\/\/deadoraliveslot.com\/pl\/dead-or-alive-slot-strategy\/#breadcrumb"},"inLanguage":"pt-PT","potentialAction":[{"@type":"ReadAction","target":["https:\/\/deadoraliveslot.com\/pl\/dead-or-alive-slot-strategy\/"]}]},{"@type":"BreadcrumbList","@id":"https:\/\/deadoraliveslot.com\/pl\/dead-or-alive-slot-strategy\/#breadcrumb","itemListElement":[{"@type":"ListItem","position":1,"name":"Home","item":"https:\/\/deadoraliveslot.com\/"},{"@type":"ListItem","position":2,"name":"Strategia gry w slocie Dead or Alive"}]},{"@type":"WebSite","@id":"https:\/\/deadoraliveslot.com\/#website","url":"https:\/\/deadoraliveslot.com\/","name":"Dead or Alive Slot","description":"","publisher":{"@id":"https:\/\/deadoraliveslot.com\/#organization"},"potentialAction":[{"@type":"SearchAction","target":{"@type":"EntryPoint","urlTemplate":"https:\/\/deadoraliveslot.com\/?s={search_term_string}"},"query-input":{"@type":"PropertyValueSpecification","valueRequired":true,"valueName":"search_term_string"}}],"inLanguage":"pt-PT"},{"@type":"Organization","@id":"https:\/\/deadoraliveslot.com\/#organization","name":"Dead or Alive Slot","url":"https:\/\/deadoraliveslot.com\/","logo":{"@type":"ImageObject","inLanguage":"pt-PT","@id":"https:\/\/deadoraliveslot.com\/#\/schema\/logo\/image\/","url":"https:\/\/deadoraliveslot.com\/wp-content\/uploads\/logo-doa.png","contentUrl":"https:\/\/deadoraliveslot.com\/wp-content\/uploads\/logo-doa.png","width":485,"height":255,"caption":"Dead or Alive Slot"},"image":{"@id":"https:\/\/deadoraliveslot.com\/#\/schema\/logo\/image\/"}}]}},"_links":{"self":[{"href":"https:\/\/deadoraliveslot.com\/pt\/wp-json\/wp\/v2\/pages\/7","targetHints":{"allow":["GET"]}}],"collection":[{"href":"https:\/\/deadoraliveslot.com\/pt\/wp-json\/wp\/v2\/pages"}],"about":[{"href":"https:\/\/deadoraliveslot.com\/pt\/wp-json\/wp\/v2\/types\/page"}],"author":[{"embeddable":true,"href":"https:\/\/deadoraliveslot.com\/pt\/wp-json\/wp\/v2\/users\/1"}],"replies":[{"embeddable":true,"href":"https:\/\/deadoraliveslot.com\/pt\/wp-json\/wp\/v2\/comments?post=7"}],"version-history":[{"count":22,"href":"https:\/\/deadoraliveslot.com\/pt\/wp-json\/wp\/v2\/pages\/7\/revisions"}],"predecessor-version":[{"id":152,"href":"https:\/\/deadoraliveslot.com\/pt\/wp-json\/wp\/v2\/pages\/7\/revisions\/152"}],"wp:attachment":[{"href":"https:\/\/deadoraliveslot.com\/pt\/wp-json\/wp\/v2\/media?parent=7"}],"curies":[{"name":"wp","href":"https:\/\/api.w.org\/{rel}","templated":true}]}}