{"id":25,"date":"2023-10-20T23:22:50","date_gmt":"2023-10-20T23:22:50","guid":{"rendered":"https:\/\/deadoraliveslot.com\/?page_id=25"},"modified":"2024-04-20T21:33:33","modified_gmt":"2024-04-20T21:33:33","slug":"real-reviews-about-dead-or-alive-slot","status":"publish","type":"page","link":"https:\/\/deadoraliveslot.com\/pt\/real-reviews-about-dead-or-alive-slot\/","title":{"rendered":"Avalia\u00e7\u00f5es de jogadores reais sobre o slot Dead or Alive"},"content":{"rendered":"<p>Reunimos 10 avalia\u00e7\u00f5es de jogadores sobre a slot Dead or Alive, onde os jogadores compartilham suas experi\u00eancias. Essas avalia\u00e7\u00f5es podem ser \u00fateis para todos os jogadores que est\u00e3o considerando jogar Dead or Alive. Essas avalia\u00e7\u00f5es refletem as diversas experi\u00eancias dos jogadores e demonstram o qu\u00e3o emocionante e lucrativo pode ser jogar na slot Dead or Alive.<\/p>\n<p><strong>Tema:<\/strong> Retorno ao Velho Oeste com a slot Dead or Alive<\/p>\n<p>A slot Dead or Alive realmente me fez sentir como um cowboy. Gr\u00e1ficos excelentes e rodadas gr\u00e1tis tornaram minha partida inesquec\u00edvel. Eu ganhei dinheiro real.<\/p>\n<p>Max, 30 anos.<\/p>\n<p><strong>Tema:<\/strong> Grandes vit\u00f3rias esperam em Dead or Alive<\/p>\n<p>Eu simplesmente amo essa slot! As vit\u00f3rias podem ser enormes, e eu provei isso com meus pr\u00f3prios ganhos. Agora eu recomendo aos amigos que me perguntam, como uma pessoa experiente, qual slot escolher para jogar.<\/p>\n<p>Anna, 28 anos.<\/p>\n<p><strong>Tema:<\/strong> Atmosfera encantadora do Velho Oeste em Dead or Alive<\/p>\n<p>A slot Dead or Alive cria uma atmosfera \u00fanica do Velho Oeste que cativa instantaneamente e cria um \u00f3timo humor. Realmente emocionante!<\/p>\n<p>Ivan, 35 anos.<\/p>\n<p><strong>Tema:<\/strong> Chance para aventuras na slot Dead or Alive<\/p>\n<p>Jogando Dead or Alive, senti como se tivesse embarcado em uma verdadeira aventura no Velho Oeste. Nunca vi nada parecido antes! Jogar e ganhar na slot Dead or Alive \u00e9 realmente legal. Eu realmente gosto dessa m\u00e1quina de slot.<\/p>\n<p>Olga, 32 anos.<\/p>\n<p><strong>Tema:<\/strong> Nostalgia por filmes cl\u00e1ssicos enquanto joga Dead or Alive<\/p>\n<p>Se voc\u00ea \u00e9 f\u00e3 de filmes do Velho Oeste, ent\u00e3o esta slot \u00e9 para voc\u00ea. Ela traz de volta mem\u00f3rias nost\u00e1lgicas e encanta com as vit\u00f3rias. A slot Dead or Alive permite ganhar dinheiro real.<\/p>\n<p>Pavel, 40 anos.<\/p>\n<p><strong>Tema:<\/strong> Rodadas de b\u00f4nus &#8211; o segredo para o sucesso<\/p>\n<p>Descobri que as rodadas de b\u00f4nus em Dead or Alive podem trazer grandes vit\u00f3rias. Esta \u00e9 a parte mais interessante do jogo! Afinal, todos jogamos pela vit\u00f3ria, e quando voc\u00ea recebe dinheiro real no seu cart\u00e3o banc\u00e1rio, \u00e9 emocionante. Ekaterina, 29 anos.<\/p>\n<p><strong>Tema:<\/strong> Slot Dead or Alive para os que gostam de correr riscos.<\/p>\n<p>A slot Dead or Alive \u00e9 para aqueles que est\u00e3o dispostos a correr riscos. Estou constantemente surpreso com o quanto o jogo pode ser emocionante, mesmo que \u00e0 primeira vista pare\u00e7a uma slot comum.<\/p>\n<p>Dmitry, 27 anos.<\/p>\n<p><strong>Tema:<\/strong> Jogue em qualquer dispositivo em Dead or Alive<\/p>\n<p>Gosto de poder jogar Dead or Alive no meu smartphone. \u00c9 uma \u00f3tima maneira de passar o tempo a caminho do trabalho e do escrit\u00f3rio.<\/p>\n<p>Nadezhda, 31 anos.<\/p>\n<p><strong>Tema:<\/strong> Jogo justo e grandes vit\u00f3rias na slot Dead or Alive<\/p>\n<p>Sinto que Dead or Alive \u00e9 um jogo justo. As vit\u00f3rias acontecem mais frequentemente do que eu esperava, e \u00e9 simplesmente maravilhoso.<\/p>\n<p>Alexey, 33 anos.<\/p>\n<p><strong>Tema:<\/strong> \u00d3tima divers\u00e3o nos finais de semana<\/p>\n<p>O jogo online Dead or Alive se tornou minha maneira de relaxar e me divertir nos finais de semana. Gosto da sua atmosfera e chances de ganhar.<\/p>\n<p>Maria, 26 anos.<\/p>\n","protected":false},"excerpt":{"rendered":"<p>Reunimos 10 avalia\u00e7\u00f5es de jogadores sobre a slot Dead or Alive, onde os jogadores compartilham suas experi\u00eancias. Essas avalia\u00e7\u00f5es podem ser \u00fateis para todos os jogadores que est\u00e3o considerando jogar Dead or Alive. Essas avalia\u00e7\u00f5es refletem as diversas experi\u00eancias dos jogadores e demonstram o qu\u00e3o emocionante e lucrativo pode ser jogar na slot Dead or&#8230;<\/p>\n","protected":false},"author":1,"featured_media":0,"parent":0,"menu_order":0,"comment_status":"closed","ping_status":"closed","template":"","meta":{"footnotes":""},"class_list":["post-25","page","type-page","status-publish","hentry"],"yoast_head":"<!-- This site is optimized with the Yoast SEO plugin v27.2 - https:\/\/yoast.com\/product\/yoast-seo-wordpress\/ -->\n<title>Rese\u00f1as de jugadores reales sobre la tragamonedas Dead or Alive<\/title>\n<meta name=\"description\" content=\"Leia opini\u00f5es, an\u00e1lises e feedback de jogadores reais sobre a m\u00e1quina de slot Dead or Alive. Descubra o que outros jogadores pensam e comece a jogar agora.\" \/>\n<meta name=\"robots\" content=\"index, follow, max-snippet:-1, max-image-preview:large, max-video-preview:-1\" \/>\n<link rel=\"canonical\" href=\"https:\/\/deadoraliveslot.com\/pt\/real-reviews-about-dead-or-alive-slot\/\" \/>\n<meta property=\"og:locale\" content=\"pt_PT\" \/>\n<meta property=\"og:locale:alternate\" content=\"ru_RU\" \/>\n<meta property=\"og:locale:alternate\" content=\"en_US\" \/>\n<meta property=\"og:locale:alternate\" content=\"es_ES\" \/>\n<meta property=\"og:locale:alternate\" content=\"it_IT\" \/>\n<meta property=\"og:locale:alternate\" content=\"fr_FR\" \/>\n<meta property=\"og:locale:alternate\" content=\"de_DE\" \/>\n<meta property=\"og:locale:alternate\" content=\"ro_RO\" \/>\n<meta property=\"og:locale:alternate\" content=\"sr_RS\" \/>\n<meta property=\"og:locale:alternate\" content=\"bg_BG\" \/>\n<meta property=\"og:locale:alternate\" content=\"pl_PL\" \/>\n<meta property=\"og:type\" content=\"article\" \/>\n<meta property=\"og:title\" content=\"Rese\u00f1as de jugadores reales sobre la tragamonedas Dead or Alive\" \/>\n<meta property=\"og:description\" content=\"Lee opiniones, an\u00e1lisis y comentarios de jugadores reales sobre la tragamonedas Dead or Alive. Descubre lo que piensan otros jugadores y comienza a jugar ahora.\" \/>\n<meta property=\"og:url\" content=\"https:\/\/deadoraliveslot.com\/pt\/real-reviews-about-dead-or-alive-slot\/\" \/>\n<meta property=\"og:site_name\" content=\"Dead or Alive Slot\" \/>\n<meta property=\"article:modified_time\" content=\"2024-04-20T21:33:33+00:00\" \/>\n<meta name=\"twitter:card\" content=\"summary_large_image\" \/>\n<meta name=\"twitter:label1\" content=\"Tempo estimado de leitura\" \/>\n\t<meta name=\"twitter:data1\" content=\"21 minutos\" \/>\n<script type=\"application\/ld+json\" class=\"yoast-schema-graph\">{\"@context\":\"https:\/\/schema.org\",\"@graph\":[{\"@type\":\"WebPage\",\"@id\":\"https:\/\/deadoraliveslot.com\/es\/real-reviews-about-dead-or-alive-slot\/\",\"url\":\"https:\/\/deadoraliveslot.com\/es\/real-reviews-about-dead-or-alive-slot\/\",\"name\":\"Rese\u00f1as de jugadores reales sobre la tragamonedas Dead or Alive\",\"isPartOf\":{\"@id\":\"https:\/\/deadoraliveslot.com\/#website\"},\"datePublished\":\"2023-10-20T23:22:50+00:00\",\"dateModified\":\"2024-04-20T21:33:33+00:00\",\"description\":\"Lee opiniones, an\u00e1lisis y comentarios de jugadores reales sobre la tragamonedas Dead or Alive. Descubre lo que piensan otros jugadores y comienza a jugar ahora.\",\"breadcrumb\":{\"@id\":\"https:\/\/deadoraliveslot.com\/es\/real-reviews-about-dead-or-alive-slot\/#breadcrumb\"},\"inLanguage\":\"pt-PT\",\"potentialAction\":[{\"@type\":\"ReadAction\",\"target\":[\"https:\/\/deadoraliveslot.com\/es\/real-reviews-about-dead-or-alive-slot\/\"]}]},{\"@type\":\"BreadcrumbList\",\"@id\":\"https:\/\/deadoraliveslot.com\/es\/real-reviews-about-dead-or-alive-slot\/#breadcrumb\",\"itemListElement\":[{\"@type\":\"ListItem\",\"position\":1,\"name\":\"Home\",\"item\":\"https:\/\/deadoraliveslot.com\/\"},{\"@type\":\"ListItem\",\"position\":2,\"name\":\"Opiniones de jugadores reales sobre el slot Dead or Alive\"}]},{\"@type\":\"WebSite\",\"@id\":\"https:\/\/deadoraliveslot.com\/#website\",\"url\":\"https:\/\/deadoraliveslot.com\/\",\"name\":\"Dead or Alive Slot\",\"description\":\"\",\"publisher\":{\"@id\":\"https:\/\/deadoraliveslot.com\/#organization\"},\"potentialAction\":[{\"@type\":\"SearchAction\",\"target\":{\"@type\":\"EntryPoint\",\"urlTemplate\":\"https:\/\/deadoraliveslot.com\/?s={search_term_string}\"},\"query-input\":{\"@type\":\"PropertyValueSpecification\",\"valueRequired\":true,\"valueName\":\"search_term_string\"}}],\"inLanguage\":\"pt-PT\"},{\"@type\":\"Organization\",\"@id\":\"https:\/\/deadoraliveslot.com\/#organization\",\"name\":\"Dead or Alive Slot\",\"url\":\"https:\/\/deadoraliveslot.com\/\",\"logo\":{\"@type\":\"ImageObject\",\"inLanguage\":\"pt-PT\",\"@id\":\"https:\/\/deadoraliveslot.com\/#\/schema\/logo\/image\/\",\"url\":\"https:\/\/deadoraliveslot.com\/wp-content\/uploads\/logo-doa.png\",\"contentUrl\":\"https:\/\/deadoraliveslot.com\/wp-content\/uploads\/logo-doa.png\",\"width\":485,\"height\":255,\"caption\":\"Dead or Alive Slot\"},\"image\":{\"@id\":\"https:\/\/deadoraliveslot.com\/#\/schema\/logo\/image\/\"}}]}<\/script>\n<!-- \/ Yoast SEO plugin. -->","yoast_head_json":{"title":"Rese\u00f1as de jugadores reales sobre la tragamonedas Dead or Alive","description":"Leia opini\u00f5es, an\u00e1lises e feedback de jogadores reais sobre a m\u00e1quina de slot Dead or Alive. Descubra o que outros jogadores pensam e comece a jogar agora.","robots":{"index":"index","follow":"follow","max-snippet":"max-snippet:-1","max-image-preview":"max-image-preview:large","max-video-preview":"max-video-preview:-1"},"canonical":"https:\/\/deadoraliveslot.com\/pt\/real-reviews-about-dead-or-alive-slot\/","og_locale":"pt_PT","og_type":"article","og_title":"Rese\u00f1as de jugadores reales sobre la tragamonedas Dead or Alive","og_description":"Lee opiniones, an\u00e1lisis y comentarios de jugadores reales sobre la tragamonedas Dead or Alive. Descubre lo que piensan otros jugadores y comienza a jugar ahora.","og_url":"https:\/\/deadoraliveslot.com\/pt\/real-reviews-about-dead-or-alive-slot\/","og_site_name":"Dead or Alive Slot","article_modified_time":"2024-04-20T21:33:33+00:00","twitter_card":"summary_large_image","twitter_misc":{"Tempo estimado de leitura":"21 minutos"},"schema":{"@context":"https:\/\/schema.org","@graph":[{"@type":"WebPage","@id":"https:\/\/deadoraliveslot.com\/es\/real-reviews-about-dead-or-alive-slot\/","url":"https:\/\/deadoraliveslot.com\/es\/real-reviews-about-dead-or-alive-slot\/","name":"Rese\u00f1as de jugadores reales sobre la tragamonedas Dead or Alive","isPartOf":{"@id":"https:\/\/deadoraliveslot.com\/#website"},"datePublished":"2023-10-20T23:22:50+00:00","dateModified":"2024-04-20T21:33:33+00:00","description":"Lee opiniones, an\u00e1lisis y comentarios de jugadores reales sobre la tragamonedas Dead or Alive. Descubre lo que piensan otros jugadores y comienza a jugar ahora.","breadcrumb":{"@id":"https:\/\/deadoraliveslot.com\/es\/real-reviews-about-dead-or-alive-slot\/#breadcrumb"},"inLanguage":"pt-PT","potentialAction":[{"@type":"ReadAction","target":["https:\/\/deadoraliveslot.com\/es\/real-reviews-about-dead-or-alive-slot\/"]}]},{"@type":"BreadcrumbList","@id":"https:\/\/deadoraliveslot.com\/es\/real-reviews-about-dead-or-alive-slot\/#breadcrumb","itemListElement":[{"@type":"ListItem","position":1,"name":"Home","item":"https:\/\/deadoraliveslot.com\/"},{"@type":"ListItem","position":2,"name":"Opiniones de jugadores reales sobre el slot Dead or Alive"}]},{"@type":"WebSite","@id":"https:\/\/deadoraliveslot.com\/#website","url":"https:\/\/deadoraliveslot.com\/","name":"Dead or Alive Slot","description":"","publisher":{"@id":"https:\/\/deadoraliveslot.com\/#organization"},"potentialAction":[{"@type":"SearchAction","target":{"@type":"EntryPoint","urlTemplate":"https:\/\/deadoraliveslot.com\/?s={search_term_string}"},"query-input":{"@type":"PropertyValueSpecification","valueRequired":true,"valueName":"search_term_string"}}],"inLanguage":"pt-PT"},{"@type":"Organization","@id":"https:\/\/deadoraliveslot.com\/#organization","name":"Dead or Alive Slot","url":"https:\/\/deadoraliveslot.com\/","logo":{"@type":"ImageObject","inLanguage":"pt-PT","@id":"https:\/\/deadoraliveslot.com\/#\/schema\/logo\/image\/","url":"https:\/\/deadoraliveslot.com\/wp-content\/uploads\/logo-doa.png","contentUrl":"https:\/\/deadoraliveslot.com\/wp-content\/uploads\/logo-doa.png","width":485,"height":255,"caption":"Dead or Alive Slot"},"image":{"@id":"https:\/\/deadoraliveslot.com\/#\/schema\/logo\/image\/"}}]}},"_links":{"self":[{"href":"https:\/\/deadoraliveslot.com\/pt\/wp-json\/wp\/v2\/pages\/25","targetHints":{"allow":["GET"]}}],"collection":[{"href":"https:\/\/deadoraliveslot.com\/pt\/wp-json\/wp\/v2\/pages"}],"about":[{"href":"https:\/\/deadoraliveslot.com\/pt\/wp-json\/wp\/v2\/types\/page"}],"author":[{"embeddable":true,"href":"https:\/\/deadoraliveslot.com\/pt\/wp-json\/wp\/v2\/users\/1"}],"replies":[{"embeddable":true,"href":"https:\/\/deadoraliveslot.com\/pt\/wp-json\/wp\/v2\/comments?post=25"}],"version-history":[{"count":22,"href":"https:\/\/deadoraliveslot.com\/pt\/wp-json\/wp\/v2\/pages\/25\/revisions"}],"predecessor-version":[{"id":150,"href":"https:\/\/deadoraliveslot.com\/pt\/wp-json\/wp\/v2\/pages\/25\/revisions\/150"}],"wp:attachment":[{"href":"https:\/\/deadoraliveslot.com\/pt\/wp-json\/wp\/v2\/media?parent=25"}],"curies":[{"name":"wp","href":"https:\/\/api.w.org\/{rel}","templated":true}]}}