{"id":11,"date":"2023-10-20T22:34:18","date_gmt":"2023-10-20T22:34:18","guid":{"rendered":"https:\/\/deadoraliveslot.com\/?page_id=11"},"modified":"2024-04-20T21:24:24","modified_gmt":"2024-04-20T21:24:24","slug":"play-dead-or-alive-slot-in-online-casino","status":"publish","type":"page","link":"https:\/\/deadoraliveslot.com\/pt\/play-dead-or-alive-slot-in-online-casino\/","title":{"rendered":"Jogar no slot Dead or Alive em um cassino online"},"content":{"rendered":"<p>Esque\u00e7a os dias de semana mon\u00f3tonos e mergulhe em um mundo onde cada giro do carretel pode trazer n\u00e3o apenas ouro, mas tamb\u00e9m hist\u00f3rias incr\u00edveis. O slot Dead or Alive n\u00e3o \u00e9 apenas um slot; \u00e9 um portal para a era do Velho Oeste, onde duelos, ca\u00e7adas ao tesouro e, \u00e9 claro, grandes vit\u00f3rias esperam por voc\u00ea. E a melhor parte \u00e9 que voc\u00ea pode embarcar nesta aventura agora mesmo jogando em qualquer cassino online que lhe convier.<\/p>\n<h2><strong>Por que escolher o slot Dead or Alive?<\/strong><\/h2>\n<ul>\n<li><strong>Atmosfera \u00fanica:<\/strong> Gr\u00e1ficos de alta qualidade, s\u00edmbolos detalhados e uma trilha sonora emocionante tornam o jogo verdadeiramente atmosf\u00e9rico.<\/li>\n<li><strong>Muitas oportunidades de ganhar:<\/strong> Com diversas linhas de pagamento, rodadas de b\u00f4nus e s\u00edmbolos especiais, cada giro pode trazer sorte.<\/li>\n<li><strong>Dispon\u00edvel em qualquer lugar:<\/strong> Esteja voc\u00ea em movimento, em casa ou de f\u00e9rias, sua aventura no Velho Oeste est\u00e1 sempre com voc\u00ea.<\/li>\n<\/ul>\n<h2><strong>Plano de a\u00e7\u00e3o detalhado para come\u00e7ar a jogar:<\/strong><\/h2>\n<ol>\n<li><strong>Escolha um cassino:<\/strong> Encontre um cassino online com boa reputa\u00e7\u00e3o que ofere\u00e7a acesso ao slot Dead or Alive.<\/li>\n<li><strong>Registro:<\/strong> Crie uma conta seguindo etapas simples de registro e aproveite quaisquer b\u00f4nus para novatos oferecidos.<\/li>\n<li><strong>Dep\u00f3sito:<\/strong> Fa\u00e7a seu primeiro dep\u00f3sito usando um dos m\u00e9todos de pagamento seguros.<\/li>\n<li><strong>Comece a jogar:<\/strong> Encontre Dead or Alive na lista de jogos e comece sua emocionante aventura.<\/li>\n<li><strong>B\u00f4nus e promo\u00e7\u00f5es:<\/strong> Muitos cassinos oferecem regularmente diversos b\u00f4nus e promo\u00e7\u00f5es especiais. Fique de olho neles para aumentar suas chances de ganhar.<\/li>\n<\/ol>\n<h2><strong>Segredos do sucesso no slot Dead or Alive:<\/strong><\/h2>\n<ul>\n<li><strong>Experi\u00eancia e pr\u00e1tica:<\/strong> Comece com a vers\u00e3o demo do jogo para se sentir confort\u00e1vel e desenvolver sua estrat\u00e9gia sem arriscar dinheiro real.<\/li>\n<li><strong>Gest\u00e3o de or\u00e7amento:<\/strong> Estabele\u00e7a limites para suas apostas e dep\u00f3sitos. Os jogos de cassino s\u00e3o entretenimento, e voc\u00ea n\u00e3o deve gastar mais do que est\u00e1 disposto a perder.<\/li>\n<li><strong>Estude as regras:<\/strong> Quanto melhor voc\u00ea entender as regras e caracter\u00edsticas do slot, maiores ser\u00e3o suas chances de sucesso.<\/li>\n<\/ul>\n<p>Dead or Alive n\u00e3o \u00e9 apenas um slot; \u00e9 uma obra-prima da arte dos jogos que permite a cada jogador mergulhar no mundo \u00fanico do Velho Oeste. Com cowboys, saloons e moedas de ouro. Junte-se \u00e0 grande aventura e descubra o mundo de emo\u00e7\u00e3o e sorte com o slot online Dead or Alive!<\/p>\n","protected":false},"excerpt":{"rendered":"<p>Esque\u00e7a os dias de semana mon\u00f3tonos e mergulhe em um mundo onde cada giro do carretel pode trazer n\u00e3o apenas ouro, mas tamb\u00e9m hist\u00f3rias incr\u00edveis. O slot Dead or Alive n\u00e3o \u00e9 apenas um slot; \u00e9 um portal para a era do Velho Oeste, onde duelos, ca\u00e7adas ao tesouro e, \u00e9 claro, grandes vit\u00f3rias esperam&#8230;<\/p>\n","protected":false},"author":1,"featured_media":0,"parent":0,"menu_order":0,"comment_status":"closed","ping_status":"closed","template":"","meta":{"footnotes":""},"class_list":["post-11","page","type-page","status-publish","hentry"],"yoast_head":"<!-- This site is optimized with the Yoast SEO plugin v27.2 - https:\/\/yoast.com\/product\/yoast-seo-wordpress\/ -->\n<title>Jogar no slot Dead or Alive em um cassino online<\/title>\n<meta name=\"description\" content=\"Jogue a m\u00e1quina de slot Dead or Alive por dinheiro real nos melhores cassinos online. Jogue Dead or Alive em um cassino online agora.\" \/>\n<meta name=\"robots\" content=\"index, follow, max-snippet:-1, max-image-preview:large, max-video-preview:-1\" \/>\n<link rel=\"canonical\" href=\"https:\/\/deadoraliveslot.com\/pt\/play-dead-or-alive-slot-in-online-casino\/\" \/>\n<meta property=\"og:locale\" content=\"pt_PT\" \/>\n<meta property=\"og:locale:alternate\" content=\"ru_RU\" \/>\n<meta property=\"og:locale:alternate\" content=\"en_US\" \/>\n<meta property=\"og:locale:alternate\" content=\"es_ES\" \/>\n<meta property=\"og:locale:alternate\" content=\"it_IT\" \/>\n<meta property=\"og:locale:alternate\" content=\"fr_FR\" \/>\n<meta property=\"og:locale:alternate\" content=\"de_DE\" \/>\n<meta property=\"og:locale:alternate\" content=\"ro_RO\" \/>\n<meta property=\"og:locale:alternate\" content=\"sr_RS\" \/>\n<meta property=\"og:locale:alternate\" content=\"bg_BG\" \/>\n<meta property=\"og:locale:alternate\" content=\"pl_PL\" \/>\n<meta property=\"og:type\" content=\"article\" \/>\n<meta property=\"og:title\" content=\"Jogar no slot Dead or Alive em um cassino online\" \/>\n<meta property=\"og:description\" content=\"Esque\u00e7a os dias de semana mon\u00f3tonos e mergulhe em um mundo onde cada giro do carretel pode trazer n\u00e3o apenas ouro, mas tamb\u00e9m hist\u00f3rias incr\u00edveis. O slot Dead or Alive n\u00e3o \u00e9 apenas um slot; \u00e9 um portal para a era do Velho Oeste, onde duelos, ca\u00e7adas ao tesouro e, \u00e9 claro, grandes vit\u00f3rias esperam...\" \/>\n<meta property=\"og:url\" content=\"https:\/\/deadoraliveslot.com\/pt\/play-dead-or-alive-slot-in-online-casino\/\" \/>\n<meta property=\"og:site_name\" content=\"Dead or Alive Slot\" \/>\n<meta property=\"article:modified_time\" content=\"2024-04-20T21:24:24+00:00\" \/>\n<meta name=\"twitter:card\" content=\"summary_large_image\" \/>\n<meta name=\"twitter:label1\" content=\"Tempo estimado de leitura\" \/>\n\t<meta name=\"twitter:data1\" content=\"16 minutos\" \/>\n<script type=\"application\/ld+json\" class=\"yoast-schema-graph\">{\"@context\":\"https:\/\/schema.org\",\"@graph\":[{\"@type\":\"WebPage\",\"@id\":\"https:\/\/deadoraliveslot.com\/play-dead-or-alive-slot-in-online-casino\/\",\"url\":\"https:\/\/deadoraliveslot.com\/play-dead-or-alive-slot-in-online-casino\/\",\"name\":\"Jogar no slot Dead or Alive em um cassino online\",\"isPartOf\":{\"@id\":\"https:\/\/deadoraliveslot.com\/#website\"},\"datePublished\":\"2023-10-20T22:34:18+00:00\",\"dateModified\":\"2024-04-20T21:24:24+00:00\",\"breadcrumb\":{\"@id\":\"https:\/\/deadoraliveslot.com\/play-dead-or-alive-slot-in-online-casino\/#breadcrumb\"},\"inLanguage\":\"pt-PT\",\"potentialAction\":[{\"@type\":\"ReadAction\",\"target\":[\"https:\/\/deadoraliveslot.com\/play-dead-or-alive-slot-in-online-casino\/\"]}]},{\"@type\":\"BreadcrumbList\",\"@id\":\"https:\/\/deadoraliveslot.com\/play-dead-or-alive-slot-in-online-casino\/#breadcrumb\",\"itemListElement\":[{\"@type\":\"ListItem\",\"position\":1,\"name\":\"Home\",\"item\":\"https:\/\/deadoraliveslot.com\/\"},{\"@type\":\"ListItem\",\"position\":2,\"name\":\"\u0418\u0433\u0440\u0430\u0442\u044c \u0432 \u0441\u043b\u043e\u0442 Dead or Alive \u0432 \u043e\u043d\u043b\u0430\u0439\u043d \u043a\u0430\u0437\u0438\u043d\u043e\"}]},{\"@type\":\"WebSite\",\"@id\":\"https:\/\/deadoraliveslot.com\/#website\",\"url\":\"https:\/\/deadoraliveslot.com\/\",\"name\":\"Dead or Alive Slot\",\"description\":\"\",\"publisher\":{\"@id\":\"https:\/\/deadoraliveslot.com\/#organization\"},\"potentialAction\":[{\"@type\":\"SearchAction\",\"target\":{\"@type\":\"EntryPoint\",\"urlTemplate\":\"https:\/\/deadoraliveslot.com\/?s={search_term_string}\"},\"query-input\":{\"@type\":\"PropertyValueSpecification\",\"valueRequired\":true,\"valueName\":\"search_term_string\"}}],\"inLanguage\":\"pt-PT\"},{\"@type\":\"Organization\",\"@id\":\"https:\/\/deadoraliveslot.com\/#organization\",\"name\":\"Dead or Alive Slot\",\"url\":\"https:\/\/deadoraliveslot.com\/\",\"logo\":{\"@type\":\"ImageObject\",\"inLanguage\":\"pt-PT\",\"@id\":\"https:\/\/deadoraliveslot.com\/#\/schema\/logo\/image\/\",\"url\":\"https:\/\/deadoraliveslot.com\/wp-content\/uploads\/logo-doa.png\",\"contentUrl\":\"https:\/\/deadoraliveslot.com\/wp-content\/uploads\/logo-doa.png\",\"width\":485,\"height\":255,\"caption\":\"Dead or Alive Slot\"},\"image\":{\"@id\":\"https:\/\/deadoraliveslot.com\/#\/schema\/logo\/image\/\"}}]}<\/script>\n<!-- \/ Yoast SEO plugin. -->","yoast_head_json":{"title":"Jogar no slot Dead or Alive em um cassino online","description":"Jogue a m\u00e1quina de slot Dead or Alive por dinheiro real nos melhores cassinos online. Jogue Dead or Alive em um cassino online agora.","robots":{"index":"index","follow":"follow","max-snippet":"max-snippet:-1","max-image-preview":"max-image-preview:large","max-video-preview":"max-video-preview:-1"},"canonical":"https:\/\/deadoraliveslot.com\/pt\/play-dead-or-alive-slot-in-online-casino\/","og_locale":"pt_PT","og_type":"article","og_title":"[:ru]\u0418\u0433\u0440\u0430\u0442\u044c \u0432 \u0441\u043b\u043e\u0442 Dead or Alive \u0432 \u043e\u043d\u043b\u0430\u0439\u043d \u043a\u0430\u0437\u0438\u043d\u043e[:en]Play Dead or Alive slot at an online casino[:pt]Jogar no slot Dead or Alive em um cassino online[:es]Jugar al slot Dead or Alive en un casino en l\u00ednea[:it]Gioca al slot Dead or Alive in un casin\u00f2 online[:fr]Jouez au slot Dead or Alive dans un casino en ligne[:de]Spielen Sie den Dead or Alive Slot in einem Online-Casino[:ro]Juca\u021bi slotul Dead or Alive la un cazino online[:sr]\u0418\u0433\u0440\u0430\u0458\u0442\u0435 \u0441\u043b\u043e\u0442 Dead or Alive \u0443 \u043e\u043d\u043b\u0438\u043d\u0435 \u043a\u0430\u0437\u0438\u043d\u0443[:bg]\u0418\u0433\u0440\u0430\u0439\u0442\u0435 \u043d\u0430 \u0441\u043b\u043e\u0442\u0430 Dead or Alive \u0432 \u043e\u043d\u043b\u0430\u0439\u043d \u043a\u0430\u0437\u0438\u043d\u043e[:pl]Graj w slot Dead or Alive w kasynie online[:] - Dead or Alive Slot","og_description":"Esque\u00e7a os dias de semana mon\u00f3tonos e mergulhe em um mundo onde cada giro do carretel pode trazer n\u00e3o apenas ouro, mas tamb\u00e9m hist\u00f3rias incr\u00edveis. O slot Dead or Alive n\u00e3o \u00e9 apenas um slot; \u00e9 um portal para a era do Velho Oeste, onde duelos, ca\u00e7adas ao tesouro e, \u00e9 claro, grandes vit\u00f3rias esperam...","og_url":"https:\/\/deadoraliveslot.com\/pt\/play-dead-or-alive-slot-in-online-casino\/","og_site_name":"Dead or Alive Slot","article_modified_time":"2024-04-20T21:24:24+00:00","twitter_card":"summary_large_image","twitter_misc":{"Tempo estimado de leitura":"16 minutos"},"schema":{"@context":"https:\/\/schema.org","@graph":[{"@type":"WebPage","@id":"https:\/\/deadoraliveslot.com\/play-dead-or-alive-slot-in-online-casino\/","url":"https:\/\/deadoraliveslot.com\/play-dead-or-alive-slot-in-online-casino\/","name":"Jogar no slot Dead or Alive em um cassino online","isPartOf":{"@id":"https:\/\/deadoraliveslot.com\/#website"},"datePublished":"2023-10-20T22:34:18+00:00","dateModified":"2024-04-20T21:24:24+00:00","breadcrumb":{"@id":"https:\/\/deadoraliveslot.com\/play-dead-or-alive-slot-in-online-casino\/#breadcrumb"},"inLanguage":"pt-PT","potentialAction":[{"@type":"ReadAction","target":["https:\/\/deadoraliveslot.com\/play-dead-or-alive-slot-in-online-casino\/"]}]},{"@type":"BreadcrumbList","@id":"https:\/\/deadoraliveslot.com\/play-dead-or-alive-slot-in-online-casino\/#breadcrumb","itemListElement":[{"@type":"ListItem","position":1,"name":"Home","item":"https:\/\/deadoraliveslot.com\/"},{"@type":"ListItem","position":2,"name":"\u0418\u0433\u0440\u0430\u0442\u044c \u0432 \u0441\u043b\u043e\u0442 Dead or Alive \u0432 \u043e\u043d\u043b\u0430\u0439\u043d \u043a\u0430\u0437\u0438\u043d\u043e"}]},{"@type":"WebSite","@id":"https:\/\/deadoraliveslot.com\/#website","url":"https:\/\/deadoraliveslot.com\/","name":"Dead or Alive Slot","description":"","publisher":{"@id":"https:\/\/deadoraliveslot.com\/#organization"},"potentialAction":[{"@type":"SearchAction","target":{"@type":"EntryPoint","urlTemplate":"https:\/\/deadoraliveslot.com\/?s={search_term_string}"},"query-input":{"@type":"PropertyValueSpecification","valueRequired":true,"valueName":"search_term_string"}}],"inLanguage":"pt-PT"},{"@type":"Organization","@id":"https:\/\/deadoraliveslot.com\/#organization","name":"Dead or Alive Slot","url":"https:\/\/deadoraliveslot.com\/","logo":{"@type":"ImageObject","inLanguage":"pt-PT","@id":"https:\/\/deadoraliveslot.com\/#\/schema\/logo\/image\/","url":"https:\/\/deadoraliveslot.com\/wp-content\/uploads\/logo-doa.png","contentUrl":"https:\/\/deadoraliveslot.com\/wp-content\/uploads\/logo-doa.png","width":485,"height":255,"caption":"Dead or Alive Slot"},"image":{"@id":"https:\/\/deadoraliveslot.com\/#\/schema\/logo\/image\/"}}]}},"_links":{"self":[{"href":"https:\/\/deadoraliveslot.com\/pt\/wp-json\/wp\/v2\/pages\/11","targetHints":{"allow":["GET"]}}],"collection":[{"href":"https:\/\/deadoraliveslot.com\/pt\/wp-json\/wp\/v2\/pages"}],"about":[{"href":"https:\/\/deadoraliveslot.com\/pt\/wp-json\/wp\/v2\/types\/page"}],"author":[{"embeddable":true,"href":"https:\/\/deadoraliveslot.com\/pt\/wp-json\/wp\/v2\/users\/1"}],"replies":[{"embeddable":true,"href":"https:\/\/deadoraliveslot.com\/pt\/wp-json\/wp\/v2\/comments?post=11"}],"version-history":[{"count":23,"href":"https:\/\/deadoraliveslot.com\/pt\/wp-json\/wp\/v2\/pages\/11\/revisions"}],"predecessor-version":[{"id":148,"href":"https:\/\/deadoraliveslot.com\/pt\/wp-json\/wp\/v2\/pages\/11\/revisions\/148"}],"wp:attachment":[{"href":"https:\/\/deadoraliveslot.com\/pt\/wp-json\/wp\/v2\/media?parent=11"}],"curies":[{"name":"wp","href":"https:\/\/api.w.org\/{rel}","templated":true}]}}