{"id":9,"date":"2023-10-20T21:33:26","date_gmt":"2023-10-20T21:33:26","guid":{"rendered":"https:\/\/deadoraliveslot.com\/?page_id=9"},"modified":"2024-04-20T21:37:49","modified_gmt":"2024-04-20T21:37:49","slug":"download-dead-or-alive-slot","status":"publish","type":"page","link":"https:\/\/deadoraliveslot.com\/pl\/download-dead-or-alive-slot\/","title":{"rendered":"Pobierz slot Dead or Alive"},"content":{"rendered":"<p>Slot Dead or Alive od NetEnt to ekscytuj\u0105ca gra od wiod\u0105cego dewelopera, kt\u00f3ra zanurza ci\u0119 w atmosferze Dzikiego Zachodu. Staniesz si\u0119 kowbojem, nieustannie poluj\u0105cym na z\u0142oto i przygody, wszystko bezpo\u015brednio na twoim komputerze lub urz\u0105dzeniu mobilnym! Got\u00f3w zacz\u0105\u0107? Dowiedz si\u0119, jak pobra\u0107 ten fantastyczny slot Dead or Alive.<\/p>\n<p>Pogadajmy o tym, dlaczego warto pobra\u0107 slot Dead or Alive.<\/p>\n<h2><strong>Dlaczego warto pobra\u0107 slot Dead or Alive?<\/strong><\/h2>\n<ul>\n<li><strong>Atmosfera Dzikiego Zachodu:<\/strong> Zaanga\u017cowane symbole, dynamiczna grafika i efekty d\u017awi\u0119kowe przenios\u0105 ci\u0119 w czasy kowboj\u00f3w i Dzikiego Zachodu.<\/li>\n<li><strong>Du\u017ce wygrane:<\/strong> Szansa na wygranie fantastycznych nagr\u00f3d i jackpot\u00f3w.<\/li>\n<li><strong>Wygodno\u015b\u0107:<\/strong> Graj w dowolnym czasie i miejscu, nawet bez dost\u0119pu do internetu.<\/li>\n<\/ul>\n<h2><strong>Jak pobra\u0107 slot Dead or Alive na komputer?<\/strong><\/h2>\n<ul>\n<li><strong>Krok 1:<\/strong> Przejd\u017a do oficjalnej strony kasyna oferuj\u0105cego slot Dead or Alive.<\/li>\n<li><strong>Krok 2:<\/strong> Znajd\u017a przycisk Pobierz lub Download.<\/li>\n<li><strong>Krok 3:<\/strong> Post\u0119puj zgodnie z instrukcjami instalacji, a w ci\u0105gu kilku minut slot Dead or Alive zostanie pobrany na tw\u00f3j komputer.<\/li>\n<\/ul>\n<h2><strong>Jak pobra\u0107 slot Dead or Alive na urz\u0105dzenie mobilne?<\/strong><\/h2>\n<ul>\n<li><strong>Krok 1:<\/strong> Otw\u00f3rz sklep z aplikacjami twojego urz\u0105dzenia (np. Google Play lub App Store) w zale\u017cno\u015bci od twojego smartfona \u2013 Androida lub iPhone&#8217;a.<\/li>\n<li><strong>Krok 2:<\/strong> Wpisz w wyszukiwarce slot Dead or Alive i wybierz odpowiedni\u0105 aplikacj\u0119.<\/li>\n<li><strong>Krok 3:<\/strong> Kliknij Zainstaluj i poczekaj na zako\u0144czenie pobierania i instalacji.<\/li>\n<\/ul>\n<h2><strong>Bezpiecze\u0144stwo podczas pobierania slotu Dead or Alive<\/strong><\/h2>\n<p>Upewnij si\u0119, \u017ce pobierasz gr\u0119 z oficjalnych \u017ar\u00f3de\u0142 lub zaufanych platform. Zapewnia to twoje bezpiecze\u0144stwo i eliminuje ryzyko pobrania z\u0142o\u015bliwego oprogramowania.<\/p>\n<p>Slot Dead or Alive czeka na ciebie! Zanurz si\u0119 w ekscytuj\u0105cy \u015bwiat Dzikiego Zachodu, przetestuj swoje szcz\u0119\u015bcie i zdob\u0105d\u017a szans\u0119 na wygranie du\u017cych nagr\u00f3d. Post\u0119puj zgodnie z naszymi instrukcjami, a gra b\u0119dzie dost\u0119pna dla ciebie w zaledwie kilka minut. Powodzenia w grze!<\/p>\n","protected":false},"excerpt":{"rendered":"<p>Slot Dead or Alive od NetEnt to ekscytuj\u0105ca gra od wiod\u0105cego dewelopera, kt\u00f3ra zanurza ci\u0119 w atmosferze Dzikiego Zachodu. Staniesz si\u0119 kowbojem, nieustannie poluj\u0105cym na z\u0142oto i przygody, wszystko bezpo\u015brednio na twoim komputerze lub urz\u0105dzeniu mobilnym! Got\u00f3w zacz\u0105\u0107? Dowiedz si\u0119, jak pobra\u0107 ten fantastyczny slot Dead or Alive. Pogadajmy o tym, dlaczego warto pobra\u0107 slot&#8230;<\/p>\n","protected":false},"author":1,"featured_media":0,"parent":0,"menu_order":0,"comment_status":"closed","ping_status":"closed","template":"","meta":{"footnotes":""},"class_list":["post-9","page","type-page","status-publish","hentry"],"yoast_head":"<!-- This site is optimized with the Yoast SEO plugin v27.2 - https:\/\/yoast.com\/product\/yoast-seo-wordpress\/ -->\n<title>Pobierz slot Dead or Alive<\/title>\n<meta name=\"description\" content=\"Jak pobra\u0107 automat do gier Dead or Alive na komputer, Android, iPhone, tablet. Pobierz i zacznij gra\u0107 teraz.\" \/>\n<meta name=\"robots\" content=\"index, follow, max-snippet:-1, max-image-preview:large, max-video-preview:-1\" \/>\n<link rel=\"canonical\" href=\"https:\/\/deadoraliveslot.com\/pl\/download-dead-or-alive-slot\/\" \/>\n<meta property=\"og:locale\" content=\"pl_PL\" \/>\n<meta property=\"og:locale:alternate\" content=\"ru_RU\" \/>\n<meta property=\"og:locale:alternate\" content=\"en_US\" \/>\n<meta property=\"og:locale:alternate\" content=\"pt_PT\" \/>\n<meta property=\"og:locale:alternate\" content=\"es_ES\" \/>\n<meta property=\"og:locale:alternate\" content=\"it_IT\" \/>\n<meta property=\"og:locale:alternate\" content=\"fr_FR\" \/>\n<meta property=\"og:locale:alternate\" content=\"de_DE\" \/>\n<meta property=\"og:locale:alternate\" content=\"ro_RO\" \/>\n<meta property=\"og:locale:alternate\" content=\"sr_RS\" \/>\n<meta property=\"og:locale:alternate\" content=\"bg_BG\" \/>\n<meta property=\"og:type\" content=\"article\" \/>\n<meta property=\"og:title\" content=\"Pobierz slot Dead or Alive\" \/>\n<meta property=\"og:description\" content=\"Slot Dead or Alive od NetEnt to ekscytuj\u0105ca gra od wiod\u0105cego dewelopera, kt\u00f3ra zanurza ci\u0119 w atmosferze Dzikiego Zachodu. Staniesz si\u0119 kowbojem, nieustannie poluj\u0105cym na z\u0142oto i przygody, wszystko bezpo\u015brednio na twoim komputerze lub urz\u0105dzeniu mobilnym! Got\u00f3w zacz\u0105\u0107? Dowiedz si\u0119, jak pobra\u0107 ten fantastyczny slot Dead or Alive. Pogadajmy o tym, dlaczego warto pobra\u0107 slot...\" \/>\n<meta property=\"og:url\" content=\"https:\/\/deadoraliveslot.com\/pl\/download-dead-or-alive-slot\/\" \/>\n<meta property=\"og:site_name\" content=\"Dead or Alive Slot\" \/>\n<meta property=\"article:modified_time\" content=\"2024-04-20T21:37:49+00:00\" \/>\n<meta name=\"twitter:card\" content=\"summary_large_image\" \/>\n<meta name=\"twitter:label1\" content=\"Szacowany czas czytania\" \/>\n\t<meta name=\"twitter:data1\" content=\"14 minut\" \/>\n<script type=\"application\/ld+json\" class=\"yoast-schema-graph\">{\"@context\":\"https:\/\/schema.org\",\"@graph\":[{\"@type\":\"WebPage\",\"@id\":\"https:\/\/deadoraliveslot.com\/download-dead-or-alive-slot\/\",\"url\":\"https:\/\/deadoraliveslot.com\/download-dead-or-alive-slot\/\",\"name\":\"Pobierz slot Dead or Alive\",\"isPartOf\":{\"@id\":\"https:\/\/deadoraliveslot.com\/#website\"},\"datePublished\":\"2023-10-20T21:33:26+00:00\",\"dateModified\":\"2024-04-20T21:37:49+00:00\",\"breadcrumb\":{\"@id\":\"https:\/\/deadoraliveslot.com\/download-dead-or-alive-slot\/#breadcrumb\"},\"inLanguage\":\"pl-PL\",\"potentialAction\":[{\"@type\":\"ReadAction\",\"target\":[\"https:\/\/deadoraliveslot.com\/download-dead-or-alive-slot\/\"]}]},{\"@type\":\"BreadcrumbList\",\"@id\":\"https:\/\/deadoraliveslot.com\/download-dead-or-alive-slot\/#breadcrumb\",\"itemListElement\":[{\"@type\":\"ListItem\",\"position\":1,\"name\":\"Home\",\"item\":\"https:\/\/deadoraliveslot.com\/\"},{\"@type\":\"ListItem\",\"position\":2,\"name\":\"\u0421\u043a\u0430\u0447\u0430\u0442\u044c \u0441\u043b\u043e\u0442 Dead or Alive\u00a0\"}]},{\"@type\":\"WebSite\",\"@id\":\"https:\/\/deadoraliveslot.com\/#website\",\"url\":\"https:\/\/deadoraliveslot.com\/\",\"name\":\"Dead or Alive Slot\",\"description\":\"\",\"publisher\":{\"@id\":\"https:\/\/deadoraliveslot.com\/#organization\"},\"potentialAction\":[{\"@type\":\"SearchAction\",\"target\":{\"@type\":\"EntryPoint\",\"urlTemplate\":\"https:\/\/deadoraliveslot.com\/?s={search_term_string}\"},\"query-input\":{\"@type\":\"PropertyValueSpecification\",\"valueRequired\":true,\"valueName\":\"search_term_string\"}}],\"inLanguage\":\"pl-PL\"},{\"@type\":\"Organization\",\"@id\":\"https:\/\/deadoraliveslot.com\/#organization\",\"name\":\"Dead or Alive Slot\",\"url\":\"https:\/\/deadoraliveslot.com\/\",\"logo\":{\"@type\":\"ImageObject\",\"inLanguage\":\"pl-PL\",\"@id\":\"https:\/\/deadoraliveslot.com\/#\/schema\/logo\/image\/\",\"url\":\"https:\/\/deadoraliveslot.com\/wp-content\/uploads\/logo-doa.png\",\"contentUrl\":\"https:\/\/deadoraliveslot.com\/wp-content\/uploads\/logo-doa.png\",\"width\":485,\"height\":255,\"caption\":\"Dead or Alive Slot\"},\"image\":{\"@id\":\"https:\/\/deadoraliveslot.com\/#\/schema\/logo\/image\/\"}}]}<\/script>\n<!-- \/ Yoast SEO plugin. -->","yoast_head_json":{"title":"Pobierz slot Dead or Alive","description":"Jak pobra\u0107 automat do gier Dead or Alive na komputer, Android, iPhone, tablet. Pobierz i zacznij gra\u0107 teraz.","robots":{"index":"index","follow":"follow","max-snippet":"max-snippet:-1","max-image-preview":"max-image-preview:large","max-video-preview":"max-video-preview:-1"},"canonical":"https:\/\/deadoraliveslot.com\/pl\/download-dead-or-alive-slot\/","og_locale":"pl_PL","og_type":"article","og_title":"[:ru]\u0421\u043a\u0430\u0447\u0430\u0442\u044c \u0441\u043b\u043e\u0442 Dead or Alive\u00a0[:en]Download Dead or Alive slot[:pt]Baixar o slot Dead or Alive[:es]Descargar el slot Dead or Alive[:it]Scaricare il slot Dead or Alive[:fr]T\u00e9l\u00e9charger le slot Dead or Alive[:de]Dead or Alive Slot herunterladen[:ro]Desc\u0103rca\u021bi slotul Dead or Alive[:sr]\u041f\u0440\u0435\u0443\u0437\u043c\u0438\u0442\u0435 \u0441\u043b\u043e\u0442 Dead or Alive[:bg]\u0418\u0437\u0442\u0435\u0433\u043b\u044f\u043d\u0435 \u043d\u0430 \u0441\u043b\u043e\u0442\u0430 Dead or Alive[:pl]Pobierz slot Dead or Alive[:] - Dead or Alive Slot","og_description":"Slot Dead or Alive od NetEnt to ekscytuj\u0105ca gra od wiod\u0105cego dewelopera, kt\u00f3ra zanurza ci\u0119 w atmosferze Dzikiego Zachodu. Staniesz si\u0119 kowbojem, nieustannie poluj\u0105cym na z\u0142oto i przygody, wszystko bezpo\u015brednio na twoim komputerze lub urz\u0105dzeniu mobilnym! Got\u00f3w zacz\u0105\u0107? Dowiedz si\u0119, jak pobra\u0107 ten fantastyczny slot Dead or Alive. Pogadajmy o tym, dlaczego warto pobra\u0107 slot...","og_url":"https:\/\/deadoraliveslot.com\/pl\/download-dead-or-alive-slot\/","og_site_name":"Dead or Alive Slot","article_modified_time":"2024-04-20T21:37:49+00:00","twitter_card":"summary_large_image","twitter_misc":{"Szacowany czas czytania":"14 minut"},"schema":{"@context":"https:\/\/schema.org","@graph":[{"@type":"WebPage","@id":"https:\/\/deadoraliveslot.com\/download-dead-or-alive-slot\/","url":"https:\/\/deadoraliveslot.com\/download-dead-or-alive-slot\/","name":"Pobierz slot Dead or Alive","isPartOf":{"@id":"https:\/\/deadoraliveslot.com\/#website"},"datePublished":"2023-10-20T21:33:26+00:00","dateModified":"2024-04-20T21:37:49+00:00","breadcrumb":{"@id":"https:\/\/deadoraliveslot.com\/download-dead-or-alive-slot\/#breadcrumb"},"inLanguage":"pl-PL","potentialAction":[{"@type":"ReadAction","target":["https:\/\/deadoraliveslot.com\/download-dead-or-alive-slot\/"]}]},{"@type":"BreadcrumbList","@id":"https:\/\/deadoraliveslot.com\/download-dead-or-alive-slot\/#breadcrumb","itemListElement":[{"@type":"ListItem","position":1,"name":"Home","item":"https:\/\/deadoraliveslot.com\/"},{"@type":"ListItem","position":2,"name":"\u0421\u043a\u0430\u0447\u0430\u0442\u044c \u0441\u043b\u043e\u0442 Dead or Alive\u00a0"}]},{"@type":"WebSite","@id":"https:\/\/deadoraliveslot.com\/#website","url":"https:\/\/deadoraliveslot.com\/","name":"Dead or Alive Slot","description":"","publisher":{"@id":"https:\/\/deadoraliveslot.com\/#organization"},"potentialAction":[{"@type":"SearchAction","target":{"@type":"EntryPoint","urlTemplate":"https:\/\/deadoraliveslot.com\/?s={search_term_string}"},"query-input":{"@type":"PropertyValueSpecification","valueRequired":true,"valueName":"search_term_string"}}],"inLanguage":"pl-PL"},{"@type":"Organization","@id":"https:\/\/deadoraliveslot.com\/#organization","name":"Dead or Alive Slot","url":"https:\/\/deadoraliveslot.com\/","logo":{"@type":"ImageObject","inLanguage":"pl-PL","@id":"https:\/\/deadoraliveslot.com\/#\/schema\/logo\/image\/","url":"https:\/\/deadoraliveslot.com\/wp-content\/uploads\/logo-doa.png","contentUrl":"https:\/\/deadoraliveslot.com\/wp-content\/uploads\/logo-doa.png","width":485,"height":255,"caption":"Dead or Alive Slot"},"image":{"@id":"https:\/\/deadoraliveslot.com\/#\/schema\/logo\/image\/"}}]}},"_links":{"self":[{"href":"https:\/\/deadoraliveslot.com\/pl\/wp-json\/wp\/v2\/pages\/9","targetHints":{"allow":["GET"]}}],"collection":[{"href":"https:\/\/deadoraliveslot.com\/pl\/wp-json\/wp\/v2\/pages"}],"about":[{"href":"https:\/\/deadoraliveslot.com\/pl\/wp-json\/wp\/v2\/types\/page"}],"author":[{"embeddable":true,"href":"https:\/\/deadoraliveslot.com\/pl\/wp-json\/wp\/v2\/users\/1"}],"replies":[{"embeddable":true,"href":"https:\/\/deadoraliveslot.com\/pl\/wp-json\/wp\/v2\/comments?post=9"}],"version-history":[{"count":23,"href":"https:\/\/deadoraliveslot.com\/pl\/wp-json\/wp\/v2\/pages\/9\/revisions"}],"predecessor-version":[{"id":151,"href":"https:\/\/deadoraliveslot.com\/pl\/wp-json\/wp\/v2\/pages\/9\/revisions\/151"}],"wp:attachment":[{"href":"https:\/\/deadoraliveslot.com\/pl\/wp-json\/wp\/v2\/media?parent=9"}],"curies":[{"name":"wp","href":"https:\/\/api.w.org\/{rel}","templated":true}]}}