{"id":7,"date":"2023-10-20T21:31:57","date_gmt":"2023-10-20T21:31:57","guid":{"rendered":"https:\/\/deadoraliveslot.com\/?page_id=7"},"modified":"2024-04-20T21:42:36","modified_gmt":"2024-04-20T21:42:36","slug":"dead-or-alive-slot-strategy","status":"publish","type":"page","link":"https:\/\/deadoraliveslot.com\/pl\/dead-or-alive-slot-strategy\/","title":{"rendered":"Strategia gry w slocie Dead or Alive"},"content":{"rendered":"<p>Automat do gry Dead or Alive to nie tylko ekscytuj\u0105cy slot, ale r\u00f3wnie\u017c gra, w kt\u00f3rej zastosowanie w\u0142a\u015bciwej strategii mo\u017ce znacz\u0105co zwi\u0119kszy\u0107 Twoje szanse na udan\u0105 rozgrywk\u0119. Oczywi\u015bcie nikt nie gwarantuje wygranej, ale przynajmniej znacznie zwi\u0119kszasz swoje szanse na zwyci\u0119stwo. W ko\u0144cu proste naciskanie przycisk\u00f3w nie prowadzi do zwyci\u0119stwa. Dowiedzmy si\u0119, jak gra\u0107 w ten popularny slot najbardziej efektywnie.<\/p>\n<h2><strong>Zapoznaj si\u0119 z podstawami automatu Dead or Alive<\/strong><\/h2>\n<p>Zanim opracujesz strategi\u0119, wa\u017cne jest zrozumienie mechaniki gry. Dead or Alive to automat z 5 b\u0119bnami i 9 liniami wyp\u0142at. Symbole obejmuj\u0105 odznaki szeryfa, pistolety i kowbojskie buty. Znajomo\u015b\u0107 i zrozumienie tego jest kluczowe.<\/p>\n<h2><strong>Wyb\u00f3r stawek<\/strong><\/h2>\n<p>Wyb\u00f3r odpowiedniej stawki to kluczowy element strategii gry. Zacznij od niskich stawek, aby poczu\u0107 gr\u0119. Z czasem, gdy nabierzesz pewno\u015bci siebie w swoich dzia\u0142aniach i zrozumieniu automatu, zwi\u0119kszaj stawk\u0119. Ale pami\u0119taj o zarz\u0105dzaniu kapita\u0142em: nigdy nie stawiaj wi\u0119cej, ni\u017c jeste\u015b got\u00f3w straci\u0107. Innymi s\u0142owy, wybierz komfortowy poziom stawki. Pami\u0119taj, \u017ce powiniene\u015b mie\u0107 wystarczaj\u0105co du\u017co pieni\u0119dzy na koncie do gry na co najmniej 200 spin\u00f3w. Je\u015bli zrobisz mniej spin\u00f3w, istnieje du\u017ce ryzyko, \u017ce wszystko przegrasz.<\/p>\n<h2><strong>Korzystaj z rund bonusowych<\/strong><\/h2>\n<p>Jedn\u0105 z cech automatu Dead or Alive s\u0105 rundy bonusowe. Aktywuj\u0105 si\u0119 one, gdy pojawiaj\u0105 si\u0119 trzy lub wi\u0119cej symboli scatter. W tych rundach mo\u017cesz zdoby\u0107 darmowe spiny, zwi\u0119kszaj\u0105c swoje szanse na wygran\u0105 bez dodatkowych zak\u0142ad\u00f3w. Og\u00f3lnie rzecz bior\u0105c, korzystanie z bonus\u00f3w oferowanych przez kasyna online to bardzo przydatna i w\u0142a\u015bciwa strategia.<\/p>\n<h2><strong>Oce\u0144 ryzyko<\/strong><\/h2>\n<p>Automaty to gry losowe i mimo wszystkich strategii wynik w du\u017cej mierze zale\u017cy od szcz\u0119\u015bcia. Jednak zarz\u0105dzaj\u0105c swoimi zak\u0142adami, rozumiej\u0105c cechy automatu i korzystaj\u0105c z bonus\u00f3w, mo\u017cesz zwi\u0119kszy\u0107 swoje szanse na wygran\u0105. W ka\u017cdym przypadku, je\u015bli grasz o pieni\u0105dze, zrozum, \u017ce automaty maj\u0105 bardzo wysokie ryzyko.<\/p>\n<h2><strong>Praktyka i do\u015bwiadczenie:<\/strong><\/h2>\n<p>Jak w ka\u017cdej innej grze, do\u015bwiadczenie w grze na automacie Dead or Alive jest kluczowe. Im wi\u0119cej grasz, tym lepiej rozumiesz dynamik\u0119 i niuanse automatu. Wi\u0119kszo\u015b\u0107 kasyn online oferuje wersje demonstracyjne gier, w kt\u00f3rych mo\u017cna gra\u0107 za wirtualne pieni\u0105dze, czyli za darmo. To doskona\u0142y spos\u00f3b na wypr\u00f3bowanie r\u00f3\u017cnych strategii bez ryzyka dla swojego portfela.<\/p>\n<h2><strong>G\u0142\u00f3wna zasada \u2013 baw si\u0119 dobrze<\/strong><\/h2>\n<p>Pami\u0119taj, \u017ce g\u0142\u00f3wnym celem gry na automatach jest rozrywka. Nigdy nie graj pod presj\u0105 ani w stanie stresu. Ustal limity, monitoruj swoje finanse i ciesz si\u0119 procesem. Najwa\u017cniejsze jest to, \u017ceby dobrze si\u0119 bawi\u0107. A je\u015bli dobrze si\u0119 bawisz, zwyci\u0119stwo przyjdzie pr\u0119dzej czy p\u00f3\u017aniej.<\/p>\n<p>Gra na automacie Dead or Alive to ekscytuj\u0105ca przygoda na Dzikim Zachodzie. \u015aledz\u0105c te strategiczne wskaz\u00f3wki, zwi\u0119kszysz nie tylko swoje szanse na sukces, ale tak\u017ce maksymalnie b\u0119dziesz cieszy\u0107 si\u0119 gr\u0105. Do boju o zwyci\u0119stwa i kowbojskie przygody!<\/p>\n","protected":false},"excerpt":{"rendered":"<p>Automat do gry Dead or Alive to nie tylko ekscytuj\u0105cy slot, ale r\u00f3wnie\u017c gra, w kt\u00f3rej zastosowanie w\u0142a\u015bciwej strategii mo\u017ce znacz\u0105co zwi\u0119kszy\u0107 Twoje szanse na udan\u0105 rozgrywk\u0119. Oczywi\u015bcie nikt nie gwarantuje wygranej, ale przynajmniej znacznie zwi\u0119kszasz swoje szanse na zwyci\u0119stwo. W ko\u0144cu proste naciskanie przycisk\u00f3w nie prowadzi do zwyci\u0119stwa. Dowiedzmy si\u0119, jak gra\u0107 w ten&#8230;<\/p>\n","protected":false},"author":1,"featured_media":0,"parent":0,"menu_order":0,"comment_status":"closed","ping_status":"closed","template":"","meta":{"footnotes":""},"class_list":["post-7","page","type-page","status-publish","hentry"],"yoast_head":"<!-- This site is optimized with the Yoast SEO plugin v27.2 - https:\/\/yoast.com\/product\/yoast-seo-wordpress\/ -->\n<title>Strategie i taktyki gry na automacie Dead or Alive<\/title>\n<meta name=\"description\" content=\"Jak gra\u0107 i wygrywa\u0107 na automacie Dead or Alive. Najlepsze strategie wygrywaj\u0105ce na automacie dla nowych i do\u015bwiadczonych graczy.\" \/>\n<meta name=\"robots\" content=\"index, follow, max-snippet:-1, max-image-preview:large, max-video-preview:-1\" \/>\n<link rel=\"canonical\" href=\"https:\/\/deadoraliveslot.com\/pl\/dead-or-alive-slot-strategy\/\" \/>\n<meta property=\"og:locale\" content=\"pl_PL\" \/>\n<meta property=\"og:locale:alternate\" content=\"ru_RU\" \/>\n<meta property=\"og:locale:alternate\" content=\"en_US\" \/>\n<meta property=\"og:locale:alternate\" content=\"pt_PT\" \/>\n<meta property=\"og:locale:alternate\" content=\"es_ES\" \/>\n<meta property=\"og:locale:alternate\" content=\"it_IT\" \/>\n<meta property=\"og:locale:alternate\" content=\"fr_FR\" \/>\n<meta property=\"og:locale:alternate\" content=\"de_DE\" \/>\n<meta property=\"og:locale:alternate\" content=\"ro_RO\" \/>\n<meta property=\"og:locale:alternate\" content=\"sr_RS\" \/>\n<meta property=\"og:locale:alternate\" content=\"bg_BG\" \/>\n<meta property=\"og:type\" content=\"article\" \/>\n<meta property=\"og:title\" content=\"Strategie i taktyki gry na automacie Dead or Alive\" \/>\n<meta property=\"og:description\" content=\"Jak gra\u0107 i wygrywa\u0107 na automacie Dead or Alive. Najlepsze strategie wygrywaj\u0105ce na automacie dla nowych i do\u015bwiadczonych graczy.\" \/>\n<meta property=\"og:url\" content=\"https:\/\/deadoraliveslot.com\/pl\/dead-or-alive-slot-strategy\/\" \/>\n<meta property=\"og:site_name\" content=\"Dead or Alive Slot\" \/>\n<meta property=\"article:modified_time\" content=\"2024-04-20T21:42:36+00:00\" \/>\n<meta name=\"twitter:card\" content=\"summary_large_image\" \/>\n<meta name=\"twitter:label1\" content=\"Szacowany czas czytania\" \/>\n\t<meta name=\"twitter:data1\" content=\"21 minut\" \/>\n<script type=\"application\/ld+json\" class=\"yoast-schema-graph\">{\"@context\":\"https:\/\/schema.org\",\"@graph\":[{\"@type\":\"WebPage\",\"@id\":\"https:\/\/deadoraliveslot.com\/pl\/dead-or-alive-slot-strategy\/\",\"url\":\"https:\/\/deadoraliveslot.com\/pl\/dead-or-alive-slot-strategy\/\",\"name\":\"Strategie i taktyki gry na automacie Dead or Alive\",\"isPartOf\":{\"@id\":\"https:\/\/deadoraliveslot.com\/#website\"},\"datePublished\":\"2023-10-20T21:31:57+00:00\",\"dateModified\":\"2024-04-20T21:42:36+00:00\",\"description\":\"Jak gra\u0107 i wygrywa\u0107 na automacie Dead or Alive. Najlepsze strategie wygrywaj\u0105ce na automacie dla nowych i do\u015bwiadczonych graczy.\",\"breadcrumb\":{\"@id\":\"https:\/\/deadoraliveslot.com\/pl\/dead-or-alive-slot-strategy\/#breadcrumb\"},\"inLanguage\":\"pl-PL\",\"potentialAction\":[{\"@type\":\"ReadAction\",\"target\":[\"https:\/\/deadoraliveslot.com\/pl\/dead-or-alive-slot-strategy\/\"]}]},{\"@type\":\"BreadcrumbList\",\"@id\":\"https:\/\/deadoraliveslot.com\/pl\/dead-or-alive-slot-strategy\/#breadcrumb\",\"itemListElement\":[{\"@type\":\"ListItem\",\"position\":1,\"name\":\"Home\",\"item\":\"https:\/\/deadoraliveslot.com\/\"},{\"@type\":\"ListItem\",\"position\":2,\"name\":\"Strategia gry w slocie Dead or Alive\"}]},{\"@type\":\"WebSite\",\"@id\":\"https:\/\/deadoraliveslot.com\/#website\",\"url\":\"https:\/\/deadoraliveslot.com\/\",\"name\":\"Dead or Alive Slot\",\"description\":\"\",\"publisher\":{\"@id\":\"https:\/\/deadoraliveslot.com\/#organization\"},\"potentialAction\":[{\"@type\":\"SearchAction\",\"target\":{\"@type\":\"EntryPoint\",\"urlTemplate\":\"https:\/\/deadoraliveslot.com\/?s={search_term_string}\"},\"query-input\":{\"@type\":\"PropertyValueSpecification\",\"valueRequired\":true,\"valueName\":\"search_term_string\"}}],\"inLanguage\":\"pl-PL\"},{\"@type\":\"Organization\",\"@id\":\"https:\/\/deadoraliveslot.com\/#organization\",\"name\":\"Dead or Alive Slot\",\"url\":\"https:\/\/deadoraliveslot.com\/\",\"logo\":{\"@type\":\"ImageObject\",\"inLanguage\":\"pl-PL\",\"@id\":\"https:\/\/deadoraliveslot.com\/#\/schema\/logo\/image\/\",\"url\":\"https:\/\/deadoraliveslot.com\/wp-content\/uploads\/logo-doa.png\",\"contentUrl\":\"https:\/\/deadoraliveslot.com\/wp-content\/uploads\/logo-doa.png\",\"width\":485,\"height\":255,\"caption\":\"Dead or Alive Slot\"},\"image\":{\"@id\":\"https:\/\/deadoraliveslot.com\/#\/schema\/logo\/image\/\"}}]}<\/script>\n<!-- \/ Yoast SEO plugin. -->","yoast_head_json":{"title":"Strategie i taktyki gry na automacie Dead or Alive","description":"Jak gra\u0107 i wygrywa\u0107 na automacie Dead or Alive. Najlepsze strategie wygrywaj\u0105ce na automacie dla nowych i do\u015bwiadczonych graczy.","robots":{"index":"index","follow":"follow","max-snippet":"max-snippet:-1","max-image-preview":"max-image-preview:large","max-video-preview":"max-video-preview:-1"},"canonical":"https:\/\/deadoraliveslot.com\/pl\/dead-or-alive-slot-strategy\/","og_locale":"pl_PL","og_type":"article","og_title":"Strategie i taktyki gry na automacie Dead or Alive","og_description":"Jak gra\u0107 i wygrywa\u0107 na automacie Dead or Alive. Najlepsze strategie wygrywaj\u0105ce na automacie dla nowych i do\u015bwiadczonych graczy.","og_url":"https:\/\/deadoraliveslot.com\/pl\/dead-or-alive-slot-strategy\/","og_site_name":"Dead or Alive Slot","article_modified_time":"2024-04-20T21:42:36+00:00","twitter_card":"summary_large_image","twitter_misc":{"Szacowany czas czytania":"21 minut"},"schema":{"@context":"https:\/\/schema.org","@graph":[{"@type":"WebPage","@id":"https:\/\/deadoraliveslot.com\/pl\/dead-or-alive-slot-strategy\/","url":"https:\/\/deadoraliveslot.com\/pl\/dead-or-alive-slot-strategy\/","name":"Strategie i taktyki gry na automacie Dead or Alive","isPartOf":{"@id":"https:\/\/deadoraliveslot.com\/#website"},"datePublished":"2023-10-20T21:31:57+00:00","dateModified":"2024-04-20T21:42:36+00:00","description":"Jak gra\u0107 i wygrywa\u0107 na automacie Dead or Alive. Najlepsze strategie wygrywaj\u0105ce na automacie dla nowych i do\u015bwiadczonych graczy.","breadcrumb":{"@id":"https:\/\/deadoraliveslot.com\/pl\/dead-or-alive-slot-strategy\/#breadcrumb"},"inLanguage":"pl-PL","potentialAction":[{"@type":"ReadAction","target":["https:\/\/deadoraliveslot.com\/pl\/dead-or-alive-slot-strategy\/"]}]},{"@type":"BreadcrumbList","@id":"https:\/\/deadoraliveslot.com\/pl\/dead-or-alive-slot-strategy\/#breadcrumb","itemListElement":[{"@type":"ListItem","position":1,"name":"Home","item":"https:\/\/deadoraliveslot.com\/"},{"@type":"ListItem","position":2,"name":"Strategia gry w slocie Dead or Alive"}]},{"@type":"WebSite","@id":"https:\/\/deadoraliveslot.com\/#website","url":"https:\/\/deadoraliveslot.com\/","name":"Dead or Alive Slot","description":"","publisher":{"@id":"https:\/\/deadoraliveslot.com\/#organization"},"potentialAction":[{"@type":"SearchAction","target":{"@type":"EntryPoint","urlTemplate":"https:\/\/deadoraliveslot.com\/?s={search_term_string}"},"query-input":{"@type":"PropertyValueSpecification","valueRequired":true,"valueName":"search_term_string"}}],"inLanguage":"pl-PL"},{"@type":"Organization","@id":"https:\/\/deadoraliveslot.com\/#organization","name":"Dead or Alive Slot","url":"https:\/\/deadoraliveslot.com\/","logo":{"@type":"ImageObject","inLanguage":"pl-PL","@id":"https:\/\/deadoraliveslot.com\/#\/schema\/logo\/image\/","url":"https:\/\/deadoraliveslot.com\/wp-content\/uploads\/logo-doa.png","contentUrl":"https:\/\/deadoraliveslot.com\/wp-content\/uploads\/logo-doa.png","width":485,"height":255,"caption":"Dead or Alive Slot"},"image":{"@id":"https:\/\/deadoraliveslot.com\/#\/schema\/logo\/image\/"}}]}},"_links":{"self":[{"href":"https:\/\/deadoraliveslot.com\/pl\/wp-json\/wp\/v2\/pages\/7","targetHints":{"allow":["GET"]}}],"collection":[{"href":"https:\/\/deadoraliveslot.com\/pl\/wp-json\/wp\/v2\/pages"}],"about":[{"href":"https:\/\/deadoraliveslot.com\/pl\/wp-json\/wp\/v2\/types\/page"}],"author":[{"embeddable":true,"href":"https:\/\/deadoraliveslot.com\/pl\/wp-json\/wp\/v2\/users\/1"}],"replies":[{"embeddable":true,"href":"https:\/\/deadoraliveslot.com\/pl\/wp-json\/wp\/v2\/comments?post=7"}],"version-history":[{"count":22,"href":"https:\/\/deadoraliveslot.com\/pl\/wp-json\/wp\/v2\/pages\/7\/revisions"}],"predecessor-version":[{"id":152,"href":"https:\/\/deadoraliveslot.com\/pl\/wp-json\/wp\/v2\/pages\/7\/revisions\/152"}],"wp:attachment":[{"href":"https:\/\/deadoraliveslot.com\/pl\/wp-json\/wp\/v2\/media?parent=7"}],"curies":[{"name":"wp","href":"https:\/\/api.w.org\/{rel}","templated":true}]}}