{"id":7,"date":"2023-10-20T21:31:57","date_gmt":"2023-10-20T21:31:57","guid":{"rendered":"https:\/\/deadoraliveslot.com\/?page_id=7"},"modified":"2024-04-20T21:42:36","modified_gmt":"2024-04-20T21:42:36","slug":"dead-or-alive-slot-strategy","status":"publish","type":"page","link":"https:\/\/deadoraliveslot.com\/it\/dead-or-alive-slot-strategy\/","title":{"rendered":"Strategia di gioco nel slot Dead or Alive"},"content":{"rendered":"<p>La slot machine Dead or Alive non \u00e8 solo una slot emozionante, ma anche un gioco in cui l&#8217;applicazione della strategia giusta pu\u00f2 aumentare significativamente le tue possibilit\u00e0 di un gioco di successo. Naturalmente, nessuno garantisce una vittoria, ma almeno aumenti nettamente le tue possibilit\u00e0 di vincita. Dopotutto, premere semplicemente i pulsanti non porter\u00e0 alla vittoria. Scopriamo come giocare a questa popolare slot nel modo pi\u00f9 efficace.<\/p>\n<h2><strong>Impara le basi della slot Dead or Alive<\/strong><\/h2>\n<p>Prima di sviluppare una strategia, \u00e8 importante comprendere la meccanica di gioco. Dead or Alive \u00e8 una slot con 5 rulli e 9 linee di pagamento. I simboli includono distintivi dello sceriffo, pistole e stivali da cowboy. Conoscere e comprendere questo \u00e8 fondamentale.<\/p>\n<h2><strong>Scegliere le scommesse<\/strong><\/h2>\n<p>Scegliere la scommessa giusta \u00e8 una parte chiave della strategia di gioco. Inizia con piccole scommesse per familiarizzare con il gioco. Man mano che acquisisci fiducia nelle tue azioni e comprensione della slot, aumenta la tua scommessa. Ma ricorda la gestione del bankroll: non scommettere mai pi\u00f9 di quanto sei disposto a perdere. In altre parole, scegli un livello di scommessa confortevole. Tieni presente che dovresti avere abbastanza denaro nel tuo account di gioco per almeno 200 giri. Se fai meno giri, c&#8217;\u00e8 un&#8217;alta probabilit\u00e0 di perdere tutto.<\/p>\n<h2><strong>Utilizza i giri bonus<\/strong><\/h2>\n<p>Una delle caratteristiche della slot Dead or Alive sono i giri bonus. Si attivano quando appaiono tre o pi\u00f9 simboli scatter. In questi round, puoi ottenere giri gratuiti, aumentando le tue possibilit\u00e0 di vincita senza scommesse aggiuntive. In generale, utilizzare i bonus forniti dai casin\u00f2 online \u00e8 una strategia molto utile e corretta.<\/p>\n<h2><strong>Calcola il rischio<\/strong><\/h2>\n<p>Le slot sono giochi di fortuna e, nonostante tutte le strategie, l&#8217;esito dipende in gran parte dalla fortuna. Tuttavia, gestendo le tue scommesse, comprendendo le caratteristiche della slot e utilizzando i bonus, puoi massimizzare le tue possibilit\u00e0 di vincita. In ogni caso, se giochi per soldi, comprendi che le slot sono un gioco ad alto rischio.<\/p>\n<h2><strong>Pratica ed esperienza:<\/strong><\/h2>\n<p>Come per qualsiasi altro gioco, l&#8217;esperienza nel giocare a Dead or Alive \u00e8 fondamentale. Pi\u00f9 giochi, pi\u00f9 comprendi la dinamica e le sfumature della slot. La maggior parte dei casin\u00f2 online offre versioni demo dei giochi in cui puoi giocare con denaro virtuale, ovvero puoi giocare gratuitamente. Questo \u00e8 un ottimo modo per provare diverse strategie senza rischiare il tuo portafoglio.<\/p>\n<h2><strong>La regola principale \u2013 divertiti<\/strong><\/h2>\n<p>Ricorda che l&#8217;obiettivo principale nel giocare alle slot \u00e8 il divertimento. Non giocare mai sotto pressione o in uno stato di stress. Imposta dei limiti, monitora le tue finanze e goditi il processo. La cosa pi\u00f9 importante \u00e8 divertirsi. E se ti stai divertendo, la vittoria arriver\u00e0 prima o poi.<\/p>\n<p>Giocare alla slot Dead or Alive \u00e8 una emozionante avventura nel Far West. Seguendo questi consigli strategici, non solo aumenterai le tue possibilit\u00e0 di successo, ma otterrai anche il massimo divertimento dal gioco. Avanti verso le vittorie e le avventure da cowboy!<\/p>\n","protected":false},"excerpt":{"rendered":"<p>La slot machine Dead or Alive non \u00e8 solo una slot emozionante, ma anche un gioco in cui l&#8217;applicazione della strategia giusta pu\u00f2 aumentare significativamente le tue possibilit\u00e0 di un gioco di successo. Naturalmente, nessuno garantisce una vittoria, ma almeno aumenti nettamente le tue possibilit\u00e0 di vincita. Dopotutto, premere semplicemente i pulsanti non porter\u00e0 alla&#8230;<\/p>\n","protected":false},"author":1,"featured_media":0,"parent":0,"menu_order":0,"comment_status":"closed","ping_status":"closed","template":"","meta":{"footnotes":""},"class_list":["post-7","page","type-page","status-publish","hentry"],"yoast_head":"<!-- This site is optimized with the Yoast SEO plugin v27.2 - https:\/\/yoast.com\/product\/yoast-seo-wordpress\/ -->\n<title>Strategie i taktyki gry na automacie Dead or Alive<\/title>\n<meta name=\"description\" content=\"Come giocare e vincere alla slot machine Dead or Alive. Le migliori strategie vincenti nella slot per giocatori nuovi ed esperti.\" \/>\n<meta name=\"robots\" content=\"index, follow, max-snippet:-1, max-image-preview:large, max-video-preview:-1\" \/>\n<link rel=\"canonical\" href=\"https:\/\/deadoraliveslot.com\/it\/dead-or-alive-slot-strategy\/\" \/>\n<meta property=\"og:locale\" content=\"it_IT\" \/>\n<meta property=\"og:locale:alternate\" content=\"ru_RU\" \/>\n<meta property=\"og:locale:alternate\" content=\"en_US\" \/>\n<meta property=\"og:locale:alternate\" content=\"pt_PT\" \/>\n<meta property=\"og:locale:alternate\" content=\"es_ES\" \/>\n<meta property=\"og:locale:alternate\" content=\"fr_FR\" \/>\n<meta property=\"og:locale:alternate\" content=\"de_DE\" \/>\n<meta property=\"og:locale:alternate\" content=\"ro_RO\" \/>\n<meta property=\"og:locale:alternate\" content=\"sr_RS\" \/>\n<meta property=\"og:locale:alternate\" content=\"bg_BG\" \/>\n<meta property=\"og:locale:alternate\" content=\"pl_PL\" \/>\n<meta property=\"og:type\" content=\"article\" \/>\n<meta property=\"og:title\" content=\"Strategie i taktyki gry na automacie Dead or Alive\" \/>\n<meta property=\"og:description\" content=\"Jak gra\u0107 i wygrywa\u0107 na automacie Dead or Alive. Najlepsze strategie wygrywaj\u0105ce na automacie dla nowych i do\u015bwiadczonych graczy.\" \/>\n<meta property=\"og:url\" content=\"https:\/\/deadoraliveslot.com\/it\/dead-or-alive-slot-strategy\/\" \/>\n<meta property=\"og:site_name\" content=\"Dead or Alive Slot\" \/>\n<meta property=\"article:modified_time\" content=\"2024-04-20T21:42:36+00:00\" \/>\n<meta name=\"twitter:card\" content=\"summary_large_image\" \/>\n<meta name=\"twitter:label1\" content=\"Tempo di lettura stimato\" \/>\n\t<meta name=\"twitter:data1\" content=\"21 minuti\" \/>\n<script type=\"application\/ld+json\" class=\"yoast-schema-graph\">{\"@context\":\"https:\/\/schema.org\",\"@graph\":[{\"@type\":\"WebPage\",\"@id\":\"https:\/\/deadoraliveslot.com\/pl\/dead-or-alive-slot-strategy\/\",\"url\":\"https:\/\/deadoraliveslot.com\/pl\/dead-or-alive-slot-strategy\/\",\"name\":\"Strategie i taktyki gry na automacie Dead or Alive\",\"isPartOf\":{\"@id\":\"https:\/\/deadoraliveslot.com\/#website\"},\"datePublished\":\"2023-10-20T21:31:57+00:00\",\"dateModified\":\"2024-04-20T21:42:36+00:00\",\"description\":\"Jak gra\u0107 i wygrywa\u0107 na automacie Dead or Alive. Najlepsze strategie wygrywaj\u0105ce na automacie dla nowych i do\u015bwiadczonych graczy.\",\"breadcrumb\":{\"@id\":\"https:\/\/deadoraliveslot.com\/pl\/dead-or-alive-slot-strategy\/#breadcrumb\"},\"inLanguage\":\"it-IT\",\"potentialAction\":[{\"@type\":\"ReadAction\",\"target\":[\"https:\/\/deadoraliveslot.com\/pl\/dead-or-alive-slot-strategy\/\"]}]},{\"@type\":\"BreadcrumbList\",\"@id\":\"https:\/\/deadoraliveslot.com\/pl\/dead-or-alive-slot-strategy\/#breadcrumb\",\"itemListElement\":[{\"@type\":\"ListItem\",\"position\":1,\"name\":\"Home\",\"item\":\"https:\/\/deadoraliveslot.com\/\"},{\"@type\":\"ListItem\",\"position\":2,\"name\":\"Strategia gry w slocie Dead or Alive\"}]},{\"@type\":\"WebSite\",\"@id\":\"https:\/\/deadoraliveslot.com\/#website\",\"url\":\"https:\/\/deadoraliveslot.com\/\",\"name\":\"Dead or Alive Slot\",\"description\":\"\",\"publisher\":{\"@id\":\"https:\/\/deadoraliveslot.com\/#organization\"},\"potentialAction\":[{\"@type\":\"SearchAction\",\"target\":{\"@type\":\"EntryPoint\",\"urlTemplate\":\"https:\/\/deadoraliveslot.com\/?s={search_term_string}\"},\"query-input\":{\"@type\":\"PropertyValueSpecification\",\"valueRequired\":true,\"valueName\":\"search_term_string\"}}],\"inLanguage\":\"it-IT\"},{\"@type\":\"Organization\",\"@id\":\"https:\/\/deadoraliveslot.com\/#organization\",\"name\":\"Dead or Alive Slot\",\"url\":\"https:\/\/deadoraliveslot.com\/\",\"logo\":{\"@type\":\"ImageObject\",\"inLanguage\":\"it-IT\",\"@id\":\"https:\/\/deadoraliveslot.com\/#\/schema\/logo\/image\/\",\"url\":\"https:\/\/deadoraliveslot.com\/wp-content\/uploads\/logo-doa.png\",\"contentUrl\":\"https:\/\/deadoraliveslot.com\/wp-content\/uploads\/logo-doa.png\",\"width\":485,\"height\":255,\"caption\":\"Dead or Alive Slot\"},\"image\":{\"@id\":\"https:\/\/deadoraliveslot.com\/#\/schema\/logo\/image\/\"}}]}<\/script>\n<!-- \/ Yoast SEO plugin. -->","yoast_head_json":{"title":"Strategie i taktyki gry na automacie Dead or Alive","description":"Come giocare e vincere alla slot machine Dead or Alive. Le migliori strategie vincenti nella slot per giocatori nuovi ed esperti.","robots":{"index":"index","follow":"follow","max-snippet":"max-snippet:-1","max-image-preview":"max-image-preview:large","max-video-preview":"max-video-preview:-1"},"canonical":"https:\/\/deadoraliveslot.com\/it\/dead-or-alive-slot-strategy\/","og_locale":"it_IT","og_type":"article","og_title":"Strategie i taktyki gry na automacie Dead or Alive","og_description":"Jak gra\u0107 i wygrywa\u0107 na automacie Dead or Alive. Najlepsze strategie wygrywaj\u0105ce na automacie dla nowych i do\u015bwiadczonych graczy.","og_url":"https:\/\/deadoraliveslot.com\/it\/dead-or-alive-slot-strategy\/","og_site_name":"Dead or Alive Slot","article_modified_time":"2024-04-20T21:42:36+00:00","twitter_card":"summary_large_image","twitter_misc":{"Tempo di lettura stimato":"21 minuti"},"schema":{"@context":"https:\/\/schema.org","@graph":[{"@type":"WebPage","@id":"https:\/\/deadoraliveslot.com\/pl\/dead-or-alive-slot-strategy\/","url":"https:\/\/deadoraliveslot.com\/pl\/dead-or-alive-slot-strategy\/","name":"Strategie i taktyki gry na automacie Dead or Alive","isPartOf":{"@id":"https:\/\/deadoraliveslot.com\/#website"},"datePublished":"2023-10-20T21:31:57+00:00","dateModified":"2024-04-20T21:42:36+00:00","description":"Jak gra\u0107 i wygrywa\u0107 na automacie Dead or Alive. Najlepsze strategie wygrywaj\u0105ce na automacie dla nowych i do\u015bwiadczonych graczy.","breadcrumb":{"@id":"https:\/\/deadoraliveslot.com\/pl\/dead-or-alive-slot-strategy\/#breadcrumb"},"inLanguage":"it-IT","potentialAction":[{"@type":"ReadAction","target":["https:\/\/deadoraliveslot.com\/pl\/dead-or-alive-slot-strategy\/"]}]},{"@type":"BreadcrumbList","@id":"https:\/\/deadoraliveslot.com\/pl\/dead-or-alive-slot-strategy\/#breadcrumb","itemListElement":[{"@type":"ListItem","position":1,"name":"Home","item":"https:\/\/deadoraliveslot.com\/"},{"@type":"ListItem","position":2,"name":"Strategia gry w slocie Dead or Alive"}]},{"@type":"WebSite","@id":"https:\/\/deadoraliveslot.com\/#website","url":"https:\/\/deadoraliveslot.com\/","name":"Dead or Alive Slot","description":"","publisher":{"@id":"https:\/\/deadoraliveslot.com\/#organization"},"potentialAction":[{"@type":"SearchAction","target":{"@type":"EntryPoint","urlTemplate":"https:\/\/deadoraliveslot.com\/?s={search_term_string}"},"query-input":{"@type":"PropertyValueSpecification","valueRequired":true,"valueName":"search_term_string"}}],"inLanguage":"it-IT"},{"@type":"Organization","@id":"https:\/\/deadoraliveslot.com\/#organization","name":"Dead or Alive Slot","url":"https:\/\/deadoraliveslot.com\/","logo":{"@type":"ImageObject","inLanguage":"it-IT","@id":"https:\/\/deadoraliveslot.com\/#\/schema\/logo\/image\/","url":"https:\/\/deadoraliveslot.com\/wp-content\/uploads\/logo-doa.png","contentUrl":"https:\/\/deadoraliveslot.com\/wp-content\/uploads\/logo-doa.png","width":485,"height":255,"caption":"Dead or Alive Slot"},"image":{"@id":"https:\/\/deadoraliveslot.com\/#\/schema\/logo\/image\/"}}]}},"_links":{"self":[{"href":"https:\/\/deadoraliveslot.com\/it\/wp-json\/wp\/v2\/pages\/7","targetHints":{"allow":["GET"]}}],"collection":[{"href":"https:\/\/deadoraliveslot.com\/it\/wp-json\/wp\/v2\/pages"}],"about":[{"href":"https:\/\/deadoraliveslot.com\/it\/wp-json\/wp\/v2\/types\/page"}],"author":[{"embeddable":true,"href":"https:\/\/deadoraliveslot.com\/it\/wp-json\/wp\/v2\/users\/1"}],"replies":[{"embeddable":true,"href":"https:\/\/deadoraliveslot.com\/it\/wp-json\/wp\/v2\/comments?post=7"}],"version-history":[{"count":22,"href":"https:\/\/deadoraliveslot.com\/it\/wp-json\/wp\/v2\/pages\/7\/revisions"}],"predecessor-version":[{"id":152,"href":"https:\/\/deadoraliveslot.com\/it\/wp-json\/wp\/v2\/pages\/7\/revisions\/152"}],"wp:attachment":[{"href":"https:\/\/deadoraliveslot.com\/it\/wp-json\/wp\/v2\/media?parent=7"}],"curies":[{"name":"wp","href":"https:\/\/api.w.org\/{rel}","templated":true}]}}