{"id":11,"date":"2023-10-20T22:34:18","date_gmt":"2023-10-20T22:34:18","guid":{"rendered":"https:\/\/deadoraliveslot.com\/?page_id=11"},"modified":"2024-04-20T21:24:24","modified_gmt":"2024-04-20T21:24:24","slug":"play-dead-or-alive-slot-in-online-casino","status":"publish","type":"page","link":"https:\/\/deadoraliveslot.com\/it\/play-dead-or-alive-slot-in-online-casino\/","title":{"rendered":"Gioca al slot Dead or Alive in un casin\u00f2 online"},"content":{"rendered":"<p>Dimentica le giornate noiose e immergiti in un mondo dove ogni giro dei rulli pu\u00f2 portare non solo oro, ma anche storie incredibili. Il gioco di slot Dead or Alive non \u00e8 solo una slot; \u00e8 un portale all&#8217;epoca del selvaggio West, dove ti aspettano duelli, caccia al tesoro e, naturalmente, grandi vincite. E la parte migliore \u00e8 che puoi intraprendere questa avventura proprio adesso giocando in qualsiasi casin\u00f2 online che preferisci.<\/p>\n<h2><strong>Perch\u00e9 scegliere la slot Dead or Alive?<\/strong><\/h2>\n<ul>\n<li><strong>Atmosfera unica:<\/strong> Grafica di alta qualit\u00e0, simboli dettagliati e una colonna sonora emozionante rendono il gioco davvero atmosferico.<\/li>\n<li><strong>Numerose opportunit\u00e0 di vincita:<\/strong> Con varie linee di pagamento, round bonus e simboli speciali, ogni giro pu\u00f2 portare fortuna.<\/li>\n<li><strong>Disponibile ovunque:<\/strong> Sia che tu sia in viaggio, a casa o in vacanza, la tua avventura nel selvaggio West \u00e8 sempre con te.<\/li>\n<\/ul>\n<h2><strong>Piano d&#8217;azione dettagliato per iniziare a giocare:<\/strong><\/h2>\n<ol>\n<li><strong>Scegli un casin\u00f2:<\/strong> Trova un casin\u00f2 online con una buona reputazione che offra accesso alla slot Dead or Alive.<\/li>\n<li><strong>Registrazione:<\/strong> Crea un account seguendo semplici passaggi di registrazione e approfitta di eventuali bonus per i nuovi arrivati offerti.<\/li>\n<li><strong>Deposito:<\/strong> Effettua il tuo primo deposito utilizzando uno dei metodi di pagamento sicuri.<\/li>\n<li><strong>Inizia a giocare:<\/strong> Trova Dead or Alive nell&#8217;elenco dei giochi e inizia la tua avventura emozionante.<\/li>\n<li><strong>Bonus e promozioni:<\/strong> Molti casin\u00f2 offrono regolarmente vari bonus e promozioni speciali. Tieni d&#8217;occhio per aumentare le tue possibilit\u00e0 di vincita.<\/li>\n<\/ol>\n<h2><strong>Segreti del successo nella slot Dead or Alive:<\/strong><\/h2>\n<ul>\n<li><strong>Esperienza e pratica:<\/strong> Inizia con la versione demo del gioco per sentirti a tuo agio e sviluppare la tua strategia senza rischiare denaro reale.<\/li>\n<li><strong>Gestione del budget:<\/strong> Imposta limiti sulle tue scommesse e sui depositi. Il gioco d&#8217;azzardo \u00e8 un divertimento e non dovresti spendere pi\u00f9 di quanto sei disposto a perdere.<\/li>\n<li><strong>Studiare le regole:<\/strong> Pi\u00f9 comprendi le regole e le caratteristiche della slot, maggiori sono le tue possibilit\u00e0 di successo.<\/li>\n<\/ul>\n<p>Dead or Alive non \u00e8 solo una slot; \u00e8 un capolavoro dell&#8217;arte del gioco che consente a ogni giocatore di immergersi nel mondo unico del selvaggio West. Con cowboy, saloon e monete d&#8217;oro. Unisciti alla grande avventura e scopri il mondo dell&#8217;emozione e della fortuna con la slot online Dead or Alive!<\/p>\n","protected":false},"excerpt":{"rendered":"<p>Dimentica le giornate noiose e immergiti in un mondo dove ogni giro dei rulli pu\u00f2 portare non solo oro, ma anche storie incredibili. Il gioco di slot Dead or Alive non \u00e8 solo una slot; \u00e8 un portale all&#8217;epoca del selvaggio West, dove ti aspettano duelli, caccia al tesoro e, naturalmente, grandi vincite. E la&#8230;<\/p>\n","protected":false},"author":1,"featured_media":0,"parent":0,"menu_order":0,"comment_status":"closed","ping_status":"closed","template":"","meta":{"footnotes":""},"class_list":["post-11","page","type-page","status-publish","hentry"],"yoast_head":"<!-- This site is optimized with the Yoast SEO plugin v27.2 - https:\/\/yoast.com\/product\/yoast-seo-wordpress\/ -->\n<title>Gioca al slot Dead or Alive in un casin\u00f2 online<\/title>\n<meta name=\"description\" content=\"Gioca alla slot machine Dead or Alive con soldi veri nei migliori casin\u00f2 online. Gioca a Dead or Alive in un casin\u00f2 online ora.\" \/>\n<meta name=\"robots\" content=\"index, follow, max-snippet:-1, max-image-preview:large, max-video-preview:-1\" \/>\n<link rel=\"canonical\" href=\"https:\/\/deadoraliveslot.com\/it\/play-dead-or-alive-slot-in-online-casino\/\" \/>\n<meta property=\"og:locale\" content=\"it_IT\" \/>\n<meta property=\"og:locale:alternate\" content=\"ru_RU\" \/>\n<meta property=\"og:locale:alternate\" content=\"en_US\" \/>\n<meta property=\"og:locale:alternate\" content=\"pt_PT\" \/>\n<meta property=\"og:locale:alternate\" content=\"es_ES\" \/>\n<meta property=\"og:locale:alternate\" content=\"fr_FR\" \/>\n<meta property=\"og:locale:alternate\" content=\"de_DE\" \/>\n<meta property=\"og:locale:alternate\" content=\"ro_RO\" \/>\n<meta property=\"og:locale:alternate\" content=\"sr_RS\" \/>\n<meta property=\"og:locale:alternate\" content=\"bg_BG\" \/>\n<meta property=\"og:locale:alternate\" content=\"pl_PL\" \/>\n<meta property=\"og:type\" content=\"article\" \/>\n<meta property=\"og:title\" content=\"Gioca al slot Dead or Alive in un casin\u00f2 online\" \/>\n<meta property=\"og:description\" content=\"Dimentica le giornate noiose e immergiti in un mondo dove ogni giro dei rulli pu\u00f2 portare non solo oro, ma anche storie incredibili. Il gioco di slot Dead or Alive non \u00e8 solo una slot; \u00e8 un portale all&#8217;epoca del selvaggio West, dove ti aspettano duelli, caccia al tesoro e, naturalmente, grandi vincite. E la...\" \/>\n<meta property=\"og:url\" content=\"https:\/\/deadoraliveslot.com\/it\/play-dead-or-alive-slot-in-online-casino\/\" \/>\n<meta property=\"og:site_name\" content=\"Dead or Alive Slot\" \/>\n<meta property=\"article:modified_time\" content=\"2024-04-20T21:24:24+00:00\" \/>\n<meta name=\"twitter:card\" content=\"summary_large_image\" \/>\n<meta name=\"twitter:label1\" content=\"Tempo di lettura stimato\" \/>\n\t<meta name=\"twitter:data1\" content=\"16 minuti\" \/>\n<script type=\"application\/ld+json\" class=\"yoast-schema-graph\">{\"@context\":\"https:\/\/schema.org\",\"@graph\":[{\"@type\":\"WebPage\",\"@id\":\"https:\/\/deadoraliveslot.com\/play-dead-or-alive-slot-in-online-casino\/\",\"url\":\"https:\/\/deadoraliveslot.com\/play-dead-or-alive-slot-in-online-casino\/\",\"name\":\"Gioca al slot Dead or Alive in un casin\u00f2 online\",\"isPartOf\":{\"@id\":\"https:\/\/deadoraliveslot.com\/#website\"},\"datePublished\":\"2023-10-20T22:34:18+00:00\",\"dateModified\":\"2024-04-20T21:24:24+00:00\",\"breadcrumb\":{\"@id\":\"https:\/\/deadoraliveslot.com\/play-dead-or-alive-slot-in-online-casino\/#breadcrumb\"},\"inLanguage\":\"it-IT\",\"potentialAction\":[{\"@type\":\"ReadAction\",\"target\":[\"https:\/\/deadoraliveslot.com\/play-dead-or-alive-slot-in-online-casino\/\"]}]},{\"@type\":\"BreadcrumbList\",\"@id\":\"https:\/\/deadoraliveslot.com\/play-dead-or-alive-slot-in-online-casino\/#breadcrumb\",\"itemListElement\":[{\"@type\":\"ListItem\",\"position\":1,\"name\":\"Home\",\"item\":\"https:\/\/deadoraliveslot.com\/\"},{\"@type\":\"ListItem\",\"position\":2,\"name\":\"\u0418\u0433\u0440\u0430\u0442\u044c \u0432 \u0441\u043b\u043e\u0442 Dead or Alive \u0432 \u043e\u043d\u043b\u0430\u0439\u043d \u043a\u0430\u0437\u0438\u043d\u043e\"}]},{\"@type\":\"WebSite\",\"@id\":\"https:\/\/deadoraliveslot.com\/#website\",\"url\":\"https:\/\/deadoraliveslot.com\/\",\"name\":\"Dead or Alive Slot\",\"description\":\"\",\"publisher\":{\"@id\":\"https:\/\/deadoraliveslot.com\/#organization\"},\"potentialAction\":[{\"@type\":\"SearchAction\",\"target\":{\"@type\":\"EntryPoint\",\"urlTemplate\":\"https:\/\/deadoraliveslot.com\/?s={search_term_string}\"},\"query-input\":{\"@type\":\"PropertyValueSpecification\",\"valueRequired\":true,\"valueName\":\"search_term_string\"}}],\"inLanguage\":\"it-IT\"},{\"@type\":\"Organization\",\"@id\":\"https:\/\/deadoraliveslot.com\/#organization\",\"name\":\"Dead or Alive Slot\",\"url\":\"https:\/\/deadoraliveslot.com\/\",\"logo\":{\"@type\":\"ImageObject\",\"inLanguage\":\"it-IT\",\"@id\":\"https:\/\/deadoraliveslot.com\/#\/schema\/logo\/image\/\",\"url\":\"https:\/\/deadoraliveslot.com\/wp-content\/uploads\/logo-doa.png\",\"contentUrl\":\"https:\/\/deadoraliveslot.com\/wp-content\/uploads\/logo-doa.png\",\"width\":485,\"height\":255,\"caption\":\"Dead or Alive Slot\"},\"image\":{\"@id\":\"https:\/\/deadoraliveslot.com\/#\/schema\/logo\/image\/\"}}]}<\/script>\n<!-- \/ Yoast SEO plugin. -->","yoast_head_json":{"title":"Gioca al slot Dead or Alive in un casin\u00f2 online","description":"Gioca alla slot machine Dead or Alive con soldi veri nei migliori casin\u00f2 online. Gioca a Dead or Alive in un casin\u00f2 online ora.","robots":{"index":"index","follow":"follow","max-snippet":"max-snippet:-1","max-image-preview":"max-image-preview:large","max-video-preview":"max-video-preview:-1"},"canonical":"https:\/\/deadoraliveslot.com\/it\/play-dead-or-alive-slot-in-online-casino\/","og_locale":"it_IT","og_type":"article","og_title":"[:ru]\u0418\u0433\u0440\u0430\u0442\u044c \u0432 \u0441\u043b\u043e\u0442 Dead or Alive \u0432 \u043e\u043d\u043b\u0430\u0439\u043d \u043a\u0430\u0437\u0438\u043d\u043e[:en]Play Dead or Alive slot at an online casino[:pt]Jogar no slot Dead or Alive em um cassino online[:es]Jugar al slot Dead or Alive en un casino en l\u00ednea[:it]Gioca al slot Dead or Alive in un casin\u00f2 online[:fr]Jouez au slot Dead or Alive dans un casino en ligne[:de]Spielen Sie den Dead or Alive Slot in einem Online-Casino[:ro]Juca\u021bi slotul Dead or Alive la un cazino online[:sr]\u0418\u0433\u0440\u0430\u0458\u0442\u0435 \u0441\u043b\u043e\u0442 Dead or Alive \u0443 \u043e\u043d\u043b\u0438\u043d\u0435 \u043a\u0430\u0437\u0438\u043d\u0443[:bg]\u0418\u0433\u0440\u0430\u0439\u0442\u0435 \u043d\u0430 \u0441\u043b\u043e\u0442\u0430 Dead or Alive \u0432 \u043e\u043d\u043b\u0430\u0439\u043d \u043a\u0430\u0437\u0438\u043d\u043e[:pl]Graj w slot Dead or Alive w kasynie online[:] - Dead or Alive Slot","og_description":"Dimentica le giornate noiose e immergiti in un mondo dove ogni giro dei rulli pu\u00f2 portare non solo oro, ma anche storie incredibili. Il gioco di slot Dead or Alive non \u00e8 solo una slot; \u00e8 un portale all&#8217;epoca del selvaggio West, dove ti aspettano duelli, caccia al tesoro e, naturalmente, grandi vincite. E la...","og_url":"https:\/\/deadoraliveslot.com\/it\/play-dead-or-alive-slot-in-online-casino\/","og_site_name":"Dead or Alive Slot","article_modified_time":"2024-04-20T21:24:24+00:00","twitter_card":"summary_large_image","twitter_misc":{"Tempo di lettura stimato":"16 minuti"},"schema":{"@context":"https:\/\/schema.org","@graph":[{"@type":"WebPage","@id":"https:\/\/deadoraliveslot.com\/play-dead-or-alive-slot-in-online-casino\/","url":"https:\/\/deadoraliveslot.com\/play-dead-or-alive-slot-in-online-casino\/","name":"Gioca al slot Dead or Alive in un casin\u00f2 online","isPartOf":{"@id":"https:\/\/deadoraliveslot.com\/#website"},"datePublished":"2023-10-20T22:34:18+00:00","dateModified":"2024-04-20T21:24:24+00:00","breadcrumb":{"@id":"https:\/\/deadoraliveslot.com\/play-dead-or-alive-slot-in-online-casino\/#breadcrumb"},"inLanguage":"it-IT","potentialAction":[{"@type":"ReadAction","target":["https:\/\/deadoraliveslot.com\/play-dead-or-alive-slot-in-online-casino\/"]}]},{"@type":"BreadcrumbList","@id":"https:\/\/deadoraliveslot.com\/play-dead-or-alive-slot-in-online-casino\/#breadcrumb","itemListElement":[{"@type":"ListItem","position":1,"name":"Home","item":"https:\/\/deadoraliveslot.com\/"},{"@type":"ListItem","position":2,"name":"\u0418\u0433\u0440\u0430\u0442\u044c \u0432 \u0441\u043b\u043e\u0442 Dead or Alive \u0432 \u043e\u043d\u043b\u0430\u0439\u043d \u043a\u0430\u0437\u0438\u043d\u043e"}]},{"@type":"WebSite","@id":"https:\/\/deadoraliveslot.com\/#website","url":"https:\/\/deadoraliveslot.com\/","name":"Dead or Alive Slot","description":"","publisher":{"@id":"https:\/\/deadoraliveslot.com\/#organization"},"potentialAction":[{"@type":"SearchAction","target":{"@type":"EntryPoint","urlTemplate":"https:\/\/deadoraliveslot.com\/?s={search_term_string}"},"query-input":{"@type":"PropertyValueSpecification","valueRequired":true,"valueName":"search_term_string"}}],"inLanguage":"it-IT"},{"@type":"Organization","@id":"https:\/\/deadoraliveslot.com\/#organization","name":"Dead or Alive Slot","url":"https:\/\/deadoraliveslot.com\/","logo":{"@type":"ImageObject","inLanguage":"it-IT","@id":"https:\/\/deadoraliveslot.com\/#\/schema\/logo\/image\/","url":"https:\/\/deadoraliveslot.com\/wp-content\/uploads\/logo-doa.png","contentUrl":"https:\/\/deadoraliveslot.com\/wp-content\/uploads\/logo-doa.png","width":485,"height":255,"caption":"Dead or Alive Slot"},"image":{"@id":"https:\/\/deadoraliveslot.com\/#\/schema\/logo\/image\/"}}]}},"_links":{"self":[{"href":"https:\/\/deadoraliveslot.com\/it\/wp-json\/wp\/v2\/pages\/11","targetHints":{"allow":["GET"]}}],"collection":[{"href":"https:\/\/deadoraliveslot.com\/it\/wp-json\/wp\/v2\/pages"}],"about":[{"href":"https:\/\/deadoraliveslot.com\/it\/wp-json\/wp\/v2\/types\/page"}],"author":[{"embeddable":true,"href":"https:\/\/deadoraliveslot.com\/it\/wp-json\/wp\/v2\/users\/1"}],"replies":[{"embeddable":true,"href":"https:\/\/deadoraliveslot.com\/it\/wp-json\/wp\/v2\/comments?post=11"}],"version-history":[{"count":23,"href":"https:\/\/deadoraliveslot.com\/it\/wp-json\/wp\/v2\/pages\/11\/revisions"}],"predecessor-version":[{"id":148,"href":"https:\/\/deadoraliveslot.com\/it\/wp-json\/wp\/v2\/pages\/11\/revisions\/148"}],"wp:attachment":[{"href":"https:\/\/deadoraliveslot.com\/it\/wp-json\/wp\/v2\/media?parent=11"}],"curies":[{"name":"wp","href":"https:\/\/api.w.org\/{rel}","templated":true}]}}