{"id":9,"date":"2023-10-20T21:33:26","date_gmt":"2023-10-20T21:33:26","guid":{"rendered":"https:\/\/deadoraliveslot.com\/?page_id=9"},"modified":"2024-04-20T21:37:49","modified_gmt":"2024-04-20T21:37:49","slug":"download-dead-or-alive-slot","status":"publish","type":"page","link":"https:\/\/deadoraliveslot.com\/fr\/download-dead-or-alive-slot\/","title":{"rendered":"T\u00e9l\u00e9charger le slot Dead or Alive"},"content":{"rendered":"<p>Le slot Dead or Alive de NetEnt est un jeu passionnant d&rsquo;un d\u00e9veloppeur de premier plan qui vous plonge dans l&rsquo;atmosph\u00e8re du Far West. Vous deviendrez un cow-boy, chassant constamment l&rsquo;or et les aventures, tout cela sur votre ordinateur ou appareil mobile ! Pr\u00eat \u00e0 commencer ? D\u00e9couvrez comment t\u00e9l\u00e9charger cette fantastique slot Dead or Alive.<\/p>\n<p>Parlons maintenant des raisons pour lesquelles vous devriez t\u00e9l\u00e9charger la slot Dead or Alive.<\/p>\n<h2><strong>Pourquoi devriez-vous t\u00e9l\u00e9charger la slot Dead or Alive ?<\/strong><\/h2>\n<ul>\n<li><strong>Atmosph\u00e8re du Far West :<\/strong> Des symboles captivants, des graphismes dynamiques et des effets sonores vous transporteront \u00e0 l&rsquo;\u00e9poque des cow-boys et du Far West.<\/li>\n<li><strong>Gros gains :<\/strong> La chance de remporter des prix fantastiques et des jackpots.<\/li>\n<li><strong>Confort :<\/strong> Jouez \u00e0 tout moment, n&rsquo;importe o\u00f9, m\u00eame sans acc\u00e8s \u00e0 internet.<\/li>\n<\/ul>\n<h2><strong>Comment t\u00e9l\u00e9charger la slot Dead or Alive sur votre ordinateur ?<\/strong><\/h2>\n<ul>\n<li><strong>\u00c9tape 1 :<\/strong> Rendez-vous sur le site officiel du casino proposant la slot Dead or Alive.<\/li>\n<li><strong>\u00c9tape 2 :<\/strong> Trouvez le bouton T\u00e9l\u00e9charger ou Download.<\/li>\n<li><strong>\u00c9tape 3 :<\/strong> Suivez les instructions d&rsquo;installation, et en quelques minutes, la slot Dead or Alive sera t\u00e9l\u00e9charg\u00e9e sur votre ordinateur.<\/li>\n<\/ul>\n<h2><strong>Comment t\u00e9l\u00e9charger la slot Dead or Alive sur un appareil mobile ?<\/strong><\/h2>\n<ul>\n<li><strong>\u00c9tape 1 :<\/strong> Ouvrez le magasin d&rsquo;applications de votre appareil (par exemple, Google Play ou App Store) en fonction de votre smartphone &#8211; Android ou iPhone.<\/li>\n<li><strong>\u00c9tape 2 :<\/strong> Saisissez Dead or Alive slot dans la recherche et s\u00e9lectionnez l&rsquo;application appropri\u00e9e.<\/li>\n<li><strong>\u00c9tape 3 :<\/strong> Cliquez sur Installer et attendez que le t\u00e9l\u00e9chargement et l&rsquo;installation soient termin\u00e9s.<\/li>\n<\/ul>\n<h2><strong>S\u00e9curit\u00e9 lors du t\u00e9l\u00e9chargement de la slot Dead or Alive<\/strong><\/h2>\n<p>Assurez-vous de t\u00e9l\u00e9charger le jeu \u00e0 partir de sources officielles ou de plateformes fiables. Cela garantit votre s\u00e9curit\u00e9 et \u00e9limine le risque de t\u00e9l\u00e9chargement de logiciels malveillants.<\/p>\n<p>La slot Dead or Alive vous attend ! Plongez dans le monde passionnant du Far West, testez votre chance et ayez une chance de remporter de gros prix. Suivez nos instructions, et le jeu sera disponible pour vous en quelques minutes seulement. Bonne chance dans le jeu !<\/p>\n","protected":false},"excerpt":{"rendered":"<p>Le slot Dead or Alive de NetEnt est un jeu passionnant d&rsquo;un d\u00e9veloppeur de premier plan qui vous plonge dans l&rsquo;atmosph\u00e8re du Far West. Vous deviendrez un cow-boy, chassant constamment l&rsquo;or et les aventures, tout cela sur votre ordinateur ou appareil mobile ! Pr\u00eat \u00e0 commencer ? D\u00e9couvrez comment t\u00e9l\u00e9charger cette fantastique slot Dead or&#8230;<\/p>\n","protected":false},"author":1,"featured_media":0,"parent":0,"menu_order":0,"comment_status":"closed","ping_status":"closed","template":"","meta":{"footnotes":""},"class_list":["post-9","page","type-page","status-publish","hentry"],"yoast_head":"<!-- This site is optimized with the Yoast SEO plugin v27.2 - https:\/\/yoast.com\/product\/yoast-seo-wordpress\/ -->\n<title>T\u00e9l\u00e9charger le slot Dead or Alive<\/title>\n<meta name=\"description\" content=\"Comment t\u00e9l\u00e9charger la machine \u00e0 sous Dead or Alive sur ordinateur, Android, iPhone, tablette. T\u00e9l\u00e9chargez et jouez maintenant.\" \/>\n<meta name=\"robots\" content=\"index, follow, max-snippet:-1, max-image-preview:large, max-video-preview:-1\" \/>\n<link rel=\"canonical\" href=\"https:\/\/deadoraliveslot.com\/fr\/download-dead-or-alive-slot\/\" \/>\n<meta property=\"og:locale\" content=\"fr_FR\" \/>\n<meta property=\"og:locale:alternate\" content=\"ru_RU\" \/>\n<meta property=\"og:locale:alternate\" content=\"en_US\" \/>\n<meta property=\"og:locale:alternate\" content=\"pt_PT\" \/>\n<meta property=\"og:locale:alternate\" content=\"es_ES\" \/>\n<meta property=\"og:locale:alternate\" content=\"it_IT\" \/>\n<meta property=\"og:locale:alternate\" content=\"de_DE\" \/>\n<meta property=\"og:locale:alternate\" content=\"ro_RO\" \/>\n<meta property=\"og:locale:alternate\" content=\"sr_RS\" \/>\n<meta property=\"og:locale:alternate\" content=\"bg_BG\" \/>\n<meta property=\"og:locale:alternate\" content=\"pl_PL\" \/>\n<meta property=\"og:type\" content=\"article\" \/>\n<meta property=\"og:title\" content=\"T\u00e9l\u00e9charger le slot Dead or Alive\" \/>\n<meta property=\"og:description\" content=\"Le slot Dead or Alive de NetEnt est un jeu passionnant d&rsquo;un d\u00e9veloppeur de premier plan qui vous plonge dans l&rsquo;atmosph\u00e8re du Far West. Vous deviendrez un cow-boy, chassant constamment l&rsquo;or et les aventures, tout cela sur votre ordinateur ou appareil mobile ! Pr\u00eat \u00e0 commencer ? D\u00e9couvrez comment t\u00e9l\u00e9charger cette fantastique slot Dead or...\" \/>\n<meta property=\"og:url\" content=\"https:\/\/deadoraliveslot.com\/fr\/download-dead-or-alive-slot\/\" \/>\n<meta property=\"og:site_name\" content=\"Dead or Alive Slot\" \/>\n<meta property=\"article:modified_time\" content=\"2024-04-20T21:37:49+00:00\" \/>\n<meta name=\"twitter:card\" content=\"summary_large_image\" \/>\n<meta name=\"twitter:label1\" content=\"Dur\u00e9e de lecture estim\u00e9e\" \/>\n\t<meta name=\"twitter:data1\" content=\"14 minutes\" \/>\n<script type=\"application\/ld+json\" class=\"yoast-schema-graph\">{\"@context\":\"https:\/\/schema.org\",\"@graph\":[{\"@type\":\"WebPage\",\"@id\":\"https:\/\/deadoraliveslot.com\/download-dead-or-alive-slot\/\",\"url\":\"https:\/\/deadoraliveslot.com\/download-dead-or-alive-slot\/\",\"name\":\"T\u00e9l\u00e9charger le slot Dead or Alive\",\"isPartOf\":{\"@id\":\"https:\/\/deadoraliveslot.com\/#website\"},\"datePublished\":\"2023-10-20T21:33:26+00:00\",\"dateModified\":\"2024-04-20T21:37:49+00:00\",\"breadcrumb\":{\"@id\":\"https:\/\/deadoraliveslot.com\/download-dead-or-alive-slot\/#breadcrumb\"},\"inLanguage\":\"fr-FR\",\"potentialAction\":[{\"@type\":\"ReadAction\",\"target\":[\"https:\/\/deadoraliveslot.com\/download-dead-or-alive-slot\/\"]}]},{\"@type\":\"BreadcrumbList\",\"@id\":\"https:\/\/deadoraliveslot.com\/download-dead-or-alive-slot\/#breadcrumb\",\"itemListElement\":[{\"@type\":\"ListItem\",\"position\":1,\"name\":\"Home\",\"item\":\"https:\/\/deadoraliveslot.com\/\"},{\"@type\":\"ListItem\",\"position\":2,\"name\":\"\u0421\u043a\u0430\u0447\u0430\u0442\u044c \u0441\u043b\u043e\u0442 Dead or Alive\u00a0\"}]},{\"@type\":\"WebSite\",\"@id\":\"https:\/\/deadoraliveslot.com\/#website\",\"url\":\"https:\/\/deadoraliveslot.com\/\",\"name\":\"Dead or Alive Slot\",\"description\":\"\",\"publisher\":{\"@id\":\"https:\/\/deadoraliveslot.com\/#organization\"},\"potentialAction\":[{\"@type\":\"SearchAction\",\"target\":{\"@type\":\"EntryPoint\",\"urlTemplate\":\"https:\/\/deadoraliveslot.com\/?s={search_term_string}\"},\"query-input\":{\"@type\":\"PropertyValueSpecification\",\"valueRequired\":true,\"valueName\":\"search_term_string\"}}],\"inLanguage\":\"fr-FR\"},{\"@type\":\"Organization\",\"@id\":\"https:\/\/deadoraliveslot.com\/#organization\",\"name\":\"Dead or Alive Slot\",\"url\":\"https:\/\/deadoraliveslot.com\/\",\"logo\":{\"@type\":\"ImageObject\",\"inLanguage\":\"fr-FR\",\"@id\":\"https:\/\/deadoraliveslot.com\/#\/schema\/logo\/image\/\",\"url\":\"https:\/\/deadoraliveslot.com\/wp-content\/uploads\/logo-doa.png\",\"contentUrl\":\"https:\/\/deadoraliveslot.com\/wp-content\/uploads\/logo-doa.png\",\"width\":485,\"height\":255,\"caption\":\"Dead or Alive Slot\"},\"image\":{\"@id\":\"https:\/\/deadoraliveslot.com\/#\/schema\/logo\/image\/\"}}]}<\/script>\n<!-- \/ Yoast SEO plugin. -->","yoast_head_json":{"title":"T\u00e9l\u00e9charger le slot Dead or Alive","description":"Comment t\u00e9l\u00e9charger la machine \u00e0 sous Dead or Alive sur ordinateur, Android, iPhone, tablette. T\u00e9l\u00e9chargez et jouez maintenant.","robots":{"index":"index","follow":"follow","max-snippet":"max-snippet:-1","max-image-preview":"max-image-preview:large","max-video-preview":"max-video-preview:-1"},"canonical":"https:\/\/deadoraliveslot.com\/fr\/download-dead-or-alive-slot\/","og_locale":"fr_FR","og_type":"article","og_title":"[:ru]\u0421\u043a\u0430\u0447\u0430\u0442\u044c \u0441\u043b\u043e\u0442 Dead or Alive\u00a0[:en]Download Dead or Alive slot[:pt]Baixar o slot Dead or Alive[:es]Descargar el slot Dead or Alive[:it]Scaricare il slot Dead or Alive[:fr]T\u00e9l\u00e9charger le slot Dead or Alive[:de]Dead or Alive Slot herunterladen[:ro]Desc\u0103rca\u021bi slotul Dead or Alive[:sr]\u041f\u0440\u0435\u0443\u0437\u043c\u0438\u0442\u0435 \u0441\u043b\u043e\u0442 Dead or Alive[:bg]\u0418\u0437\u0442\u0435\u0433\u043b\u044f\u043d\u0435 \u043d\u0430 \u0441\u043b\u043e\u0442\u0430 Dead or Alive[:pl]Pobierz slot Dead or Alive[:] - Dead or Alive Slot","og_description":"Le slot Dead or Alive de NetEnt est un jeu passionnant d&rsquo;un d\u00e9veloppeur de premier plan qui vous plonge dans l&rsquo;atmosph\u00e8re du Far West. Vous deviendrez un cow-boy, chassant constamment l&rsquo;or et les aventures, tout cela sur votre ordinateur ou appareil mobile ! Pr\u00eat \u00e0 commencer ? D\u00e9couvrez comment t\u00e9l\u00e9charger cette fantastique slot Dead or...","og_url":"https:\/\/deadoraliveslot.com\/fr\/download-dead-or-alive-slot\/","og_site_name":"Dead or Alive Slot","article_modified_time":"2024-04-20T21:37:49+00:00","twitter_card":"summary_large_image","twitter_misc":{"Dur\u00e9e de lecture estim\u00e9e":"14 minutes"},"schema":{"@context":"https:\/\/schema.org","@graph":[{"@type":"WebPage","@id":"https:\/\/deadoraliveslot.com\/download-dead-or-alive-slot\/","url":"https:\/\/deadoraliveslot.com\/download-dead-or-alive-slot\/","name":"T\u00e9l\u00e9charger le slot Dead or Alive","isPartOf":{"@id":"https:\/\/deadoraliveslot.com\/#website"},"datePublished":"2023-10-20T21:33:26+00:00","dateModified":"2024-04-20T21:37:49+00:00","breadcrumb":{"@id":"https:\/\/deadoraliveslot.com\/download-dead-or-alive-slot\/#breadcrumb"},"inLanguage":"fr-FR","potentialAction":[{"@type":"ReadAction","target":["https:\/\/deadoraliveslot.com\/download-dead-or-alive-slot\/"]}]},{"@type":"BreadcrumbList","@id":"https:\/\/deadoraliveslot.com\/download-dead-or-alive-slot\/#breadcrumb","itemListElement":[{"@type":"ListItem","position":1,"name":"Home","item":"https:\/\/deadoraliveslot.com\/"},{"@type":"ListItem","position":2,"name":"\u0421\u043a\u0430\u0447\u0430\u0442\u044c \u0441\u043b\u043e\u0442 Dead or Alive\u00a0"}]},{"@type":"WebSite","@id":"https:\/\/deadoraliveslot.com\/#website","url":"https:\/\/deadoraliveslot.com\/","name":"Dead or Alive Slot","description":"","publisher":{"@id":"https:\/\/deadoraliveslot.com\/#organization"},"potentialAction":[{"@type":"SearchAction","target":{"@type":"EntryPoint","urlTemplate":"https:\/\/deadoraliveslot.com\/?s={search_term_string}"},"query-input":{"@type":"PropertyValueSpecification","valueRequired":true,"valueName":"search_term_string"}}],"inLanguage":"fr-FR"},{"@type":"Organization","@id":"https:\/\/deadoraliveslot.com\/#organization","name":"Dead or Alive Slot","url":"https:\/\/deadoraliveslot.com\/","logo":{"@type":"ImageObject","inLanguage":"fr-FR","@id":"https:\/\/deadoraliveslot.com\/#\/schema\/logo\/image\/","url":"https:\/\/deadoraliveslot.com\/wp-content\/uploads\/logo-doa.png","contentUrl":"https:\/\/deadoraliveslot.com\/wp-content\/uploads\/logo-doa.png","width":485,"height":255,"caption":"Dead or Alive Slot"},"image":{"@id":"https:\/\/deadoraliveslot.com\/#\/schema\/logo\/image\/"}}]}},"_links":{"self":[{"href":"https:\/\/deadoraliveslot.com\/fr\/wp-json\/wp\/v2\/pages\/9","targetHints":{"allow":["GET"]}}],"collection":[{"href":"https:\/\/deadoraliveslot.com\/fr\/wp-json\/wp\/v2\/pages"}],"about":[{"href":"https:\/\/deadoraliveslot.com\/fr\/wp-json\/wp\/v2\/types\/page"}],"author":[{"embeddable":true,"href":"https:\/\/deadoraliveslot.com\/fr\/wp-json\/wp\/v2\/users\/1"}],"replies":[{"embeddable":true,"href":"https:\/\/deadoraliveslot.com\/fr\/wp-json\/wp\/v2\/comments?post=9"}],"version-history":[{"count":23,"href":"https:\/\/deadoraliveslot.com\/fr\/wp-json\/wp\/v2\/pages\/9\/revisions"}],"predecessor-version":[{"id":151,"href":"https:\/\/deadoraliveslot.com\/fr\/wp-json\/wp\/v2\/pages\/9\/revisions\/151"}],"wp:attachment":[{"href":"https:\/\/deadoraliveslot.com\/fr\/wp-json\/wp\/v2\/media?parent=9"}],"curies":[{"name":"wp","href":"https:\/\/api.w.org\/{rel}","templated":true}]}}