{"id":7,"date":"2023-10-20T21:31:57","date_gmt":"2023-10-20T21:31:57","guid":{"rendered":"https:\/\/deadoraliveslot.com\/?page_id=7"},"modified":"2024-04-20T21:42:36","modified_gmt":"2024-04-20T21:42:36","slug":"dead-or-alive-slot-strategy","status":"publish","type":"page","link":"https:\/\/deadoraliveslot.com\/fr\/dead-or-alive-slot-strategy\/","title":{"rendered":"Strat\u00e9gie de jeu dans le slot Dead or Alive"},"content":{"rendered":"<p>La machine \u00e0 sous Dead or Alive n&rsquo;est pas seulement une machine \u00e0 sous passionnante, mais aussi un jeu o\u00f9 l&rsquo;application de la bonne strat\u00e9gie peut augmenter consid\u00e9rablement vos chances de r\u00e9ussite. Bien s\u00fbr, personne ne garantit une victoire, mais au moins vous augmentez nettement vos chances de gagner. Apr\u00e8s tout, appuyer simplement sur des boutons ne m\u00e8nera pas \u00e0 la victoire. D\u00e9couvrons comment jouer \u00e0 cette machine \u00e0 sous populaire de la mani\u00e8re la plus efficace.<\/p>\n<h2><strong>Apprenez les bases de la machine \u00e0 sous Dead or Alive<\/strong><\/h2>\n<p>Avant de d\u00e9velopper une strat\u00e9gie, il est important de comprendre la m\u00e9canique du jeu. Dead or Alive est une machine \u00e0 sous avec 5 rouleaux et 9 lignes de paiement. Les symboles incluent des badges de sh\u00e9rif, des pistolets et des bottes de cowboy. Savoir et comprendre cela est crucial.<\/p>\n<h2><strong>Choix des paris<\/strong><\/h2>\n<p>Choisir le bon pari est une partie cl\u00e9 de la strat\u00e9gie de jeu. Commencez par de petits paris pour vous familiariser avec le jeu. \u00c0 mesure que vous gagnez en confiance dans vos actions et en compr\u00e9hension de la machine \u00e0 sous, augmentez votre mise. Mais n&rsquo;oubliez pas la gestion de votre bankroll : ne misez jamais plus que ce que vous \u00eates pr\u00eat \u00e0 perdre. En d&rsquo;autres termes, choisissez un niveau de mise confortable. Gardez \u00e0 l&rsquo;esprit que vous devriez avoir suffisamment d&rsquo;argent sur votre compte de jeu pour au moins 200 tours. Si vous faites moins de tours, il y a de fortes chances de tout perdre.<\/p>\n<h2><strong>Utilisez les tours bonus<\/strong><\/h2>\n<p>L&rsquo;une des caract\u00e9ristiques de la machine \u00e0 sous Dead or Alive est les tours bonus. Ils sont activ\u00e9s lorsque trois symboles scatter ou plus apparaissent. Dans ces tours, vous pouvez obtenir des tours gratuits, augmentant vos chances de gagner sans paris suppl\u00e9mentaires. Dans l&rsquo;ensemble, utiliser les bonus fournis par les casinos en ligne est une strat\u00e9gie tr\u00e8s utile et correcte.<\/p>\n<h2><strong>Calculez le risque<\/strong><\/h2>\n<p>Les machines \u00e0 sous sont des jeux de hasard, et malgr\u00e9 toutes les strat\u00e9gies, le r\u00e9sultat d\u00e9pend largement de la chance. Cependant, en g\u00e9rant vos paris, en comprenant les caract\u00e9ristiques de la machine \u00e0 sous et en utilisant les bonus, vous pouvez maximiser vos chances de gagner. Dans tous les cas, si vous jouez pour de l&rsquo;argent, comprenez que les machines \u00e0 sous pr\u00e9sentent un risque tr\u00e8s \u00e9lev\u00e9.<\/p>\n<h2><strong>Pratique et exp\u00e9rience :<\/strong><\/h2>\n<p>Comme pour tout autre jeu, l&rsquo;exp\u00e9rience de jeu dans Dead or Alive est cruciale. Plus vous jouez, mieux vous comprenez la dynamique et les nuances de la machine \u00e0 sous. La plupart des casinos en ligne proposent des versions de d\u00e9monstration des jeux o\u00f9 vous pouvez jouer avec de l&rsquo;argent virtuel, c&rsquo;est-\u00e0-dire jouer gratuitement. C&rsquo;est une excellente fa\u00e7on d&rsquo;essayer diff\u00e9rentes strat\u00e9gies sans risquer votre portefeuille.<\/p>\n<h2><strong>La r\u00e8gle principale \u2013 s&rsquo;amuser<\/strong><\/h2>\n<p>Rappelez-vous que l&rsquo;objectif principal de jouer aux machines \u00e0 sous est le divertissement. Ne jouez jamais sous pression ou dans un \u00e9tat de stress. Fixez des limites, surveillez vos finances et appr\u00e9ciez le processus. Le principal est de s&rsquo;amuser. Et si vous vous amusez, la victoire viendra t\u00f4t ou tard.<\/p>\n<p>Jouer \u00e0 la machine \u00e0 sous Dead or Alive est une aventure passionnante dans le Far West. En suivant ces conseils strat\u00e9giques, vous augmenterez non seulement vos chances de succ\u00e8s, mais vous profiterez \u00e9galement au maximum du jeu. En avant vers les victoires et les aventures de cowboy !<\/p>\n","protected":false},"excerpt":{"rendered":"<p>La machine \u00e0 sous Dead or Alive n&rsquo;est pas seulement une machine \u00e0 sous passionnante, mais aussi un jeu o\u00f9 l&rsquo;application de la bonne strat\u00e9gie peut augmenter consid\u00e9rablement vos chances de r\u00e9ussite. Bien s\u00fbr, personne ne garantit une victoire, mais au moins vous augmentez nettement vos chances de gagner. Apr\u00e8s tout, appuyer simplement sur des&#8230;<\/p>\n","protected":false},"author":1,"featured_media":0,"parent":0,"menu_order":0,"comment_status":"closed","ping_status":"closed","template":"","meta":{"footnotes":""},"class_list":["post-7","page","type-page","status-publish","hentry"],"yoast_head":"<!-- This site is optimized with the Yoast SEO plugin v27.2 - https:\/\/yoast.com\/product\/yoast-seo-wordpress\/ -->\n<title>Strategie i taktyki gry na automacie Dead or Alive<\/title>\n<meta name=\"description\" content=\"Comment jouer et gagner \u00e0 la machine \u00e0 sous Dead or Alive. Meilleures strat\u00e9gies gagnantes dans la machine \u00e0 sous pour les nouveaux et les joueurs exp\u00e9riment\u00e9s.\" \/>\n<meta name=\"robots\" content=\"index, follow, max-snippet:-1, max-image-preview:large, max-video-preview:-1\" \/>\n<link rel=\"canonical\" href=\"https:\/\/deadoraliveslot.com\/fr\/dead-or-alive-slot-strategy\/\" \/>\n<meta property=\"og:locale\" content=\"fr_FR\" \/>\n<meta property=\"og:locale:alternate\" content=\"ru_RU\" \/>\n<meta property=\"og:locale:alternate\" content=\"en_US\" \/>\n<meta property=\"og:locale:alternate\" content=\"pt_PT\" \/>\n<meta property=\"og:locale:alternate\" content=\"es_ES\" \/>\n<meta property=\"og:locale:alternate\" content=\"it_IT\" \/>\n<meta property=\"og:locale:alternate\" content=\"de_DE\" \/>\n<meta property=\"og:locale:alternate\" content=\"ro_RO\" \/>\n<meta property=\"og:locale:alternate\" content=\"sr_RS\" \/>\n<meta property=\"og:locale:alternate\" content=\"bg_BG\" \/>\n<meta property=\"og:locale:alternate\" content=\"pl_PL\" \/>\n<meta property=\"og:type\" content=\"article\" \/>\n<meta property=\"og:title\" content=\"Strategie i taktyki gry na automacie Dead or Alive\" \/>\n<meta property=\"og:description\" content=\"Jak gra\u0107 i wygrywa\u0107 na automacie Dead or Alive. Najlepsze strategie wygrywaj\u0105ce na automacie dla nowych i do\u015bwiadczonych graczy.\" \/>\n<meta property=\"og:url\" content=\"https:\/\/deadoraliveslot.com\/fr\/dead-or-alive-slot-strategy\/\" \/>\n<meta property=\"og:site_name\" content=\"Dead or Alive Slot\" \/>\n<meta property=\"article:modified_time\" content=\"2024-04-20T21:42:36+00:00\" \/>\n<meta name=\"twitter:card\" content=\"summary_large_image\" \/>\n<meta name=\"twitter:label1\" content=\"Dur\u00e9e de lecture estim\u00e9e\" \/>\n\t<meta name=\"twitter:data1\" content=\"21 minutes\" \/>\n<script type=\"application\/ld+json\" class=\"yoast-schema-graph\">{\"@context\":\"https:\/\/schema.org\",\"@graph\":[{\"@type\":\"WebPage\",\"@id\":\"https:\/\/deadoraliveslot.com\/pl\/dead-or-alive-slot-strategy\/\",\"url\":\"https:\/\/deadoraliveslot.com\/pl\/dead-or-alive-slot-strategy\/\",\"name\":\"Strategie i taktyki gry na automacie Dead or Alive\",\"isPartOf\":{\"@id\":\"https:\/\/deadoraliveslot.com\/#website\"},\"datePublished\":\"2023-10-20T21:31:57+00:00\",\"dateModified\":\"2024-04-20T21:42:36+00:00\",\"description\":\"Jak gra\u0107 i wygrywa\u0107 na automacie Dead or Alive. Najlepsze strategie wygrywaj\u0105ce na automacie dla nowych i do\u015bwiadczonych graczy.\",\"breadcrumb\":{\"@id\":\"https:\/\/deadoraliveslot.com\/pl\/dead-or-alive-slot-strategy\/#breadcrumb\"},\"inLanguage\":\"fr-FR\",\"potentialAction\":[{\"@type\":\"ReadAction\",\"target\":[\"https:\/\/deadoraliveslot.com\/pl\/dead-or-alive-slot-strategy\/\"]}]},{\"@type\":\"BreadcrumbList\",\"@id\":\"https:\/\/deadoraliveslot.com\/pl\/dead-or-alive-slot-strategy\/#breadcrumb\",\"itemListElement\":[{\"@type\":\"ListItem\",\"position\":1,\"name\":\"Home\",\"item\":\"https:\/\/deadoraliveslot.com\/\"},{\"@type\":\"ListItem\",\"position\":2,\"name\":\"Strategia gry w slocie Dead or Alive\"}]},{\"@type\":\"WebSite\",\"@id\":\"https:\/\/deadoraliveslot.com\/#website\",\"url\":\"https:\/\/deadoraliveslot.com\/\",\"name\":\"Dead or Alive Slot\",\"description\":\"\",\"publisher\":{\"@id\":\"https:\/\/deadoraliveslot.com\/#organization\"},\"potentialAction\":[{\"@type\":\"SearchAction\",\"target\":{\"@type\":\"EntryPoint\",\"urlTemplate\":\"https:\/\/deadoraliveslot.com\/?s={search_term_string}\"},\"query-input\":{\"@type\":\"PropertyValueSpecification\",\"valueRequired\":true,\"valueName\":\"search_term_string\"}}],\"inLanguage\":\"fr-FR\"},{\"@type\":\"Organization\",\"@id\":\"https:\/\/deadoraliveslot.com\/#organization\",\"name\":\"Dead or Alive Slot\",\"url\":\"https:\/\/deadoraliveslot.com\/\",\"logo\":{\"@type\":\"ImageObject\",\"inLanguage\":\"fr-FR\",\"@id\":\"https:\/\/deadoraliveslot.com\/#\/schema\/logo\/image\/\",\"url\":\"https:\/\/deadoraliveslot.com\/wp-content\/uploads\/logo-doa.png\",\"contentUrl\":\"https:\/\/deadoraliveslot.com\/wp-content\/uploads\/logo-doa.png\",\"width\":485,\"height\":255,\"caption\":\"Dead or Alive Slot\"},\"image\":{\"@id\":\"https:\/\/deadoraliveslot.com\/#\/schema\/logo\/image\/\"}}]}<\/script>\n<!-- \/ Yoast SEO plugin. -->","yoast_head_json":{"title":"Strategie i taktyki gry na automacie Dead or Alive","description":"Comment jouer et gagner \u00e0 la machine \u00e0 sous Dead or Alive. Meilleures strat\u00e9gies gagnantes dans la machine \u00e0 sous pour les nouveaux et les joueurs exp\u00e9riment\u00e9s.","robots":{"index":"index","follow":"follow","max-snippet":"max-snippet:-1","max-image-preview":"max-image-preview:large","max-video-preview":"max-video-preview:-1"},"canonical":"https:\/\/deadoraliveslot.com\/fr\/dead-or-alive-slot-strategy\/","og_locale":"fr_FR","og_type":"article","og_title":"Strategie i taktyki gry na automacie Dead or Alive","og_description":"Jak gra\u0107 i wygrywa\u0107 na automacie Dead or Alive. Najlepsze strategie wygrywaj\u0105ce na automacie dla nowych i do\u015bwiadczonych graczy.","og_url":"https:\/\/deadoraliveslot.com\/fr\/dead-or-alive-slot-strategy\/","og_site_name":"Dead or Alive Slot","article_modified_time":"2024-04-20T21:42:36+00:00","twitter_card":"summary_large_image","twitter_misc":{"Dur\u00e9e de lecture estim\u00e9e":"21 minutes"},"schema":{"@context":"https:\/\/schema.org","@graph":[{"@type":"WebPage","@id":"https:\/\/deadoraliveslot.com\/pl\/dead-or-alive-slot-strategy\/","url":"https:\/\/deadoraliveslot.com\/pl\/dead-or-alive-slot-strategy\/","name":"Strategie i taktyki gry na automacie Dead or Alive","isPartOf":{"@id":"https:\/\/deadoraliveslot.com\/#website"},"datePublished":"2023-10-20T21:31:57+00:00","dateModified":"2024-04-20T21:42:36+00:00","description":"Jak gra\u0107 i wygrywa\u0107 na automacie Dead or Alive. Najlepsze strategie wygrywaj\u0105ce na automacie dla nowych i do\u015bwiadczonych graczy.","breadcrumb":{"@id":"https:\/\/deadoraliveslot.com\/pl\/dead-or-alive-slot-strategy\/#breadcrumb"},"inLanguage":"fr-FR","potentialAction":[{"@type":"ReadAction","target":["https:\/\/deadoraliveslot.com\/pl\/dead-or-alive-slot-strategy\/"]}]},{"@type":"BreadcrumbList","@id":"https:\/\/deadoraliveslot.com\/pl\/dead-or-alive-slot-strategy\/#breadcrumb","itemListElement":[{"@type":"ListItem","position":1,"name":"Home","item":"https:\/\/deadoraliveslot.com\/"},{"@type":"ListItem","position":2,"name":"Strategia gry w slocie Dead or Alive"}]},{"@type":"WebSite","@id":"https:\/\/deadoraliveslot.com\/#website","url":"https:\/\/deadoraliveslot.com\/","name":"Dead or Alive Slot","description":"","publisher":{"@id":"https:\/\/deadoraliveslot.com\/#organization"},"potentialAction":[{"@type":"SearchAction","target":{"@type":"EntryPoint","urlTemplate":"https:\/\/deadoraliveslot.com\/?s={search_term_string}"},"query-input":{"@type":"PropertyValueSpecification","valueRequired":true,"valueName":"search_term_string"}}],"inLanguage":"fr-FR"},{"@type":"Organization","@id":"https:\/\/deadoraliveslot.com\/#organization","name":"Dead or Alive Slot","url":"https:\/\/deadoraliveslot.com\/","logo":{"@type":"ImageObject","inLanguage":"fr-FR","@id":"https:\/\/deadoraliveslot.com\/#\/schema\/logo\/image\/","url":"https:\/\/deadoraliveslot.com\/wp-content\/uploads\/logo-doa.png","contentUrl":"https:\/\/deadoraliveslot.com\/wp-content\/uploads\/logo-doa.png","width":485,"height":255,"caption":"Dead or Alive Slot"},"image":{"@id":"https:\/\/deadoraliveslot.com\/#\/schema\/logo\/image\/"}}]}},"_links":{"self":[{"href":"https:\/\/deadoraliveslot.com\/fr\/wp-json\/wp\/v2\/pages\/7","targetHints":{"allow":["GET"]}}],"collection":[{"href":"https:\/\/deadoraliveslot.com\/fr\/wp-json\/wp\/v2\/pages"}],"about":[{"href":"https:\/\/deadoraliveslot.com\/fr\/wp-json\/wp\/v2\/types\/page"}],"author":[{"embeddable":true,"href":"https:\/\/deadoraliveslot.com\/fr\/wp-json\/wp\/v2\/users\/1"}],"replies":[{"embeddable":true,"href":"https:\/\/deadoraliveslot.com\/fr\/wp-json\/wp\/v2\/comments?post=7"}],"version-history":[{"count":22,"href":"https:\/\/deadoraliveslot.com\/fr\/wp-json\/wp\/v2\/pages\/7\/revisions"}],"predecessor-version":[{"id":152,"href":"https:\/\/deadoraliveslot.com\/fr\/wp-json\/wp\/v2\/pages\/7\/revisions\/152"}],"wp:attachment":[{"href":"https:\/\/deadoraliveslot.com\/fr\/wp-json\/wp\/v2\/media?parent=7"}],"curies":[{"name":"wp","href":"https:\/\/api.w.org\/{rel}","templated":true}]}}