{"id":5,"date":"2023-10-20T21:25:43","date_gmt":"2023-10-20T21:25:43","guid":{"rendered":"https:\/\/deadoraliveslot.com\/?page_id=5"},"modified":"2024-04-20T21:28:50","modified_gmt":"2024-04-20T21:28:50","slug":"dead-or-alive","status":"publish","type":"page","link":"https:\/\/deadoraliveslot.com\/fr\/","title":{"rendered":"Jeu en ligne Dead or Alive"},"content":{"rendered":"<p>Le jeu Dead or Alive de NetEnt vous transportera \u00e0 l&rsquo;\u00e9poque du Far West. La machine \u00e0 sous Dead or Alive est une machine \u00e0 sous passionnante d\u00e9velopp\u00e9e par NetEnt qui vous plongera dans l&rsquo;atmosph\u00e8re des prairies sans fin, des cowboys et des sh\u00e9rifs tireurs d&rsquo;\u00e9lite. \u00cates-vous pr\u00eat \u00e0 devenir un vrai ma\u00eetre du Far West et \u00e0 d\u00e9crocher le gros jackpot ? Tout est possible dans le jeu Dead or Alive.<\/p>\n<h2><strong>Caract\u00e9ristiques de la machine \u00e0 sous Dead or Alive<\/strong><\/h2>\n<p>D\u00e9couvrez ce qui rend la machine \u00e0 sous Dead or Alive si unique et excitante. Et pourquoi les joueurs du monde entier choisissent la machine \u00e0 sous Dead or Alive.<\/p>\n<h3><strong>Symboles et Design<\/strong><\/h3>\n<p>Le jeu Dead or Alive impressionne par sa visualisation authentique, comprenant des symboles qui repr\u00e9sentent toute l&rsquo;histoire du Far West. Vous rencontrerez des cowboys, des sh\u00e9rifs, des pistolets, des bouteilles de whisky, et bien plus encore. Chaque symbole est cr\u00e9\u00e9 avec attention aux d\u00e9tails, vous plongeant dans l&rsquo;atmosph\u00e8re de l&rsquo;anarchie et de l&rsquo;aventure.<\/p>\n<h3><strong>Rouleaux et Lignes de paiement<\/strong><\/h3>\n<p>La machine \u00e0 sous Dead or Alive offre 5 rouleaux et 9 lignes de paiement, la rendant accessible aux joueurs de diff\u00e9rents niveaux d&rsquo;exp\u00e9rience. Les symboles apparaissent sur les rouleaux, et les combinaisons gagnantes se forment dans diff\u00e9rentes directions, offrant de nombreuses fa\u00e7ons de gagner.<\/p>\n<h3><strong>Fonction Wild et Tours Gratuits<\/strong><\/h3>\n<p>Le pistolet sert de symbole Wild, rempla\u00e7ant les autres symboles et augmentant vos chances de gagner. Et si vous obtenez trois symboles de pistolet ou plus, vous activerez le tour de bonus de tours gratuits, qui peut vous rapporter de grosses sommes.<\/p>\n<h2><strong>Comment jouer \u00e0 Dead or Alive<\/strong><\/h2>\n<p>Apprenez les bases et les strat\u00e9gies pour dominer le Far West tout en jouant \u00e0 Dead or Alive. Il est crucial de comprendre les r\u00e8gles du jeu de la machine \u00e0 sous Dead or Alive avant de commencer.<\/p>\n<h3><strong>R\u00e8gles de base de Dead or Alive<\/strong><\/h3>\n<p>Jouer \u00e0 Dead or Alive est facile. Choisissez la taille de votre mise et le nombre de lignes que vous voulez jouer, puis appuyez sur le bouton \u00ab\u00a0Spin\u00a0\u00bb. Ensuite, attendez que les rouleaux s&rsquo;arr\u00eatent et d\u00e9couvrez si vous avez gagn\u00e9 ou non.<\/p>\n<h3><strong>Paris et Budget<\/strong><\/h3>\n<p>G\u00e9rer votre budget et d\u00e9finir vos paris en fonction de vos capacit\u00e9s est important. Utilisez des strat\u00e9gies de paris raisonnables et fixez des limites sur les d\u00e9p\u00f4ts et les pertes.<\/p>\n<h3><strong>Strat\u00e9gies de jeu de Dead or Alive<\/strong><\/h3>\n<p>Pour les joueurs exp\u00e9riment\u00e9s, il existe diff\u00e9rentes strat\u00e9gies qui peuvent aider \u00e0 augmenter vos chances de succ\u00e8s dans Dead or Alive. Cela comprend la gestion des paris et l&rsquo;utilisation des fonctionnalit\u00e9s de tours de bonus.<\/p>\n<h2><strong>Gagner dans Dead or Alive<\/strong><\/h2>\n<p>D\u00e9couvrez les opportunit\u00e9s de gros gains et de jackpots dans la machine \u00e0 sous Dead or Alive. Cette machine \u00e0 sous permet aux joueurs de gagner de bonnes sommes d&rsquo;argent. Il vous suffit de suivre des r\u00e8gles simples et claires.<\/p>\n<h3><strong>Jackpots et gains dans Dead or Alive<\/strong><\/h3>\n<p>La machine \u00e0 sous Dead or Alive offre aux joueurs la possibilit\u00e9 de remporter de gros jackpots et de profiter d&rsquo;un plaisir de jeu maximum. De nombreux joueurs ont r\u00e9alis\u00e9 des succ\u00e8s significatifs et des gains m\u00e9morables.<\/p>\n<h3><strong>Bonus et promotions dans Dead or Alive<\/strong><\/h3>\n<p>De nombreux casinos en ligne offrent des bonus et des promotions li\u00e9s \u00e0 Dead or Alive. Consultez les offres actuelles de votre casino pour augmenter vos chances de gagner. Vous pouvez utiliser des bonus qui attirent de l&rsquo;argent suppl\u00e9mentaire que vous recevez gratuitement du casino. Cela augmente vos chances de gagner.<\/p>\n<h2><strong>Jouez \u00e0 Dead or Alive dans un casino maintenant<\/strong><\/h2>\n<p>Dead or Alive est une machine \u00e0 sous qui ouvre les portes du monde du Far West, o\u00f9 de gros prix et de l&rsquo;excitation vous attendent \u00e0 chaque tour. Rejoignez les nombreux joueurs qui ont d\u00e9j\u00e0 d\u00e9couvert la magie de Dead or Alive et commencez votre aventure excitante d\u00e8s aujourd&rsquo;hui !<\/p>\n<p>Avec Dead or Alive, vous \u00eates assur\u00e9 de passer un bon moment et d&rsquo;avoir la possibilit\u00e9 de remporter de gros prix. Ne manquez pas l&rsquo;occasion de vivre cette aventure palpitante.<\/p>\n","protected":false},"excerpt":{"rendered":"<p>Le jeu Dead or Alive de NetEnt vous transportera \u00e0 l&rsquo;\u00e9poque du Far West. La machine \u00e0 sous Dead or Alive est une machine \u00e0 sous passionnante d\u00e9velopp\u00e9e par NetEnt qui vous plongera dans l&rsquo;atmosph\u00e8re des prairies sans fin, des cowboys et des sh\u00e9rifs tireurs d&rsquo;\u00e9lite. \u00cates-vous pr\u00eat \u00e0 devenir un vrai ma\u00eetre du Far&#8230;<\/p>\n","protected":false},"author":1,"featured_media":0,"parent":0,"menu_order":0,"comment_status":"closed","ping_status":"closed","template":"","meta":{"footnotes":""},"class_list":["post-5","page","type-page","status-publish","hentry"],"yoast_head":"<!-- This site is optimized with the Yoast SEO plugin v27.2 - https:\/\/yoast.com\/product\/yoast-seo-wordpress\/ -->\n<title>Jeu en ligne Dead or Alive<\/title>\n<meta name=\"description\" content=\"Comment jouer avec de l&#039;argent r\u00e9el sur la machine \u00e0 sous Dead or Alive. Comment gagner, t\u00e9l\u00e9charger, jouer avec de l&#039;argent r\u00e9el.\" \/>\n<meta name=\"robots\" content=\"index, follow, max-snippet:-1, max-image-preview:large, max-video-preview:-1\" \/>\n<link rel=\"canonical\" href=\"https:\/\/deadoraliveslot.com\/fr\/\" \/>\n<meta property=\"og:locale\" content=\"fr_FR\" \/>\n<meta property=\"og:locale:alternate\" content=\"ru_RU\" \/>\n<meta property=\"og:locale:alternate\" content=\"en_US\" \/>\n<meta property=\"og:locale:alternate\" content=\"pt_PT\" \/>\n<meta property=\"og:locale:alternate\" content=\"es_ES\" \/>\n<meta property=\"og:locale:alternate\" content=\"it_IT\" \/>\n<meta property=\"og:locale:alternate\" content=\"de_DE\" \/>\n<meta property=\"og:locale:alternate\" content=\"ro_RO\" \/>\n<meta property=\"og:locale:alternate\" content=\"sr_RS\" \/>\n<meta property=\"og:locale:alternate\" content=\"bg_BG\" \/>\n<meta property=\"og:locale:alternate\" content=\"pl_PL\" \/>\n<meta property=\"og:type\" content=\"article\" \/>\n<meta property=\"og:title\" content=\"Jeu en ligne Dead or Alive\" \/>\n<meta property=\"og:description\" content=\"Le jeu Dead or Alive de NetEnt vous transportera \u00e0 l&rsquo;\u00e9poque du Far West. La machine \u00e0 sous Dead or Alive est une machine \u00e0 sous passionnante d\u00e9velopp\u00e9e par NetEnt qui vous plongera dans l&rsquo;atmosph\u00e8re des prairies sans fin, des cowboys et des sh\u00e9rifs tireurs d&rsquo;\u00e9lite. \u00cates-vous pr\u00eat \u00e0 devenir un vrai ma\u00eetre du Far...\" \/>\n<meta property=\"og:url\" content=\"https:\/\/deadoraliveslot.com\/fr\/\" \/>\n<meta property=\"og:site_name\" content=\"Dead or Alive Slot\" \/>\n<meta property=\"article:modified_time\" content=\"2024-04-20T21:28:50+00:00\" \/>\n<meta name=\"twitter:card\" content=\"summary_large_image\" \/>\n<meta name=\"twitter:label1\" content=\"Dur\u00e9e de lecture estim\u00e9e\" \/>\n\t<meta name=\"twitter:data1\" content=\"27 minutes\" \/>\n<script type=\"application\/ld+json\" class=\"yoast-schema-graph\">{\"@context\":\"https:\/\/schema.org\",\"@graph\":[{\"@type\":\"WebPage\",\"@id\":\"https:\/\/deadoraliveslot.com\/\",\"url\":\"https:\/\/deadoraliveslot.com\/\",\"name\":\"Jeu en ligne Dead or Alive\",\"isPartOf\":{\"@id\":\"https:\/\/deadoraliveslot.com\/#website\"},\"datePublished\":\"2023-10-20T21:25:43+00:00\",\"dateModified\":\"2024-04-20T21:28:50+00:00\",\"breadcrumb\":{\"@id\":\"https:\/\/deadoraliveslot.com\/#breadcrumb\"},\"inLanguage\":\"fr-FR\",\"potentialAction\":[{\"@type\":\"ReadAction\",\"target\":[\"https:\/\/deadoraliveslot.com\/\"]}]},{\"@type\":\"BreadcrumbList\",\"@id\":\"https:\/\/deadoraliveslot.com\/#breadcrumb\",\"itemListElement\":[{\"@type\":\"ListItem\",\"position\":1,\"name\":\"Home\",\"item\":\"https:\/\/deadoraliveslot.com\/\"},{\"@type\":\"ListItem\",\"position\":2,\"name\":\"\u041e\u043d\u043b\u0430\u0439\u043d \u0438\u0433\u0440\u0430 Dead or Alive\"}]},{\"@type\":\"WebSite\",\"@id\":\"https:\/\/deadoraliveslot.com\/#website\",\"url\":\"https:\/\/deadoraliveslot.com\/\",\"name\":\"Dead or Alive Slot\",\"description\":\"\",\"publisher\":{\"@id\":\"https:\/\/deadoraliveslot.com\/#organization\"},\"potentialAction\":[{\"@type\":\"SearchAction\",\"target\":{\"@type\":\"EntryPoint\",\"urlTemplate\":\"https:\/\/deadoraliveslot.com\/?s={search_term_string}\"},\"query-input\":{\"@type\":\"PropertyValueSpecification\",\"valueRequired\":true,\"valueName\":\"search_term_string\"}}],\"inLanguage\":\"fr-FR\"},{\"@type\":\"Organization\",\"@id\":\"https:\/\/deadoraliveslot.com\/#organization\",\"name\":\"Dead or Alive Slot\",\"url\":\"https:\/\/deadoraliveslot.com\/\",\"logo\":{\"@type\":\"ImageObject\",\"inLanguage\":\"fr-FR\",\"@id\":\"https:\/\/deadoraliveslot.com\/#\/schema\/logo\/image\/\",\"url\":\"https:\/\/deadoraliveslot.com\/wp-content\/uploads\/logo-doa.png\",\"contentUrl\":\"https:\/\/deadoraliveslot.com\/wp-content\/uploads\/logo-doa.png\",\"width\":485,\"height\":255,\"caption\":\"Dead or Alive Slot\"},\"image\":{\"@id\":\"https:\/\/deadoraliveslot.com\/#\/schema\/logo\/image\/\"}}]}<\/script>\n<!-- \/ Yoast SEO plugin. -->","yoast_head_json":{"title":"Jeu en ligne Dead or Alive","description":"Comment jouer avec de l'argent r\u00e9el sur la machine \u00e0 sous Dead or Alive. Comment gagner, t\u00e9l\u00e9charger, jouer avec de l'argent r\u00e9el.","robots":{"index":"index","follow":"follow","max-snippet":"max-snippet:-1","max-image-preview":"max-image-preview:large","max-video-preview":"max-video-preview:-1"},"canonical":"https:\/\/deadoraliveslot.com\/fr\/","og_locale":"fr_FR","og_type":"article","og_title":"[:ru]\u041e\u043d\u043b\u0430\u0439\u043d \u0438\u0433\u0440\u0430 Dead or Alive[:en]Online game Dead or Alive[:pt]Jogo online Dead or Alive[:es]Juego en l\u00ednea Dead or Alive[:it]Giochi online Dead or Alive[:fr]Jeu en ligne Dead or Alive[:de]Online-Spiel Dead or Alive[:ro]Joc online Dead or Alive[:sr]\u041e\u043d\u043b\u0430\u0458\u043d \u0438\u0433\u0440\u0430 Dead or Alive[:bg]\u041e\u043d\u043b\u0430\u0439\u043d \u0438\u0433\u0440\u0430 Dead or Alive[:pl]Gra online Dead or Alive[:] - Dead or Alive Slot","og_description":"Le jeu Dead or Alive de NetEnt vous transportera \u00e0 l&rsquo;\u00e9poque du Far West. La machine \u00e0 sous Dead or Alive est une machine \u00e0 sous passionnante d\u00e9velopp\u00e9e par NetEnt qui vous plongera dans l&rsquo;atmosph\u00e8re des prairies sans fin, des cowboys et des sh\u00e9rifs tireurs d&rsquo;\u00e9lite. \u00cates-vous pr\u00eat \u00e0 devenir un vrai ma\u00eetre du Far...","og_url":"https:\/\/deadoraliveslot.com\/fr\/","og_site_name":"Dead or Alive Slot","article_modified_time":"2024-04-20T21:28:50+00:00","twitter_card":"summary_large_image","twitter_misc":{"Dur\u00e9e de lecture estim\u00e9e":"27 minutes"},"schema":{"@context":"https:\/\/schema.org","@graph":[{"@type":"WebPage","@id":"https:\/\/deadoraliveslot.com\/","url":"https:\/\/deadoraliveslot.com\/","name":"Jeu en ligne Dead or Alive","isPartOf":{"@id":"https:\/\/deadoraliveslot.com\/#website"},"datePublished":"2023-10-20T21:25:43+00:00","dateModified":"2024-04-20T21:28:50+00:00","breadcrumb":{"@id":"https:\/\/deadoraliveslot.com\/#breadcrumb"},"inLanguage":"fr-FR","potentialAction":[{"@type":"ReadAction","target":["https:\/\/deadoraliveslot.com\/"]}]},{"@type":"BreadcrumbList","@id":"https:\/\/deadoraliveslot.com\/#breadcrumb","itemListElement":[{"@type":"ListItem","position":1,"name":"Home","item":"https:\/\/deadoraliveslot.com\/"},{"@type":"ListItem","position":2,"name":"\u041e\u043d\u043b\u0430\u0439\u043d \u0438\u0433\u0440\u0430 Dead or Alive"}]},{"@type":"WebSite","@id":"https:\/\/deadoraliveslot.com\/#website","url":"https:\/\/deadoraliveslot.com\/","name":"Dead or Alive Slot","description":"","publisher":{"@id":"https:\/\/deadoraliveslot.com\/#organization"},"potentialAction":[{"@type":"SearchAction","target":{"@type":"EntryPoint","urlTemplate":"https:\/\/deadoraliveslot.com\/?s={search_term_string}"},"query-input":{"@type":"PropertyValueSpecification","valueRequired":true,"valueName":"search_term_string"}}],"inLanguage":"fr-FR"},{"@type":"Organization","@id":"https:\/\/deadoraliveslot.com\/#organization","name":"Dead or Alive Slot","url":"https:\/\/deadoraliveslot.com\/","logo":{"@type":"ImageObject","inLanguage":"fr-FR","@id":"https:\/\/deadoraliveslot.com\/#\/schema\/logo\/image\/","url":"https:\/\/deadoraliveslot.com\/wp-content\/uploads\/logo-doa.png","contentUrl":"https:\/\/deadoraliveslot.com\/wp-content\/uploads\/logo-doa.png","width":485,"height":255,"caption":"Dead or Alive Slot"},"image":{"@id":"https:\/\/deadoraliveslot.com\/#\/schema\/logo\/image\/"}}]}},"_links":{"self":[{"href":"https:\/\/deadoraliveslot.com\/fr\/wp-json\/wp\/v2\/pages\/5","targetHints":{"allow":["GET"]}}],"collection":[{"href":"https:\/\/deadoraliveslot.com\/fr\/wp-json\/wp\/v2\/pages"}],"about":[{"href":"https:\/\/deadoraliveslot.com\/fr\/wp-json\/wp\/v2\/types\/page"}],"author":[{"embeddable":true,"href":"https:\/\/deadoraliveslot.com\/fr\/wp-json\/wp\/v2\/users\/1"}],"replies":[{"embeddable":true,"href":"https:\/\/deadoraliveslot.com\/fr\/wp-json\/wp\/v2\/comments?post=5"}],"version-history":[{"count":23,"href":"https:\/\/deadoraliveslot.com\/fr\/wp-json\/wp\/v2\/pages\/5\/revisions"}],"predecessor-version":[{"id":149,"href":"https:\/\/deadoraliveslot.com\/fr\/wp-json\/wp\/v2\/pages\/5\/revisions\/149"}],"wp:attachment":[{"href":"https:\/\/deadoraliveslot.com\/fr\/wp-json\/wp\/v2\/media?parent=5"}],"curies":[{"name":"wp","href":"https:\/\/api.w.org\/{rel}","templated":true}]}}