{"id":25,"date":"2023-10-20T23:22:50","date_gmt":"2023-10-20T23:22:50","guid":{"rendered":"https:\/\/deadoraliveslot.com\/?page_id=25"},"modified":"2024-04-20T21:33:33","modified_gmt":"2024-04-20T21:33:33","slug":"real-reviews-about-dead-or-alive-slot","status":"publish","type":"page","link":"https:\/\/deadoraliveslot.com\/fr\/real-reviews-about-dead-or-alive-slot\/","title":{"rendered":"Avis de vrais joueurs sur le slot Dead or Alive"},"content":{"rendered":"<p>Nous avons rassembl\u00e9 10 avis de joueurs sur la machine \u00e0 sous Dead or Alive, o\u00f9 les joueurs partagent leurs exp\u00e9riences. Ces avis peuvent \u00eatre utiles \u00e0 tous les joueurs qui envisagent de jouer \u00e0 Dead or Alive. Ces avis refl\u00e8tent les exp\u00e9riences diverses des joueurs et d\u00e9montrent \u00e0 quel point le jeu \u00e0 la machine \u00e0 sous Dead or Alive peut \u00eatre excitant et rentable.<\/p>\n<p><strong>Th\u00e8me :<\/strong> Retour dans le Far West avec la machine \u00e0 sous Dead or Alive<\/p>\n<p>La machine \u00e0 sous Dead or Alive m&rsquo;a vraiment fait me sentir comme un cow-boy. Des graphismes excellents et des tours gratuits ont rendu mon jeu inoubliable. J&rsquo;ai gagn\u00e9 de l&rsquo;argent r\u00e9el.<\/p>\n<p>Max, 30 ans.<\/p>\n<p><strong>Th\u00e8me :<\/strong> De gros gains vous attendent dans Dead or Alive<\/p>\n<p>J&rsquo;adore simplement cette machine \u00e0 sous ! Les gains peuvent \u00eatre \u00e9normes, et je l&rsquo;ai prouv\u00e9 avec mes propres gains. Maintenant, je la recommande \u00e0 des amis qui me demandent, en tant que personne exp\u00e9riment\u00e9e, quelle machine \u00e0 sous choisir pour jouer.<\/p>\n<p>Anna, 28 ans.<\/p>\n<p><strong>Th\u00e8me :<\/strong> Une atmosph\u00e8re envo\u00fbtante du Far West dans Dead or Alive<\/p>\n<p>La machine \u00e0 sous Dead or Alive cr\u00e9e une atmosph\u00e8re unique du Far West qui captive instantan\u00e9ment et cr\u00e9e une excellente humeur. Vrai frisson !<\/p>\n<p>Ivan, 35 ans.<\/p>\n<p><strong>Th\u00e8me :<\/strong> Chance pour des aventures dans la machine \u00e0 sous Dead or Alive<\/p>\n<p>En jouant \u00e0 Dead or Alive, j&rsquo;ai eu l&rsquo;impression de partir pour une v\u00e9ritable aventure dans le Far West. Je n&rsquo;ai jamais rien vu de tel auparavant ! Jouer et gagner \u00e0 la machine \u00e0 sous Dead or Alive, c&rsquo;est vraiment g\u00e9nial. J&rsquo;aime vraiment cette machine \u00e0 sous.<\/p>\n<p>Olga, 32 ans.<\/p>\n<p><strong>Th\u00e8me :<\/strong> Nostalgie des films classiques en jouant \u00e0 Dead or Alive<\/p>\n<p>Si vous \u00eates fan des films du Far West, alors cette machine \u00e0 sous est pour vous. Elle rappelle des souvenirs nostalgiques et enchante avec des gains. La machine \u00e0 sous Dead or Alive vous permet de gagner de l&rsquo;argent r\u00e9el.<\/p>\n<p>Pavel, 40 ans.<\/p>\n<p><strong>Th\u00e8me :<\/strong> Les tours bonus &#8211; le secret du succ\u00e8s<\/p>\n<p>J&rsquo;ai d\u00e9couvert que les tours bonus dans Dead or Alive peuvent apporter de gros gains. C&rsquo;est la partie la plus int\u00e9ressante du jeu ! Apr\u00e8s tout, nous jouons tous pour gagner, et quand vous recevez de l&rsquo;argent r\u00e9el sur votre carte bancaire, c&rsquo;est exaltant. Ekaterina, 29 ans.<\/p>\n<p><strong>Th\u00e8me :<\/strong> La machine \u00e0 sous Dead or Alive pour les amateurs de risque.<\/p>\n<p>La machine \u00e0 sous Dead or Alive est pour ceux qui sont pr\u00eats \u00e0 prendre des risques. Je suis constamment \u00e9tonn\u00e9 de l&rsquo;excitation que peut procurer le jeu, m\u00eame si \u00e0 premi\u00e8re vue, elle semble \u00eatre une machine \u00e0 sous ordinaire.<\/p>\n<p>Dmitry, 27 ans.<\/p>\n<p><strong>Th\u00e8me :<\/strong> Jouez sur n&rsquo;importe quel appareil dans Dead or Alive<\/p>\n<p>J&rsquo;aime que je puisse jouer \u00e0 Dead or Alive sur mon smartphone. C&rsquo;est une excellente fa\u00e7on de passer le temps sur le chemin du travail et du bureau.<\/p>\n<p>Nadezhda, 31 ans.<\/p>\n<p><strong>Th\u00e8me :<\/strong> Jeu \u00e9quitable et gros gains dans la machine \u00e0 sous Dead or Alive<\/p>\n<p>Je sens que Dead or Alive est un jeu \u00e9quitable. Les gains surviennent plus souvent que je ne le pensais, et c&rsquo;est tout simplement merveilleux.<\/p>\n<p>Alexey, 33 ans.<\/p>\n<p><strong>Th\u00e8me :<\/strong> Un excellent divertissement le week-end<\/p>\n<p>Le jeu en ligne Dead or Alive est devenu ma mani\u00e8re de me d\u00e9tendre et de m&rsquo;amuser le week-end. J&rsquo;aime son atmosph\u00e8re et ses chances de gagner.<\/p>\n<p>Maria, 26 ans.<\/p>\n","protected":false},"excerpt":{"rendered":"<p>Nous avons rassembl\u00e9 10 avis de joueurs sur la machine \u00e0 sous Dead or Alive, o\u00f9 les joueurs partagent leurs exp\u00e9riences. Ces avis peuvent \u00eatre utiles \u00e0 tous les joueurs qui envisagent de jouer \u00e0 Dead or Alive. Ces avis refl\u00e8tent les exp\u00e9riences diverses des joueurs et d\u00e9montrent \u00e0 quel point le jeu \u00e0 la&#8230;<\/p>\n","protected":false},"author":1,"featured_media":0,"parent":0,"menu_order":0,"comment_status":"closed","ping_status":"closed","template":"","meta":{"footnotes":""},"class_list":["post-25","page","type-page","status-publish","hentry"],"yoast_head":"<!-- This site is optimized with the Yoast SEO plugin v27.2 - https:\/\/yoast.com\/product\/yoast-seo-wordpress\/ -->\n<title>Rese\u00f1as de jugadores reales sobre la tragamonedas Dead or Alive<\/title>\n<meta name=\"description\" content=\"Lisez les opinions, les critiques et les retours des vrais joueurs sur la machine \u00e0 sous Dead or Alive. D\u00e9couvrez ce que les autres joueurs pensent et commencez \u00e0 jouer maintenant.\" \/>\n<meta name=\"robots\" content=\"index, follow, max-snippet:-1, max-image-preview:large, max-video-preview:-1\" \/>\n<link rel=\"canonical\" href=\"https:\/\/deadoraliveslot.com\/fr\/real-reviews-about-dead-or-alive-slot\/\" \/>\n<meta property=\"og:locale\" content=\"fr_FR\" \/>\n<meta property=\"og:locale:alternate\" content=\"ru_RU\" \/>\n<meta property=\"og:locale:alternate\" content=\"en_US\" \/>\n<meta property=\"og:locale:alternate\" content=\"pt_PT\" \/>\n<meta property=\"og:locale:alternate\" content=\"es_ES\" \/>\n<meta property=\"og:locale:alternate\" content=\"it_IT\" \/>\n<meta property=\"og:locale:alternate\" content=\"de_DE\" \/>\n<meta property=\"og:locale:alternate\" content=\"ro_RO\" \/>\n<meta property=\"og:locale:alternate\" content=\"sr_RS\" \/>\n<meta property=\"og:locale:alternate\" content=\"bg_BG\" \/>\n<meta property=\"og:locale:alternate\" content=\"pl_PL\" \/>\n<meta property=\"og:type\" content=\"article\" \/>\n<meta property=\"og:title\" content=\"Rese\u00f1as de jugadores reales sobre la tragamonedas Dead or Alive\" \/>\n<meta property=\"og:description\" content=\"Lee opiniones, an\u00e1lisis y comentarios de jugadores reales sobre la tragamonedas Dead or Alive. Descubre lo que piensan otros jugadores y comienza a jugar ahora.\" \/>\n<meta property=\"og:url\" content=\"https:\/\/deadoraliveslot.com\/fr\/real-reviews-about-dead-or-alive-slot\/\" \/>\n<meta property=\"og:site_name\" content=\"Dead or Alive Slot\" \/>\n<meta property=\"article:modified_time\" content=\"2024-04-20T21:33:33+00:00\" \/>\n<meta name=\"twitter:card\" content=\"summary_large_image\" \/>\n<meta name=\"twitter:label1\" content=\"Dur\u00e9e de lecture estim\u00e9e\" \/>\n\t<meta name=\"twitter:data1\" content=\"21 minutes\" \/>\n<script type=\"application\/ld+json\" class=\"yoast-schema-graph\">{\"@context\":\"https:\/\/schema.org\",\"@graph\":[{\"@type\":\"WebPage\",\"@id\":\"https:\/\/deadoraliveslot.com\/es\/real-reviews-about-dead-or-alive-slot\/\",\"url\":\"https:\/\/deadoraliveslot.com\/es\/real-reviews-about-dead-or-alive-slot\/\",\"name\":\"Rese\u00f1as de jugadores reales sobre la tragamonedas Dead or Alive\",\"isPartOf\":{\"@id\":\"https:\/\/deadoraliveslot.com\/#website\"},\"datePublished\":\"2023-10-20T23:22:50+00:00\",\"dateModified\":\"2024-04-20T21:33:33+00:00\",\"description\":\"Lee opiniones, an\u00e1lisis y comentarios de jugadores reales sobre la tragamonedas Dead or Alive. Descubre lo que piensan otros jugadores y comienza a jugar ahora.\",\"breadcrumb\":{\"@id\":\"https:\/\/deadoraliveslot.com\/es\/real-reviews-about-dead-or-alive-slot\/#breadcrumb\"},\"inLanguage\":\"fr-FR\",\"potentialAction\":[{\"@type\":\"ReadAction\",\"target\":[\"https:\/\/deadoraliveslot.com\/es\/real-reviews-about-dead-or-alive-slot\/\"]}]},{\"@type\":\"BreadcrumbList\",\"@id\":\"https:\/\/deadoraliveslot.com\/es\/real-reviews-about-dead-or-alive-slot\/#breadcrumb\",\"itemListElement\":[{\"@type\":\"ListItem\",\"position\":1,\"name\":\"Home\",\"item\":\"https:\/\/deadoraliveslot.com\/\"},{\"@type\":\"ListItem\",\"position\":2,\"name\":\"Opiniones de jugadores reales sobre el slot Dead or Alive\"}]},{\"@type\":\"WebSite\",\"@id\":\"https:\/\/deadoraliveslot.com\/#website\",\"url\":\"https:\/\/deadoraliveslot.com\/\",\"name\":\"Dead or Alive Slot\",\"description\":\"\",\"publisher\":{\"@id\":\"https:\/\/deadoraliveslot.com\/#organization\"},\"potentialAction\":[{\"@type\":\"SearchAction\",\"target\":{\"@type\":\"EntryPoint\",\"urlTemplate\":\"https:\/\/deadoraliveslot.com\/?s={search_term_string}\"},\"query-input\":{\"@type\":\"PropertyValueSpecification\",\"valueRequired\":true,\"valueName\":\"search_term_string\"}}],\"inLanguage\":\"fr-FR\"},{\"@type\":\"Organization\",\"@id\":\"https:\/\/deadoraliveslot.com\/#organization\",\"name\":\"Dead or Alive Slot\",\"url\":\"https:\/\/deadoraliveslot.com\/\",\"logo\":{\"@type\":\"ImageObject\",\"inLanguage\":\"fr-FR\",\"@id\":\"https:\/\/deadoraliveslot.com\/#\/schema\/logo\/image\/\",\"url\":\"https:\/\/deadoraliveslot.com\/wp-content\/uploads\/logo-doa.png\",\"contentUrl\":\"https:\/\/deadoraliveslot.com\/wp-content\/uploads\/logo-doa.png\",\"width\":485,\"height\":255,\"caption\":\"Dead or Alive Slot\"},\"image\":{\"@id\":\"https:\/\/deadoraliveslot.com\/#\/schema\/logo\/image\/\"}}]}<\/script>\n<!-- \/ Yoast SEO plugin. -->","yoast_head_json":{"title":"Rese\u00f1as de jugadores reales sobre la tragamonedas Dead or Alive","description":"Lisez les opinions, les critiques et les retours des vrais joueurs sur la machine \u00e0 sous Dead or Alive. D\u00e9couvrez ce que les autres joueurs pensent et commencez \u00e0 jouer maintenant.","robots":{"index":"index","follow":"follow","max-snippet":"max-snippet:-1","max-image-preview":"max-image-preview:large","max-video-preview":"max-video-preview:-1"},"canonical":"https:\/\/deadoraliveslot.com\/fr\/real-reviews-about-dead-or-alive-slot\/","og_locale":"fr_FR","og_type":"article","og_title":"Rese\u00f1as de jugadores reales sobre la tragamonedas Dead or Alive","og_description":"Lee opiniones, an\u00e1lisis y comentarios de jugadores reales sobre la tragamonedas Dead or Alive. Descubre lo que piensan otros jugadores y comienza a jugar ahora.","og_url":"https:\/\/deadoraliveslot.com\/fr\/real-reviews-about-dead-or-alive-slot\/","og_site_name":"Dead or Alive Slot","article_modified_time":"2024-04-20T21:33:33+00:00","twitter_card":"summary_large_image","twitter_misc":{"Dur\u00e9e de lecture estim\u00e9e":"21 minutes"},"schema":{"@context":"https:\/\/schema.org","@graph":[{"@type":"WebPage","@id":"https:\/\/deadoraliveslot.com\/es\/real-reviews-about-dead-or-alive-slot\/","url":"https:\/\/deadoraliveslot.com\/es\/real-reviews-about-dead-or-alive-slot\/","name":"Rese\u00f1as de jugadores reales sobre la tragamonedas Dead or Alive","isPartOf":{"@id":"https:\/\/deadoraliveslot.com\/#website"},"datePublished":"2023-10-20T23:22:50+00:00","dateModified":"2024-04-20T21:33:33+00:00","description":"Lee opiniones, an\u00e1lisis y comentarios de jugadores reales sobre la tragamonedas Dead or Alive. Descubre lo que piensan otros jugadores y comienza a jugar ahora.","breadcrumb":{"@id":"https:\/\/deadoraliveslot.com\/es\/real-reviews-about-dead-or-alive-slot\/#breadcrumb"},"inLanguage":"fr-FR","potentialAction":[{"@type":"ReadAction","target":["https:\/\/deadoraliveslot.com\/es\/real-reviews-about-dead-or-alive-slot\/"]}]},{"@type":"BreadcrumbList","@id":"https:\/\/deadoraliveslot.com\/es\/real-reviews-about-dead-or-alive-slot\/#breadcrumb","itemListElement":[{"@type":"ListItem","position":1,"name":"Home","item":"https:\/\/deadoraliveslot.com\/"},{"@type":"ListItem","position":2,"name":"Opiniones de jugadores reales sobre el slot Dead or Alive"}]},{"@type":"WebSite","@id":"https:\/\/deadoraliveslot.com\/#website","url":"https:\/\/deadoraliveslot.com\/","name":"Dead or Alive Slot","description":"","publisher":{"@id":"https:\/\/deadoraliveslot.com\/#organization"},"potentialAction":[{"@type":"SearchAction","target":{"@type":"EntryPoint","urlTemplate":"https:\/\/deadoraliveslot.com\/?s={search_term_string}"},"query-input":{"@type":"PropertyValueSpecification","valueRequired":true,"valueName":"search_term_string"}}],"inLanguage":"fr-FR"},{"@type":"Organization","@id":"https:\/\/deadoraliveslot.com\/#organization","name":"Dead or Alive Slot","url":"https:\/\/deadoraliveslot.com\/","logo":{"@type":"ImageObject","inLanguage":"fr-FR","@id":"https:\/\/deadoraliveslot.com\/#\/schema\/logo\/image\/","url":"https:\/\/deadoraliveslot.com\/wp-content\/uploads\/logo-doa.png","contentUrl":"https:\/\/deadoraliveslot.com\/wp-content\/uploads\/logo-doa.png","width":485,"height":255,"caption":"Dead or Alive Slot"},"image":{"@id":"https:\/\/deadoraliveslot.com\/#\/schema\/logo\/image\/"}}]}},"_links":{"self":[{"href":"https:\/\/deadoraliveslot.com\/fr\/wp-json\/wp\/v2\/pages\/25","targetHints":{"allow":["GET"]}}],"collection":[{"href":"https:\/\/deadoraliveslot.com\/fr\/wp-json\/wp\/v2\/pages"}],"about":[{"href":"https:\/\/deadoraliveslot.com\/fr\/wp-json\/wp\/v2\/types\/page"}],"author":[{"embeddable":true,"href":"https:\/\/deadoraliveslot.com\/fr\/wp-json\/wp\/v2\/users\/1"}],"replies":[{"embeddable":true,"href":"https:\/\/deadoraliveslot.com\/fr\/wp-json\/wp\/v2\/comments?post=25"}],"version-history":[{"count":22,"href":"https:\/\/deadoraliveslot.com\/fr\/wp-json\/wp\/v2\/pages\/25\/revisions"}],"predecessor-version":[{"id":150,"href":"https:\/\/deadoraliveslot.com\/fr\/wp-json\/wp\/v2\/pages\/25\/revisions\/150"}],"wp:attachment":[{"href":"https:\/\/deadoraliveslot.com\/fr\/wp-json\/wp\/v2\/media?parent=25"}],"curies":[{"name":"wp","href":"https:\/\/api.w.org\/{rel}","templated":true}]}}