{"id":5,"date":"2023-10-20T21:25:43","date_gmt":"2023-10-20T21:25:43","guid":{"rendered":"https:\/\/deadoraliveslot.com\/?page_id=5"},"modified":"2024-04-20T21:28:50","modified_gmt":"2024-04-20T21:28:50","slug":"dead-or-alive","status":"publish","type":"page","link":"https:\/\/deadoraliveslot.com\/es\/","title":{"rendered":"Juego en l\u00ednea Dead or Alive"},"content":{"rendered":"<p>El juego Dead or Alive de NetEnt te transportar\u00e1 a la era del Salvaje Oeste. El tragamonedas Dead or Alive es un emocionante juego desarrollado por NetEnt que te sumergir\u00e1 en la atm\u00f3sfera de las praderas interminables, los vaqueros y los sheriffs afilados. \u00bfEst\u00e1s listo para convertirte en un verdadero maestro del Salvaje Oeste y agarrar el gran premio mayor? Todo es posible en el juego Dead or Alive.<\/p>\n<h2><strong>Caracter\u00edsticas de la m\u00e1quina tragamonedas Dead or Alive<\/strong><\/h2>\n<p>Descubre qu\u00e9 hace que la m\u00e1quina tragamonedas Dead or Alive sea tan \u00fanica y emocionante. Y por qu\u00e9 los jugadores de todo el mundo eligen la m\u00e1quina tragamonedas Dead or Alive.<\/p>\n<h3><strong>S\u00edmbolos y Dise\u00f1o<\/strong><\/h3>\n<p>El juego Dead or Alive impresiona con su visualizaci\u00f3n aut\u00e9ntica, que incluye s\u00edmbolos que representan toda la historia del Salvaje Oeste. Te encontrar\u00e1s con vaqueros, sheriffs, pistolas, botellas de whisky y mucho m\u00e1s. Cada s\u00edmbolo est\u00e1 creado con atenci\u00f3n al detalle, sumergi\u00e9ndote en la atm\u00f3sfera de la ilegalidad y la aventura.<\/p>\n<h3><strong>Carretes y L\u00edneas de Pago<\/strong><\/h3>\n<p>El tragamonedas Dead or Alive ofrece 5 carretes y 9 l\u00edneas de pago, lo que lo hace accesible para jugadores de diferentes niveles de experiencia. Los s\u00edmbolos aparecen en los carretes, y las combinaciones ganadoras se forman en diferentes direcciones, ofreciendo muchas formas de ganar.<\/p>\n<h3><strong>Funci\u00f3n Wild y Giros Gratis<\/strong><\/h3>\n<p>La pistola sirve como el s\u00edmbolo Wild, reemplazando a otros s\u00edmbolos y aumentando tus posibilidades de ganar. Y si obtienes tres o m\u00e1s s\u00edmbolos de pistola, activar\u00e1s la ronda de bonificaci\u00f3n de giros gratis, que puede traer grandes ganancias.<\/p>\n<h2><strong>C\u00f3mo jugar Dead or Alive<\/strong><\/h2>\n<p>Aprende los conceptos b\u00e1sicos y las estrategias para dominar el Salvaje Oeste mientras juegas a Dead or Alive. Es crucial entender las reglas del juego de tragamonedas Dead or Alive antes de comenzar.<\/p>\n<h3><strong>Reglas b\u00e1sicas de Dead or Alive<\/strong><\/h3>\n<p>Jugar a Dead or Alive es f\u00e1cil. Elige el tama\u00f1o de tu apuesta y el n\u00famero de l\u00edneas que deseas jugar y presiona el bot\u00f3n \u00abGirar\u00bb. Luego, espera a que los carretes se detengan y descubre si has ganado o no.<\/p>\n<h3><strong>Apuestas y Banca<\/strong><\/h3>\n<p>Gestionar tu banca y establecer apuestas seg\u00fan tus capacidades es importante. Usa estrategias de apuestas sensatas y establece l\u00edmites en los dep\u00f3sitos y p\u00e9rdidas.<\/p>\n<h3><strong>Estrategias de Juego de Dead or Alive<\/strong><\/h3>\n<p>Para jugadores experimentados, existen diversas estrategias que pueden ayudar a aumentar tus posibilidades de \u00e9xito en Dead or Alive. Esto incluye gestionar apuestas y utilizar las funciones de giros de bonificaci\u00f3n.<\/p>\n<h2><strong>Ganar en Dead or Alive<\/strong><\/h2>\n<p>Descubre las oportunidades de grandes ganancias y premios gordos en el tragamonedas Dead or Alive. Este tragamonedas permite a los jugadores ganar buen dinero. Todo lo que tienes que hacer es seguir reglas simples y claras.<\/p>\n<h3><strong>Premios gordos y Ganancias en Dead or Alive<\/strong><\/h3>\n<p>El tragamonedas Dead or Alive brinda a los jugadores la oportunidad de ganar grandes premios gordos y disfrutar del m\u00e1ximo placer de juego. Muchos jugadores han logrado \u00e9xitos significativos y ganancias memorables.<\/p>\n<h3><strong>Bonos y Promociones en Dead or Alive<\/strong><\/h3>\n<p>Muchos casinos en l\u00ednea ofrecen bonos y promociones relacionados con Dead or Alive. Verifica las ofertas actuales de tu casino para aumentar tus posibilidades de ganar. Puedes usar bonos que atraen dinero adicional que recibes gratis del casino. Esto aumenta tus posibilidades de ganar.<\/p>\n<h2><strong>Juega a Dead or Alive en un casino ahora<\/strong><\/h2>\n<p>Dead or Alive es un tragamonedas que abre las puertas al mundo del Salvaje Oeste, donde grandes premios y emociones te esperan en cada turno. \u00danete a los muchos jugadores que ya han experimentado la magia de Dead or Alive y comienza tu emocionante aventura hoy mismo.<\/p>\n<p>Con Dead or Alive, tienes garantizado pasar un buen rato y la oportunidad de ganar grandes premios. No pierdas la oportunidad de experimentar este emocionante viaje.<\/p>\n","protected":false},"excerpt":{"rendered":"<p>El juego Dead or Alive de NetEnt te transportar\u00e1 a la era del Salvaje Oeste. El tragamonedas Dead or Alive es un emocionante juego desarrollado por NetEnt que te sumergir\u00e1 en la atm\u00f3sfera de las praderas interminables, los vaqueros y los sheriffs afilados. \u00bfEst\u00e1s listo para convertirte en un verdadero maestro del Salvaje Oeste y&#8230;<\/p>\n","protected":false},"author":1,"featured_media":0,"parent":0,"menu_order":0,"comment_status":"closed","ping_status":"closed","template":"","meta":{"footnotes":""},"class_list":["post-5","page","type-page","status-publish","hentry"],"yoast_head":"<!-- This site is optimized with the Yoast SEO plugin v27.2 - https:\/\/yoast.com\/product\/yoast-seo-wordpress\/ -->\n<title>Juego en l\u00ednea Dead or Alive<\/title>\n<meta name=\"description\" content=\"C\u00f3mo jugar con dinero real en la m\u00e1quina tragamonedas Dead or Alive. C\u00f3mo ganar, descargar, jugar con dinero real.\" \/>\n<meta name=\"robots\" content=\"index, follow, max-snippet:-1, max-image-preview:large, max-video-preview:-1\" \/>\n<link rel=\"canonical\" href=\"https:\/\/deadoraliveslot.com\/es\/\" \/>\n<meta property=\"og:locale\" content=\"es_ES\" \/>\n<meta property=\"og:locale:alternate\" content=\"ru_RU\" \/>\n<meta property=\"og:locale:alternate\" content=\"en_US\" \/>\n<meta property=\"og:locale:alternate\" content=\"pt_PT\" \/>\n<meta property=\"og:locale:alternate\" content=\"it_IT\" \/>\n<meta property=\"og:locale:alternate\" content=\"fr_FR\" \/>\n<meta property=\"og:locale:alternate\" content=\"de_DE\" \/>\n<meta property=\"og:locale:alternate\" content=\"ro_RO\" \/>\n<meta property=\"og:locale:alternate\" content=\"sr_RS\" \/>\n<meta property=\"og:locale:alternate\" content=\"bg_BG\" \/>\n<meta property=\"og:locale:alternate\" content=\"pl_PL\" \/>\n<meta property=\"og:type\" content=\"article\" \/>\n<meta property=\"og:title\" content=\"Juego en l\u00ednea Dead or Alive\" \/>\n<meta property=\"og:description\" content=\"El juego Dead or Alive de NetEnt te transportar\u00e1 a la era del Salvaje Oeste. El tragamonedas Dead or Alive es un emocionante juego desarrollado por NetEnt que te sumergir\u00e1 en la atm\u00f3sfera de las praderas interminables, los vaqueros y los sheriffs afilados. \u00bfEst\u00e1s listo para convertirte en un verdadero maestro del Salvaje Oeste y...\" \/>\n<meta property=\"og:url\" content=\"https:\/\/deadoraliveslot.com\/es\/\" \/>\n<meta property=\"og:site_name\" content=\"Dead or Alive Slot\" \/>\n<meta property=\"article:modified_time\" content=\"2024-04-20T21:28:50+00:00\" \/>\n<meta name=\"twitter:card\" content=\"summary_large_image\" \/>\n<meta name=\"twitter:label1\" content=\"Tiempo de lectura\" \/>\n\t<meta name=\"twitter:data1\" content=\"27 minutos\" \/>\n<script type=\"application\/ld+json\" class=\"yoast-schema-graph\">{\"@context\":\"https:\/\/schema.org\",\"@graph\":[{\"@type\":\"WebPage\",\"@id\":\"https:\/\/deadoraliveslot.com\/\",\"url\":\"https:\/\/deadoraliveslot.com\/\",\"name\":\"Juego en l\u00ednea Dead or Alive\",\"isPartOf\":{\"@id\":\"https:\/\/deadoraliveslot.com\/#website\"},\"datePublished\":\"2023-10-20T21:25:43+00:00\",\"dateModified\":\"2024-04-20T21:28:50+00:00\",\"breadcrumb\":{\"@id\":\"https:\/\/deadoraliveslot.com\/#breadcrumb\"},\"inLanguage\":\"es-ES\",\"potentialAction\":[{\"@type\":\"ReadAction\",\"target\":[\"https:\/\/deadoraliveslot.com\/\"]}]},{\"@type\":\"BreadcrumbList\",\"@id\":\"https:\/\/deadoraliveslot.com\/#breadcrumb\",\"itemListElement\":[{\"@type\":\"ListItem\",\"position\":1,\"name\":\"Home\",\"item\":\"https:\/\/deadoraliveslot.com\/\"},{\"@type\":\"ListItem\",\"position\":2,\"name\":\"\u041e\u043d\u043b\u0430\u0439\u043d \u0438\u0433\u0440\u0430 Dead or Alive\"}]},{\"@type\":\"WebSite\",\"@id\":\"https:\/\/deadoraliveslot.com\/#website\",\"url\":\"https:\/\/deadoraliveslot.com\/\",\"name\":\"Dead or Alive Slot\",\"description\":\"\",\"publisher\":{\"@id\":\"https:\/\/deadoraliveslot.com\/#organization\"},\"potentialAction\":[{\"@type\":\"SearchAction\",\"target\":{\"@type\":\"EntryPoint\",\"urlTemplate\":\"https:\/\/deadoraliveslot.com\/?s={search_term_string}\"},\"query-input\":{\"@type\":\"PropertyValueSpecification\",\"valueRequired\":true,\"valueName\":\"search_term_string\"}}],\"inLanguage\":\"es-ES\"},{\"@type\":\"Organization\",\"@id\":\"https:\/\/deadoraliveslot.com\/#organization\",\"name\":\"Dead or Alive Slot\",\"url\":\"https:\/\/deadoraliveslot.com\/\",\"logo\":{\"@type\":\"ImageObject\",\"inLanguage\":\"es-ES\",\"@id\":\"https:\/\/deadoraliveslot.com\/#\/schema\/logo\/image\/\",\"url\":\"https:\/\/deadoraliveslot.com\/wp-content\/uploads\/logo-doa.png\",\"contentUrl\":\"https:\/\/deadoraliveslot.com\/wp-content\/uploads\/logo-doa.png\",\"width\":485,\"height\":255,\"caption\":\"Dead or Alive Slot\"},\"image\":{\"@id\":\"https:\/\/deadoraliveslot.com\/#\/schema\/logo\/image\/\"}}]}<\/script>\n<!-- \/ Yoast SEO plugin. -->","yoast_head_json":{"title":"Juego en l\u00ednea Dead or Alive","description":"C\u00f3mo jugar con dinero real en la m\u00e1quina tragamonedas Dead or Alive. C\u00f3mo ganar, descargar, jugar con dinero real.","robots":{"index":"index","follow":"follow","max-snippet":"max-snippet:-1","max-image-preview":"max-image-preview:large","max-video-preview":"max-video-preview:-1"},"canonical":"https:\/\/deadoraliveslot.com\/es\/","og_locale":"es_ES","og_type":"article","og_title":"[:ru]\u041e\u043d\u043b\u0430\u0439\u043d \u0438\u0433\u0440\u0430 Dead or Alive[:en]Online game Dead or Alive[:pt]Jogo online Dead or Alive[:es]Juego en l\u00ednea Dead or Alive[:it]Giochi online Dead or Alive[:fr]Jeu en ligne Dead or Alive[:de]Online-Spiel Dead or Alive[:ro]Joc online Dead or Alive[:sr]\u041e\u043d\u043b\u0430\u0458\u043d \u0438\u0433\u0440\u0430 Dead or Alive[:bg]\u041e\u043d\u043b\u0430\u0439\u043d \u0438\u0433\u0440\u0430 Dead or Alive[:pl]Gra online Dead or Alive[:] - Dead or Alive Slot","og_description":"El juego Dead or Alive de NetEnt te transportar\u00e1 a la era del Salvaje Oeste. El tragamonedas Dead or Alive es un emocionante juego desarrollado por NetEnt que te sumergir\u00e1 en la atm\u00f3sfera de las praderas interminables, los vaqueros y los sheriffs afilados. \u00bfEst\u00e1s listo para convertirte en un verdadero maestro del Salvaje Oeste y...","og_url":"https:\/\/deadoraliveslot.com\/es\/","og_site_name":"Dead or Alive Slot","article_modified_time":"2024-04-20T21:28:50+00:00","twitter_card":"summary_large_image","twitter_misc":{"Tiempo de lectura":"27 minutos"},"schema":{"@context":"https:\/\/schema.org","@graph":[{"@type":"WebPage","@id":"https:\/\/deadoraliveslot.com\/","url":"https:\/\/deadoraliveslot.com\/","name":"Juego en l\u00ednea Dead or Alive","isPartOf":{"@id":"https:\/\/deadoraliveslot.com\/#website"},"datePublished":"2023-10-20T21:25:43+00:00","dateModified":"2024-04-20T21:28:50+00:00","breadcrumb":{"@id":"https:\/\/deadoraliveslot.com\/#breadcrumb"},"inLanguage":"es-ES","potentialAction":[{"@type":"ReadAction","target":["https:\/\/deadoraliveslot.com\/"]}]},{"@type":"BreadcrumbList","@id":"https:\/\/deadoraliveslot.com\/#breadcrumb","itemListElement":[{"@type":"ListItem","position":1,"name":"Home","item":"https:\/\/deadoraliveslot.com\/"},{"@type":"ListItem","position":2,"name":"\u041e\u043d\u043b\u0430\u0439\u043d \u0438\u0433\u0440\u0430 Dead or Alive"}]},{"@type":"WebSite","@id":"https:\/\/deadoraliveslot.com\/#website","url":"https:\/\/deadoraliveslot.com\/","name":"Dead or Alive Slot","description":"","publisher":{"@id":"https:\/\/deadoraliveslot.com\/#organization"},"potentialAction":[{"@type":"SearchAction","target":{"@type":"EntryPoint","urlTemplate":"https:\/\/deadoraliveslot.com\/?s={search_term_string}"},"query-input":{"@type":"PropertyValueSpecification","valueRequired":true,"valueName":"search_term_string"}}],"inLanguage":"es-ES"},{"@type":"Organization","@id":"https:\/\/deadoraliveslot.com\/#organization","name":"Dead or Alive Slot","url":"https:\/\/deadoraliveslot.com\/","logo":{"@type":"ImageObject","inLanguage":"es-ES","@id":"https:\/\/deadoraliveslot.com\/#\/schema\/logo\/image\/","url":"https:\/\/deadoraliveslot.com\/wp-content\/uploads\/logo-doa.png","contentUrl":"https:\/\/deadoraliveslot.com\/wp-content\/uploads\/logo-doa.png","width":485,"height":255,"caption":"Dead or Alive Slot"},"image":{"@id":"https:\/\/deadoraliveslot.com\/#\/schema\/logo\/image\/"}}]}},"_links":{"self":[{"href":"https:\/\/deadoraliveslot.com\/es\/wp-json\/wp\/v2\/pages\/5","targetHints":{"allow":["GET"]}}],"collection":[{"href":"https:\/\/deadoraliveslot.com\/es\/wp-json\/wp\/v2\/pages"}],"about":[{"href":"https:\/\/deadoraliveslot.com\/es\/wp-json\/wp\/v2\/types\/page"}],"author":[{"embeddable":true,"href":"https:\/\/deadoraliveslot.com\/es\/wp-json\/wp\/v2\/users\/1"}],"replies":[{"embeddable":true,"href":"https:\/\/deadoraliveslot.com\/es\/wp-json\/wp\/v2\/comments?post=5"}],"version-history":[{"count":23,"href":"https:\/\/deadoraliveslot.com\/es\/wp-json\/wp\/v2\/pages\/5\/revisions"}],"predecessor-version":[{"id":149,"href":"https:\/\/deadoraliveslot.com\/es\/wp-json\/wp\/v2\/pages\/5\/revisions\/149"}],"wp:attachment":[{"href":"https:\/\/deadoraliveslot.com\/es\/wp-json\/wp\/v2\/media?parent=5"}],"curies":[{"name":"wp","href":"https:\/\/api.w.org\/{rel}","templated":true}]}}