{"id":9,"date":"2023-10-20T21:33:26","date_gmt":"2023-10-20T21:33:26","guid":{"rendered":"https:\/\/deadoraliveslot.com\/?page_id=9"},"modified":"2024-04-20T21:37:49","modified_gmt":"2024-04-20T21:37:49","slug":"download-dead-or-alive-slot","status":"publish","type":"page","link":"https:\/\/deadoraliveslot.com\/de\/download-dead-or-alive-slot\/","title":{"rendered":"Dead or Alive Slot herunterladen"},"content":{"rendered":"<p>Der Dead or Alive Slot von NetEnt ist ein aufregendes Spiel eines f\u00fchrenden Entwicklers, das Sie in die Atmosph\u00e4re des Wilden Westens eintauchen l\u00e4sst. Sie werden zum Cowboy und sind st\u00e4ndig auf der Jagd nach Gold und Abenteuern, alles direkt auf Ihrem Computer oder Mobilger\u00e4t! Bereit zum Start? Erfahren Sie, wie Sie diesen fantastischen Dead or Alive Slot herunterladen k\u00f6nnen.<\/p>\n<p>Lassen Sie uns dar\u00fcber sprechen, warum Sie den Dead or Alive Slot herunterladen sollten.<\/p>\n<h2><strong>Warum sollten Sie den Dead or Alive Slot herunterladen?<\/strong><\/h2>\n<ul>\n<li><strong>Wilder Westen Atmosph\u00e4re:<\/strong> Fesselnde Symbole, dynamische Grafiken und Soundeffekte versetzen Sie in die Zeiten der Cowboys und des Wilden Westens.<\/li>\n<li><strong>Gro\u00dfe Gewinne:<\/strong> Die Chance auf fantastische Preise und Jackpots.<\/li>\n<li><strong>Bequemlichkeit:<\/strong> Spielen Sie jederzeit und \u00fcberall, sogar ohne Internetzugang.<\/li>\n<\/ul>\n<h2><strong>Wie l\u00e4dt man den Dead or Alive Slot auf den Computer herunter?<\/strong><\/h2>\n<ul>\n<li><strong>Schritt 1:<\/strong> Gehen Sie zur offiziellen Casino-Website, die den Dead or Alive Slot anbietet.<\/li>\n<li><strong>Schritt 2:<\/strong> Finden Sie die Download- oder Herunterladen-Schaltfl\u00e4che.<\/li>\n<li><strong>Schritt 3:<\/strong> Folgen Sie den Installationsanweisungen und innerhalb weniger Minuten wird der Dead or Alive Slot auf Ihrem Computer heruntergeladen sein.<\/li>\n<\/ul>\n<h2><strong>Wie l\u00e4dt man den Dead or Alive Slot auf ein Mobilger\u00e4t herunter?<\/strong><\/h2>\n<ul>\n<li><strong>Schritt 1:<\/strong> \u00d6ffnen Sie den App-Store Ihres Ger\u00e4ts (z.B. Google Play oder App Store) je nach Smartphone \u2013 Android oder iPhone.<\/li>\n<li><strong>Schritt 2:<\/strong> Geben Sie Dead or Alive Slot in die Suche ein und w\u00e4hlen Sie die entsprechende Anwendung aus.<\/li>\n<li><strong>Schritt 3:<\/strong> Klicken Sie auf Installieren und warten Sie, bis der Download und die Installation abgeschlossen sind.<\/li>\n<\/ul>\n<h2><strong>Sicherheit beim Herunterladen des Dead or Alive Slots<\/strong><\/h2>\n<p>Stellen Sie sicher, dass Sie das Spiel von offiziellen Quellen oder vertrauensw\u00fcrdigen Plattformen herunterladen. Dies gew\u00e4hrleistet Ihre Sicherheit und eliminiert das Risiko, sch\u00e4dliche Software herunterzuladen.<\/p>\n<p>Der Dead or Alive Slot wartet auf Sie! Tauchen Sie ein in die aufregende Welt des Wilden Westens, testen Sie Ihr Gl\u00fcck und erhalten Sie die Chance auf gro\u00dfe Preise. Befolgen Sie unsere Anweisungen und das Spiel wird Ihnen in nur wenigen Minuten zur Verf\u00fcgung stehen. Viel Gl\u00fcck beim Spielen!<\/p>\n","protected":false},"excerpt":{"rendered":"<p>Der Dead or Alive Slot von NetEnt ist ein aufregendes Spiel eines f\u00fchrenden Entwicklers, das Sie in die Atmosph\u00e4re des Wilden Westens eintauchen l\u00e4sst. Sie werden zum Cowboy und sind st\u00e4ndig auf der Jagd nach Gold und Abenteuern, alles direkt auf Ihrem Computer oder Mobilger\u00e4t! Bereit zum Start? Erfahren Sie, wie Sie diesen fantastischen Dead&#8230;<\/p>\n","protected":false},"author":1,"featured_media":0,"parent":0,"menu_order":0,"comment_status":"closed","ping_status":"closed","template":"","meta":{"footnotes":""},"class_list":["post-9","page","type-page","status-publish","hentry"],"yoast_head":"<!-- This site is optimized with the Yoast SEO plugin v27.2 - https:\/\/yoast.com\/product\/yoast-seo-wordpress\/ -->\n<title>Dead or Alive Slot herunterladen<\/title>\n<meta name=\"description\" content=\"Wie man den Dead or Alive Spielautomaten auf Computer, Android, iPhone, Tablet herunterl\u00e4dt. Jetzt herunterladen und spielen.\" \/>\n<meta name=\"robots\" content=\"index, follow, max-snippet:-1, max-image-preview:large, max-video-preview:-1\" \/>\n<link rel=\"canonical\" href=\"https:\/\/deadoraliveslot.com\/de\/download-dead-or-alive-slot\/\" \/>\n<meta property=\"og:locale\" content=\"de_DE\" \/>\n<meta property=\"og:locale:alternate\" content=\"ru_RU\" \/>\n<meta property=\"og:locale:alternate\" content=\"en_US\" \/>\n<meta property=\"og:locale:alternate\" content=\"pt_PT\" \/>\n<meta property=\"og:locale:alternate\" content=\"es_ES\" \/>\n<meta property=\"og:locale:alternate\" content=\"it_IT\" \/>\n<meta property=\"og:locale:alternate\" content=\"fr_FR\" \/>\n<meta property=\"og:locale:alternate\" content=\"ro_RO\" \/>\n<meta property=\"og:locale:alternate\" content=\"sr_RS\" \/>\n<meta property=\"og:locale:alternate\" content=\"bg_BG\" \/>\n<meta property=\"og:locale:alternate\" content=\"pl_PL\" \/>\n<meta property=\"og:type\" content=\"article\" \/>\n<meta property=\"og:title\" content=\"Dead or Alive Slot herunterladen\" \/>\n<meta property=\"og:description\" content=\"Der Dead or Alive Slot von NetEnt ist ein aufregendes Spiel eines f\u00fchrenden Entwicklers, das Sie in die Atmosph\u00e4re des Wilden Westens eintauchen l\u00e4sst. Sie werden zum Cowboy und sind st\u00e4ndig auf der Jagd nach Gold und Abenteuern, alles direkt auf Ihrem Computer oder Mobilger\u00e4t! Bereit zum Start? Erfahren Sie, wie Sie diesen fantastischen Dead...\" \/>\n<meta property=\"og:url\" content=\"https:\/\/deadoraliveslot.com\/de\/download-dead-or-alive-slot\/\" \/>\n<meta property=\"og:site_name\" content=\"Dead or Alive Slot\" \/>\n<meta property=\"article:modified_time\" content=\"2024-04-20T21:37:49+00:00\" \/>\n<meta name=\"twitter:card\" content=\"summary_large_image\" \/>\n<meta name=\"twitter:label1\" content=\"Gesch\u00e4tzte Lesezeit\" \/>\n\t<meta name=\"twitter:data1\" content=\"14\u00a0Minuten\" \/>\n<script type=\"application\/ld+json\" class=\"yoast-schema-graph\">{\"@context\":\"https:\/\/schema.org\",\"@graph\":[{\"@type\":\"WebPage\",\"@id\":\"https:\/\/deadoraliveslot.com\/download-dead-or-alive-slot\/\",\"url\":\"https:\/\/deadoraliveslot.com\/download-dead-or-alive-slot\/\",\"name\":\"Dead or Alive Slot herunterladen\",\"isPartOf\":{\"@id\":\"https:\/\/deadoraliveslot.com\/#website\"},\"datePublished\":\"2023-10-20T21:33:26+00:00\",\"dateModified\":\"2024-04-20T21:37:49+00:00\",\"breadcrumb\":{\"@id\":\"https:\/\/deadoraliveslot.com\/download-dead-or-alive-slot\/#breadcrumb\"},\"inLanguage\":\"de-DE\",\"potentialAction\":[{\"@type\":\"ReadAction\",\"target\":[\"https:\/\/deadoraliveslot.com\/download-dead-or-alive-slot\/\"]}]},{\"@type\":\"BreadcrumbList\",\"@id\":\"https:\/\/deadoraliveslot.com\/download-dead-or-alive-slot\/#breadcrumb\",\"itemListElement\":[{\"@type\":\"ListItem\",\"position\":1,\"name\":\"Home\",\"item\":\"https:\/\/deadoraliveslot.com\/\"},{\"@type\":\"ListItem\",\"position\":2,\"name\":\"\u0421\u043a\u0430\u0447\u0430\u0442\u044c \u0441\u043b\u043e\u0442 Dead or Alive\u00a0\"}]},{\"@type\":\"WebSite\",\"@id\":\"https:\/\/deadoraliveslot.com\/#website\",\"url\":\"https:\/\/deadoraliveslot.com\/\",\"name\":\"Dead or Alive Slot\",\"description\":\"\",\"publisher\":{\"@id\":\"https:\/\/deadoraliveslot.com\/#organization\"},\"potentialAction\":[{\"@type\":\"SearchAction\",\"target\":{\"@type\":\"EntryPoint\",\"urlTemplate\":\"https:\/\/deadoraliveslot.com\/?s={search_term_string}\"},\"query-input\":{\"@type\":\"PropertyValueSpecification\",\"valueRequired\":true,\"valueName\":\"search_term_string\"}}],\"inLanguage\":\"de-DE\"},{\"@type\":\"Organization\",\"@id\":\"https:\/\/deadoraliveslot.com\/#organization\",\"name\":\"Dead or Alive Slot\",\"url\":\"https:\/\/deadoraliveslot.com\/\",\"logo\":{\"@type\":\"ImageObject\",\"inLanguage\":\"de-DE\",\"@id\":\"https:\/\/deadoraliveslot.com\/#\/schema\/logo\/image\/\",\"url\":\"https:\/\/deadoraliveslot.com\/wp-content\/uploads\/logo-doa.png\",\"contentUrl\":\"https:\/\/deadoraliveslot.com\/wp-content\/uploads\/logo-doa.png\",\"width\":485,\"height\":255,\"caption\":\"Dead or Alive Slot\"},\"image\":{\"@id\":\"https:\/\/deadoraliveslot.com\/#\/schema\/logo\/image\/\"}}]}<\/script>\n<!-- \/ Yoast SEO plugin. -->","yoast_head_json":{"title":"Dead or Alive Slot herunterladen","description":"Wie man den Dead or Alive Spielautomaten auf Computer, Android, iPhone, Tablet herunterl\u00e4dt. Jetzt herunterladen und spielen.","robots":{"index":"index","follow":"follow","max-snippet":"max-snippet:-1","max-image-preview":"max-image-preview:large","max-video-preview":"max-video-preview:-1"},"canonical":"https:\/\/deadoraliveslot.com\/de\/download-dead-or-alive-slot\/","og_locale":"de_DE","og_type":"article","og_title":"[:ru]\u0421\u043a\u0430\u0447\u0430\u0442\u044c \u0441\u043b\u043e\u0442 Dead or Alive\u00a0[:en]Download Dead or Alive slot[:pt]Baixar o slot Dead or Alive[:es]Descargar el slot Dead or Alive[:it]Scaricare il slot Dead or Alive[:fr]T\u00e9l\u00e9charger le slot Dead or Alive[:de]Dead or Alive Slot herunterladen[:ro]Desc\u0103rca\u021bi slotul Dead or Alive[:sr]\u041f\u0440\u0435\u0443\u0437\u043c\u0438\u0442\u0435 \u0441\u043b\u043e\u0442 Dead or Alive[:bg]\u0418\u0437\u0442\u0435\u0433\u043b\u044f\u043d\u0435 \u043d\u0430 \u0441\u043b\u043e\u0442\u0430 Dead or Alive[:pl]Pobierz slot Dead or Alive[:] - Dead or Alive Slot","og_description":"Der Dead or Alive Slot von NetEnt ist ein aufregendes Spiel eines f\u00fchrenden Entwicklers, das Sie in die Atmosph\u00e4re des Wilden Westens eintauchen l\u00e4sst. Sie werden zum Cowboy und sind st\u00e4ndig auf der Jagd nach Gold und Abenteuern, alles direkt auf Ihrem Computer oder Mobilger\u00e4t! Bereit zum Start? Erfahren Sie, wie Sie diesen fantastischen Dead...","og_url":"https:\/\/deadoraliveslot.com\/de\/download-dead-or-alive-slot\/","og_site_name":"Dead or Alive Slot","article_modified_time":"2024-04-20T21:37:49+00:00","twitter_card":"summary_large_image","twitter_misc":{"Gesch\u00e4tzte Lesezeit":"14\u00a0Minuten"},"schema":{"@context":"https:\/\/schema.org","@graph":[{"@type":"WebPage","@id":"https:\/\/deadoraliveslot.com\/download-dead-or-alive-slot\/","url":"https:\/\/deadoraliveslot.com\/download-dead-or-alive-slot\/","name":"Dead or Alive Slot herunterladen","isPartOf":{"@id":"https:\/\/deadoraliveslot.com\/#website"},"datePublished":"2023-10-20T21:33:26+00:00","dateModified":"2024-04-20T21:37:49+00:00","breadcrumb":{"@id":"https:\/\/deadoraliveslot.com\/download-dead-or-alive-slot\/#breadcrumb"},"inLanguage":"de-DE","potentialAction":[{"@type":"ReadAction","target":["https:\/\/deadoraliveslot.com\/download-dead-or-alive-slot\/"]}]},{"@type":"BreadcrumbList","@id":"https:\/\/deadoraliveslot.com\/download-dead-or-alive-slot\/#breadcrumb","itemListElement":[{"@type":"ListItem","position":1,"name":"Home","item":"https:\/\/deadoraliveslot.com\/"},{"@type":"ListItem","position":2,"name":"\u0421\u043a\u0430\u0447\u0430\u0442\u044c \u0441\u043b\u043e\u0442 Dead or Alive\u00a0"}]},{"@type":"WebSite","@id":"https:\/\/deadoraliveslot.com\/#website","url":"https:\/\/deadoraliveslot.com\/","name":"Dead or Alive Slot","description":"","publisher":{"@id":"https:\/\/deadoraliveslot.com\/#organization"},"potentialAction":[{"@type":"SearchAction","target":{"@type":"EntryPoint","urlTemplate":"https:\/\/deadoraliveslot.com\/?s={search_term_string}"},"query-input":{"@type":"PropertyValueSpecification","valueRequired":true,"valueName":"search_term_string"}}],"inLanguage":"de-DE"},{"@type":"Organization","@id":"https:\/\/deadoraliveslot.com\/#organization","name":"Dead or Alive Slot","url":"https:\/\/deadoraliveslot.com\/","logo":{"@type":"ImageObject","inLanguage":"de-DE","@id":"https:\/\/deadoraliveslot.com\/#\/schema\/logo\/image\/","url":"https:\/\/deadoraliveslot.com\/wp-content\/uploads\/logo-doa.png","contentUrl":"https:\/\/deadoraliveslot.com\/wp-content\/uploads\/logo-doa.png","width":485,"height":255,"caption":"Dead or Alive Slot"},"image":{"@id":"https:\/\/deadoraliveslot.com\/#\/schema\/logo\/image\/"}}]}},"_links":{"self":[{"href":"https:\/\/deadoraliveslot.com\/de\/wp-json\/wp\/v2\/pages\/9","targetHints":{"allow":["GET"]}}],"collection":[{"href":"https:\/\/deadoraliveslot.com\/de\/wp-json\/wp\/v2\/pages"}],"about":[{"href":"https:\/\/deadoraliveslot.com\/de\/wp-json\/wp\/v2\/types\/page"}],"author":[{"embeddable":true,"href":"https:\/\/deadoraliveslot.com\/de\/wp-json\/wp\/v2\/users\/1"}],"replies":[{"embeddable":true,"href":"https:\/\/deadoraliveslot.com\/de\/wp-json\/wp\/v2\/comments?post=9"}],"version-history":[{"count":23,"href":"https:\/\/deadoraliveslot.com\/de\/wp-json\/wp\/v2\/pages\/9\/revisions"}],"predecessor-version":[{"id":151,"href":"https:\/\/deadoraliveslot.com\/de\/wp-json\/wp\/v2\/pages\/9\/revisions\/151"}],"wp:attachment":[{"href":"https:\/\/deadoraliveslot.com\/de\/wp-json\/wp\/v2\/media?parent=9"}],"curies":[{"name":"wp","href":"https:\/\/api.w.org\/{rel}","templated":true}]}}