{"id":7,"date":"2023-10-20T21:31:57","date_gmt":"2023-10-20T21:31:57","guid":{"rendered":"https:\/\/deadoraliveslot.com\/?page_id=7"},"modified":"2024-04-20T21:42:36","modified_gmt":"2024-04-20T21:42:36","slug":"dead-or-alive-slot-strategy","status":"publish","type":"page","link":"https:\/\/deadoraliveslot.com\/de\/dead-or-alive-slot-strategy\/","title":{"rendered":"Spielstrategie im Dead or Alive Slot"},"content":{"rendered":"<p>Der Spielautomat Dead or Alive ist nicht nur ein spannender Slot, sondern auch ein Spiel, bei dem die richtige Strategie Ihre Chancen auf einen erfolgreichen Spielzug erheblich erh\u00f6hen kann. Nat\u00fcrlich garantiert niemand einen Gewinn, aber zumindest steigern Sie deutlich Ihre Gewinnchancen. Denn einfaches Dr\u00fccken von Tasten f\u00fchrt nicht zum Sieg. Lassen Sie uns herausfinden, wie Sie diesen beliebten Slot am effektivsten spielen k\u00f6nnen.<\/p>\n<h2><strong>Lernen Sie die Grundlagen des Dead or Alive Slots<\/strong><\/h2>\n<p>Bevor Sie eine Strategie entwickeln, ist es wichtig, die Spielmechanik zu verstehen. Dead or Alive ist ein Slot mit 5 Walzen und 9 Gewinnlinien. Zu den Symbolen geh\u00f6ren Sheriff-Abzeichen, Pistolen und Cowboy-Stiefel. Dies zu wissen und zu verstehen, ist entscheidend.<\/p>\n<h2><strong>Einsatzauswahl<\/strong><\/h2>\n<p>Die richtige Einsatzwahl ist ein Schl\u00fcsselteil der Spielstrategie. Beginnen Sie mit kleinen Eins\u00e4tzen, um ein Gef\u00fchl f\u00fcr das Spiel zu bekommen. Wenn Sie Vertrauen in Ihre Handlungen und das Verst\u00e4ndnis des Slots gewinnen, erh\u00f6hen Sie Ihren Einsatz. Denken Sie jedoch an das Bankroll-Management: Setzen Sie niemals mehr, als Sie bereit sind zu verlieren. W\u00e4hlen Sie also einen komfortablen Einsatzlevel. Beachten Sie, dass Sie gen\u00fcgend Geld auf Ihrem Spielkonto f\u00fcr mindestens 200 Umdrehungen haben sollten. Wenn Sie weniger Umdrehungen machen, besteht eine hohe Chance, alles zu verlieren.<\/p>\n<h2><strong>Nutzen Sie Bonusrunden<\/strong><\/h2>\n<p>Eine der Besonderheiten des Dead or Alive Slots sind die Bonusrunden. Sie werden aktiviert, wenn drei oder mehr Scatter-Symbole erscheinen. In diesen Runden k\u00f6nnen Sie kostenlose Spins erhalten und so Ihre Gewinnchancen ohne zus\u00e4tzliche Eins\u00e4tze erh\u00f6hen. Insgesamt ist die Nutzung der Boni, die von Online-Casinos angeboten werden, eine sehr n\u00fctzliche und richtige Strategie.<\/p>\n<h2><strong>Berechnen Sie das Risiko<\/strong><\/h2>\n<p>Slots sind Gl\u00fccksspiele, und trotz aller Strategien h\u00e4ngt das Ergebnis weitgehend vom Gl\u00fcck ab. Durch das Verwalten Ihrer Eins\u00e4tze, das Verstehen der Besonderheiten des Slots und die Nutzung von Boni k\u00f6nnen Sie jedoch Ihre Gewinnchancen maximieren. In jedem Fall, wenn Sie um Geld spielen, verstehen Sie, dass Slots ein sehr hohes Risiko bergen.<\/p>\n<h2><strong>\u00dcbung und Erfahrung:<\/strong><\/h2>\n<p>Wie bei jedem anderen Spiel ist die Erfahrung im Spielen von Dead or Alive entscheidend. Je mehr Sie spielen, desto besser verstehen Sie die Dynamik und Feinheiten des Slots. Die meisten Online-Casinos bieten Demoversionen von Spielen an, bei denen Sie mit virtuellem Geld spielen k\u00f6nnen, das hei\u00dft, Sie k\u00f6nnen kostenlos spielen. Dies ist eine ausgezeichnete M\u00f6glichkeit, verschiedene Strategien auszuprobieren, ohne Ihr Portemonnaie zu riskieren.<\/p>\n<h2><strong>Die Hauptregel \u2013 Spa\u00df haben<\/strong><\/h2>\n<p>Denken Sie daran, dass das Hauptziel des Spielens von Slots die Unterhaltung ist. Spielen Sie niemals unter Druck oder in einem stressigen Zustand. Setzen Sie Grenzen, \u00fcberwachen Sie Ihre Finanzen und genie\u00dfen Sie den Prozess. Das Wichtigste ist, Spa\u00df zu haben. Und wenn Sie Spa\u00df haben, wird der Sieg fr\u00fcher oder sp\u00e4ter kommen.<\/p>\n<p>Das Spielen des Dead or Alive Slots ist ein spannendes Abenteuer im Wilden Westen. Indem Sie diesen strategischen Tipps folgen, werden Sie nicht nur Ihre Erfolgschancen erh\u00f6hen, sondern auch das meiste Vergn\u00fcgen aus dem Spiel ziehen. Auf zu Siegen und Cowboy-Abenteuern!<\/p>\n","protected":false},"excerpt":{"rendered":"<p>Der Spielautomat Dead or Alive ist nicht nur ein spannender Slot, sondern auch ein Spiel, bei dem die richtige Strategie Ihre Chancen auf einen erfolgreichen Spielzug erheblich erh\u00f6hen kann. Nat\u00fcrlich garantiert niemand einen Gewinn, aber zumindest steigern Sie deutlich Ihre Gewinnchancen. Denn einfaches Dr\u00fccken von Tasten f\u00fchrt nicht zum Sieg. Lassen Sie uns herausfinden, wie&#8230;<\/p>\n","protected":false},"author":1,"featured_media":0,"parent":0,"menu_order":0,"comment_status":"closed","ping_status":"closed","template":"","meta":{"footnotes":""},"class_list":["post-7","page","type-page","status-publish","hentry"],"yoast_head":"<!-- This site is optimized with the Yoast SEO plugin v27.2 - https:\/\/yoast.com\/product\/yoast-seo-wordpress\/ -->\n<title>Strategie i taktyki gry na automacie Dead or Alive<\/title>\n<meta name=\"description\" content=\"Wie man am Dead or Alive Spielautomaten spielt und gewinnt. Beste Gewinnstrategien im Spielautomaten f\u00fcr neue und erfahrene Spieler.\" \/>\n<meta name=\"robots\" content=\"index, follow, max-snippet:-1, max-image-preview:large, max-video-preview:-1\" \/>\n<link rel=\"canonical\" href=\"https:\/\/deadoraliveslot.com\/de\/dead-or-alive-slot-strategy\/\" \/>\n<meta property=\"og:locale\" content=\"de_DE\" \/>\n<meta property=\"og:locale:alternate\" content=\"ru_RU\" \/>\n<meta property=\"og:locale:alternate\" content=\"en_US\" \/>\n<meta property=\"og:locale:alternate\" content=\"pt_PT\" \/>\n<meta property=\"og:locale:alternate\" content=\"es_ES\" \/>\n<meta property=\"og:locale:alternate\" content=\"it_IT\" \/>\n<meta property=\"og:locale:alternate\" content=\"fr_FR\" \/>\n<meta property=\"og:locale:alternate\" content=\"ro_RO\" \/>\n<meta property=\"og:locale:alternate\" content=\"sr_RS\" \/>\n<meta property=\"og:locale:alternate\" content=\"bg_BG\" \/>\n<meta property=\"og:locale:alternate\" content=\"pl_PL\" \/>\n<meta property=\"og:type\" content=\"article\" \/>\n<meta property=\"og:title\" content=\"Strategie i taktyki gry na automacie Dead or Alive\" \/>\n<meta property=\"og:description\" content=\"Jak gra\u0107 i wygrywa\u0107 na automacie Dead or Alive. Najlepsze strategie wygrywaj\u0105ce na automacie dla nowych i do\u015bwiadczonych graczy.\" \/>\n<meta property=\"og:url\" content=\"https:\/\/deadoraliveslot.com\/de\/dead-or-alive-slot-strategy\/\" \/>\n<meta property=\"og:site_name\" content=\"Dead or Alive Slot\" \/>\n<meta property=\"article:modified_time\" content=\"2024-04-20T21:42:36+00:00\" \/>\n<meta name=\"twitter:card\" content=\"summary_large_image\" \/>\n<meta name=\"twitter:label1\" content=\"Gesch\u00e4tzte Lesezeit\" \/>\n\t<meta name=\"twitter:data1\" content=\"21\u00a0Minuten\" \/>\n<script type=\"application\/ld+json\" class=\"yoast-schema-graph\">{\"@context\":\"https:\/\/schema.org\",\"@graph\":[{\"@type\":\"WebPage\",\"@id\":\"https:\/\/deadoraliveslot.com\/pl\/dead-or-alive-slot-strategy\/\",\"url\":\"https:\/\/deadoraliveslot.com\/pl\/dead-or-alive-slot-strategy\/\",\"name\":\"Strategie i taktyki gry na automacie Dead or Alive\",\"isPartOf\":{\"@id\":\"https:\/\/deadoraliveslot.com\/#website\"},\"datePublished\":\"2023-10-20T21:31:57+00:00\",\"dateModified\":\"2024-04-20T21:42:36+00:00\",\"description\":\"Jak gra\u0107 i wygrywa\u0107 na automacie Dead or Alive. Najlepsze strategie wygrywaj\u0105ce na automacie dla nowych i do\u015bwiadczonych graczy.\",\"breadcrumb\":{\"@id\":\"https:\/\/deadoraliveslot.com\/pl\/dead-or-alive-slot-strategy\/#breadcrumb\"},\"inLanguage\":\"de-DE\",\"potentialAction\":[{\"@type\":\"ReadAction\",\"target\":[\"https:\/\/deadoraliveslot.com\/pl\/dead-or-alive-slot-strategy\/\"]}]},{\"@type\":\"BreadcrumbList\",\"@id\":\"https:\/\/deadoraliveslot.com\/pl\/dead-or-alive-slot-strategy\/#breadcrumb\",\"itemListElement\":[{\"@type\":\"ListItem\",\"position\":1,\"name\":\"Home\",\"item\":\"https:\/\/deadoraliveslot.com\/\"},{\"@type\":\"ListItem\",\"position\":2,\"name\":\"Strategia gry w slocie Dead or Alive\"}]},{\"@type\":\"WebSite\",\"@id\":\"https:\/\/deadoraliveslot.com\/#website\",\"url\":\"https:\/\/deadoraliveslot.com\/\",\"name\":\"Dead or Alive Slot\",\"description\":\"\",\"publisher\":{\"@id\":\"https:\/\/deadoraliveslot.com\/#organization\"},\"potentialAction\":[{\"@type\":\"SearchAction\",\"target\":{\"@type\":\"EntryPoint\",\"urlTemplate\":\"https:\/\/deadoraliveslot.com\/?s={search_term_string}\"},\"query-input\":{\"@type\":\"PropertyValueSpecification\",\"valueRequired\":true,\"valueName\":\"search_term_string\"}}],\"inLanguage\":\"de-DE\"},{\"@type\":\"Organization\",\"@id\":\"https:\/\/deadoraliveslot.com\/#organization\",\"name\":\"Dead or Alive Slot\",\"url\":\"https:\/\/deadoraliveslot.com\/\",\"logo\":{\"@type\":\"ImageObject\",\"inLanguage\":\"de-DE\",\"@id\":\"https:\/\/deadoraliveslot.com\/#\/schema\/logo\/image\/\",\"url\":\"https:\/\/deadoraliveslot.com\/wp-content\/uploads\/logo-doa.png\",\"contentUrl\":\"https:\/\/deadoraliveslot.com\/wp-content\/uploads\/logo-doa.png\",\"width\":485,\"height\":255,\"caption\":\"Dead or Alive Slot\"},\"image\":{\"@id\":\"https:\/\/deadoraliveslot.com\/#\/schema\/logo\/image\/\"}}]}<\/script>\n<!-- \/ Yoast SEO plugin. -->","yoast_head_json":{"title":"Strategie i taktyki gry na automacie Dead or Alive","description":"Wie man am Dead or Alive Spielautomaten spielt und gewinnt. Beste Gewinnstrategien im Spielautomaten f\u00fcr neue und erfahrene Spieler.","robots":{"index":"index","follow":"follow","max-snippet":"max-snippet:-1","max-image-preview":"max-image-preview:large","max-video-preview":"max-video-preview:-1"},"canonical":"https:\/\/deadoraliveslot.com\/de\/dead-or-alive-slot-strategy\/","og_locale":"de_DE","og_type":"article","og_title":"Strategie i taktyki gry na automacie Dead or Alive","og_description":"Jak gra\u0107 i wygrywa\u0107 na automacie Dead or Alive. Najlepsze strategie wygrywaj\u0105ce na automacie dla nowych i do\u015bwiadczonych graczy.","og_url":"https:\/\/deadoraliveslot.com\/de\/dead-or-alive-slot-strategy\/","og_site_name":"Dead or Alive Slot","article_modified_time":"2024-04-20T21:42:36+00:00","twitter_card":"summary_large_image","twitter_misc":{"Gesch\u00e4tzte Lesezeit":"21\u00a0Minuten"},"schema":{"@context":"https:\/\/schema.org","@graph":[{"@type":"WebPage","@id":"https:\/\/deadoraliveslot.com\/pl\/dead-or-alive-slot-strategy\/","url":"https:\/\/deadoraliveslot.com\/pl\/dead-or-alive-slot-strategy\/","name":"Strategie i taktyki gry na automacie Dead or Alive","isPartOf":{"@id":"https:\/\/deadoraliveslot.com\/#website"},"datePublished":"2023-10-20T21:31:57+00:00","dateModified":"2024-04-20T21:42:36+00:00","description":"Jak gra\u0107 i wygrywa\u0107 na automacie Dead or Alive. Najlepsze strategie wygrywaj\u0105ce na automacie dla nowych i do\u015bwiadczonych graczy.","breadcrumb":{"@id":"https:\/\/deadoraliveslot.com\/pl\/dead-or-alive-slot-strategy\/#breadcrumb"},"inLanguage":"de-DE","potentialAction":[{"@type":"ReadAction","target":["https:\/\/deadoraliveslot.com\/pl\/dead-or-alive-slot-strategy\/"]}]},{"@type":"BreadcrumbList","@id":"https:\/\/deadoraliveslot.com\/pl\/dead-or-alive-slot-strategy\/#breadcrumb","itemListElement":[{"@type":"ListItem","position":1,"name":"Home","item":"https:\/\/deadoraliveslot.com\/"},{"@type":"ListItem","position":2,"name":"Strategia gry w slocie Dead or Alive"}]},{"@type":"WebSite","@id":"https:\/\/deadoraliveslot.com\/#website","url":"https:\/\/deadoraliveslot.com\/","name":"Dead or Alive Slot","description":"","publisher":{"@id":"https:\/\/deadoraliveslot.com\/#organization"},"potentialAction":[{"@type":"SearchAction","target":{"@type":"EntryPoint","urlTemplate":"https:\/\/deadoraliveslot.com\/?s={search_term_string}"},"query-input":{"@type":"PropertyValueSpecification","valueRequired":true,"valueName":"search_term_string"}}],"inLanguage":"de-DE"},{"@type":"Organization","@id":"https:\/\/deadoraliveslot.com\/#organization","name":"Dead or Alive Slot","url":"https:\/\/deadoraliveslot.com\/","logo":{"@type":"ImageObject","inLanguage":"de-DE","@id":"https:\/\/deadoraliveslot.com\/#\/schema\/logo\/image\/","url":"https:\/\/deadoraliveslot.com\/wp-content\/uploads\/logo-doa.png","contentUrl":"https:\/\/deadoraliveslot.com\/wp-content\/uploads\/logo-doa.png","width":485,"height":255,"caption":"Dead or Alive Slot"},"image":{"@id":"https:\/\/deadoraliveslot.com\/#\/schema\/logo\/image\/"}}]}},"_links":{"self":[{"href":"https:\/\/deadoraliveslot.com\/de\/wp-json\/wp\/v2\/pages\/7","targetHints":{"allow":["GET"]}}],"collection":[{"href":"https:\/\/deadoraliveslot.com\/de\/wp-json\/wp\/v2\/pages"}],"about":[{"href":"https:\/\/deadoraliveslot.com\/de\/wp-json\/wp\/v2\/types\/page"}],"author":[{"embeddable":true,"href":"https:\/\/deadoraliveslot.com\/de\/wp-json\/wp\/v2\/users\/1"}],"replies":[{"embeddable":true,"href":"https:\/\/deadoraliveslot.com\/de\/wp-json\/wp\/v2\/comments?post=7"}],"version-history":[{"count":22,"href":"https:\/\/deadoraliveslot.com\/de\/wp-json\/wp\/v2\/pages\/7\/revisions"}],"predecessor-version":[{"id":152,"href":"https:\/\/deadoraliveslot.com\/de\/wp-json\/wp\/v2\/pages\/7\/revisions\/152"}],"wp:attachment":[{"href":"https:\/\/deadoraliveslot.com\/de\/wp-json\/wp\/v2\/media?parent=7"}],"curies":[{"name":"wp","href":"https:\/\/api.w.org\/{rel}","templated":true}]}}