{"id":25,"date":"2023-10-20T23:22:50","date_gmt":"2023-10-20T23:22:50","guid":{"rendered":"https:\/\/deadoraliveslot.com\/?page_id=25"},"modified":"2024-04-20T21:33:33","modified_gmt":"2024-04-20T21:33:33","slug":"real-reviews-about-dead-or-alive-slot","status":"publish","type":"page","link":"https:\/\/deadoraliveslot.com\/de\/real-reviews-about-dead-or-alive-slot\/","title":{"rendered":"Bewertungen von echten Spielern \u00fcber den Dead or Alive Slot"},"content":{"rendered":"<p>Wir haben 10 Bewertungen von Spielern zum Spiel Dead or Alive gesammelt, in denen die Spieler ihre Erfahrungen teilen. Diese Bewertungen k\u00f6nnen f\u00fcr alle Spieler n\u00fctzlich sein, die dar\u00fcber nachdenken, Dead or Alive zu spielen. Diese Bewertungen spiegeln die vielf\u00e4ltigen Erfahrungen der Spieler wider und zeigen, wie aufregend und profitabel das Spielen des Slots Dead or Alive sein kann.<\/p>\n<p><strong>Thema:<\/strong> R\u00fcckkehr in den Wilden Westen mit dem Spielautomaten Dead or Alive<\/p>\n<p>Der Spielautomat Dead or Alive hat mich wirklich wie einen Cowboy f\u00fchlen lassen. Hervorragende Grafiken und kostenlose Spins machten mein Spiel unvergesslich. Ich habe echtes Geld gewonnen.<\/p>\n<p>Max, 30 Jahre alt.<\/p>\n<p><strong>Thema:<\/strong> Gro\u00dfe Gewinne warten in Dead or Alive<\/p>\n<p>Ich liebe diesen Slot einfach! Die Gewinne k\u00f6nnen riesig sein, und ich habe es mit meinen eigenen Gewinnen bewiesen. Jetzt empfehle ich ihn Freunden, die mich als erfahrene Person fragen, welchen Slot sie w\u00e4hlen sollten.<\/p>\n<p>Anna, 28 Jahre alt.<\/p>\n<p><strong>Thema:<\/strong> Verzaubernde Wild West-Atmosph\u00e4re in Dead or Alive<\/p>\n<p>Der Spielautomat Dead or Alive schafft eine einzigartige Wild West-Atmosph\u00e4re, die sofort fesselt und f\u00fcr gute Laune sorgt. Echter Nervenkitzel!<\/p>\n<p>Ivan, 35 Jahre alt.<\/p>\n<p><strong>Thema:<\/strong> Chance auf Abenteuer im Spielautomaten Dead or Alive<\/p>\n<p>Beim Spielen von Dead or Alive f\u00fchlte ich mich wie auf einem echten Abenteuer im Wilden Westen. So etwas habe ich noch nie erlebt! Das Spielen und Gewinnen im Slot Dead or Alive ist wirklich cool. Ich mag diesen Spielautomaten sehr.<\/p>\n<p>Olga, 32 Jahre alt.<\/p>\n<p><strong>Thema:<\/strong> Nostalgie f\u00fcr klassische Filme beim Spielen von Dead or Alive<\/p>\n<p>Wenn Sie ein Fan von Wild West-Filmen sind, dann ist dieser Slot genau das Richtige f\u00fcr Sie. Er weckt nostalgische Erinnerungen und erfreut mit Gewinnen. Mit dem Dead or Alive Slot k\u00f6nnen Sie echtes Geld gewinnen.<\/p>\n<p>Pavel, 40 Jahre alt.<\/p>\n<p><strong>Thema:<\/strong> Bonus-Spins &#8211; das Geheimnis des Erfolgs<\/p>\n<p>Ich habe herausgefunden, dass Bonus-Spins in Dead or Alive gro\u00dfe Gewinne bringen k\u00f6nnen. Das ist der interessanteste Teil des Spiels! Schlie\u00dflich spielen wir alle f\u00fcr den Gewinn, und wenn man echtes Geld auf seine Bankkarte bekommt, ist das berauschend. Ekaterina, 29 Jahre alt.<\/p>\n<p><strong>Thema:<\/strong> Dead or Alive Slot f\u00fcr Risikofreudige<\/p>\n<p>Der Dead or Alive Slot ist f\u00fcr diejenigen, die bereit sind, Risiken einzugehen. Ich bin st\u00e4ndig erstaunt, wie aufregend das Spiel sein kann, obwohl es auf den ersten Blick wie ein gew\u00f6hnlicher Slot aussieht.<\/p>\n<p>Dmitry, 27 Jahre alt.<\/p>\n<p><strong>Thema:<\/strong> Spielen Sie auf jedem Ger\u00e4t in Dead or Alive<\/p>\n<p>Mir gef\u00e4llt, dass ich Dead or Alive auf meinem Smartphone spielen kann. Es ist eine gro\u00dfartige M\u00f6glichkeit, die Zeit auf dem Weg zur Arbeit und ins B\u00fcro zu verbringen.<\/p>\n<p>Nadezhda, 31 Jahre alt.<\/p>\n<p><strong>Thema:<\/strong> Faires Spiel und gro\u00dfe Gewinne im Dead or Alive Slot<\/p>\n<p>Ich habe das Gef\u00fchl, dass Dead or Alive ein faires Spiel ist. Gewinne passieren \u00f6fter, als ich erwartet hatte, und das ist einfach wunderbar.<\/p>\n<p>Alexey, 33 Jahre alt.<\/p>\n<p><strong>Thema:<\/strong> Gro\u00dfartige Unterhaltung am Wochenende<\/p>\n<p>Das Online-Spiel Dead or Alive ist zu meiner Art geworden, mich an Wochenenden zu entspannen und zu unterhalten. Mir gef\u00e4llt seine Atmosph\u00e4re und die Gewinnchancen.<\/p>\n<p>Maria, 26 Jahre alt.<\/p>\n","protected":false},"excerpt":{"rendered":"<p>Wir haben 10 Bewertungen von Spielern zum Spiel Dead or Alive gesammelt, in denen die Spieler ihre Erfahrungen teilen. Diese Bewertungen k\u00f6nnen f\u00fcr alle Spieler n\u00fctzlich sein, die dar\u00fcber nachdenken, Dead or Alive zu spielen. Diese Bewertungen spiegeln die vielf\u00e4ltigen Erfahrungen der Spieler wider und zeigen, wie aufregend und profitabel das Spielen des Slots Dead&#8230;<\/p>\n","protected":false},"author":1,"featured_media":0,"parent":0,"menu_order":0,"comment_status":"closed","ping_status":"closed","template":"","meta":{"footnotes":""},"class_list":["post-25","page","type-page","status-publish","hentry"],"yoast_head":"<!-- This site is optimized with the Yoast SEO plugin v27.2 - https:\/\/yoast.com\/product\/yoast-seo-wordpress\/ -->\n<title>Rese\u00f1as de jugadores reales sobre la tragamonedas Dead or Alive<\/title>\n<meta name=\"description\" content=\"Lesen Sie Meinungen, Bewertungen und R\u00fcckmeldungen von echten Spielern \u00fcber den Dead or Alive Spielautomaten. Finden Sie heraus, was andere Spieler denken und beginnen Sie jetzt zu spielen.\" \/>\n<meta name=\"robots\" content=\"index, follow, max-snippet:-1, max-image-preview:large, max-video-preview:-1\" \/>\n<link rel=\"canonical\" href=\"https:\/\/deadoraliveslot.com\/de\/real-reviews-about-dead-or-alive-slot\/\" \/>\n<meta property=\"og:locale\" content=\"de_DE\" \/>\n<meta property=\"og:locale:alternate\" content=\"ru_RU\" \/>\n<meta property=\"og:locale:alternate\" content=\"en_US\" \/>\n<meta property=\"og:locale:alternate\" content=\"pt_PT\" \/>\n<meta property=\"og:locale:alternate\" content=\"es_ES\" \/>\n<meta property=\"og:locale:alternate\" content=\"it_IT\" \/>\n<meta property=\"og:locale:alternate\" content=\"fr_FR\" \/>\n<meta property=\"og:locale:alternate\" content=\"ro_RO\" \/>\n<meta property=\"og:locale:alternate\" content=\"sr_RS\" \/>\n<meta property=\"og:locale:alternate\" content=\"bg_BG\" \/>\n<meta property=\"og:locale:alternate\" content=\"pl_PL\" \/>\n<meta property=\"og:type\" content=\"article\" \/>\n<meta property=\"og:title\" content=\"Rese\u00f1as de jugadores reales sobre la tragamonedas Dead or Alive\" \/>\n<meta property=\"og:description\" content=\"Lee opiniones, an\u00e1lisis y comentarios de jugadores reales sobre la tragamonedas Dead or Alive. Descubre lo que piensan otros jugadores y comienza a jugar ahora.\" \/>\n<meta property=\"og:url\" content=\"https:\/\/deadoraliveslot.com\/de\/real-reviews-about-dead-or-alive-slot\/\" \/>\n<meta property=\"og:site_name\" content=\"Dead or Alive Slot\" \/>\n<meta property=\"article:modified_time\" content=\"2024-04-20T21:33:33+00:00\" \/>\n<meta name=\"twitter:card\" content=\"summary_large_image\" \/>\n<meta name=\"twitter:label1\" content=\"Gesch\u00e4tzte Lesezeit\" \/>\n\t<meta name=\"twitter:data1\" content=\"21\u00a0Minuten\" \/>\n<script type=\"application\/ld+json\" class=\"yoast-schema-graph\">{\"@context\":\"https:\/\/schema.org\",\"@graph\":[{\"@type\":\"WebPage\",\"@id\":\"https:\/\/deadoraliveslot.com\/es\/real-reviews-about-dead-or-alive-slot\/\",\"url\":\"https:\/\/deadoraliveslot.com\/es\/real-reviews-about-dead-or-alive-slot\/\",\"name\":\"Rese\u00f1as de jugadores reales sobre la tragamonedas Dead or Alive\",\"isPartOf\":{\"@id\":\"https:\/\/deadoraliveslot.com\/#website\"},\"datePublished\":\"2023-10-20T23:22:50+00:00\",\"dateModified\":\"2024-04-20T21:33:33+00:00\",\"description\":\"Lee opiniones, an\u00e1lisis y comentarios de jugadores reales sobre la tragamonedas Dead or Alive. Descubre lo que piensan otros jugadores y comienza a jugar ahora.\",\"breadcrumb\":{\"@id\":\"https:\/\/deadoraliveslot.com\/es\/real-reviews-about-dead-or-alive-slot\/#breadcrumb\"},\"inLanguage\":\"de-DE\",\"potentialAction\":[{\"@type\":\"ReadAction\",\"target\":[\"https:\/\/deadoraliveslot.com\/es\/real-reviews-about-dead-or-alive-slot\/\"]}]},{\"@type\":\"BreadcrumbList\",\"@id\":\"https:\/\/deadoraliveslot.com\/es\/real-reviews-about-dead-or-alive-slot\/#breadcrumb\",\"itemListElement\":[{\"@type\":\"ListItem\",\"position\":1,\"name\":\"Home\",\"item\":\"https:\/\/deadoraliveslot.com\/\"},{\"@type\":\"ListItem\",\"position\":2,\"name\":\"Opiniones de jugadores reales sobre el slot Dead or Alive\"}]},{\"@type\":\"WebSite\",\"@id\":\"https:\/\/deadoraliveslot.com\/#website\",\"url\":\"https:\/\/deadoraliveslot.com\/\",\"name\":\"Dead or Alive Slot\",\"description\":\"\",\"publisher\":{\"@id\":\"https:\/\/deadoraliveslot.com\/#organization\"},\"potentialAction\":[{\"@type\":\"SearchAction\",\"target\":{\"@type\":\"EntryPoint\",\"urlTemplate\":\"https:\/\/deadoraliveslot.com\/?s={search_term_string}\"},\"query-input\":{\"@type\":\"PropertyValueSpecification\",\"valueRequired\":true,\"valueName\":\"search_term_string\"}}],\"inLanguage\":\"de-DE\"},{\"@type\":\"Organization\",\"@id\":\"https:\/\/deadoraliveslot.com\/#organization\",\"name\":\"Dead or Alive Slot\",\"url\":\"https:\/\/deadoraliveslot.com\/\",\"logo\":{\"@type\":\"ImageObject\",\"inLanguage\":\"de-DE\",\"@id\":\"https:\/\/deadoraliveslot.com\/#\/schema\/logo\/image\/\",\"url\":\"https:\/\/deadoraliveslot.com\/wp-content\/uploads\/logo-doa.png\",\"contentUrl\":\"https:\/\/deadoraliveslot.com\/wp-content\/uploads\/logo-doa.png\",\"width\":485,\"height\":255,\"caption\":\"Dead or Alive Slot\"},\"image\":{\"@id\":\"https:\/\/deadoraliveslot.com\/#\/schema\/logo\/image\/\"}}]}<\/script>\n<!-- \/ Yoast SEO plugin. -->","yoast_head_json":{"title":"Rese\u00f1as de jugadores reales sobre la tragamonedas Dead or Alive","description":"Lesen Sie Meinungen, Bewertungen und R\u00fcckmeldungen von echten Spielern \u00fcber den Dead or Alive Spielautomaten. Finden Sie heraus, was andere Spieler denken und beginnen Sie jetzt zu spielen.","robots":{"index":"index","follow":"follow","max-snippet":"max-snippet:-1","max-image-preview":"max-image-preview:large","max-video-preview":"max-video-preview:-1"},"canonical":"https:\/\/deadoraliveslot.com\/de\/real-reviews-about-dead-or-alive-slot\/","og_locale":"de_DE","og_type":"article","og_title":"Rese\u00f1as de jugadores reales sobre la tragamonedas Dead or Alive","og_description":"Lee opiniones, an\u00e1lisis y comentarios de jugadores reales sobre la tragamonedas Dead or Alive. Descubre lo que piensan otros jugadores y comienza a jugar ahora.","og_url":"https:\/\/deadoraliveslot.com\/de\/real-reviews-about-dead-or-alive-slot\/","og_site_name":"Dead or Alive Slot","article_modified_time":"2024-04-20T21:33:33+00:00","twitter_card":"summary_large_image","twitter_misc":{"Gesch\u00e4tzte Lesezeit":"21\u00a0Minuten"},"schema":{"@context":"https:\/\/schema.org","@graph":[{"@type":"WebPage","@id":"https:\/\/deadoraliveslot.com\/es\/real-reviews-about-dead-or-alive-slot\/","url":"https:\/\/deadoraliveslot.com\/es\/real-reviews-about-dead-or-alive-slot\/","name":"Rese\u00f1as de jugadores reales sobre la tragamonedas Dead or Alive","isPartOf":{"@id":"https:\/\/deadoraliveslot.com\/#website"},"datePublished":"2023-10-20T23:22:50+00:00","dateModified":"2024-04-20T21:33:33+00:00","description":"Lee opiniones, an\u00e1lisis y comentarios de jugadores reales sobre la tragamonedas Dead or Alive. Descubre lo que piensan otros jugadores y comienza a jugar ahora.","breadcrumb":{"@id":"https:\/\/deadoraliveslot.com\/es\/real-reviews-about-dead-or-alive-slot\/#breadcrumb"},"inLanguage":"de-DE","potentialAction":[{"@type":"ReadAction","target":["https:\/\/deadoraliveslot.com\/es\/real-reviews-about-dead-or-alive-slot\/"]}]},{"@type":"BreadcrumbList","@id":"https:\/\/deadoraliveslot.com\/es\/real-reviews-about-dead-or-alive-slot\/#breadcrumb","itemListElement":[{"@type":"ListItem","position":1,"name":"Home","item":"https:\/\/deadoraliveslot.com\/"},{"@type":"ListItem","position":2,"name":"Opiniones de jugadores reales sobre el slot Dead or Alive"}]},{"@type":"WebSite","@id":"https:\/\/deadoraliveslot.com\/#website","url":"https:\/\/deadoraliveslot.com\/","name":"Dead or Alive Slot","description":"","publisher":{"@id":"https:\/\/deadoraliveslot.com\/#organization"},"potentialAction":[{"@type":"SearchAction","target":{"@type":"EntryPoint","urlTemplate":"https:\/\/deadoraliveslot.com\/?s={search_term_string}"},"query-input":{"@type":"PropertyValueSpecification","valueRequired":true,"valueName":"search_term_string"}}],"inLanguage":"de-DE"},{"@type":"Organization","@id":"https:\/\/deadoraliveslot.com\/#organization","name":"Dead or Alive Slot","url":"https:\/\/deadoraliveslot.com\/","logo":{"@type":"ImageObject","inLanguage":"de-DE","@id":"https:\/\/deadoraliveslot.com\/#\/schema\/logo\/image\/","url":"https:\/\/deadoraliveslot.com\/wp-content\/uploads\/logo-doa.png","contentUrl":"https:\/\/deadoraliveslot.com\/wp-content\/uploads\/logo-doa.png","width":485,"height":255,"caption":"Dead or Alive Slot"},"image":{"@id":"https:\/\/deadoraliveslot.com\/#\/schema\/logo\/image\/"}}]}},"_links":{"self":[{"href":"https:\/\/deadoraliveslot.com\/de\/wp-json\/wp\/v2\/pages\/25","targetHints":{"allow":["GET"]}}],"collection":[{"href":"https:\/\/deadoraliveslot.com\/de\/wp-json\/wp\/v2\/pages"}],"about":[{"href":"https:\/\/deadoraliveslot.com\/de\/wp-json\/wp\/v2\/types\/page"}],"author":[{"embeddable":true,"href":"https:\/\/deadoraliveslot.com\/de\/wp-json\/wp\/v2\/users\/1"}],"replies":[{"embeddable":true,"href":"https:\/\/deadoraliveslot.com\/de\/wp-json\/wp\/v2\/comments?post=25"}],"version-history":[{"count":22,"href":"https:\/\/deadoraliveslot.com\/de\/wp-json\/wp\/v2\/pages\/25\/revisions"}],"predecessor-version":[{"id":150,"href":"https:\/\/deadoraliveslot.com\/de\/wp-json\/wp\/v2\/pages\/25\/revisions\/150"}],"wp:attachment":[{"href":"https:\/\/deadoraliveslot.com\/de\/wp-json\/wp\/v2\/media?parent=25"}],"curies":[{"name":"wp","href":"https:\/\/api.w.org\/{rel}","templated":true}]}}