{"id":11,"date":"2023-10-20T22:34:18","date_gmt":"2023-10-20T22:34:18","guid":{"rendered":"https:\/\/deadoraliveslot.com\/?page_id=11"},"modified":"2024-04-20T21:24:24","modified_gmt":"2024-04-20T21:24:24","slug":"play-dead-or-alive-slot-in-online-casino","status":"publish","type":"page","link":"https:\/\/deadoraliveslot.com\/de\/play-dead-or-alive-slot-in-online-casino\/","title":{"rendered":"Spielen Sie den Dead or Alive Slot in einem Online-Casino"},"content":{"rendered":"<p>Vergessen Sie langweilige Wochentage und tauchen Sie ein in eine Welt, in der jede Drehung des Walzens nicht nur Gold, sondern auch unglaubliche Geschichten bringen kann. Der Slot Dead or Alive ist nicht nur ein Slot; er ist ein Portal in die \u00c4ra des Wilden Westens, wo Duelle, Schatzsuchen und nat\u00fcrlich gro\u00dfe Gewinne auf Sie warten. Und das Beste daran ist, dass Sie dieses Abenteuer jetzt sofort beginnen k\u00f6nnen, indem Sie in einem Online-Casino Ihrer Wahl spielen.<\/p>\n<h2><strong>Warum den Dead or Alive Slot w\u00e4hlen?<\/strong><\/h2>\n<ul>\n<li><strong>Einzigartige Atmosph\u00e4re:<\/strong> Hochwertige Grafik, detaillierte Symbole und ein spannender Soundtrack machen das Spiel wirklich atmosph\u00e4risch.<\/li>\n<li><strong>Viele Gewinnm\u00f6glichkeiten:<\/strong> Mit verschiedenen Gewinnlinien, Bonusrunden und speziellen Symbolen kann jede Drehung Gl\u00fcck bringen.<\/li>\n<li><strong>\u00dcberall verf\u00fcgbar:<\/strong> Egal, ob Sie unterwegs sind, zu Hause oder im Urlaub, Ihr Abenteuer im Wilden Westen ist immer bei Ihnen.<\/li>\n<\/ul>\n<h2><strong>Detaillierter Aktionsplan zum Starten des Spiels:<\/strong><\/h2>\n<ol>\n<li><strong>W\u00e4hlen Sie ein Casino:<\/strong> Finden Sie ein Online-Casino mit gutem Ruf, das Zugang zum Dead or Alive Slot bietet.<\/li>\n<li><strong>Registrierung:<\/strong> Erstellen Sie ein Konto, indem Sie einfache Registrierungsschritte befolgen, und nutzen Sie eventuelle Angebote f\u00fcr Neulinge.<\/li>\n<li><strong>Einzahlung:<\/strong> T\u00e4tigen Sie Ihre erste Einzahlung mit einer der sicheren Zahlungsmethoden.<\/li>\n<li><strong>Beginnen Sie zu spielen:<\/strong> Finden Sie Dead or Alive in der Spielliste und starten Sie Ihr spannendes Abenteuer.<\/li>\n<li><strong>Boni und Aktionen:<\/strong> Viele Casinos bieten regelm\u00e4\u00dfig verschiedene Boni und Sonderaktionen an. Behalten Sie sie im Auge, um Ihre Gewinnchancen zu erh\u00f6hen.<\/li>\n<\/ol>\n<h2><strong>Erfolgsgeheimnisse im Dead or Alive Slot:<\/strong><\/h2>\n<ul>\n<li><strong>Erfahrung und \u00dcbung:<\/strong> Beginnen Sie mit der Demoversion des Spiels, um sich einzuarbeiten und Ihre Strategie ohne Einsatz von echtem Geld zu entwickeln.<\/li>\n<li><strong>Budgetmanagement:<\/strong> Legen Sie Limits f\u00fcr Ihre Eins\u00e4tze und Einzahlungen fest. Casinospiele sind Unterhaltung, und Sie sollten nicht mehr ausgeben, als Sie bereit sind zu verlieren.<\/li>\n<li><strong>Studieren Sie die Regeln:<\/strong> Je besser Sie die Regeln und Funktionen des Slots verstehen, desto h\u00f6her sind Ihre Chancen auf Erfolg.<\/li>\n<\/ul>\n<p>Dead or Alive ist nicht nur ein Slot; es ist ein Meisterwerk der Spielkunst, das es jedem Spieler erm\u00f6glicht, in die einzigartige Welt des Wilden Westens einzutauchen. Mit Cowboys, Saloons und Goldm\u00fcnzen. Machen Sie sich auf das gro\u00dfe Abenteuer und entdecken Sie die Welt der Spannung und des Gl\u00fccks mit dem Online-Slot Dead or Alive!<\/p>\n","protected":false},"excerpt":{"rendered":"<p>Vergessen Sie langweilige Wochentage und tauchen Sie ein in eine Welt, in der jede Drehung des Walzens nicht nur Gold, sondern auch unglaubliche Geschichten bringen kann. Der Slot Dead or Alive ist nicht nur ein Slot; er ist ein Portal in die \u00c4ra des Wilden Westens, wo Duelle, Schatzsuchen und nat\u00fcrlich gro\u00dfe Gewinne auf Sie&#8230;<\/p>\n","protected":false},"author":1,"featured_media":0,"parent":0,"menu_order":0,"comment_status":"closed","ping_status":"closed","template":"","meta":{"footnotes":""},"class_list":["post-11","page","type-page","status-publish","hentry"],"yoast_head":"<!-- This site is optimized with the Yoast SEO plugin v27.2 - https:\/\/yoast.com\/product\/yoast-seo-wordpress\/ -->\n<title>Spielen Sie den Dead or Alive Slot in einem Online-Casino<\/title>\n<meta name=\"description\" content=\"Spielen Sie den Dead or Alive Spielautomaten um echtes Geld in den besten Online-Casinos. Spielen Sie Dead or Alive jetzt in einem Online-Casino.\" \/>\n<meta name=\"robots\" content=\"index, follow, max-snippet:-1, max-image-preview:large, max-video-preview:-1\" \/>\n<link rel=\"canonical\" href=\"https:\/\/deadoraliveslot.com\/de\/play-dead-or-alive-slot-in-online-casino\/\" \/>\n<meta property=\"og:locale\" content=\"de_DE\" \/>\n<meta property=\"og:locale:alternate\" content=\"ru_RU\" \/>\n<meta property=\"og:locale:alternate\" content=\"en_US\" \/>\n<meta property=\"og:locale:alternate\" content=\"pt_PT\" \/>\n<meta property=\"og:locale:alternate\" content=\"es_ES\" \/>\n<meta property=\"og:locale:alternate\" content=\"it_IT\" \/>\n<meta property=\"og:locale:alternate\" content=\"fr_FR\" \/>\n<meta property=\"og:locale:alternate\" content=\"ro_RO\" \/>\n<meta property=\"og:locale:alternate\" content=\"sr_RS\" \/>\n<meta property=\"og:locale:alternate\" content=\"bg_BG\" \/>\n<meta property=\"og:locale:alternate\" content=\"pl_PL\" \/>\n<meta property=\"og:type\" content=\"article\" \/>\n<meta property=\"og:title\" content=\"Spielen Sie den Dead or Alive Slot in einem Online-Casino\" \/>\n<meta property=\"og:description\" content=\"Vergessen Sie langweilige Wochentage und tauchen Sie ein in eine Welt, in der jede Drehung des Walzens nicht nur Gold, sondern auch unglaubliche Geschichten bringen kann. Der Slot Dead or Alive ist nicht nur ein Slot; er ist ein Portal in die \u00c4ra des Wilden Westens, wo Duelle, Schatzsuchen und nat\u00fcrlich gro\u00dfe Gewinne auf Sie...\" \/>\n<meta property=\"og:url\" content=\"https:\/\/deadoraliveslot.com\/de\/play-dead-or-alive-slot-in-online-casino\/\" \/>\n<meta property=\"og:site_name\" content=\"Dead or Alive Slot\" \/>\n<meta property=\"article:modified_time\" content=\"2024-04-20T21:24:24+00:00\" \/>\n<meta name=\"twitter:card\" content=\"summary_large_image\" \/>\n<meta name=\"twitter:label1\" content=\"Gesch\u00e4tzte Lesezeit\" \/>\n\t<meta name=\"twitter:data1\" content=\"16\u00a0Minuten\" \/>\n<script type=\"application\/ld+json\" class=\"yoast-schema-graph\">{\"@context\":\"https:\/\/schema.org\",\"@graph\":[{\"@type\":\"WebPage\",\"@id\":\"https:\/\/deadoraliveslot.com\/play-dead-or-alive-slot-in-online-casino\/\",\"url\":\"https:\/\/deadoraliveslot.com\/play-dead-or-alive-slot-in-online-casino\/\",\"name\":\"Spielen Sie den Dead or Alive Slot in einem Online-Casino\",\"isPartOf\":{\"@id\":\"https:\/\/deadoraliveslot.com\/#website\"},\"datePublished\":\"2023-10-20T22:34:18+00:00\",\"dateModified\":\"2024-04-20T21:24:24+00:00\",\"breadcrumb\":{\"@id\":\"https:\/\/deadoraliveslot.com\/play-dead-or-alive-slot-in-online-casino\/#breadcrumb\"},\"inLanguage\":\"de-DE\",\"potentialAction\":[{\"@type\":\"ReadAction\",\"target\":[\"https:\/\/deadoraliveslot.com\/play-dead-or-alive-slot-in-online-casino\/\"]}]},{\"@type\":\"BreadcrumbList\",\"@id\":\"https:\/\/deadoraliveslot.com\/play-dead-or-alive-slot-in-online-casino\/#breadcrumb\",\"itemListElement\":[{\"@type\":\"ListItem\",\"position\":1,\"name\":\"Home\",\"item\":\"https:\/\/deadoraliveslot.com\/\"},{\"@type\":\"ListItem\",\"position\":2,\"name\":\"\u0418\u0433\u0440\u0430\u0442\u044c \u0432 \u0441\u043b\u043e\u0442 Dead or Alive \u0432 \u043e\u043d\u043b\u0430\u0439\u043d \u043a\u0430\u0437\u0438\u043d\u043e\"}]},{\"@type\":\"WebSite\",\"@id\":\"https:\/\/deadoraliveslot.com\/#website\",\"url\":\"https:\/\/deadoraliveslot.com\/\",\"name\":\"Dead or Alive Slot\",\"description\":\"\",\"publisher\":{\"@id\":\"https:\/\/deadoraliveslot.com\/#organization\"},\"potentialAction\":[{\"@type\":\"SearchAction\",\"target\":{\"@type\":\"EntryPoint\",\"urlTemplate\":\"https:\/\/deadoraliveslot.com\/?s={search_term_string}\"},\"query-input\":{\"@type\":\"PropertyValueSpecification\",\"valueRequired\":true,\"valueName\":\"search_term_string\"}}],\"inLanguage\":\"de-DE\"},{\"@type\":\"Organization\",\"@id\":\"https:\/\/deadoraliveslot.com\/#organization\",\"name\":\"Dead or Alive Slot\",\"url\":\"https:\/\/deadoraliveslot.com\/\",\"logo\":{\"@type\":\"ImageObject\",\"inLanguage\":\"de-DE\",\"@id\":\"https:\/\/deadoraliveslot.com\/#\/schema\/logo\/image\/\",\"url\":\"https:\/\/deadoraliveslot.com\/wp-content\/uploads\/logo-doa.png\",\"contentUrl\":\"https:\/\/deadoraliveslot.com\/wp-content\/uploads\/logo-doa.png\",\"width\":485,\"height\":255,\"caption\":\"Dead or Alive Slot\"},\"image\":{\"@id\":\"https:\/\/deadoraliveslot.com\/#\/schema\/logo\/image\/\"}}]}<\/script>\n<!-- \/ Yoast SEO plugin. -->","yoast_head_json":{"title":"Spielen Sie den Dead or Alive Slot in einem Online-Casino","description":"Spielen Sie den Dead or Alive Spielautomaten um echtes Geld in den besten Online-Casinos. Spielen Sie Dead or Alive jetzt in einem Online-Casino.","robots":{"index":"index","follow":"follow","max-snippet":"max-snippet:-1","max-image-preview":"max-image-preview:large","max-video-preview":"max-video-preview:-1"},"canonical":"https:\/\/deadoraliveslot.com\/de\/play-dead-or-alive-slot-in-online-casino\/","og_locale":"de_DE","og_type":"article","og_title":"[:ru]\u0418\u0433\u0440\u0430\u0442\u044c \u0432 \u0441\u043b\u043e\u0442 Dead or Alive \u0432 \u043e\u043d\u043b\u0430\u0439\u043d \u043a\u0430\u0437\u0438\u043d\u043e[:en]Play Dead or Alive slot at an online casino[:pt]Jogar no slot Dead or Alive em um cassino online[:es]Jugar al slot Dead or Alive en un casino en l\u00ednea[:it]Gioca al slot Dead or Alive in un casin\u00f2 online[:fr]Jouez au slot Dead or Alive dans un casino en ligne[:de]Spielen Sie den Dead or Alive Slot in einem Online-Casino[:ro]Juca\u021bi slotul Dead or Alive la un cazino online[:sr]\u0418\u0433\u0440\u0430\u0458\u0442\u0435 \u0441\u043b\u043e\u0442 Dead or Alive \u0443 \u043e\u043d\u043b\u0438\u043d\u0435 \u043a\u0430\u0437\u0438\u043d\u0443[:bg]\u0418\u0433\u0440\u0430\u0439\u0442\u0435 \u043d\u0430 \u0441\u043b\u043e\u0442\u0430 Dead or Alive \u0432 \u043e\u043d\u043b\u0430\u0439\u043d \u043a\u0430\u0437\u0438\u043d\u043e[:pl]Graj w slot Dead or Alive w kasynie online[:] - Dead or Alive Slot","og_description":"Vergessen Sie langweilige Wochentage und tauchen Sie ein in eine Welt, in der jede Drehung des Walzens nicht nur Gold, sondern auch unglaubliche Geschichten bringen kann. Der Slot Dead or Alive ist nicht nur ein Slot; er ist ein Portal in die \u00c4ra des Wilden Westens, wo Duelle, Schatzsuchen und nat\u00fcrlich gro\u00dfe Gewinne auf Sie...","og_url":"https:\/\/deadoraliveslot.com\/de\/play-dead-or-alive-slot-in-online-casino\/","og_site_name":"Dead or Alive Slot","article_modified_time":"2024-04-20T21:24:24+00:00","twitter_card":"summary_large_image","twitter_misc":{"Gesch\u00e4tzte Lesezeit":"16\u00a0Minuten"},"schema":{"@context":"https:\/\/schema.org","@graph":[{"@type":"WebPage","@id":"https:\/\/deadoraliveslot.com\/play-dead-or-alive-slot-in-online-casino\/","url":"https:\/\/deadoraliveslot.com\/play-dead-or-alive-slot-in-online-casino\/","name":"Spielen Sie den Dead or Alive Slot in einem Online-Casino","isPartOf":{"@id":"https:\/\/deadoraliveslot.com\/#website"},"datePublished":"2023-10-20T22:34:18+00:00","dateModified":"2024-04-20T21:24:24+00:00","breadcrumb":{"@id":"https:\/\/deadoraliveslot.com\/play-dead-or-alive-slot-in-online-casino\/#breadcrumb"},"inLanguage":"de-DE","potentialAction":[{"@type":"ReadAction","target":["https:\/\/deadoraliveslot.com\/play-dead-or-alive-slot-in-online-casino\/"]}]},{"@type":"BreadcrumbList","@id":"https:\/\/deadoraliveslot.com\/play-dead-or-alive-slot-in-online-casino\/#breadcrumb","itemListElement":[{"@type":"ListItem","position":1,"name":"Home","item":"https:\/\/deadoraliveslot.com\/"},{"@type":"ListItem","position":2,"name":"\u0418\u0433\u0440\u0430\u0442\u044c \u0432 \u0441\u043b\u043e\u0442 Dead or Alive \u0432 \u043e\u043d\u043b\u0430\u0439\u043d \u043a\u0430\u0437\u0438\u043d\u043e"}]},{"@type":"WebSite","@id":"https:\/\/deadoraliveslot.com\/#website","url":"https:\/\/deadoraliveslot.com\/","name":"Dead or Alive Slot","description":"","publisher":{"@id":"https:\/\/deadoraliveslot.com\/#organization"},"potentialAction":[{"@type":"SearchAction","target":{"@type":"EntryPoint","urlTemplate":"https:\/\/deadoraliveslot.com\/?s={search_term_string}"},"query-input":{"@type":"PropertyValueSpecification","valueRequired":true,"valueName":"search_term_string"}}],"inLanguage":"de-DE"},{"@type":"Organization","@id":"https:\/\/deadoraliveslot.com\/#organization","name":"Dead or Alive Slot","url":"https:\/\/deadoraliveslot.com\/","logo":{"@type":"ImageObject","inLanguage":"de-DE","@id":"https:\/\/deadoraliveslot.com\/#\/schema\/logo\/image\/","url":"https:\/\/deadoraliveslot.com\/wp-content\/uploads\/logo-doa.png","contentUrl":"https:\/\/deadoraliveslot.com\/wp-content\/uploads\/logo-doa.png","width":485,"height":255,"caption":"Dead or Alive Slot"},"image":{"@id":"https:\/\/deadoraliveslot.com\/#\/schema\/logo\/image\/"}}]}},"_links":{"self":[{"href":"https:\/\/deadoraliveslot.com\/de\/wp-json\/wp\/v2\/pages\/11","targetHints":{"allow":["GET"]}}],"collection":[{"href":"https:\/\/deadoraliveslot.com\/de\/wp-json\/wp\/v2\/pages"}],"about":[{"href":"https:\/\/deadoraliveslot.com\/de\/wp-json\/wp\/v2\/types\/page"}],"author":[{"embeddable":true,"href":"https:\/\/deadoraliveslot.com\/de\/wp-json\/wp\/v2\/users\/1"}],"replies":[{"embeddable":true,"href":"https:\/\/deadoraliveslot.com\/de\/wp-json\/wp\/v2\/comments?post=11"}],"version-history":[{"count":23,"href":"https:\/\/deadoraliveslot.com\/de\/wp-json\/wp\/v2\/pages\/11\/revisions"}],"predecessor-version":[{"id":148,"href":"https:\/\/deadoraliveslot.com\/de\/wp-json\/wp\/v2\/pages\/11\/revisions\/148"}],"wp:attachment":[{"href":"https:\/\/deadoraliveslot.com\/de\/wp-json\/wp\/v2\/media?parent=11"}],"curies":[{"name":"wp","href":"https:\/\/api.w.org\/{rel}","templated":true}]}}