{"id":9,"date":"2023-10-20T21:33:26","date_gmt":"2023-10-20T21:33:26","guid":{"rendered":"https:\/\/deadoraliveslot.com\/?page_id=9"},"modified":"2024-04-20T21:37:49","modified_gmt":"2024-04-20T21:37:49","slug":"download-dead-or-alive-slot","status":"publish","type":"page","link":"https:\/\/deadoraliveslot.com\/bg\/download-dead-or-alive-slot\/","title":{"rendered":"\u0418\u0437\u0442\u0435\u0433\u043b\u044f\u043d\u0435 \u043d\u0430 \u0441\u043b\u043e\u0442\u0430 Dead or Alive"},"content":{"rendered":"<p>\u0421\u043b\u043e\u0442\u044a\u0442 Dead or Alive \u043e\u0442 NetEnt \u0435 \u0432\u044a\u043b\u043d\u0443\u0432\u0430\u0449\u0430 \u0438\u0433\u0440\u0430 \u043e\u0442 \u0432\u043e\u0434\u0435\u0449 \u0440\u0430\u0437\u0440\u0430\u0431\u043e\u0442\u0447\u0438\u043a, \u043a\u043e\u044f\u0442\u043e \u0432\u0438 \u043f\u043e\u0442\u0430\u043f\u044f \u0432 \u0430\u0442\u043c\u043e\u0441\u0444\u0435\u0440\u0430\u0442\u0430 \u043d\u0430 \u0414\u0438\u0432\u0438\u044f \u0417\u0430\u043f\u0430\u0434. \u0429\u0435 \u0441\u0442\u0430\u043d\u0435\u0442\u0435 \u043a\u0430\u0443\u0431\u043e\u0439, \u043a\u043e\u0439\u0442\u043e \u043f\u043e\u0441\u0442\u043e\u044f\u043d\u043d\u043e \u0442\u044a\u0440\u0441\u0438 \u0437\u043b\u0430\u0442\u043e \u0438 \u043f\u0440\u0438\u043a\u043b\u044e\u0447\u0435\u043d\u0438\u044f, \u0432\u0441\u0438\u0447\u043a\u043e \u0442\u043e\u0432\u0430 \u0434\u0438\u0440\u0435\u043a\u0442\u043d\u043e \u043d\u0430 \u0432\u0430\u0448\u0438\u044f \u043a\u043e\u043c\u043f\u044e\u0442\u044a\u0440 \u0438\u043b\u0438 \u043c\u043e\u0431\u0438\u043b\u043d\u043e \u0443\u0441\u0442\u0440\u043e\u0439\u0441\u0442\u0432\u043e! \u0413\u043e\u0442\u043e\u0432\u0438 \u043b\u0438 \u0441\u0442\u0435 \u0434\u0430 \u0437\u0430\u043f\u043e\u0447\u043d\u0435\u0442\u0435? \u041e\u0442\u043a\u0440\u0438\u0439\u0442\u0435 \u043a\u0430\u043a \u0434\u0430 \u0438\u0437\u0442\u0435\u0433\u043b\u0438\u0442\u0435 \u0442\u043e\u0437\u0438 \u0444\u0430\u043d\u0442\u0430\u0441\u0442\u0438\u0447\u0435\u043d \u0441\u043b\u043e\u0442 Dead or Alive.<\/p>\n<p>\u041d\u0435\u043a\u0430 \u0433\u043e\u0432\u043e\u0440\u0438\u043c \u0437\u0430\u0449\u043e \u0442\u0440\u044f\u0431\u0432\u0430 \u0434\u0430 \u0438\u0437\u0442\u0435\u0433\u043b\u0438\u0442\u0435 \u0441\u043b\u043e\u0442\u0430 Dead or Alive.<\/p>\n<h2><strong>\u0417\u0430\u0449\u043e \u0442\u0440\u044f\u0431\u0432\u0430 \u0434\u0430 \u0438\u0437\u0442\u0435\u0433\u043b\u0438\u0442\u0435 \u0441\u043b\u043e\u0442\u0430 Dead or Alive?<\/strong><\/h2>\n<ul>\n<li><strong>\u0410\u0442\u043c\u043e\u0441\u0444\u0435\u0440\u0430 \u043d\u0430 \u0414\u0438\u0432\u0438\u044f \u0417\u0430\u043f\u0430\u0434:<\/strong> \u0410\u043d\u0433\u0430\u0436\u0438\u0440\u0430\u0449\u0438 \u0441\u0438\u043c\u0432\u043e\u043b\u0438, \u0434\u0438\u043d\u0430\u043c\u0438\u0447\u043d\u0430 \u0433\u0440\u0430\u0444\u0438\u043a\u0430 \u0438 \u0437\u0432\u0443\u043a\u043e\u0432\u0438 \u0435\u0444\u0435\u043a\u0442\u0438 \u0449\u0435 \u0432\u0438 \u043f\u0440\u0435\u043d\u0435\u0441\u0430\u0442 \u043e\u0431\u0440\u0430\u0442\u043d\u043e \u0432\u044a\u0432 \u0432\u0440\u0435\u043c\u0435\u043d\u0430\u0442\u0430 \u043d\u0430 \u043a\u0430\u0443\u0431\u043e\u0439\u0438\u0442\u0435 \u0438 \u0414\u0438\u0432\u0438\u044f \u0417\u0430\u043f\u0430\u0434.<\/li>\n<li><strong>\u0413\u043e\u043b\u0435\u043c\u0438 \u043f\u0435\u0447\u0430\u043b\u0431\u0438:<\/strong> \u0412\u044a\u0437\u043c\u043e\u0436\u043d\u043e\u0441\u0442 \u0437\u0430 \u0441\u043f\u0435\u0447\u0435\u043b\u0432\u0430\u043d\u0435 \u043d\u0430 \u0444\u0430\u043d\u0442\u0430\u0441\u0442\u0438\u0447\u043d\u0438 \u043d\u0430\u0433\u0440\u0430\u0434\u0438 \u0438 \u0434\u0436\u0430\u043a\u043f\u043e\u0442\u0438.<\/li>\n<li><strong>\u0423\u0434\u043e\u0431\u0441\u0442\u0432\u043e:<\/strong> \u0418\u0433\u0440\u0430\u0439\u0442\u0435 \u043f\u043e \u0432\u0441\u044f\u043a\u043e \u0432\u0440\u0435\u043c\u0435 \u0438 \u043d\u0430 \u0432\u0441\u044f\u043a\u043e \u043c\u044f\u0441\u0442\u043e, \u0434\u043e\u0440\u0438 \u0431\u0435\u0437 \u0438\u043d\u0442\u0435\u0440\u043d\u0435\u0442 \u0434\u043e\u0441\u0442\u044a\u043f.<\/li>\n<\/ul>\n<h2><strong>\u041a\u0430\u043a \u0434\u0430 \u0438\u0437\u0442\u0435\u0433\u043b\u0438\u0442\u0435 \u0441\u043b\u043e\u0442\u0430 Dead or Alive \u043d\u0430 \u0432\u0430\u0448\u0438\u044f \u043a\u043e\u043c\u043f\u044e\u0442\u044a\u0440?<\/strong><\/h2>\n<ul>\n<li><strong>\u0421\u0442\u044a\u043f\u043a\u0430 1:<\/strong> \u041e\u0442\u0438\u0434\u0435\u0442\u0435 \u043d\u0430 \u043e\u0444\u0438\u0446\u0438\u0430\u043b\u043d\u0438\u044f \u0443\u0435\u0431\u0441\u0430\u0439\u0442 \u043d\u0430 \u043a\u0430\u0437\u0438\u043d\u043e\u0442\u043e, \u043a\u043e\u0435\u0442\u043e \u043f\u0440\u0435\u0434\u043b\u0430\u0433\u0430 \u0441\u043b\u043e\u0442\u0430 Dead or Alive.<\/li>\n<li><strong>\u0421\u0442\u044a\u043f\u043a\u0430 2:<\/strong> \u041d\u0430\u043c\u0435\u0440\u0435\u0442\u0435 \u0431\u0443\u0442\u043e\u043d\u0430 \u0437\u0430 \u0418\u0437\u0442\u0435\u0433\u043b\u044f\u043d\u0435 \u0438\u043b\u0438 Download.<\/li>\n<li><strong>\u0421\u0442\u044a\u043f\u043a\u0430 3:<\/strong> \u0421\u043b\u0435\u0434\u0432\u0430\u0439\u0442\u0435 \u0438\u043d\u0441\u0442\u0440\u0443\u043a\u0446\u0438\u0438\u0442\u0435 \u0437\u0430 \u0438\u043d\u0441\u0442\u0430\u043b\u0430\u0446\u0438\u044f \u0438 \u0441\u043b\u0435\u0434 \u043d\u044f\u043a\u043e\u043b\u043a\u043e \u043c\u0438\u043d\u0443\u0442\u0438 \u0441\u043b\u043e\u0442\u044a\u0442 Dead or Alive \u0449\u0435 \u0431\u044a\u0434\u0435 \u0438\u0437\u0442\u0435\u0433\u043b\u0435\u043d \u043d\u0430 \u0432\u0430\u0448\u0438\u044f \u043a\u043e\u043c\u043f\u044e\u0442\u044a\u0440.<\/li>\n<\/ul>\n<h2><strong>\u041a\u0430\u043a \u0434\u0430 \u0438\u0437\u0442\u0435\u0433\u043b\u0438\u0442\u0435 \u0441\u043b\u043e\u0442\u0430 Dead or Alive \u043d\u0430 \u043c\u043e\u0431\u0438\u043b\u043d\u043e \u0443\u0441\u0442\u0440\u043e\u0439\u0441\u0442\u0432\u043e?<\/strong><\/h2>\n<ul>\n<li><strong>\u0421\u0442\u044a\u043f\u043a\u0430 1:<\/strong> \u041e\u0442\u0432\u043e\u0440\u0435\u0442\u0435 \u043c\u0430\u0433\u0430\u0437\u0438\u043d\u0430 \u0437\u0430 \u043f\u0440\u0438\u043b\u043e\u0436\u0435\u043d\u0438\u044f \u043d\u0430 \u0432\u0430\u0448\u0438\u044f \u0443\u0441\u0442\u0440\u043e\u0439\u0441\u0442\u0432\u043e (\u043d\u0430\u043f\u0440\u0438\u043c\u0435\u0440, Google Play \u0438\u043b\u0438 App Store) \u0432 \u0437\u0430\u0432\u0438\u0441\u0438\u043c\u043e\u0441\u0442 \u043e\u0442 \u0432\u0430\u0448\u0438\u044f \u0441\u043c\u0430\u0440\u0442\u0444\u043e\u043d \u2013 Android \u0438\u043b\u0438 iPhone.<\/li>\n<li><strong>\u0421\u0442\u044a\u043f\u043a\u0430 2:<\/strong> \u0412\u044a\u0432\u0435\u0434\u0435\u0442\u0435 Dead or Alive \u0441\u043b\u043e\u0442 \u0432 \u0442\u044a\u0440\u0441\u0430\u0447\u043a\u0430\u0442\u0430 \u0438 \u0438\u0437\u0431\u0435\u0440\u0435\u0442\u0435 \u0441\u044a\u043e\u0442\u0432\u0435\u0442\u043d\u043e\u0442\u043e \u043f\u0440\u0438\u043b\u043e\u0436\u0435\u043d\u0438\u0435.<\/li>\n<li><strong>\u0421\u0442\u044a\u043f\u043a\u0430 3:<\/strong> \u041a\u043b\u0438\u043a\u043d\u0435\u0442\u0435 \u0432\u044a\u0440\u0445\u0443 \u0418\u043d\u0441\u0442\u0430\u043b\u0438\u0440\u0430\u0439 \u0438 \u0438\u0437\u0447\u0430\u043a\u0430\u0439\u0442\u0435 \u0434\u0430 \u0437\u0430\u0432\u044a\u0440\u0448\u0438 \u0438\u0437\u0442\u0435\u0433\u043b\u044f\u043d\u0435\u0442\u043e \u0438 \u0438\u043d\u0441\u0442\u0430\u043b\u0430\u0446\u0438\u044f\u0442\u0430.<\/li>\n<\/ul>\n<h2><strong>\u0411\u0435\u0437\u043e\u043f\u0430\u0441\u043d\u043e\u0441\u0442 \u043f\u0440\u0438 \u0438\u0437\u0442\u0435\u0433\u043b\u044f\u043d\u0435\u0442\u043e \u043d\u0430 \u0441\u043b\u043e\u0442\u0430 Dead or Alive<\/strong><\/h2>\n<p>\u0423\u0432\u0435\u0440\u0435\u0442\u0435 \u0441\u0435, \u0447\u0435 \u0438\u0437\u0442\u0435\u0433\u043b\u044f\u0442\u0435 \u0438\u0433\u0440\u0430\u0442\u0430 \u043e\u0442 \u043e\u0444\u0438\u0446\u0438\u0430\u043b\u043d\u0438 \u0438\u0437\u0442\u043e\u0447\u043d\u0438\u0446\u0438 \u0438\u043b\u0438 \u0434\u043e\u0432\u0435\u0440\u0435\u043d\u0438 \u043f\u043b\u0430\u0442\u0444\u043e\u0440\u043c\u0438. \u0422\u043e\u0432\u0430 \u0433\u0430\u0440\u0430\u043d\u0442\u0438\u0440\u0430 \u0432\u0430\u0448\u0430\u0442\u0430 \u0431\u0435\u0437\u043e\u043f\u0430\u0441\u043d\u043e\u0441\u0442 \u0438 \u043f\u0440\u0435\u043c\u0430\u0445\u0432\u0430 \u0440\u0438\u0441\u043a\u0430 \u043e\u0442 \u0438\u0437\u0442\u0435\u0433\u043b\u044f\u043d\u0435 \u043d\u0430 \u0437\u043b\u043e\u043d\u0430\u043c\u0435\u0440\u0435\u043d \u0441\u043e\u0444\u0442\u0443\u0435\u0440.<\/p>\n<p>\u0421\u043b\u043e\u0442\u044a\u0442 Dead or Alive \u0432\u0438 \u0447\u0430\u043a\u0430! \u041f\u043e\u0442\u043e\u043f\u0435\u0442\u0435 \u0441\u0435 \u0432 \u0432\u044a\u043b\u043d\u0443\u0432\u0430\u0449\u0438\u044f \u0441\u0432\u044f\u0442 \u043d\u0430 \u0414\u0438\u0432\u0438\u044f \u0417\u0430\u043f\u0430\u0434, \u043f\u0440\u043e\u0432\u0435\u0440\u0435\u0442\u0435 \u043a\u044a\u0441\u043c\u0435\u0442\u0430 \u0441\u0438 \u0438 \u0438\u043c\u0430\u0439\u0442\u0435 \u0432\u044a\u0437\u043c\u043e\u0436\u043d\u043e\u0441\u0442 \u0434\u0430 \u0441\u043f\u0435\u0447\u0435\u043b\u0438\u0442\u0435 \u0433\u043e\u043b\u0435\u043c\u0438 \u043d\u0430\u0433\u0440\u0430\u0434\u0438. \u0421\u043b\u0435\u0434\u0432\u0430\u0439\u0442\u0435 \u043d\u0430\u0448\u0438\u0442\u0435 \u0438\u043d\u0441\u0442\u0440\u0443\u043a\u0446\u0438\u0438 \u0438 \u0438\u0433\u0440\u0430\u0442\u0430 \u0449\u0435 \u0431\u044a\u0434\u0435 \u043d\u0430\u043b\u0438\u0447\u043d\u0430 \u0437\u0430 \u0432\u0430\u0441 \u0441\u0430\u043c\u043e \u0441\u043b\u0435\u0434 \u043d\u044f\u043a\u043e\u043b\u043a\u043e \u043c\u0438\u043d\u0443\u0442\u0438. \u0423\u0441\u043f\u0435\u0445 \u0432 \u0438\u0433\u0440\u0430\u0442\u0430!<\/p>\n","protected":false},"excerpt":{"rendered":"<p>\u0421\u043b\u043e\u0442\u044a\u0442 Dead or Alive \u043e\u0442 NetEnt \u0435 \u0432\u044a\u043b\u043d\u0443\u0432\u0430\u0449\u0430 \u0438\u0433\u0440\u0430 \u043e\u0442 \u0432\u043e\u0434\u0435\u0449 \u0440\u0430\u0437\u0440\u0430\u0431\u043e\u0442\u0447\u0438\u043a, \u043a\u043e\u044f\u0442\u043e \u0432\u0438 \u043f\u043e\u0442\u0430\u043f\u044f \u0432 \u0430\u0442\u043c\u043e\u0441\u0444\u0435\u0440\u0430\u0442\u0430 \u043d\u0430 \u0414\u0438\u0432\u0438\u044f \u0417\u0430\u043f\u0430\u0434. \u0429\u0435 \u0441\u0442\u0430\u043d\u0435\u0442\u0435 \u043a\u0430\u0443\u0431\u043e\u0439, \u043a\u043e\u0439\u0442\u043e \u043f\u043e\u0441\u0442\u043e\u044f\u043d\u043d\u043e \u0442\u044a\u0440\u0441\u0438 \u0437\u043b\u0430\u0442\u043e \u0438 \u043f\u0440\u0438\u043a\u043b\u044e\u0447\u0435\u043d\u0438\u044f, \u0432\u0441\u0438\u0447\u043a\u043e \u0442\u043e\u0432\u0430 \u0434\u0438\u0440\u0435\u043a\u0442\u043d\u043e \u043d\u0430 \u0432\u0430\u0448\u0438\u044f \u043a\u043e\u043c\u043f\u044e\u0442\u044a\u0440 \u0438\u043b\u0438 \u043c\u043e\u0431\u0438\u043b\u043d\u043e \u0443\u0441\u0442\u0440\u043e\u0439\u0441\u0442\u0432\u043e! \u0413\u043e\u0442\u043e\u0432\u0438 \u043b\u0438 \u0441\u0442\u0435 \u0434\u0430 \u0437\u0430\u043f\u043e\u0447\u043d\u0435\u0442\u0435? \u041e\u0442\u043a\u0440\u0438\u0439\u0442\u0435 \u043a\u0430\u043a \u0434\u0430 \u0438\u0437\u0442\u0435\u0433\u043b\u0438\u0442\u0435 \u0442\u043e\u0437\u0438 \u0444\u0430\u043d\u0442\u0430\u0441\u0442\u0438\u0447\u0435\u043d \u0441\u043b\u043e\u0442 Dead or Alive. \u041d\u0435\u043a\u0430 \u0433\u043e\u0432\u043e\u0440\u0438\u043c&#8230;<\/p>\n","protected":false},"author":1,"featured_media":0,"parent":0,"menu_order":0,"comment_status":"closed","ping_status":"closed","template":"","meta":{"footnotes":""},"class_list":["post-9","page","type-page","status-publish","hentry"],"yoast_head":"<!-- This site is optimized with the Yoast SEO plugin v27.2 - https:\/\/yoast.com\/product\/yoast-seo-wordpress\/ -->\n<title>\u0418\u0437\u0442\u0435\u0433\u043b\u044f\u043d\u0435 \u043d\u0430 \u0441\u043b\u043e\u0442\u0430 Dead or Alive<\/title>\n<meta name=\"description\" content=\"\u041a\u0430\u043a \u0434\u0430 \u0438\u0437\u0442\u0435\u0433\u043b\u0438\u0442\u0435 \u0441\u043b\u043e\u0442 \u043c\u0430\u0448\u0438\u043d\u0430\u0442\u0430 Dead or Alive \u043d\u0430 \u043a\u043e\u043c\u043f\u044e\u0442\u044a\u0440, Android, iPhone, \u0442\u0430\u0431\u043b\u0435\u0442. \u0418\u0437\u0442\u0435\u0433\u043b\u0435\u0442\u0435 \u0438 \u0438\u0433\u0440\u0430\u0439\u0442\u0435 \u0441\u0435\u0433\u0430.\" \/>\n<meta name=\"robots\" content=\"index, follow, max-snippet:-1, max-image-preview:large, max-video-preview:-1\" \/>\n<link rel=\"canonical\" href=\"https:\/\/deadoraliveslot.com\/bg\/download-dead-or-alive-slot\/\" \/>\n<meta property=\"og:locale\" content=\"bg_BG\" \/>\n<meta property=\"og:locale:alternate\" content=\"ru_RU\" \/>\n<meta property=\"og:locale:alternate\" content=\"en_US\" \/>\n<meta property=\"og:locale:alternate\" content=\"pt_PT\" \/>\n<meta property=\"og:locale:alternate\" content=\"es_ES\" \/>\n<meta property=\"og:locale:alternate\" content=\"it_IT\" \/>\n<meta property=\"og:locale:alternate\" content=\"fr_FR\" \/>\n<meta property=\"og:locale:alternate\" content=\"de_DE\" \/>\n<meta property=\"og:locale:alternate\" content=\"ro_RO\" \/>\n<meta property=\"og:locale:alternate\" content=\"sr_RS\" \/>\n<meta property=\"og:locale:alternate\" content=\"pl_PL\" \/>\n<meta property=\"og:type\" content=\"article\" \/>\n<meta property=\"og:title\" content=\"\u0418\u0437\u0442\u0435\u0433\u043b\u044f\u043d\u0435 \u043d\u0430 \u0441\u043b\u043e\u0442\u0430 Dead or Alive\" \/>\n<meta property=\"og:description\" content=\"\u0421\u043b\u043e\u0442\u044a\u0442 Dead or Alive \u043e\u0442 NetEnt \u0435 \u0432\u044a\u043b\u043d\u0443\u0432\u0430\u0449\u0430 \u0438\u0433\u0440\u0430 \u043e\u0442 \u0432\u043e\u0434\u0435\u0449 \u0440\u0430\u0437\u0440\u0430\u0431\u043e\u0442\u0447\u0438\u043a, \u043a\u043e\u044f\u0442\u043e \u0432\u0438 \u043f\u043e\u0442\u0430\u043f\u044f \u0432 \u0430\u0442\u043c\u043e\u0441\u0444\u0435\u0440\u0430\u0442\u0430 \u043d\u0430 \u0414\u0438\u0432\u0438\u044f \u0417\u0430\u043f\u0430\u0434. \u0429\u0435 \u0441\u0442\u0430\u043d\u0435\u0442\u0435 \u043a\u0430\u0443\u0431\u043e\u0439, \u043a\u043e\u0439\u0442\u043e \u043f\u043e\u0441\u0442\u043e\u044f\u043d\u043d\u043e \u0442\u044a\u0440\u0441\u0438 \u0437\u043b\u0430\u0442\u043e \u0438 \u043f\u0440\u0438\u043a\u043b\u044e\u0447\u0435\u043d\u0438\u044f, \u0432\u0441\u0438\u0447\u043a\u043e \u0442\u043e\u0432\u0430 \u0434\u0438\u0440\u0435\u043a\u0442\u043d\u043e \u043d\u0430 \u0432\u0430\u0448\u0438\u044f \u043a\u043e\u043c\u043f\u044e\u0442\u044a\u0440 \u0438\u043b\u0438 \u043c\u043e\u0431\u0438\u043b\u043d\u043e \u0443\u0441\u0442\u0440\u043e\u0439\u0441\u0442\u0432\u043e! \u0413\u043e\u0442\u043e\u0432\u0438 \u043b\u0438 \u0441\u0442\u0435 \u0434\u0430 \u0437\u0430\u043f\u043e\u0447\u043d\u0435\u0442\u0435? \u041e\u0442\u043a\u0440\u0438\u0439\u0442\u0435 \u043a\u0430\u043a \u0434\u0430 \u0438\u0437\u0442\u0435\u0433\u043b\u0438\u0442\u0435 \u0442\u043e\u0437\u0438 \u0444\u0430\u043d\u0442\u0430\u0441\u0442\u0438\u0447\u0435\u043d \u0441\u043b\u043e\u0442 Dead or Alive. \u041d\u0435\u043a\u0430 \u0433\u043e\u0432\u043e\u0440\u0438\u043c...\" \/>\n<meta property=\"og:url\" content=\"https:\/\/deadoraliveslot.com\/bg\/download-dead-or-alive-slot\/\" \/>\n<meta property=\"og:site_name\" content=\"Dead or Alive Slot\" \/>\n<meta property=\"article:modified_time\" content=\"2024-04-20T21:37:49+00:00\" \/>\n<meta name=\"twitter:card\" content=\"summary_large_image\" \/>\n<meta name=\"twitter:label1\" content=\"Est. reading time\" \/>\n\t<meta name=\"twitter:data1\" content=\"14 \u043c\u0438\u043d\u0443\u0442\u0438\" \/>\n<script type=\"application\/ld+json\" class=\"yoast-schema-graph\">{\"@context\":\"https:\/\/schema.org\",\"@graph\":[{\"@type\":\"WebPage\",\"@id\":\"https:\/\/deadoraliveslot.com\/download-dead-or-alive-slot\/\",\"url\":\"https:\/\/deadoraliveslot.com\/download-dead-or-alive-slot\/\",\"name\":\"\u0418\u0437\u0442\u0435\u0433\u043b\u044f\u043d\u0435 \u043d\u0430 \u0441\u043b\u043e\u0442\u0430 Dead or Alive\",\"isPartOf\":{\"@id\":\"https:\/\/deadoraliveslot.com\/#website\"},\"datePublished\":\"2023-10-20T21:33:26+00:00\",\"dateModified\":\"2024-04-20T21:37:49+00:00\",\"breadcrumb\":{\"@id\":\"https:\/\/deadoraliveslot.com\/download-dead-or-alive-slot\/#breadcrumb\"},\"inLanguage\":\"bg-BG\",\"potentialAction\":[{\"@type\":\"ReadAction\",\"target\":[\"https:\/\/deadoraliveslot.com\/download-dead-or-alive-slot\/\"]}]},{\"@type\":\"BreadcrumbList\",\"@id\":\"https:\/\/deadoraliveslot.com\/download-dead-or-alive-slot\/#breadcrumb\",\"itemListElement\":[{\"@type\":\"ListItem\",\"position\":1,\"name\":\"Home\",\"item\":\"https:\/\/deadoraliveslot.com\/\"},{\"@type\":\"ListItem\",\"position\":2,\"name\":\"\u0421\u043a\u0430\u0447\u0430\u0442\u044c \u0441\u043b\u043e\u0442 Dead or Alive\u00a0\"}]},{\"@type\":\"WebSite\",\"@id\":\"https:\/\/deadoraliveslot.com\/#website\",\"url\":\"https:\/\/deadoraliveslot.com\/\",\"name\":\"Dead or Alive Slot\",\"description\":\"\",\"publisher\":{\"@id\":\"https:\/\/deadoraliveslot.com\/#organization\"},\"potentialAction\":[{\"@type\":\"SearchAction\",\"target\":{\"@type\":\"EntryPoint\",\"urlTemplate\":\"https:\/\/deadoraliveslot.com\/?s={search_term_string}\"},\"query-input\":{\"@type\":\"PropertyValueSpecification\",\"valueRequired\":true,\"valueName\":\"search_term_string\"}}],\"inLanguage\":\"bg-BG\"},{\"@type\":\"Organization\",\"@id\":\"https:\/\/deadoraliveslot.com\/#organization\",\"name\":\"Dead or Alive Slot\",\"url\":\"https:\/\/deadoraliveslot.com\/\",\"logo\":{\"@type\":\"ImageObject\",\"inLanguage\":\"bg-BG\",\"@id\":\"https:\/\/deadoraliveslot.com\/#\/schema\/logo\/image\/\",\"url\":\"https:\/\/deadoraliveslot.com\/wp-content\/uploads\/logo-doa.png\",\"contentUrl\":\"https:\/\/deadoraliveslot.com\/wp-content\/uploads\/logo-doa.png\",\"width\":485,\"height\":255,\"caption\":\"Dead or Alive Slot\"},\"image\":{\"@id\":\"https:\/\/deadoraliveslot.com\/#\/schema\/logo\/image\/\"}}]}<\/script>\n<!-- \/ Yoast SEO plugin. -->","yoast_head_json":{"title":"\u0418\u0437\u0442\u0435\u0433\u043b\u044f\u043d\u0435 \u043d\u0430 \u0441\u043b\u043e\u0442\u0430 Dead or Alive","description":"\u041a\u0430\u043a \u0434\u0430 \u0438\u0437\u0442\u0435\u0433\u043b\u0438\u0442\u0435 \u0441\u043b\u043e\u0442 \u043c\u0430\u0448\u0438\u043d\u0430\u0442\u0430 Dead or Alive \u043d\u0430 \u043a\u043e\u043c\u043f\u044e\u0442\u044a\u0440, Android, iPhone, \u0442\u0430\u0431\u043b\u0435\u0442. \u0418\u0437\u0442\u0435\u0433\u043b\u0435\u0442\u0435 \u0438 \u0438\u0433\u0440\u0430\u0439\u0442\u0435 \u0441\u0435\u0433\u0430.","robots":{"index":"index","follow":"follow","max-snippet":"max-snippet:-1","max-image-preview":"max-image-preview:large","max-video-preview":"max-video-preview:-1"},"canonical":"https:\/\/deadoraliveslot.com\/bg\/download-dead-or-alive-slot\/","og_locale":"bg_BG","og_type":"article","og_title":"[:ru]\u0421\u043a\u0430\u0447\u0430\u0442\u044c \u0441\u043b\u043e\u0442 Dead or Alive\u00a0[:en]Download Dead or Alive slot[:pt]Baixar o slot Dead or Alive[:es]Descargar el slot Dead or Alive[:it]Scaricare il slot Dead or Alive[:fr]T\u00e9l\u00e9charger le slot Dead or Alive[:de]Dead or Alive Slot herunterladen[:ro]Desc\u0103rca\u021bi slotul Dead or Alive[:sr]\u041f\u0440\u0435\u0443\u0437\u043c\u0438\u0442\u0435 \u0441\u043b\u043e\u0442 Dead or Alive[:bg]\u0418\u0437\u0442\u0435\u0433\u043b\u044f\u043d\u0435 \u043d\u0430 \u0441\u043b\u043e\u0442\u0430 Dead or Alive[:pl]Pobierz slot Dead or Alive[:] - Dead or Alive Slot","og_description":"\u0421\u043b\u043e\u0442\u044a\u0442 Dead or Alive \u043e\u0442 NetEnt \u0435 \u0432\u044a\u043b\u043d\u0443\u0432\u0430\u0449\u0430 \u0438\u0433\u0440\u0430 \u043e\u0442 \u0432\u043e\u0434\u0435\u0449 \u0440\u0430\u0437\u0440\u0430\u0431\u043e\u0442\u0447\u0438\u043a, \u043a\u043e\u044f\u0442\u043e \u0432\u0438 \u043f\u043e\u0442\u0430\u043f\u044f \u0432 \u0430\u0442\u043c\u043e\u0441\u0444\u0435\u0440\u0430\u0442\u0430 \u043d\u0430 \u0414\u0438\u0432\u0438\u044f \u0417\u0430\u043f\u0430\u0434. \u0429\u0435 \u0441\u0442\u0430\u043d\u0435\u0442\u0435 \u043a\u0430\u0443\u0431\u043e\u0439, \u043a\u043e\u0439\u0442\u043e \u043f\u043e\u0441\u0442\u043e\u044f\u043d\u043d\u043e \u0442\u044a\u0440\u0441\u0438 \u0437\u043b\u0430\u0442\u043e \u0438 \u043f\u0440\u0438\u043a\u043b\u044e\u0447\u0435\u043d\u0438\u044f, \u0432\u0441\u0438\u0447\u043a\u043e \u0442\u043e\u0432\u0430 \u0434\u0438\u0440\u0435\u043a\u0442\u043d\u043e \u043d\u0430 \u0432\u0430\u0448\u0438\u044f \u043a\u043e\u043c\u043f\u044e\u0442\u044a\u0440 \u0438\u043b\u0438 \u043c\u043e\u0431\u0438\u043b\u043d\u043e \u0443\u0441\u0442\u0440\u043e\u0439\u0441\u0442\u0432\u043e! \u0413\u043e\u0442\u043e\u0432\u0438 \u043b\u0438 \u0441\u0442\u0435 \u0434\u0430 \u0437\u0430\u043f\u043e\u0447\u043d\u0435\u0442\u0435? \u041e\u0442\u043a\u0440\u0438\u0439\u0442\u0435 \u043a\u0430\u043a \u0434\u0430 \u0438\u0437\u0442\u0435\u0433\u043b\u0438\u0442\u0435 \u0442\u043e\u0437\u0438 \u0444\u0430\u043d\u0442\u0430\u0441\u0442\u0438\u0447\u0435\u043d \u0441\u043b\u043e\u0442 Dead or Alive. \u041d\u0435\u043a\u0430 \u0433\u043e\u0432\u043e\u0440\u0438\u043c...","og_url":"https:\/\/deadoraliveslot.com\/bg\/download-dead-or-alive-slot\/","og_site_name":"Dead or Alive Slot","article_modified_time":"2024-04-20T21:37:49+00:00","twitter_card":"summary_large_image","twitter_misc":{"Est. reading time":"14 \u043c\u0438\u043d\u0443\u0442\u0438"},"schema":{"@context":"https:\/\/schema.org","@graph":[{"@type":"WebPage","@id":"https:\/\/deadoraliveslot.com\/download-dead-or-alive-slot\/","url":"https:\/\/deadoraliveslot.com\/download-dead-or-alive-slot\/","name":"\u0418\u0437\u0442\u0435\u0433\u043b\u044f\u043d\u0435 \u043d\u0430 \u0441\u043b\u043e\u0442\u0430 Dead or Alive","isPartOf":{"@id":"https:\/\/deadoraliveslot.com\/#website"},"datePublished":"2023-10-20T21:33:26+00:00","dateModified":"2024-04-20T21:37:49+00:00","breadcrumb":{"@id":"https:\/\/deadoraliveslot.com\/download-dead-or-alive-slot\/#breadcrumb"},"inLanguage":"bg-BG","potentialAction":[{"@type":"ReadAction","target":["https:\/\/deadoraliveslot.com\/download-dead-or-alive-slot\/"]}]},{"@type":"BreadcrumbList","@id":"https:\/\/deadoraliveslot.com\/download-dead-or-alive-slot\/#breadcrumb","itemListElement":[{"@type":"ListItem","position":1,"name":"Home","item":"https:\/\/deadoraliveslot.com\/"},{"@type":"ListItem","position":2,"name":"\u0421\u043a\u0430\u0447\u0430\u0442\u044c \u0441\u043b\u043e\u0442 Dead or Alive\u00a0"}]},{"@type":"WebSite","@id":"https:\/\/deadoraliveslot.com\/#website","url":"https:\/\/deadoraliveslot.com\/","name":"Dead or Alive Slot","description":"","publisher":{"@id":"https:\/\/deadoraliveslot.com\/#organization"},"potentialAction":[{"@type":"SearchAction","target":{"@type":"EntryPoint","urlTemplate":"https:\/\/deadoraliveslot.com\/?s={search_term_string}"},"query-input":{"@type":"PropertyValueSpecification","valueRequired":true,"valueName":"search_term_string"}}],"inLanguage":"bg-BG"},{"@type":"Organization","@id":"https:\/\/deadoraliveslot.com\/#organization","name":"Dead or Alive Slot","url":"https:\/\/deadoraliveslot.com\/","logo":{"@type":"ImageObject","inLanguage":"bg-BG","@id":"https:\/\/deadoraliveslot.com\/#\/schema\/logo\/image\/","url":"https:\/\/deadoraliveslot.com\/wp-content\/uploads\/logo-doa.png","contentUrl":"https:\/\/deadoraliveslot.com\/wp-content\/uploads\/logo-doa.png","width":485,"height":255,"caption":"Dead or Alive Slot"},"image":{"@id":"https:\/\/deadoraliveslot.com\/#\/schema\/logo\/image\/"}}]}},"_links":{"self":[{"href":"https:\/\/deadoraliveslot.com\/bg\/wp-json\/wp\/v2\/pages\/9","targetHints":{"allow":["GET"]}}],"collection":[{"href":"https:\/\/deadoraliveslot.com\/bg\/wp-json\/wp\/v2\/pages"}],"about":[{"href":"https:\/\/deadoraliveslot.com\/bg\/wp-json\/wp\/v2\/types\/page"}],"author":[{"embeddable":true,"href":"https:\/\/deadoraliveslot.com\/bg\/wp-json\/wp\/v2\/users\/1"}],"replies":[{"embeddable":true,"href":"https:\/\/deadoraliveslot.com\/bg\/wp-json\/wp\/v2\/comments?post=9"}],"version-history":[{"count":23,"href":"https:\/\/deadoraliveslot.com\/bg\/wp-json\/wp\/v2\/pages\/9\/revisions"}],"predecessor-version":[{"id":151,"href":"https:\/\/deadoraliveslot.com\/bg\/wp-json\/wp\/v2\/pages\/9\/revisions\/151"}],"wp:attachment":[{"href":"https:\/\/deadoraliveslot.com\/bg\/wp-json\/wp\/v2\/media?parent=9"}],"curies":[{"name":"wp","href":"https:\/\/api.w.org\/{rel}","templated":true}]}}